{"id":2063,"date":"2025-07-11T18:21:21","date_gmt":"2025-07-11T10:21:21","guid":{"rendered":"https:\/\/www.hongyitube.com\/product\/%cf%8619-pe-plastic-tube-refilling-bottle-skin-care-cosmetics-lotion-special-refilling-bottle-colored-transparent-skin-care-plastic-tube-3-2\/"},"modified":"2026-01-08T16:20:47","modified_gmt":"2026-01-08T08:20:47","slug":"19-pe-plastic-tube-refilling-bottle-skin-care-cosmetics-lotion-special-refilling-bottle-colored-transparent-skin-care-plastic-tube-4","status":"publish","type":"product","link":"https:\/\/www.hongyitube.com\/pt\/product\/19-pe-plastic-tube-refilling-bottle-skin-care-cosmetics-lotion-special-refilling-bottle-colored-transparent-skin-care-plastic-tube-4\/","title":{"rendered":"\u03a619 3ml-10ml19 Custom Colored Tube Skin Care Cosmetics Plastic Soft Tube Packaging Material- Hongyi Plastic"},"content":{"rendered":"<p>Hongyi[UNK]Plastic\u03a619 3ml-10ml\/0,10-0,34fl.0z Tube Colored Custom Skin Care Cosmetics Plastic Soft Tube Packaging Material.<\/p>\n<p>Nosso pacote de tubos com di\u00e2metro de 19 tubos, projetado para cosm\u00e9ticos de cuidado da pele de alto n\u00edvel, perfeitamente mistura engenharia de precis\u00e3o com design est\u00e9tico. De uma tecnologia \u00fanica de selagem de dentes finos a uma impress\u00e3o de cores vivas para capas octagonais personalizadas que ecologizam a cor do corpo, cada detalhe \u00e9 cuidadosamente constru\u00eddo para criar uma embalagem impressionante de produtos para sua marca de dentro para fora. O corpo da embalagem de mangueira \u00e9 feito de pl\u00e1stico composto de alta qualidade (como PE \/ PP) ou material composto de pl\u00e1stico de alum\u00ednio, que tem excelentes propriedades de barreira e pode efetivamente prevenir a intrus\u00e3o de oxig\u00eanio, luz e umidade, e proteger a atividade e fresh\u00eancia dos conte\u00fados. Os materiais cumprem os padr\u00f5es de seguran\u00e7a alimentar e farmac\u00eautica e s\u00e3o leves e n\u00e3o irritantes, assegurando harmonia com os ingredientes preciosos.<\/p>\n<ul>\n<li>Captura de tubo: O uso de ABS de alta qualidade ou pl\u00e1stico PP, textura dura, boa dura\u00e7\u00e3o. O design da cobertura octagonal assegura uma excelente agarrada e um momento.<\/li>\n<li>Tinha de impress\u00e3o: O uso da prote\u00e7\u00e3o ambiental, tinta de secagem r\u00e1pida n\u00e3o t\u00f3xica, alto grau de satura\u00e7\u00e3o, forte ades\u00e3o, assegurar que o padr\u00e3o dura brilhante, n\u00e3o \u00e9 f\u00e1cil de usar no transporte ou uso.<\/li>\n<\/ul>\n<p><strong><b>Aplica\u00e7\u00f5es recomendadas <\/b><\/strong>\"<\/p>\n<p>Este tipo de tubo \u00e9 uma op\u00e7\u00e3o ideal de embalagem para v\u00e1rios produtos de pele de alto valor, de pequena capacidade e cosm\u00e9ticos, particularmente adequados para as seguintes aplica\u00e7\u00f5es:<\/p>\n<p>&nbsp;<\/p>\n<ul>\n<li>Ess\u00eancia frasco de embalagem l\u00edquida\/recipiente de embalagem\/frasco de dispens\u00e3o port\u00e1til: Controla exatamente a quantidade utilizada cada vez para evitar res\u00edduos.<\/li>\n<li>Embalagem de crema para olhos frasco\/embalagem contentor\/frasco de dispensador port\u00e1til: higi\u00e9nico, f\u00e1cil de acesso, e cumpre os altos padr\u00f5es para os produtos de cuidado ocular.<\/li>\n<li>Ingrediente\/creme de cuidado local (por exemplo, creme de rel\u00e2mpago, creme de tratamento acne) embalagem frasco\/recipiente\/frasco de dispensador port\u00e1til: Uso alvo, limpo e higi\u00e9nico.<\/li>\n<li>Embalagem de produtos de tamanho de viagem frasco\/recipiente\/minifrasco port\u00e1til: Compacto e port\u00e1til, perfeito para uso em marcha.<\/li>\n<li>Flascos de embalagem\/recipientes de embalagem\/mini-frascos port\u00e1tiis para produtos de carne de pele de linha profissional (linha de sal\u00e3o): embalagem \u00fanica melhora a imagem profissional.<\/li>\n<\/ul>\n<h3>1.\u00a0 <strong><b>Atributos do produto<\/b><\/strong><\/h3>\n<p>Resaltar 1: di\u00e2metro fino do tubo de 19 mm, controle preciso<\/p>\n<p>O pequeno design de calibre de 19 tubos permite o controle f\u00e1cil e preciso das quantidades de extrus\u00e3o, seja s\u00e9rios finos ou cremas espessas, permite &#8220; subentrega o n\u00edvel de gest\u00e3o do uso, evita res\u00edduos, e \u00e9 especialmente adequado para produtos s\u00e9ricos de alta atividade e concentra\u00e7\u00e3o.<\/p>\n<p>&nbsp;<\/p>\n<p>Resaltas 2: inovadora &#8220; dentes finos - selo colar, selo m\u00e1ximo<\/p>\n<p>Em contraste com a tradicional tecnologia de selagem de dentes grossos, usamos uma tecnologia de selagem de dentes de peles com dentes mais grossos e mais precisos. Este design traz duas vantagens:<\/p>\n<p>&nbsp;<\/p>\n<ul>\n<li>Focaliza\u00e7\u00e3o mais forte: os pontos de selagem de densidade reduzem consideravelmente o risco de fuga, proporcionando ao produto a protec\u00e7\u00e3o definitiva do preenchimento ao esgotamento do consumidor.<\/li>\n<li>Melhor apar\u00eancia: As linhas no selo da cauda s\u00e3o mais delicadas e suaves, melhorando o refinamento e eleg\u00e2ncia gerais.<\/li>\n<\/ul>\n<p>&nbsp;<\/p>\n<p>Resaltar 3: impress\u00e3o colorida HD, uma festa visual<\/p>\n<p>&nbsp;<\/p>\n<ul>\n<li>Express\u00e3o de cores forte: o uso de tecnologia de impress\u00e3o avan\u00e7ada, pode alcan\u00e7ar um alto grau de logotipo complexo, cores gradientes e padr\u00f5es finos. Seja uma linda cor de arco-\u00edris ou uma cor exclusiva de marca, ela pode ser perfeitamente apresentada no tubo para fazer o produto destacar nas prateleiras.<\/li>\n<li>Grandes graus de liberdade: efeito multicor, multin\u00edvel de impress\u00e3o, fornece um espa\u00e7o criativo amplo, ajuda a contar uma hist\u00f3ria \u00fanica.<\/li>\n<\/ul>\n<p>&nbsp;<\/p>\n<p>Resaltar 4: Uma cobertura octagonal do sistema de cores, um destaque<\/p>\n<p>&nbsp;<\/p>\n<ul>\n<li>Est\u00e9tica harmoniosa: A cor da cobertura do tubo \u00e9 consistente com a cor principal do tubo ou o sistema de cores de impress\u00e3o para formar um conjunto visual harmonioso, demonstrando a inten\u00e7\u00e3o cuidadosa da marca.<\/li>\n<li>Um design octagonal que combina funcionalidade e beleza:<\/li>\n<li>Resistente a deslizar e f\u00e1cil de abrir: A estrutura octagonal proporciona uma excelente fric\u00e7\u00e3o, o que facilita a rota\u00e7\u00e3o com uma m\u00e3o deslizante, melhorando a experi\u00eancia do usu\u00e1rio.<\/li>\n<li>Antirolamento est\u00e1vel: Quando colocado no vestido, n\u00e3o cai aleatoriamente, refletindo cuidado humano.<\/li>\n<li>Reconhecimento \u00fanico: A forma octagonal chic quebra a conven\u00e7\u00e3o de tampas circulares, dando o produto pontos de mem\u00f3ria visual \u00fanicos e aumentando o reconhecimento da marca.<\/li>\n<\/ul>\n<p>&nbsp;<\/p>\n<p>Resaltas 5: Humanizar a experi\u00eancia geral<\/p>\n<p>&nbsp;<\/p>\n<ul>\n<li>Tratamento do porto do tubo: O porto do tubo \u00e9 suave e suave para garantir que o conte\u00fado seja apertado suavemente e sem res\u00edduos.<\/li>\n<li>Flexibilidade corporal: O material \u00e9 moderadamente flex\u00edvel, f\u00e1cil de apertar, e f\u00e1cil de alcan\u00e7ar do in\u00edcio ao final, reduzindo res\u00edduos.<\/li>\n<\/ul>","protected":false},"excerpt":{"rendered":"<p>&nbsp;<\/p>\n<ul>\n<li><b><\/b><strong><b>Design de Tube Body<\/b><\/strong>.<\/li>\n<\/ul>\n<p>Nossa embalagem\/garrafa de tubo usa um corpo de tubo branco puro como tela, usando fini\u00e7\u00e3o sofisticada e impress\u00e3o colorida para criar uma embalagem que seja modern a e art\u00edstica.<\/p>\n<p>&nbsp;<\/p>\n<ol>\n<li>Base: tubos brancos de alto brilho &#8211; para uma textura parecida com perlas<\/li>\n<\/ol>\n<p>&nbsp;<\/p>\n<ul>\n<li>Substrato puro: Escolhemos material opaco e branco como substrato para o corpo do tubo. Este branco puro \u00e9 como um papel de pintura de alta qualidade que reflete a luz o mais poss\u00edvel, fornecendo a plataforma de rendering mais realista e brilhante para a impress\u00e3o de cores subsequente, assegurando desvio zero da cor do padr\u00e3o.<\/li>\n<li>Tratamento de superf\u00edcie brilhante: O corpo tem um processo de tratamento de superf\u00edcie brilhante. Isso permite que o tubo branco mostre um brilho brilhante como cer\u00e2mica ou perla, com um toque seda. A superf\u00edcie brilhante n\u00e3o s\u00f3 aumenta o luxo e a limpeza da embalagem, mas tamb\u00e9m atrai luz, tornando o produto naturalmente um foco visual na prateleira.<\/li>\n<\/ul>\n<p>&nbsp;<\/p>\n<ol start=\"2\">\n<li>Core visual: padr\u00f5es multicores e bonitos impressos em tubos brancos<\/li>\n<\/ol>\n<p>&nbsp;<\/p>\n<ul>\n<li>Processo de Impress\u00e3o: Fotocopia Fotocopia \u00e9 conhecida pela sua excelente precis\u00e3o de impress\u00e3o e express\u00e3o de cores. \u00c9 especialmente adequado para reproduzir padr\u00f5es complexos e delicados em tubos brancos suaves e brilhantes.<\/li>\n<li>Realismo de cores: Ele pode restaurar com precis\u00e3o muitos padr\u00f5es de cores de seus projetos, como rosa, amarelo, marr\u00e3o, azul, com transi\u00e7\u00f5es de cores suaves e n\u00edveis ricos.<\/li>\n<li>Patr\u00f3nio bonito: seja as linhas suaves, pequenos detalhes de texto ou logotipo complexo, o processo de impress\u00e3o offset pode ser claramente apresentado, sem desmaiar ou florecer, mostrando a qualidade da originalidade.<\/li>\n<li>Efeitos de design: forte impacto visual<\/li>\n<li>Beauty of contrast: vibrant and colorful patterns (pink, yellow, brown, blue) create a strong visual contrast with pure and flawless high-bright white tubes. Esta colis\u00e3o de &#8216; bonita e minimalista \u00e9 estilo e sofisticado, perfeitamente adequado \u00e0 est\u00e9tica moderna.<\/li>\n<li>Foco: O casaco branco atua inteligentemente como um visual &#8220; branqueando que direciona toda a aten\u00e7\u00e3o a um padr\u00e3o de m\u00faltiplas cores cuidadosamente projetado que destaca a hist\u00f3ria da marca e o tema do design.<\/li>\n<\/ul>\n<p>&nbsp;<\/p>\n<ol start=\"3\">\n<li>Detalles estruturais: design detalhado de fechamento da cauda<\/li>\n<\/ol>\n<p>&nbsp;<\/p>\n<ul>\n<li>Tecnologia Highlights: Como mencionado anteriormente, \u00e9 utilizada tecnologia de selagem de dentes finos. Este design \u00e9 particularmente importante neste tubo branco.<\/li>\n<li>Fun\u00e7\u00e3o e beleza unificadas:<\/li>\n<li>Focaliza\u00e7\u00e3o extrema: Os dentes apertados e apertados asseguram a estreita do extremo do selo, proporcionando prote\u00e7\u00e3o de cima para o conte\u00fado.<\/li>\n<li>Fecha perfeita: A linha fina de termina\u00e7\u00e3o complementa o tubo limpo branco alto. O selo \u00e9 suave e limpo, evitando o &#8220; rugosidade que um selo tradicional de dentes brutos pode trazer, assegurando uma est\u00e9tica global do ombro ao final do tubo, refletindo o detalhe exquisito que est\u00e1 em todo lugar. A combina\u00e7\u00e3o moldou conjuntamente a personalidade \u00fanica deste saco:<\/li>\n<\/ul>\n<p>&nbsp;<\/p>\n<ul>\n<li>Simplicidade moderna: A base branca pura e linhas corporais suaves estabelecem o tom da simplicidade moderna.<\/li>\n<li>Uma bela arte: Os padr\u00f5es litogr\u00e1ficos coloridos s\u00e3o como miniaturas em tubos, dando ao produto um ar art \u00edstico e uma temperatura emocional.<\/li>\n<li>Fiabilidade de alto n\u00edvel: A qualidade brilhante da luz e o bom processo de termina\u00e7\u00e3o comunicam silenciosamente a alta qualidade e fiabilidade do produto.<\/li>\n<\/ul>\n<p>&nbsp;<\/p>\n<p>Essa estrat\u00e9gia de design \u00e9 muito bem sucedida, e pode atrair os consumidores em primeiro lugar atrav\u00e9s dos padr\u00f5es maravilhosos, e ganhar seu afeto quando tocado e usado com a delicada textura, que \u00e9 um design excelente de pacote que realmente alcan\u00e7a &#8220; cor e for\u00e7a. &#8221;<\/p>\n<p>A combina\u00e7\u00e3o de nosso material de embalagem de tubos suaves\/garrafa com tubos brancos com alto brilho, padr\u00f5es de impress\u00e3o coloridos offset e selagem de dentes finos no final, coletivamente contribui para o car\u00e1ter \u00fanico deste material de embalagem:<\/p>\n<p>&nbsp;<\/p>\n<ul>\n<li>Minimalismo moderno: A base branca pura e as linhas corporais de tubos suaves estabelecem a ess\u00eancia do minimalismo moderno.<\/li>\n<li>Fine Art: Os padr\u00f5es coloridos de impress\u00e3o offset s\u00e3o como uma galeria miniatura no tubo, adicionando um toque art\u00edstico e profundidade emocional ao produto.<\/li>\n<li>Alto final e confi\u00e1vel: O processo de fechamento brilhante e meticuloso transmite silenciosamente o produto&#8217; \u00e9 alta qualidade e confiabilidade.<\/li>\n<\/ul>\n<p>&nbsp;<\/p>\n<p>Essa estrat\u00e9gia de design tem sido extremamente bem sucedida; Ela consegue atrair os consumidores com seus padr\u00f5es impressionantes nos momentos iniciais, ao mesmo tempo que ganha seu favor com sua delicada textura quando \u00e9 tocada e usada. \u00c9 um excelente design de embalagens que realmente incorpora a combina\u00e7\u00e3o de &#8220; apar\u00eancia e capacidade. &#8221;<\/p>\n<p><strong>Avantagens dos produtos<\/strong><\/p>\n<p>&nbsp;<\/p>\n<p>Claro! Com base em todas as caracter\u00edsticas que discutimos em detalhe anteriormente, as vantagens do produto deste di\u00e2metro de 19 tubos, tubo branco alto brilhante, adesivo colorido, selo de dentes finos e capas octagonais id\u00eanticas podem ser resumidas em tr\u00eas dimens\u00f5es da propriedade das marcas, da competitividade do consumidor e do mercado.<\/p>\n<p>Vista geral dos vantagens dos produtos<\/p>\n<p>&nbsp;<\/p>\n<ol>\n<li>Para marcas: Enabling Brand Value and Marketing<\/li>\n<\/ol>\n<p>&nbsp;<\/p>\n<ol>\n<li>Impacto visual extremo para melhorar a imagem da marca<\/li>\n<\/ol>\n<ul>\n<li>&#8220; Teca avan\u00e7ada Efeito: O tubo branco de alta luz fornece o sentido final de pureza e luxo, tornando a marca instantaneamente ligada a alto n\u00edvel, profissional e seguro.<\/li>\n<li>Comunica\u00e7\u00e3o visual perfeita: padr\u00f5es multicores de policromo podem restaurar precisamente todos os detalhes do design da marca, e o poderoso impacto visual faz com que o produto se destaque tanto em canais online como offline, tornando-se sil\u00eancio &#8220; vendedor. &#8221;<\/li>\n<\/ul>\n<ol start=\"2\">\n<li>Fortalecer o reconhecimento das marcas e criar s\u00edmbolos de mem\u00f3ria<\/li>\n<\/ol>\n<ul>\n<li>Um martelo visual \u00fanico: O forte contraste de um &#8220; fundo branco brilhante, m\u00faltiplos padr\u00f5es cria um ponto de mem\u00f3ria visual \u00fanico. Combinadas com uma cobertura chic octagonal, eles juntos constituem um super s\u00edmbolo de marca que aumenta grandemente a identifica\u00e7\u00e3o da marca.<\/li>\n<\/ul>\n<ol start=\"3\">\n<li>Excelente prote\u00e7\u00e3o de produtos e manuten\u00e7\u00e3o da reputa\u00e7\u00e3o das marcas<\/li>\n<\/ol>\n<ul>\n<li>Garantia de qualidade inerente: o corpo composto e a tecnologia de fechamento dos dentes finos se combinam para criar uma forte barreira,assegurar que os conte\u00fados (especialmente s\u00e9reos e cremas oculares com ingredientes ativos elevados) permane\u00e7am est\u00e1veis e vi\u00e1veis ao longo do ciclo de vida, eliminar as mudan\u00e7as de qualidade fundamentais causadas por materiais embalados, e manter a credibilidade das marcas.<\/li>\n<\/ul>\n<ol start=\"4\">\n<li>Aumentar a capacidade de pr\u00e9mio do produto<\/li>\n<\/ol>\n<ul>\n<li>A excelente artesanato e textura de alta qualidade aumentam diretamente o valor global e o pre\u00e7o percebido do produto, fazendo com que os consumidores se sintam &#8220; bom valor para dinheiro,&#8221; - fornecendo um forte apoio \u00e0 estrat\u00e9gia de pre\u00e7os das marcas.<\/li>\n<\/ul>\n<p>&nbsp;<\/p>\n<ol>\n<li>Para os consumidores: otimizar a experi\u00eancia dos usu\u00e1rios e a conex\u00e3o emocional<\/li>\n<\/ol>\n<p>&nbsp;<\/p>\n<ol>\n<li>Uma agrad\u00e1vel experi\u00eancia aberta e de uso<\/li>\n<\/ol>\n<ul>\n<li>Enjoyment sensorial: O toque seda do corpo do tubo luminoso, o anti-deslizamento e a abertura f\u00e1cil do tamp\u00e3o octagonal, e o controle exato da press\u00e3o quantitativa, cada passo est\u00e1 cheio de textura, refor\u00e7ando o ritual e o prazer da pele.<\/li>\n<li>Design humano: A tampa octagonal est\u00e1 anti-rolando, o di\u00e2metro de 19 barris \u00e9 exatamente controlado, e o corpo do barril \u00e9 flex\u00edvel e f\u00e1cil de apertar. Esses detalhes demonstram o cuidado do consumidor de todas as maneiras.<\/li>\n<\/ul>\n<ol start=\"2\">\n<li>Construir confian\u00e7a e seguran\u00e7a<\/li>\n<\/ol>\n<ul>\n<li>Implica\u00e7\u00f5es de limpeza e seguran\u00e7a: Os envolvimentos brancos naturalmente transmitem as implica\u00e7\u00f5es psicol\u00f3gicas do ser &#8220; puro, seguro e eficaz. &#8221; O rigoroso processo de selagem d\u00e1 aos consumidores uma grande paz mental sobre a fresca e higiene do produto.<\/li>\n<\/ul>\n<ol start=\"3\">\n<li>Satisfa\u00e7\u00e3o emocional e est\u00e9tica<\/li>\n<\/ol>\n<ul>\n<li>Arte no vestidor: embalagem de alta qualidade n\u00e3o \u00e9 apenas uma ferramenta, mas tamb\u00e9m um objeto decorativo, satisfazendo os consumidores&#8217; necessidades est\u00e9ticas, estimulando o desejo de compartilhar e promovendo a comunica\u00e7\u00e3o social.<\/li>\n<\/ul>\n<p>&nbsp;<\/p>\n<p>III. Para a competitividade do mercado: construir barreiras \u00e0 diferencia\u00e7\u00e3o<\/p>\n<p>&nbsp;<\/p>\n<ol>\n<li>Achar diferencia\u00e7\u00e3o eficaz das prateleiras<\/li>\n<\/ol>\n<ul>\n<li>Em um monte de prateleiras, este simples, brilhante e colorido estilo de embalagem rapidamente pega o olho, alcan\u00e7a um &#8220; segundo foco e se distingue da concorr\u00eancia homog\u00eanea.<\/li>\n<\/ul>\n<ol start=\"2\">\n<li>Adaptar-se a m\u00faltiplos cen\u00e1rios de marketing<\/li>\n<\/ol>\n<ul>\n<li>Fornecedor de eletricidade amig\u00e1vel: tubo de alto brilho na fotografia de produtos e efeito refletivo de v\u00eddeo \u00e9 bom, \u00e9 particularmente avan\u00e7ado, pode efetivamente melhorar a taxa de clique e a taxa de convers\u00e3o.<\/li>\n<li>Atributos de alto presente: A linda apar\u00eancia o torna perfeito para conjuntos de f\u00e9rias, combina\u00e7\u00f5es de presente e elevar o n\u00edvel global.<\/li>\n<\/ul>\n<ol start=\"3\">\n<li>Detalles t\u00e9cnicos criam barreiras de qualidade<\/li>\n<\/ol>\n<ul>\n<li>Quando percebido pelos consumidores ou transmitido atrav\u00e9s da marca, alta qualidade &#8220; invis\u00edvel mas tang\u00edvel detalhes como &#8220; dentes finos e finos. tornar-se poderosos testemunhos de qualidade, estabelecendo uma vantagem que os concorrentes n\u00e3o podem imitar rapidamente.<\/li>\n<\/ul>\n<p>Em conjunto, a vantagem deste envolvimento suave \u00e9 um c\u00edrculo fechado completo: \u00e9 feito atrav\u00e9s de artesanato de alto n\u00edvel (luz brilhante, impress\u00e3o adesiva, selagem de dentes finos) e design \u00fanico (tubo branco colorido, A tapa octagonal melhora diretamente a beleza&#8221; e &#8220;qualidade&#8221; do produto, possibilitando assim a marca (imagem, reconhecimento, pr\u00e9mio), criando valor para os consumidores (experi\u00eancia, confian\u00e7a, emo\u00e7\u00e3o), e finalmente traduzindo-se em forte competitividade no mercado (diferencia\u00e7\u00e3o, adaptabilidade de marketing). N\u00e3o \u00e9 apenas um recipiente, mas um ativo estrat\u00e9gico de marca.<\/p>\n<p><b><\/b><strong><b>Scen\u00e1rios de aplica\u00e7\u00e3o para o produto\u00a0<\/b><\/strong><\/p>\n<p>Nosso di\u00e2metro de 19 tubos, tubo branco altamente brilhante, impress\u00e3o adesiva colorida, As caracter\u00edsticas do produto de selos dent\u00e1rios finos, capas cilindricas e materiais de embalagem de mangueiras s\u00e3o muito claramente aplicadas em \u00e1reas que t\u00eam altos requisitos para embalagem cor, textura do produto, experi\u00eancia do usu\u00e1rio e controle preciso. 1. Determina\u00e7\u00e3o por tipo de produto<\/p>\n<p>&nbsp;<\/p>\n<ol>\n<li>S\u00e9rumes de alto n\u00edvel e produtos de cuidado cut\u00e2neo de alto desempenho<\/li>\n<\/ol>\n<ul>\n<li>Escen\u00e1rios: usados para embalar produtos de alto valor como s\u00e9reos anti-envelhecimento, s\u00e9reos de toner de branqueamento e s\u00e9reos de corte de pele.<\/li>\n<li>Raz\u00e3o: di\u00e2metro de 19 mm perfeito para controle preciso, para garantir que cada uso seja a melhor dose eficaz do ingrediente ativo; A apar\u00eancia de alto n\u00edvel \u00e9 compat\u00edvel com o conte\u00fado de alto valor, melhorando o consumidor&#8217; s confian\u00e7a no produto&#8217; a efic\u00e1cia.<\/li>\n<\/ul>\n<ol start=\"2\">\n<li>Luxury Eye Creams &amp; Produtos de Cuidado Topical<\/li>\n<\/ol>\n<ul>\n<li>Escen\u00e1rios: Designados para cremas para olhos, cremas para o pesco\u00e7o, cremas t\u00f3picos para defeitos, cremas acne, etc.<\/li>\n<li>Raz\u00f5es: embalagens de pequeno tamanho s\u00e3o higi\u00e9nicas e f\u00e1ceis de alcan\u00e7ar, e o tamp\u00e3o octagonal impede o desenho de rolamento \u00e9 perfeito para uma mesa de vestimentos ou um arm\u00e1rio de banho; A embalagem fina envia um sinal de cuidado com pele delicada.<\/li>\n<\/ul>\n<ol start=\"3\">\n<li>Linha Profissional (linha de sal\u00e3o) e produtos de vestimentos de sal\u00e3o de beleza<\/li>\n<\/ol>\n<ul>\n<li>Escena: Produtos personalizados de cuidado da pele para sal\u00f5es de beleza profissionais, clubes de SPA ou sal\u00f5es de alto n\u00edvel.<\/li>\n<li>Por qu\u00ea: Uma apar\u00eancia profissional construi imediatamente um cliente \u00e9 confiar no profissionalismo da organiza\u00e7\u00e3o; A combina\u00e7\u00e3o de branco e colorido brilhante \u00e9 profissional e compassiva.<\/li>\n<\/ul>\n<ol start=\"4\">\n<li>Travel Outfits &amp; - Sets de f\u00e9rias<\/li>\n<\/ol>\n<ul>\n<li>Escen\u00e1rios: Um vestido de viagem que atua como produto de uma marca&#8217; s estrela, ou parte integrante de uma caixa de cadernos de edi\u00e7\u00e3o limitada de f\u00e9rias.<\/li>\n<li>Porqu\u00ea: Pequenos, port\u00e1tiis e bem projetados, mesmo pequenos tamanhos mant\u00eam um sentimento prim\u00e1rio, aumentando o valor global da caixa de presente e a experi\u00eancia de desembalagem.<\/li>\n<\/ul>\n<p>&nbsp;<\/p>\n<ol>\n<li>Dividir por canal de vendas<\/li>\n<\/ol>\n<p>&nbsp;<\/p>\n<ol>\n<li>Plataformas de com \u00e9rcio electr\u00f3nico online (como Tmall, JD.com, Xiaohong Book, Douyin)<\/li>\n<\/ol>\n<ul>\n<li>Escen\u00e1rios: Imagem principal da p\u00e1gina de detalhes do produto, promo\u00e7\u00e3o de v\u00eddeo curto, entrega ao vivo.<\/li>\n<li>Causa: tubos brancos de alto brilho refletem bem sob a luz, aparecem especialmente de alto n\u00edvel em fotos e v\u00eddeos, e podem efetivamente &#8220; peguem a tela A cobertura octagonal \u00fanica e a impress\u00e3o colorida podem ser o destaque das apresenta\u00e7\u00f5es no livestream e promover a convers\u00e3o.<\/li>\n<\/ul>\n<ol start=\"2\">\n<li>Localiza\u00e7\u00f5es de retalho de alto n\u00edvel fora de linha<\/li>\n<\/ol>\n<ul>\n<li>Escena: marcadores, lojas de beleza (como Sephora), supermercados de supermercado, lojas de compras.<\/li>\n<li>Por que: Sob a luz, o corpo luminoso pode atrair o cliente sua aten\u00e7\u00e3o, e sua textura \u00fanica ir\u00e1 inspirar o cliente&#8217; d desejo de tocar, &#8220; toque \u00e9 uma parte chave das vendas fora de linha.<\/li>\n<\/ul>\n<ol start=\"3\">\n<li>Donos e Canais de isen\u00e7\u00e3o de impostos<\/li>\n<\/ol>\n<ul>\n<li>Escen\u00e1rios: lojas gratuitas de impostos no aeroporto, lojas de hotel, presentes corporativos personalizados.<\/li>\n<li>Por que: A embalagem tem um forte &#8220; atributo de presente,&#8221; E a apar\u00eancia refinada faz as pessoas felizes em dar e aceitar, melhorando a marca&#8217; a imagem entre consumidores de alto n\u00edvel.<\/li>\n<\/ul>\n<p>&nbsp;<\/p>\n<p>III. Dividir por estrat\u00e9gia de marketing de marcas<\/p>\n<p>&nbsp;<\/p>\n<ol>\n<li>Novos lan\u00e7amentos e produtos emblem\u00e1ticos<\/li>\n<\/ol>\n<ul>\n<li>Escen\u00e1rios: Uma marca lan\u00e7a um novo produto estrat\u00e9gico ou um produto principal que posiciona a imagem da marca.<\/li>\n<li>Por que: Tal embalagem pode rapidamente estabelecer a consci\u00eancia do mercado, transmitir a marca&#8217; s conceito central de &#8220; aten\u00e7\u00e3o ao detalhe e busca de qualidade,&#8221; e criar um buzz para novos produtos para lan\u00e7ar.<\/li>\n<\/ul>\n<ol start=\"2\">\n<li>Anovamento de marcas e remodela\u00e7\u00e3o de imagens<\/li>\n<\/ol>\n<ul>\n<li>Escen\u00e1rio: Quando a marca quer actualizar de Volkswagen para o meio alcance.<\/li>\n<li>Por qu\u00ea: Trocar para uma embalagem t\u00e3o texturada \u00e9 uma das maneiras mais diretas e eficazes de anunciar melhorias das marcas para o mercado e os consumidores.<\/li>\n<\/ul>\n<ol start=\"3\">\n<li>Empresas comuns transfronteiri\u00e7as e fundos de coopera\u00e7\u00e3o<\/li>\n<\/ol>\n<ul>\n<li>Escen\u00e1rios: lan\u00e7ar um produto conjunto com um artist a, designer ou outra marca.<\/li>\n<li>Raz\u00e3o: A impress\u00e3o de tubos brancos, multicores, proporciona grandes graus criativos de liberdade, que podem perfeitamente apresentar o padr\u00e3o art\u00edstico e conceito de design do partido conjunto, tornando os produtos cooperativos mais coletivos.<\/li>\n<\/ul>","protected":false},"featured_media":2068,"comment_status":"closed","ping_status":"closed","template":"","meta":[],"product_brand":[],"product_cat":[29,42],"product_tag":[],"class_list":{"0":"post-2063","1":"product","2":"type-product","3":"status-publish","4":"has-post-thumbnail","6":"product_cat-skin-care-plastic-tube","7":"product_cat-19-pe-plastic-tube","9":"first","10":"instock","11":"shipping-taxable","12":"purchasable","13":"product-type-simple"},"_links":{"self":[{"href":"https:\/\/www.hongyitube.com\/pt\/wp-json\/wp\/v2\/product\/2063","targetHints":{"allow":["GET"]}}],"collection":[{"href":"https:\/\/www.hongyitube.com\/pt\/wp-json\/wp\/v2\/product"}],"about":[{"href":"https:\/\/www.hongyitube.com\/pt\/wp-json\/wp\/v2\/types\/product"}],"replies":[{"embeddable":true,"href":"https:\/\/www.hongyitube.com\/pt\/wp-json\/wp\/v2\/comments?post=2063"}],"wp:featuredmedia":[{"embeddable":true,"href":"https:\/\/www.hongyitube.com\/pt\/wp-json\/wp\/v2\/media\/2068"}],"wp:attachment":[{"href":"https:\/\/www.hongyitube.com\/pt\/wp-json\/wp\/v2\/media?parent=2063"}],"wp:term":[{"taxonomy":"product_brand","embeddable":true,"href":"https:\/\/www.hongyitube.com\/pt\/wp-json\/wp\/v2\/product_brand?post=2063"},{"taxonomy":"product_cat","embeddable":true,"href":"https:\/\/www.hongyitube.com\/pt\/wp-json\/wp\/v2\/product_cat?post=2063"},{"taxonomy":"product_tag","embeddable":true,"href":"https:\/\/www.hongyitube.com\/pt\/wp-json\/wp\/v2\/product_tag?post=2063"}],"curies":[{"name":"wp","href":"https:\/\/api.w.org\/{rel}","templated":true}]}}