{"id":2056,"date":"2025-07-11T18:21:21","date_gmt":"2025-07-11T10:21:21","guid":{"rendered":"https:\/\/www.hongyitube.com\/product\/19pe-plastic-tube-for-ointments-medicines-spot-lightening-essences-lotions-isolation-blemish-balm-pointed-plastic-tube-packaging-bottles-1-2\/"},"modified":"2026-01-07T20:18:59","modified_gmt":"2026-01-07T12:18:59","slug":"19-pe-plastic-tube-refilling-bottle-skin-care-cosmetics-lotion-special-refilling-bottle-colored-transparent-skin-care-plastic-tube-3","status":"publish","type":"product","link":"https:\/\/www.hongyitube.com\/pt\/product\/19-pe-plastic-tube-refilling-bottle-skin-care-cosmetics-lotion-special-refilling-bottle-colored-transparent-skin-care-plastic-tube-3\/","title":{"rendered":"19 garrafas de refilhamento de tubos pl\u00e1sticos de PE, cuidados de pele cosm\u00e9ticos lot\u00e3o garrafa especial de refilhamento, tubo pl\u00e1stico transparente colorido de cuidados de pele-3"},"content":{"rendered":"<p>Hongyi[UNK]Plastic\u03a619 3ml-10ml\/0,10-0,34fl.0z [UNK] Material de embalagem de tubos suaves, fabricado por personalidade, colorido, fino-fio, pele\/cosm\u00e9tico.<\/p>\n<p>Nossos produtos s\u00e3o feitos de polietileno de alta qualidade (PE) ou composto de filme fino alum\u00ednio-pl\u00e1stico, com boa compatibilidade, flexibilidade e barreira, que podem proteger efetivamente o conte\u00fado do ambiente externo (luz, ar), assegurar a estabilidade e fresca da f\u00f3rmula.<\/p>\n<ul>\n<li>Trabalho corporal: Trabalho corporal personalizado exclusivo. Abandonamos o tubo branco tradicional e alcan\u00e7amos quatro cores s\u00f3lidas ex\u00f3ticas com um alto grau de textura atrav\u00e9s da combina\u00e7\u00e3o materno-cereal especial e tecnologia de coes\u00e3o. O tubo \u00e9 uniformemente rico em cor e radia uma textura quente de dentro para fora, em vez de uma simples impress\u00e3o de superf\u00edcie.<\/li>\n<li>Tube Cover Design: Cover octagonal de mesma cor artigianalmente combinado. O tamp\u00e3o n\u00e3o \u00e9 uma parte gen\u00e9rica, mas um design octagonal de fam\u00edlia de cores especificamente adaptado para a cor do corpo. A estrutura angular n\u00e3o s\u00f3 melhora o sentimento da m\u00e3o quando gira e evita deslizar, mas tamb\u00e9m d\u00e1 a embalagem beleza e reconhecimento geom\u00e9tricos \u00fanicos, revelando o tom da marca em detalhe.<\/li>\n<li>Tecnologia de fechamento final: \u00c9 utilizado processo avan\u00e7ado de fechamento da cola dos dentes finos. O design dos dentes finos torna o cobertor e corpo do tubo morder mais apertado e mais liso, e a abertura e abertura se sentem extremamente confort\u00e1veis, e o selo \u00e9 melhor, efetivamente prevenindo fuga e contamina\u00e7\u00e3o de produtos. O m\u00e9todo de selagem da cauda assegura que o preenchimento \u00e9 est\u00e9ril e preciso, e o plastro pode ser utilizado plenamente quando usado, reduzindo os res\u00edduos.<\/li>\n<li>Processo de impress\u00e3o: O texto e o logotipo s\u00e3o impressos na tela. As vantagens deste processo s\u00e3o:<\/li>\n<li>Cor brilhante: A tinta cobre fortemente e pode dar um efeito de texto claro e saturado no tubo de cor escura.<\/li>\n<li>Textura prominente: As impress\u00f5es t\u00eam um sentimento ligeiramente agitado e s\u00e3o acess\u00edveis ao toque, aumentando a marca&#8217; s pontos de mem\u00f3ria t\u00e1ctiles.<\/li>\n<li>Alta durabilidade: boa resist\u00eancia \u00e0 ader\u00eancia e abra\u00e7\u00e3o asseguram que a informa\u00e7\u00e3o do produto seja sempre clara durante a circula\u00e7\u00e3o e uso.<\/li>\n<\/ul>\n<p><strong><b>Aplica\u00e7\u00f5es recomendadas <\/b><\/strong>\"<\/p>\n<p>Este tipo de embalagem \u00e9 particularmente adequado para produtos das seguintes categorias:<\/p>\n<p>&nbsp;<\/p>\n<ul>\n<li>Produtos de corte de pele de alto alcance&#8217; Materiales de embalagem\/garrafas\/recipientes de embalagem: como creme de ess\u00eancia, creme de olho, creme localizado de ilumina\u00e7\u00e3o, creme de repara\u00e7\u00e3o e creme de protec\u00e7\u00e3o solar.<\/li>\n<li>Materiales de embalagem, garrafas de distribui\u00e7\u00e3o e recipientes de embalagem para cosm\u00e9ticos profissionais: como umidificador pr\u00e9-maquilhagem, escondidor colorido, l\u00edquido de destaque, l\u00edquido de funda\u00e7\u00e3o de tamanho de viagem.<\/li>\n<li>Produtos de cuidado pessoal de alto valor embalagens\/garrafas dispon\u00edveis\/recipientes de embalagens: como cremas de m\u00e3o focados na efic\u00e1cia, produtos de cuidado dos l\u00e1bios e gelos localizados de pele.<\/li>\n<\/ul>\n<h3>1.\u00a0 <strong><b>Atributos do produto\u00a0<\/b><\/strong><\/h3>\n<ol>\n<li>Visualmente impressionante: O corpo de tubo de cor s\u00f3lida, feito de forma personalizada, parejado com uma tampa octagonal correspondente, cria um apelo est\u00e9tico sem fios que pode instantaneamente atrair a aten\u00e7\u00e3o dos consumidores nas prateleiras da loja, transmitindo a marca&#8217; s dedica\u00e7\u00e3o inesperada \u00e0 cor e detalhe.<\/li>\n<li>Perfeito excepcional de selagem: A dupla garantia de &#8220; design de fios finos \u00bf fechamento final&#8221; - fornece um ambiente de armazenamento seguro para produtos de corte de pele com alto conte\u00fado de ingredientes ativos, estendendo assim o per\u00edodo de uso \u00f3ptimo do produto.<\/li>\n<li>Experi\u00eancia t\u00e1ctil luxuosa: A sensa\u00e7\u00e3o est\u00e1vel e s\u00f3lida do chap\u00e9u octagonal, a resist\u00eancia suave e ligeira do mecanismo de abertura de dentes finos, e a sutil textura do texto impresso em seda combinam-se para criar uma experi\u00eancia agrad\u00e1vel e de alto n\u00edvel de usu\u00e1rio.<\/li>\n<li>Express\u00e3o precisa da marca: O processo de impress\u00e3o de tela de seda \u00e9 ideal para mostrar uma marca&#8217; o logotipo e o nome do produto central, pois a fonte \u00e9 clara e afiada, refor\u00e7ando a marca a imagem profissional.<\/li>\n<\/ol>\n<p>Material: PE  PP<\/p>\n<p>Di\u00e2metro do tubo: 19 mm<\/p>\n<p>Longitude do anfitri\u00e3o: 83mm<\/p>\n<p>Altura da inclus\u00e3o: 84mm<\/p>\n<p>Capacidade do tubo: 3ml-10ml\/0,10-0,34fl.oz<\/p>\n<p>Di\u00e2metro do buraco do tubo: 5 mm<\/p>\n<p>Peso aproximado do tubo: 2,0g, incluindo a cobertura: 2,6g<\/p>\n<p>Peso da tampa: 2,6gg<\/p>\n<p>Longitude da cauda: 28 mm<\/p>\n<p>Cofre e cobertura coordenadas: corpo de tubo personalizado com copa octagonal de cor correspondente.<\/p>\n<p>Altura da cobertura: 8,4 mm<\/p>\n<p>Altura do cabelo: 8,5 mm, largura: 18,5 mm<\/p>\n<p>Tube Body: [UNK][UNK]processode impress\u00e3o pode ser personalizado conforme necess\u00e1rio)<\/p>\n<p>Hora de lideran\u00e7a:[UNK]20dias de trabalho<\/p>\n<p>Tempo de amostra pr\u00e9-produ\u00e7\u00e3o:[UNK]10dias<\/p>\n<p>Ordem m\u00ednima:[UNK]10000PCS<\/p>\n<p>Condi\u00e7\u00f5es de pagamento:<\/p>\n<p>Caracter\u00edstica:<\/p>\n<p>Exemplar:<\/p>\n<h3><b>2. <\/b><strong><b>Descri\u00e7\u00e3o detalhada do produto<\/b><\/strong><\/h3>\n<p><b><\/b><strong><b>Design de Tube Body<\/b><\/strong>.<\/p>\n<p>Esta s\u00e9rie de projetos segue a filosofia que &#8220; simplicidade \u00e9 luxo. &#8221;<\/p>\n<p>&nbsp;<\/p>\n<ul>\n<li>Orienta\u00e7\u00e3o emocional baseada em cores:<\/li>\n<li>P\u00farpura de batata doce: suave, rom\u00e2ntica e tranquilizante, adequada para produtos destinados a repara\u00e7\u00e3o anti-al\u00e9rgica e repara\u00e7\u00e3o nocturna.<\/li>\n<li>Lago Azul: fresco, calmo e confi\u00e1vel, adequado para umidificar, tranquilizar, homens&#8217; a corte de pele, ou produtos refrescantes.<\/li>\n<li>Rose Pink: Dois, vibrantes e indulgentes. - Adequado para branquear, brilhar e maquilhagem produtos.<\/li>\n<li>Retro Vermelho: Passionado, cl\u00e1ssico e luxoso, adequado para linhas de alto n\u00edvel como antienvelhecimento e apertura de produtos.<\/li>\n<li>Integra\u00e7\u00e3o da forma e fun\u00e7\u00e3o: O design de tubos finos de 19 mm facilita o controle exato da quantidade utilizada por aplica\u00e7\u00e3o, tornando-o particularmente adequado para produtos de ess\u00eancia concentrados e de pequena dose. A tampa octagonal n\u00e3o serve apenas como um elemento decorativo, mas tamb\u00e9m refor\u00e7a a agarra e a estabilidade.<\/li>\n<li>A arte do espa\u00e7o negativo: Uma vez que o corpo do tubo colorido j\u00e1 \u00e9 o ponto focal visual, recomenda-se que as marcas simplifiquem sua disposi\u00e7\u00e3o, utilizem a impress\u00e3o de tela de seda para real\u00e7ar a informa\u00e7\u00e3o b\u00e1sica, e deixam amplo espa\u00e7o para criar um senso de respirabilidade e sofistica\u00e7\u00e3o.<\/li>\n<\/ul>\n<p><strong>Avantagens do produto<\/strong><\/p>\n<ul>\n<li>vantagem competitiva diferenciada: num mercado onde os materiais de embalagem s\u00e3o todos semelhantes, cores e formas personalizadas s\u00e3o a forma mais eficaz de estabelecer uma identidade visual \u00fanica para uma marca.<\/li>\n<li>Aumentar a posi\u00e7\u00e3o dos pr\u00e9mios do produto: textura superior e artesanato meticuloso permitem aos consumidores perceber intuitivamente o alto valor do produto, justificando assim um ponto de pre\u00e7o mais alto.<\/li>\n<li>Solu\u00e7\u00e3o Comprehensiva: Oferecer um servi\u00e7o de personaliza\u00e7\u00e3o de um ponto \u00fanico que cobre tudo desde o corpo do tubo e o tamp\u00e3o at\u00e9 a selagem e impress\u00e3o, assegurando um estilo geral altamente unificado e qualidade est\u00e1vel.<\/li>\n<li>Considera\u00e7\u00f5es ambientais: A embalagem de tubos \u00e9 mais eficiente no espa\u00e7o, reduz as emiss\u00f5es de carbono relacionadas ao transporte, e o pr\u00f3prio material \u00e9 reciclado (isto precisa de confirma\u00e7\u00e3o baseada no material espec\u00edfico), alinhando-se com marcas modernas&#8217; a filosofia do desenvolvimento sustent\u00e1vel.<\/li>\n<\/ul>\n<p>&nbsp;<\/p>\n<ul>\n<li><b><\/b><strong>Scen\u00e1rios de aplica\u00e7\u00e3o do produto<\/strong><\/li>\n<\/ul>\n<p>Boutique de alto n\u00edvel e loja de cole\u00e7\u00e3o de beleza: Sua apar\u00eancia impressionante pode servir de destaque nas prateleiras de exibi\u00e7\u00e3o.<\/p>\n<ul>\n<li>Vendas online de com\u00e9rcio eletr\u00f4nico: Em correntes vivos e p\u00e1ginas de detalhes de produtos, embalagens \u00fanicos podem aumentar significativamente o &#8220; surpresa de desboxe experi\u00eancia, encorajando compartilhamento e dissemina\u00e7\u00e3o mais ampla.<\/li>\n<li>Gifts and Festive Sets: A apar\u00eancia exquisita o torna perfeito para o talento, e a inclus\u00e3o de uma caixa de presente embalagem adiciona ao seu prest\u00edgio.<\/li>\n<li>Viagem e Portabilidade: O tubo compacto \u00e9 f\u00e1cil de encaixar em um saco de maquilhagem ou bagagem de carregamento, tornando o uso estilo e conveniente.<\/li>\n<\/ul>","protected":false},"excerpt":{"rendered":"<p>&nbsp;<\/p>\n<p>Flascos flex\u00edveis para distribui\u00e7\u00e3o de tubos para cortes de pele e lot\u00f5es cosm\u00e9ticas. tubos coloridos e transparentes de corte cut\u00e2nea. Tubos de silicone de grande capacidade para lot\u00f5es, cremas, limpezas faciais, cremas para olhos, cremas para m\u00e3os e cremas para p\u00e9s.<br \/>\nFerramenta de distribui\u00e7\u00e3o de amostras cosm\u00e9ticas para viagens e viagens de neg\u00f3cios, adequada para avi\u00f5es e comboios de alta velocidade.<br \/>\n10 g\/10 ml, 15 g\/15 ml, embalagem de tubos flex\u00edveis de PE, comprimir garrafas.<\/p>","protected":false},"featured_media":2061,"comment_status":"closed","ping_status":"closed","template":"","meta":[],"product_brand":[],"product_cat":[29,42],"product_tag":[],"class_list":{"0":"post-2056","1":"product","2":"type-product","3":"status-publish","4":"has-post-thumbnail","6":"product_cat-skin-care-plastic-tube","7":"product_cat-19-pe-plastic-tube","9":"first","10":"instock","11":"shipping-taxable","12":"purchasable","13":"product-type-simple"},"_links":{"self":[{"href":"https:\/\/www.hongyitube.com\/pt\/wp-json\/wp\/v2\/product\/2056","targetHints":{"allow":["GET"]}}],"collection":[{"href":"https:\/\/www.hongyitube.com\/pt\/wp-json\/wp\/v2\/product"}],"about":[{"href":"https:\/\/www.hongyitube.com\/pt\/wp-json\/wp\/v2\/types\/product"}],"replies":[{"embeddable":true,"href":"https:\/\/www.hongyitube.com\/pt\/wp-json\/wp\/v2\/comments?post=2056"}],"wp:featuredmedia":[{"embeddable":true,"href":"https:\/\/www.hongyitube.com\/pt\/wp-json\/wp\/v2\/media\/2061"}],"wp:attachment":[{"href":"https:\/\/www.hongyitube.com\/pt\/wp-json\/wp\/v2\/media?parent=2056"}],"wp:term":[{"taxonomy":"product_brand","embeddable":true,"href":"https:\/\/www.hongyitube.com\/pt\/wp-json\/wp\/v2\/product_brand?post=2056"},{"taxonomy":"product_cat","embeddable":true,"href":"https:\/\/www.hongyitube.com\/pt\/wp-json\/wp\/v2\/product_cat?post=2056"},{"taxonomy":"product_tag","embeddable":true,"href":"https:\/\/www.hongyitube.com\/pt\/wp-json\/wp\/v2\/product_tag?post=2056"}],"curies":[{"name":"wp","href":"https:\/\/api.w.org\/{rel}","templated":true}]}}