{"id":2034,"date":"2025-07-11T18:20:45","date_gmt":"2025-07-11T10:20:45","guid":{"rendered":"https:\/\/www.hongyitube.com\/product\/%cf%8619-water-drop-head-design-plastic-tube-pe-plastic-tube-bottle-packaging-material-sub-bottle-5\/"},"modified":"2025-09-15T17:59:51","modified_gmt":"2025-09-15T09:59:51","slug":"19-pe-plastic-tube-refilling-bottle-skin-care-cosmetics-lotion-special-refilling-bottle-colored-transparent-skin-care-plastic-tube-1","status":"publish","type":"product","link":"https:\/\/www.hongyitube.com\/pt\/product\/19-pe-plastic-tube-refilling-bottle-skin-care-cosmetics-lotion-special-refilling-bottle-colored-transparent-skin-care-plastic-tube-1\/","title":{"rendered":"19 garrafas de refilhamento de tubos pl\u00e1sticos de PE, loti\u00e3o de cuidados de pele, garrafa de refilhamento especial, tubo de pl\u00e1stico transparente colorido de cuidados de pele-1"},"content":{"rendered":"<p>Caracter\u00edsticas e Avan\u00e7as do Produto:<\/p>\n<p>1. Peso ligeiro e port\u00e1til, reutiliz\u00e1vel, suave e duradouro.<\/p>\n<p>2. Fogo sem ar para seguran\u00e7a de prova de vazamento.<\/p>\n<p>3. Caps com uma variedade de projetos e cores.<\/p>\n<p>4. Sem lavagem, sem res\u00edduos; aperta suavemente para controlar o volume e eliminar res\u00edduos.<\/p>\n<p>5. Opera\u00e7\u00e3o conveniente de screw-on ou flip-top.<\/p>\n<p>6. F\u00e1cil de preencher e dispensar.<\/p>","protected":false},"excerpt":{"rendered":"<p>&nbsp;<\/p>\n<p>Flascos flex\u00edveis de distribui\u00e7\u00e3o de tubos para cortes de pele e lot\u00f5es cosm\u00e9ticas, tubos de cortes coloridos e transparentes, para lot\u00f5es, cremas, limpezas faciais, cremas para olhos, cremas para m\u00e3os e cremas para p\u00e9s. tubos port\u00e1tiis de silicone de grande capacidade para viajar.<br \/>\nFerramenta de distribui\u00e7\u00e3o de amostras cosm\u00e9ticas para viagens e viagens de neg\u00f3cios, adequada para avi\u00f5es e comboios de alta velocidade, equipamentos de higiene refil\u00e1veis de tamanho de viagens e conjuntos de corte de pele.<br \/>\nembalagem de tubos flex\u00edveis de 10 g\/10 ml\/15 g\/15 ml PE, comprimir garrafas.<\/p>","protected":false},"featured_media":2039,"comment_status":"closed","ping_status":"closed","template":"","meta":[],"product_brand":[],"product_cat":[29,42],"product_tag":[],"class_list":{"0":"post-2034","1":"product","2":"type-product","3":"status-publish","4":"has-post-thumbnail","6":"product_cat-skin-care-plastic-tube","7":"product_cat-19-pe-plastic-tube","9":"first","10":"instock","11":"shipping-taxable","12":"product-type-simple"},"_links":{"self":[{"href":"https:\/\/www.hongyitube.com\/pt\/wp-json\/wp\/v2\/product\/2034","targetHints":{"allow":["GET"]}}],"collection":[{"href":"https:\/\/www.hongyitube.com\/pt\/wp-json\/wp\/v2\/product"}],"about":[{"href":"https:\/\/www.hongyitube.com\/pt\/wp-json\/wp\/v2\/types\/product"}],"replies":[{"embeddable":true,"href":"https:\/\/www.hongyitube.com\/pt\/wp-json\/wp\/v2\/comments?post=2034"}],"wp:featuredmedia":[{"embeddable":true,"href":"https:\/\/www.hongyitube.com\/pt\/wp-json\/wp\/v2\/media\/2039"}],"wp:attachment":[{"href":"https:\/\/www.hongyitube.com\/pt\/wp-json\/wp\/v2\/media?parent=2034"}],"wp:term":[{"taxonomy":"product_brand","embeddable":true,"href":"https:\/\/www.hongyitube.com\/pt\/wp-json\/wp\/v2\/product_brand?post=2034"},{"taxonomy":"product_cat","embeddable":true,"href":"https:\/\/www.hongyitube.com\/pt\/wp-json\/wp\/v2\/product_cat?post=2034"},{"taxonomy":"product_tag","embeddable":true,"href":"https:\/\/www.hongyitube.com\/pt\/wp-json\/wp\/v2\/product_tag?post=2034"}],"curies":[{"name":"wp","href":"https:\/\/api.w.org\/{rel}","templated":true}]}}