{"id":2014,"date":"2025-07-11T18:20:45","date_gmt":"2025-07-11T10:20:45","guid":{"rendered":"https:\/\/www.hongyitube.com\/product\/%cf%8616-care-brush-plastic-tube-beauty-makeup-hose-packaging-bottle-hose-sub-bottle-3\/"},"modified":"2026-01-14T11:10:47","modified_gmt":"2026-01-14T03:10:47","slug":"16-lip-care-soft-tube-packaging-bottle-lip-gloss-lip-oil-lip-gloss-lip-glaze-soft-tube-packaging-bottle-soft-tube-bottle-packaging-bottle-1","status":"publish","type":"product","link":"https:\/\/www.hongyitube.com\/pt\/product\/16-lip-care-soft-tube-packaging-bottle-lip-gloss-lip-oil-lip-gloss-lip-glaze-soft-tube-packaging-bottle-soft-tube-bottle-packaging-bottle-1\/","title":{"rendered":"\u03a616 Matte Lip Care Soft Tube &#8211; Hongyi Plastic"},"content":{"rendered":"<p>Hongyi[UNK]Plastic\u03a616 Matte Lip Care Soft Tube [UNK]preenchimento Capacidade.3ml-10ml\/0,10-0,34fl.oz.<\/p>\n<p>Nosso tubo mole fino de 16 mm, especificamente projetado para cuidado dos l\u00e1bios, apresenta um corpo inovador de tubo de cor beige com um nozzle de inje\u00e7\u00e3o tridimensional. O corpo do tubo \u00e9 adornado com um arco rosa e um &#8220; M&#8221; o padr\u00e3o criado atrav\u00e9s de tecnologia de impress\u00e3o offset de alto n\u00edvel. Um selo quente em forma cruzada aumenta a eleg\u00e2ncia do design. O design \u00fanico da boca grande assegura a distribui\u00e7\u00e3o suave do creme, complementado por um tamp\u00e3o transparente e um tamp\u00e3o de bordo reta que corresponde \u00e0 cor do corpo do tubo. Essa solu\u00e7\u00e3o de embalagem fornece uma op\u00e7\u00e3o profissional e est\u00e9ticamente agrad\u00e1vel para produtos de cuidado dos l\u00e1bios.<\/p>\n<p>Material corporal:<\/p>\n<ul>\n<li>Beige PE tubo colorido (c\u00f3digo de cor personalizado)<\/li>\n<li>Di\u00e2metro de tubo fino de 16 mm<\/li>\n<li>Design de perfil dental de grande di\u00e2metro<\/li>\n<li>artesanato decorativo:<\/li>\n<li>Liga de arco rosa com emboscamento (efeito tridimensional)<\/li>\n<li>&#8220; Mi&#8221; - padr\u00e3o de caracteres, impress\u00e3o offset<\/li>\n<li>Embossar em forma cruzada (Ouro\/prata)<\/li>\n<li>Sistema de selagem:<\/li>\n<li>Uma tampa transparente de grau aliment\u00edcio<\/li>\n<li>Designado para evitar secar<\/li>\n<li>O sistema de cabe\u00e7a de cobertura:<\/li>\n<li>corpo de tubo de cor de ser com um tamp\u00e3o angular correspondente<\/li>\n<\/ul>\n<p><strong><b>Aplica\u00e7\u00f5es recomendadas<\/b><\/strong><\/p>\n<p>Enhancement Lip Soft Tube Packaging Bottle\/Packaging Material: Enhancement Lip Enhancement, Anti-Wrinkle Lip Care<\/p>\n<ul>\n<li>Lip Glaze\/Lipstick Soft Tube Packaging Bottle\/Packaging Material: Lip Glaze Colored, Lipstick Moisturizing<\/li>\n<li>Lip Care Soft Tube Packaging Bottle\/Packaging Material: Lip Exfoliator, Lip Repair<\/li>\n<li>Medicinal Lip Balm Tube Packaging Bottle\/Material: Sun Protection Lip Balm, Medicinal Repair Lip Balm<\/li>\n<li>Cadeio de alto n\u00edvel: Lip Care Kit, embalagem de tubos garrafa\/material<\/li>\n<\/ul>\n<h3><strong><b>\u00a0Atributos do produto\u00a0<\/b><\/strong><\/h3>\n<p>Design profissional de l\u00e1bios<\/p>\n<ul>\n<li>Controlo preciso da quantidade usando um di\u00e2metro fino de tubo de 16 mm<\/li>\n<li>Uma boca aberta para assegurar extrus\u00e3o suave da pasta.<\/li>\n<\/ul>\n<ol start=\"2\">\n<li>Efeitos visuais tridimensionais<\/li>\n<\/ol>\n<ul>\n<li>A gravata de arco e o &#8220; M&#8221; o padr\u00e3o tem uma apar\u00eancia tridimensional.<\/li>\n<li>Transfer\u00eancia de calor cruzada para fineza melhorada<\/li>\n<\/ul>\n<ol start=\"3\">\n<li>Sistema de Sealing Sanitary<\/li>\n<\/ol>\n<ul>\n<li>Parada de \u00e2ngulo transparente para evitar secar<\/li>\n<li>Perfeitamente selado com um tamp\u00e3o de \u00e2ngulo direito.<\/li>\n<\/ul>\n<ol start=\"4\">\n<li>Comfort\u00e1vel experi\u00eancia de usu\u00e1rio<\/li>\n<\/ol>\n<ul>\n<li>O corpo compacto torna f\u00e1cil de carregar.<\/li>\n<li>Design de p\u00e1ra angular que se encaixa na forma dos l\u00e1bios<\/li>\n<\/ul>","protected":false},"excerpt":{"rendered":"<p><b><\/b><strong><b>Design de Tube Body<\/b><\/strong>.<\/p>\n<p>O conceito de design desta garrafa de embalagem de tubos suaves \u00e9 uma combina\u00e7\u00e3o de &#8220; doce e delicado  and &#8220; cuidados profissionais. &#8221;<\/p>\n<ul>\n<li>Sistema de Cores:<\/li>\n<li>corpo de tubo de ser: sensa\u00e7\u00e3o suave e alta<\/li>\n<li>Corbata de arco rosa: Estilo doce e jovem<\/li>\n<li>Pattern Design:<\/li>\n<li>Corbata de arco: Romanta e elegante<\/li>\n<li>padr\u00e3o em forma Mi: Cl\u00e1ssico e modal<\/li>\n<li>Cross-stitch Embroidery: A Touch of Elegance<\/li>\n<li>Design Estrutural:<\/li>\n<li>Dentes grandes: descarga de material suave e eficiente<\/li>\n<li>Design de cobertura de \u00e2ngulo direito: Moderno e minimalista<\/li>\n<\/ul>\n<p><strong>Avantagens do produto:<\/strong><\/p>\n<ol>\n<li>Altamente especializados<\/li>\n<\/ol>\n<ul>\n<li>Designado especificamente para embalagem de produtos de cuidado dos l\u00e1bios<\/li>\n<li>Controlo preciso da quantidade utilizada<\/li>\n<\/ul>\n<ol start=\"2\">\n<li>Excelente apelo visual<\/li>\n<\/ol>\n<ul>\n<li>padr\u00f5es tridimensionais aumentam o senso de qualidade<\/li>\n<li>O doce estilo apela \u00e0 audi\u00eancia alvo.<\/li>\n<\/ul>\n<ol start=\"3\">\n<li>Este tipo de embalagem de mangueiras oferece uma grande experi\u00eancia de usu\u00e1rio.<\/li>\n<\/ol>\n<ul>\n<li>Fluxo suave e sem esfor\u00e7o<\/li>\n<li>A selagem higi\u00e9nica garante a fresca.<\/li>\n<\/ul>\n<ol start=\"4\">\n<li>Este tipo de embalagem de mangueiras tem alto reconhecimento de marca.<\/li>\n<\/ol>\n<ul>\n<li>Design de padr\u00e3o \u00fanico<\/li>\n<li>corpo de tubo beige feito personalizado<\/li>\n<li><b><\/b><strong>Scen\u00e1rios de aplica\u00e7\u00e3o para o produto:<\/strong><\/li>\n<\/ul>\n<p>Embalagem de marca bonita\/garrafa\/recipiente port\u00e1til: Lip Care Series<\/p>\n<ul>\n<li>embalagem de marcas farmac\u00eauticas cosm\u00e9ticas\/garrafa\/recipiente port\u00e1til: medicamento de balme de l\u00e1bios<\/li>\n<li>Mercado de regalos: Festive Box Set Packaging Materials\/Packaging Bottles\/Portable Containers<\/li>\n<li>Com\u00e9rcio electr\u00f3nico transfronteiri\u00e7o: materiais de embalagem\/garrafas\/recipientes port\u00e1tiis de cosm\u00e9ticos de estilo japon\u00eas e coreano<\/li>\n<li>Canal de pr\u00e9mio: material de embalagem\/garrafas\/recipientes port\u00e1tiis de coleta de cosm\u00e9ticos<\/li>\n<\/ul>","protected":false},"featured_media":2029,"comment_status":"closed","ping_status":"closed","template":"","meta":[],"product_brand":[],"product_cat":[33,27],"product_tag":[],"class_list":{"0":"post-2014","1":"product","2":"type-product","3":"status-publish","4":"has-post-thumbnail","6":"product_cat-lip-care","7":"product_cat-makeup-plastic-tube","9":"first","10":"instock","11":"shipping-taxable","12":"purchasable","13":"product-type-simple"},"_links":{"self":[{"href":"https:\/\/www.hongyitube.com\/pt\/wp-json\/wp\/v2\/product\/2014","targetHints":{"allow":["GET"]}}],"collection":[{"href":"https:\/\/www.hongyitube.com\/pt\/wp-json\/wp\/v2\/product"}],"about":[{"href":"https:\/\/www.hongyitube.com\/pt\/wp-json\/wp\/v2\/types\/product"}],"replies":[{"embeddable":true,"href":"https:\/\/www.hongyitube.com\/pt\/wp-json\/wp\/v2\/comments?post=2014"}],"wp:featuredmedia":[{"embeddable":true,"href":"https:\/\/www.hongyitube.com\/pt\/wp-json\/wp\/v2\/media\/2029"}],"wp:attachment":[{"href":"https:\/\/www.hongyitube.com\/pt\/wp-json\/wp\/v2\/media?parent=2014"}],"wp:term":[{"taxonomy":"product_brand","embeddable":true,"href":"https:\/\/www.hongyitube.com\/pt\/wp-json\/wp\/v2\/product_brand?post=2014"},{"taxonomy":"product_cat","embeddable":true,"href":"https:\/\/www.hongyitube.com\/pt\/wp-json\/wp\/v2\/product_cat?post=2014"},{"taxonomy":"product_tag","embeddable":true,"href":"https:\/\/www.hongyitube.com\/pt\/wp-json\/wp\/v2\/product_tag?post=2014"}],"curies":[{"name":"wp","href":"https:\/\/api.w.org\/{rel}","templated":true}]}}