{"id":2003,"date":"2025-07-11T18:20:45","date_gmt":"2025-07-11T10:20:45","guid":{"rendered":"https:\/\/www.hongyitube.com\/product\/%cf%8616-care-brush-plastic-tube-beauty-makeup-hose-packaging-bottle-hose-sub-bottle-2\/"},"modified":"2026-01-13T17:23:23","modified_gmt":"2026-01-13T09:23:23","slug":"30-square-plastic-tubepe-plastic-tube-skin-care-makeup-cosmetics-plastic-tube-packaging-bottles","status":"publish","type":"product","link":"https:\/\/www.hongyitube.com\/pt\/product\/30-square-plastic-tubepe-plastic-tube-skin-care-makeup-cosmetics-plastic-tube-packaging-bottles\/","title":{"rendered":"30 tubos de pl\u00e1stico quadrados, tubos de pl\u00e1stico PE, cuidado da pele, maquilhagem, cosm\u00e9ticos, garrafas de embalagem de tubos de pl\u00e1stico"},"content":{"rendered":"<p>Hongyi[UNK]Plastic\u03a630 tubo plano quadrado tubo pl\u00e1stico[UNK]Capacidade de preenchimento[UNK]30-45ml\/1,0-1,52fl.0z.<\/p>\n<p>Nossa garrafa de embalagem de tubos planos de forma quadrada de 30mm de alto n\u00edvel, que se separa da conven\u00e7\u00e3o e mistura est\u00e9tica geom\u00e9trica com tecnologia futurista, apresenta uma base branca pura com quatro padr\u00f5es de gradiente de cor \u00fanica avan\u00e7ados: azul, roxo, verde azul e amarelo do sol. Quando visto de diferentes \u00e2ngulos, ele cria um efeito visual semelhante ao movimento de luz e sombra. A embalagem \u00e9 refor\u00e7ada com um selo quente de prata laser, que reflete cores vibrantes quando vistas de v\u00e1rios \u00e2ngulos. Innovativamente, ele apresenta um copo de ouro eletropla\u00e7ado acr\u00edlico ou cobertura de pato de prata ou v\u00e1rios capos projetados por personalidade, combinados com uma tecnologia de selagem de cola, fornecendo uma solu\u00e7\u00e3o de embalagem \u00fanica para produtos de corte de pele de alto n\u00edvel variando de 30 a 45 ml. N\u00e3o \u00e9 apenas um recipiente; \u00c9 uma pe\u00e7a de arte moderna que se destaca em uma mesa de vestimentos.<\/p>\n<p>Corpo tubo: Fazido de material (polietileno), que apresenta propriedades de moldagem excelentes que permitem uma estrutura quadrada, mantendo a estabilidade e seguran\u00e7a do conte\u00fado dentro.<\/p>\n<ul>\n<li>Forma: Um tubo retangular e plano com linhas limpas, fornecendo um agarro confort\u00e1vel e atingindo tanto a beleza arquitet\u00f4nica como a distin\u00e7\u00e3o quando mostrado.<\/li>\n<li>Processo de Cores: Impress\u00e3o de gradiente de uma \u00fanica cor de alto n\u00edvel (azul\/rosa-p\u00farpura\/azul-verde\/amarelo do sol). As transi\u00e7\u00f5es de cores s\u00e3o naturais, semelhantes ao efeito halo dos corpos celestes, adicionando uma profundidade visual profunda ao tubo&#8217; seu corpo.<\/li>\n<li>Processo Logo\/Pattern: Impressionamento quente com prata gravada por laser, criando um efeito din\u00e2mico e vibrante em diferentes condi\u00e7\u00f5es de ilumina\u00e7\u00e3o. Isto contrasta fortemente com o fundo simples, de cor gradiente, tornando-o extremamente luxoso.<\/li>\n<li>Melhoria do Texto: Impress\u00e3o de tela de seda para garantir que a informa\u00e7\u00e3o do produto seja clara e duradoura.<\/li>\n<li>Cobertura da cabe\u00e7a:<\/li>\n<li>Caracter\u00edstica: Capa acr\u00edlica de fatura de pato com ouro ou cobertura de prata, oferecendo um senso de peso e um brilho semelhante ao espelho que n\u00e3o \u00e9 equivalente em termos de qualidade.<\/li>\n<li>Op\u00e7\u00f5es: coberturas personalizadas em v\u00e1rias formas (como coberturas quadradas, coberturas cortadas de diamantes, etc.) para alcan\u00e7ar um design global unificado e elevado.<\/li>\n<li>Final: Design do final de selagem (CRB) assegura a confiabilidade da selagem de tubos de forma quadrada, proporcionando preserva\u00e7\u00e3o final para conte\u00fados de alta atividade com um volume de 30-45 ml.<\/li>\n<\/ul>\n<p><strong><b>\u00a0<\/b><\/strong><strong><b>Aplica\u00e7\u00f5es recomendadas<\/b><\/strong><\/p>\n<p>Nossa s\u00e9rie de embalagens de mangueiras \u00e9 projetada com formas \u00fanicas, alta capacidade e textura de alto n\u00edvel, especificamente para projetos de produtos de n\u00edvel principal.<\/p>\n<p>&nbsp;<\/p>\n<ul>\n<li>Ess\u00eancia Luxuria Series Tube Packaging Bottle Dispensing Bottle: Ess\u00eancia Anti-Wrinkle de alto n\u00edvel, Ess\u00eancia Exquisita de Repara\u00e7\u00e3o, Petr\u00f3leo Essencial de alto n\u00edvel.<\/li>\n<li>Emuls\u00e3o de alto desempenho\/embalagem de tubos suaves de creme h\u00famido, frascos individuais de dispens\u00e3o: creme de ess\u00eancia rica e alimentante, creme de rosto revitalizante luxuoso.<\/li>\n<li>Produtos de linha de teatro profissional: embalagem de tubos suaves, embalagem de garrafas para linhas de spa de alto alcance ou tratamentos especializados de sal\u00e3o de beleza.<\/li>\n<li>Designer Collaboration Soft Tube Packaging Bottle\/Divided Bottle: Uma edi\u00e7\u00e3o limitada, produto colet\u00edvel criado em parceria com um designer ou artist a famoso.<\/li>\n<li>Flascos de embalagem de tubos suaves para homens de alto n\u00edvel s pele: A forma quadrada de tubo e o design minimalista s \u00e3o altamente favorecidos por homens de alto n\u00edvel&#8217; s marcas de corte.<\/li>\n<\/ul>\n<h3><strong><b>Atributos do produto\u00a0<\/b><\/strong><\/h3>\n<ol>\n<li><strong><b> A forma geom\u00e9trica inovadora desta embalagem de tubos: <\/b><\/strong>O tubo retangular e plano completamente melhora os projetos tradicionais de tubos redondos, estabelecendo um novo padr\u00e3o para embalagem est\u00e9tica e incorporando o esp\u00edrito pioneiro da marca&#8217; a vontade de assumir riscos.<\/li>\n<li><strong><b> Esta embalagem de tubos suaves combina a est\u00e9tica da luz fluindo e sombra: <\/b><\/strong>A combina\u00e7\u00e3o de um gradiente de cor \u00fanica e um selo quente de prata laser cria um efeito visual din\u00e2mico que muda com a luz. N\u00e3o \u00e9 apenas funcional, mas tamb\u00e9m um peda\u00e7o de arte quando colocado numa mesa.<\/li>\n<li><strong><b> O material de cobertura da embalagem de mangueira \u00e9 de alto n\u00edvel e proporciona uma grande experi\u00eancia t\u00e1ctil:<\/b><\/strong>O peso pesado e a sensa\u00e7\u00e3o fria da cobertura acr\u00edlica fazem cada abertura e fechamento de uma experi\u00eancia luxuosa, muito superior \u00e0s coberturas pl\u00e1sticas comuns.<\/li>\n<li><strong><b> A \u00faltima preserva\u00e7\u00e3o e estabilidade:<\/b><\/strong>O design de selagem assegura a resist\u00eancia absoluta ao ar do corpo do tubo quadrado, protegendo perfeitamente a efic\u00e1cia e fresca dos ingredientes de alta concentra\u00e7\u00e3o e alta atividade.<\/li>\n<li><strong><b> Efeito excepcional de visualiza\u00e7\u00e3o:<\/b><\/strong>A forma geom\u00e9trica \u00fanica lhe permite atrair aten\u00e7\u00e3o de todas as dire\u00e7\u00f5es na prateleira, tornando-a o ponto focal visual absoluto no contrapartido.<\/li>\n<\/ol>","protected":false},"excerpt":{"rendered":"<p><b><\/b><strong><b>Design de Tube Body<\/b><\/strong>.<\/p>\n<p>Conceito de design: Esta embalagem de tubos suaves integra o sentimento arquitet\u00f4nico de &#8220; geometria minimalista e a est\u00e9tica tecnol\u00f3gica de &#8220; luz futura. &#8221; Ela expressa o luxo profundo atrav\u00e9s das linhas mais simples e dos efeitos de luz e sombra mais variados.<\/p>\n<ul>\n<li>Sistema de cores da embalagem de mangueira:<\/li>\n<li>Gradiente Azul: Tecnologia de incorpora\u00e7\u00e3o, repara\u00e7\u00e3o, sem tempo e serenidade.<\/li>\n<li>Gradiente de lavanda suave: engloba sonho, opul\u00eancia, renascimento e atra\u00e7\u00e3o feminina.<\/li>\n<li>Gradiente azul-verde: engloba equil\u00edbrio, purifica\u00e7\u00e3o, revitaliza\u00e7\u00e3o e vitalidade.<\/li>\n<li>Sunset Yellow Gradient: Embody empowerment, brilliance, warmth, and the luxurious allure of golden light.<\/li>\n<li>Aten\u00e7\u00e3o ao detalhe: um testamento \u00e0 artesanidade<\/li>\n<li>Design Sent\u00edvel: Recomenda-se usar um tamp\u00e3o crom\u00e1tico ou de ouro, pois seu brilhante brilhante complementa a embosca\u00e7\u00e3o de prata laser.<\/li>\n<li>A embalagem do anfitri\u00e3o suporta a personaliza\u00e7\u00e3o: \u00c9 poss\u00edvel personalizar um design \u00fanico de tampa, como um tampa quadrado que corresponda \u00e0 forma do corpo do anfitri\u00e3o, para integrar a est\u00e9tica geom\u00e9trica.<\/li>\n<\/ul>\n<p><strong>Avantagens do produto:<\/strong><\/p>\n<p>Nossa embalagem de tubos suaves \u00e9 a \u00faltima declara\u00e7\u00e3o de for\u00e7a de marca e est\u00e9tica, elevando instantaneamente o produto a um n\u00edvel de luxo e criando uma lacuna substancial dos concorrentes.<\/p>\n<p>O desenho quadrado inovador e a textura de alto n\u00edvel de nossa embalagem de tubos fazem com que seja um t\u00f3pico de marketing poderoso em si mesmo, n\u00e3o exigindo promo\u00e7\u00e3o excessiva. O produto j\u00e1 \u00e9 o foco, tornando f\u00e1cil de perceber para a m\u00eddia e l\u00edderes principais de opini\u00e3o (KOLs).<\/p>\n<p>Nossa embalagem de tubos suaves pode elevar significativamente a classe e apelo de uma marca&#8217; s display counter.<\/p>\n<p>Nossa embalagem de tubos suaves proporciona uma experi\u00eancia de processo inteiro e prim\u00e1rio que supera o pr\u00f3prio produto, tanto em termos de apelo visual como de sensa\u00e7\u00e3o t\u00e1ctil. Isso aumenta significativamente os clientes - sentido de valor e lealdade em rela\u00e7\u00e3o \u00e0 marca.<\/p>\n<p>Nossa embalagem de tubos suaves oferece extensas op\u00e7\u00f5es de personaliza\u00e7\u00e3o, desde transi\u00e7\u00f5es graduales de cores para formas \u00fanicas de tamp\u00e3o, permitindo \u00e0s marcas criar produtos verdadeiramente distintos e ic\u00f4nicos.<\/p>\n<p><b><\/b><strong>Scen\u00e1rios de aplica\u00e7\u00e3o para o produto:<\/strong><\/p>\n<p>Marca de carne de pele luxuosa: A garrafa de embalagem usada para a s\u00e9rie de ouro negro, s\u00e9rie de platino, ou produtos colet\u00edveis de edi\u00e7\u00e3o limitada da marca.<\/p>\n<ul>\n<li>Embalagem\/garrafas de marca de designer de alto n\u00edvel: marcas de pele ou fragran\u00e7a que enfatizam design e elementos art\u00edsticos.<\/li>\n<li>Embalagem frascos para homens de alto n\u00edvel s mercado da pele: O design afiado e minimalista da garrafa de tubo rectangular se alinha perfeitamente com o tom de homens de alto n\u00edvel&#8217; as peles s \u00e3o produtos.<\/li>\n<li>Canais isentos de impostos e garrafas de embalagem de luxo de hotel: em Dubai&#8217; lojas isentas de direitos, lojas isentas de direitos de aeroporto, e spas de cinco estrelas de hotel, a apar\u00eancia dessas garrafas coincide perfeitamente com o ambiente de consumo.<\/li>\n<li>Submiss\u00e3o de Pr\u00eamios: Altamente competitiva e adequada para submiss\u00f5es a pr\u00eamios globais de design de embalagens como os Pentprizes e Dieline Awards.<\/li>\n<\/ul>\n<p>Essa s\u00e9rie de garrafas quadradas e planas de embalagem de tubos suaves \u00e9 mais do que apenas uma embalagem; \u00c9 um s\u00edmbolo de identidade de marca, uma demonstra\u00e7\u00e3o de habilidade em design, e a experi\u00eancia luxuosa que os consumidores buscam. \u00c9 projetado para servir como a arma m\u00e1xima para marcas de alto n\u00edvel para conquistar o mercado e se tornar uma presen\u00e7a que n\u00e3o pode ser ignorada.<\/p>","protected":false},"featured_media":4287,"comment_status":"closed","ping_status":"closed","template":"","meta":[],"product_brand":[],"product_cat":[34,27],"product_tag":[],"class_list":{"0":"post-2003","1":"product","2":"type-product","3":"status-publish","4":"has-post-thumbnail","6":"product_cat-facial-treatment","7":"product_cat-makeup-plastic-tube","9":"first","10":"instock","11":"shipping-taxable","12":"purchasable","13":"product-type-simple"},"_links":{"self":[{"href":"https:\/\/www.hongyitube.com\/pt\/wp-json\/wp\/v2\/product\/2003","targetHints":{"allow":["GET"]}}],"collection":[{"href":"https:\/\/www.hongyitube.com\/pt\/wp-json\/wp\/v2\/product"}],"about":[{"href":"https:\/\/www.hongyitube.com\/pt\/wp-json\/wp\/v2\/types\/product"}],"replies":[{"embeddable":true,"href":"https:\/\/www.hongyitube.com\/pt\/wp-json\/wp\/v2\/comments?post=2003"}],"wp:featuredmedia":[{"embeddable":true,"href":"https:\/\/www.hongyitube.com\/pt\/wp-json\/wp\/v2\/media\/4287"}],"wp:attachment":[{"href":"https:\/\/www.hongyitube.com\/pt\/wp-json\/wp\/v2\/media?parent=2003"}],"wp:term":[{"taxonomy":"product_brand","embeddable":true,"href":"https:\/\/www.hongyitube.com\/pt\/wp-json\/wp\/v2\/product_brand?post=2003"},{"taxonomy":"product_cat","embeddable":true,"href":"https:\/\/www.hongyitube.com\/pt\/wp-json\/wp\/v2\/product_cat?post=2003"},{"taxonomy":"product_tag","embeddable":true,"href":"https:\/\/www.hongyitube.com\/pt\/wp-json\/wp\/v2\/product_tag?post=2003"}],"curies":[{"name":"wp","href":"https:\/\/api.w.org\/{rel}","templated":true}]}}