{"id":2002,"date":"2025-07-11T18:20:45","date_gmt":"2025-07-11T10:20:45","guid":{"rendered":"https:\/\/www.hongyitube.com\/product\/%cf%8619-silicone-head-design-plastic-tube-bottle-pe-packaging-bottle-2\/"},"modified":"2026-01-13T17:03:51","modified_gmt":"2026-01-13T09:03:51","slug":"16-care-brush-plastic-tube-beauty-makeup-hose-packaging-bottle-hose-sub-bottle","status":"publish","type":"product","link":"https:\/\/www.hongyitube.com\/pt\/product\/16-care-brush-plastic-tube-beauty-makeup-hose-packaging-bottle-hose-sub-bottle\/","title":{"rendered":"tubo pl\u00e1stico de pincel de 16 cuidados, mangueira de maquilhagem de beleza embalagem mangueira de garrafa sub-garrafa"},"content":{"rendered":"<p>Hongyi (Hongyi) (Plastic \u03a616) - Hongyi[UNK]Plastic[UNK] preenchimento Capacidade[UNK]3g\/3ml -15g\/15ml [UNK]0,10 -0,51fl.oz<\/p>\n<p>The &#8220; Aurora Little Color Bottle&#8221; Mini Essence Soft Tube \u00e9 um tubo circular de 16 mm ultra fino que se concentra na est\u00e9tica extrema e cuidado preciso. O corpo do tubo \u00e9 feito de material branco puro, com um gradiente de quatro transi\u00e7\u00f5es sonhosas de cor \u00fanica: azul, roxo, verde azul e amarelo de p\u00f4r-sol. Isso cria um efeito visual puro e de alto n\u00edvel como aurora. O logotipo da marca \u00e9 destacado atrav\u00e9s da impress\u00e3o de tela de seda e t\u00e9cnicas de selo quente, mostrando detalhes exquisitos. \u00c9 parejado com uma escova branca de n\u00edlon e uma tampa redonda com prata. O design do selo final assegura a efic\u00e1cia vibrante da ess\u00eancia de capacidade ultra-pequena de 3-10 ml. \u00c9 uma solu\u00e7\u00e3o de embalagem refinada adaptada para marcas de alto n\u00edvel.<\/p>\n<p><strong><b>corpo do tubo: <\/b><\/strong>Material branco, de uma camada PE (polietileno). A cor de base pura assegura que as cores gradientes sejam apresentadas da forma mais pura e vibrante poss\u00edvel. O material de PE \u00e9 qu\u00edmicamente est\u00e1vel e seguro para ser usado.<\/p>\n<ul>\n<li><strong><b>Hose<\/b><\/strong><b><\/b><strong><b>processo de cor da garrafa:<\/b><\/strong>\u00a0Impress\u00e3o de gradiente de cor \u00fanica em amarelo azul\/rosa-violeta\/azul-verde\/p\u00f4r-sol, com uma transi\u00e7\u00e3o que se parece a difus\u00e3o natural, imbu\u00edda com um senso de fantasia e beleza minimalista moderna.<\/li>\n<li>Hose Bottle Logo\/Pattern Process: Bloqueio quente (\u00e9 recomendado bloqueio de prata ou branco quente). Este processo destaca o logotipo da marca em uma cor gradiente, dando-lhe uma apar\u00eancia excelente e elegante.<\/li>\n<li><strong><b> Processo de texto de garrafas de tubo: <\/b><\/strong>impress\u00e3o de tela de seda para garantir que o texto de explica\u00e7\u00e3o do produto seja claro e duradouro.<\/li>\n<li>Manter a tampa da garrafa com pincel apertado:<\/li>\n<\/ul>\n<p>A escova branca de nylon tem bristles finos e suaves, excelente elasticidade, um sentimento confort\u00e1vel, e n\u00e3o \u00e9 irritante para pele delicada.<\/p>\n<ul>\n<li><strong><b> A cobertura externa \u00e9 a principal caracter\u00edstica:<\/b><\/strong>uma cobertura redonda de prata que exude um forte senso de tecnologia metal \u00edstica e futurista, criando um contraste impressionante com o simples esquema de cores gradientes.<\/li>\n<li><strong><b> Op\u00e7\u00e3o da tampa externa da garrafa de embalagem de cartilagem suave: <\/b><\/strong>capa redonda moldada (dispon\u00edvel na mesma cor que o gradiente ou o branco).<\/li>\n<li><strong><b> Ende da frasco de embalagem de cartilagem suave: <\/b><\/strong>O design de selagem (CRB) fornece propriedades de selagem de alto n\u00edvel, salvaguardando perfeitamente conte\u00fados de alta atividade, de alto valor, variando de 3 a 10 ml, evitando oxida\u00e7\u00e3o e fuga.<\/li>\n<\/ul>\n<p><strong><b>\u00a0<\/b><\/strong><strong><b>Aplica\u00e7\u00f5es recomendadas<\/b><\/strong><\/p>\n<p>Nossa garrafa de embalagem de tubos suaves, projetada especificamente para essen\u00e7a concentrada de alto n\u00edvel e produtos de aten\u00e7\u00e3o localizados de alta efici\u00eancia, apresenta uma capacidade extremamente pequena, propriedades superiores de selagem e uma pesca de aplica\u00e7\u00e3o precisa:<\/p>\n<ul>\n<li><strong><b> Es\u00eancia concentrada de alto n\u00edvel embalagem de tubos moles garrafa de dispens\u00e3o: <\/b><\/strong>Ampulha de alta concentra\u00e7\u00e3o Vitamina C, ess\u00eancia de retinol, ess\u00eancia de pept\u00eddeo e ess\u00eancia de fundamento da pele.<\/li>\n<li><strong><b>Precisamente embalagem de tubos suaves de cuidado local frasco de dispens\u00e3o dividido:<\/b><\/strong>Ess\u00eancia Eye, Liquido de Crescimento Eyelash, Ess\u00eancia Local de Luminoso, Ess\u00eancia Acne Removal, Ess\u00eancia Wrinkle Smoothing.<\/li>\n<li><strong><b> Uma garrafa de dispens\u00e3o de tubos l\u00edquidos originais de alta efici\u00eancia:<\/b><\/strong>essen\u00e7a exfoliante baseada em \u00e1cido, \u00f3leos essenciais, gel de repara\u00e7\u00e3o de cicatrizes.<\/li>\n<li><strong><b>Embalagem de Luxurious Experience Pack Soft Tube Package Divided Bottle:<\/b><\/strong>Vers\u00e3o de tamanho de viagem de uma linha de produtos de alto n\u00edvel ou um pacote de experi\u00eancia de primeira vez.<\/li>\n<\/ul>\n<p>&nbsp;<\/p>\n<h3>1.\u00a0 <strong><b>Atributos do produto\u00a0<\/b><\/strong><\/h3>\n<ol>\n<li>Nossa linha de embalagem de mangueiras \u00e9 projetada com uma est\u00e9tica minimalist a mas luxuosa: O design gradiente de uma \u00fanica cor evita a complexidade, permitindo que as pr\u00f3prias cores falem, criando um efeito visual puro, de alto n\u00edvel e misterioso que exude um sentimento moderno, minimalista e opulento.<\/li>\n<li>Essa s\u00e9rie de embalagens de tubos oferece preserva\u00e7\u00e3o n\u00e3o comparada: A selagem do final da cauda fornece um desempenho de selagem \u00f3ptimo, assegurando que cada ingrediente ativo precioso permanece em seu estado mais vibrante desde o momento em que deixa a f\u00e1brica at\u00e9 o momento em que \u00e9 utilizado, maximizando assim sua efic\u00e1cia.<\/li>\n<li>As cabe\u00e7as de pincel inclu\u00eddas nessa s\u00e9rie de embalagens de tubos podem proporcionar aplica\u00e7\u00e3o profissional e precisa: a cabe\u00e7a de pincel branca de n\u00edlon pode, sem esfor\u00e7o, pegar e aplicar-se precisamente \u00e0 \u00e1rea alvo, oferecendo higiene e conveni\u00eancia, tornando-a particularmente adequada para \u00e1reas delicadas como ao redor dos olhos e l\u00e1bios.<\/li>\n<li>Os detalhes do material de embalagem das mangueiras destacam a qualidade: O uso do processo de marca\u00e7\u00e3o quente e uma cobertura externa com prata demonstra a qualidade excepcional de artesanato do produto e a marca&#8217; a maior persegui\u00e7\u00e3o.<\/li>\n<li>Nossa linha de embalagem de mangueiras \u00e9 compacta e port\u00e1vel: com um di\u00e2metro ultra fino de tubo de 16 mm e capacidades variando de 3 a 10 ml, \u00e9 pequena e elegante, tornando f\u00e1cil carregar e aplicar sempre que necess\u00e1rio.<\/li>\n<\/ol>","protected":false},"excerpt":{"rendered":"<p>&nbsp;<\/p>\n<ul>\n<li><b><\/b><strong><b>Design de Tube Body<\/b><\/strong>.<\/li>\n<\/ul>\n<p>O conceito de design da s\u00e9rie de componentes de embalagem de mangueiras, incluindo as garrafas de embalagem individuais, \u00e9 misturar as inspira\u00e7\u00f5es de &#8220; simplicidade moderna  and &#8220; aurora natural. &#8221; atrav\u00e9s da transi\u00e7\u00e3o gradual de uma \u00fanica cor, transmite uma filosofia de pureza, foco e efici\u00eancia nos produtos.<\/p>\n<ul>\n<li>Cor e impacto emocional dos materiais de embalagem de mangueiras:<\/li>\n<li>Gradiente azul: transmite calma, cura, tecnologia e confiabilidade.<\/li>\n<li>Gradiente de lavanda suave: transmite um senso de fantasia, relaxamento, antienvelhecimento e luxo.<\/li>\n<li>Gradiente azul-verde: transmite um senso de fresca, equil\u00edbrio, revitaliza\u00e7\u00e3o e calma.<\/li>\n<li>Gradiente Amarelo do Sol: Converte calor, empoderamento, radi\u00e2ncia e um senso de vitalidade.<\/li>\n<li>Camadas detalhadas da embalagem de mangueira: O design consiste em tr\u00eas camadas: a camada de base (gradualmente mudando cores), a camada m\u00e9dia (informa\u00e7\u00e3o marcada), e a camada de cima (logotipo marcado). As camadas s\u00e3o ricas e cheias de detalhes.<\/li>\n<li>Combina\u00e7\u00e3o de cobertura de cabe\u00e7a de embalagem de tubos suaves: A cobertura de prata eletropl\u00e1tada com cabe\u00e7a redonda \u00e9 o toque final do design geral. Sua sensa\u00e7\u00e3o fria e futurista contrasta belamente com as cores quentes e gradientes, tornando-a altamente recomendada.<\/li>\n<\/ul>\n<p>Avan\u00e7as do produto: podem incluir a gama de aplica\u00e7\u00e3o do produto, controle da dose, uso conveniente, ligeiro e duradouro, ampla aplica\u00e7\u00e3o, etc., por exemplo<\/p>\n<p>Definindo a linha de alto n\u00edvel da marca: Esta embalagem de tubos suaves \u00e9 um par\u00e1gono de est\u00e9tica moderna luxuosa e \u00e9 usada para definir o pico, linha mais concentrada de produtos para a marca, diretamente aumentando o senso geral de sofistica\u00e7\u00e3o associado \u00e0 marca.<\/p>\n<ul>\n<li>Apela\u00e7\u00e3o da Plataforma Invenc\u00edvel: O design minimalist a e sofisticado de nossa embalagem de tubos faz parecer uma pe\u00e7a de arte quando mostrada, apelando aos consumidores que valorizam qualidade e est\u00e9tica.<\/li>\n<li>Comunica\u00e7\u00e3o profunda de componentes: O design minimalista e &#8220; estilo de laborat\u00f3rio a apar\u00eancia de nossa embalagem de tubos enfatiza naturalmente o foco na efic\u00e1cia dos componentes, ressonando com consumidores que s\u00e3o &#8220; entusiastas componentes. &#8221;<\/li>\n<li>Enhanced unboxing experience: From the moment the packaging is opened, the product can provide a sense of pleasure similar to that of a luxury item, significantly boosting users&#8217; - sentido de valor e lealdade em rela\u00e7\u00e3o \u00e0 marca.<\/li>\n<li>Marketing content gold mine: A apar\u00eancia de alto apelo inerentemente tem capacidades de compartilhamento social, fornecendo um fluxo constante de material de alta qualidade para criar conte\u00fado em plataformas de m\u00eddia social marca.<\/li>\n<\/ul>\n<p>&nbsp;<\/p>\n<ul>\n<li><b><\/b><strong><b>Escen\u00e1rios aplic\u00e1veis ao produto: Voc\u00ea pode listar o \u00e2mbito de aplica\u00e7\u00e3o do produto por ponto, por exemplo:<\/b><\/strong><\/li>\n<\/ul>\n<p>embalagem de marca de carne de pele luxuosa: tubo\/garrafa macia &#8211; Usado para embalagem e distribui\u00e7\u00e3o de pr\u00e9mios s\u00e9ries de ampolas concentradas ou linhas de produtos de alto n\u00edvel.<\/p>\n<ul>\n<li>Marca Tech Skincare: Sublinha ingredientes patentados, fundo baseado em laborat\u00f3rios e adi\u00e7\u00f5es de alta concentra\u00e7\u00e3o. A embalagem moderna se alinha perfeitamente com a marca&#8217; a imagem.<\/li>\n<li>Departamento de alto n\u00edvel e embalagem de canais livres de direitos e garrafas de distribui\u00e7\u00e3o: Elas s\u00e3o vendidas em canais de alto n\u00edvel como Sephora, e sua apar\u00eancia corresponde perfeitamente ao n\u00edvel do canal.<\/li>\n<li>Empaquetamento para o produto que ganha o pr\u00eamio de beleza: Este tipo de embalagem \u00e9 altamente competitivo e adequado para competir em pr\u00eamios de design e inova\u00e7\u00e3o dentro da ind\u00fastria.<\/li>\n<li>Colabora\u00e7\u00e3o celebridade-artist a garrafa de embalagem: Como ve\u00edculo para colabora\u00e7\u00f5es interind\u00fastrias, seu apelo art\u00edstico e unicidade atendem \u00e0s necessidades de ambas as partes envolvidas na parceria.<\/li>\n<\/ul>\n<p>&nbsp;<\/p>\n<p>Resumo: Isto Aurora Little Color Bottle&#8221; A mini essence soft tube \u00e9 a culmina\u00e7\u00e3o da est\u00e9tica moderna da pele e tecnologia de embalagem moderna. Ela transmite luxo atrav\u00e9s da simplicidade em cor e emprega a artesania mais meticulosa para proteger os ingredientes ativos, com o objetivo de proporcionar aos consumidores mais discernidos uma experi\u00eancia de alto n\u00edvel, tanto visualmente como em termos de efic\u00e1cia. \u00c9 a arma m\u00e1xima para a marca entrar no mercado de alto n\u00edvel.<\/p>","protected":false},"featured_media":2009,"comment_status":"closed","ping_status":"closed","template":"","meta":[],"product_brand":[],"product_cat":[35,27],"product_tag":[],"class_list":{"0":"post-2002","1":"product","2":"type-product","3":"status-publish","4":"has-post-thumbnail","6":"product_cat-eyebrow-care","7":"product_cat-makeup-plastic-tube","9":"first","10":"instock","11":"shipping-taxable","12":"purchasable","13":"product-type-simple"},"_links":{"self":[{"href":"https:\/\/www.hongyitube.com\/pt\/wp-json\/wp\/v2\/product\/2002","targetHints":{"allow":["GET"]}}],"collection":[{"href":"https:\/\/www.hongyitube.com\/pt\/wp-json\/wp\/v2\/product"}],"about":[{"href":"https:\/\/www.hongyitube.com\/pt\/wp-json\/wp\/v2\/types\/product"}],"replies":[{"embeddable":true,"href":"https:\/\/www.hongyitube.com\/pt\/wp-json\/wp\/v2\/comments?post=2002"}],"wp:featuredmedia":[{"embeddable":true,"href":"https:\/\/www.hongyitube.com\/pt\/wp-json\/wp\/v2\/media\/2009"}],"wp:attachment":[{"href":"https:\/\/www.hongyitube.com\/pt\/wp-json\/wp\/v2\/media?parent=2002"}],"wp:term":[{"taxonomy":"product_brand","embeddable":true,"href":"https:\/\/www.hongyitube.com\/pt\/wp-json\/wp\/v2\/product_brand?post=2002"},{"taxonomy":"product_cat","embeddable":true,"href":"https:\/\/www.hongyitube.com\/pt\/wp-json\/wp\/v2\/product_cat?post=2002"},{"taxonomy":"product_tag","embeddable":true,"href":"https:\/\/www.hongyitube.com\/pt\/wp-json\/wp\/v2\/product_tag?post=2002"}],"curies":[{"name":"wp","href":"https:\/\/api.w.org\/{rel}","templated":true}]}}