{"id":1988,"date":"2025-07-11T18:20:45","date_gmt":"2025-07-11T10:20:45","guid":{"rendered":"https:\/\/www.hongyitube.com\/product\/%cf%8619-ball-massage-head-plastic-tube-refill-bottle-skin-care-lotion-special-refill-bottle-skin-care-plastic-tube-3\/"},"modified":"2026-01-13T16:57:24","modified_gmt":"2026-01-13T08:57:24","slug":"19-silicone-head-design-plastic-tube-bottle-pe-packaging-bottle","status":"publish","type":"product","link":"https:\/\/www.hongyitube.com\/pt\/product\/19-silicone-head-design-plastic-tube-bottle-pe-packaging-bottle\/","title":{"rendered":"Hongyi Plastic \u03a619 snap-fit tubo \u00e9 parejado com v\u00e1rias coberturas da cabe\u00e7a de escova de silicone[UNK]preenchimento Capacidade 3g\/3ml -15g\/15ml 0,10 -0,51fl.oz"},"content":{"rendered":"<ul>\n<li>HongyiPlastic \u03a619 tubo snap-fit \u00e9 parejado com v\u00e1rias coberturas da cabe\u00e7a de escova de silicone[UNK]preenchimento Capacidade[UNK]3g\/3ml -15g\/15ml [UNK]0,10 -0,51fl.oz<\/li>\n<li>Esta \u00e9 uma embalagem de tubos flex\u00edveis de forma de tubo de 19 mm meticulosamente projetada, especificamente constru\u00edda para complementar uma variedade de cabe\u00e7as de pincel substitu\u00edveis. O corpo do tubo \u00e9 feito de um material composto PE PP, combinando flexibilidade e durabilidade. As especifica\u00e7\u00f5es padr\u00e3o s\u00e3o um di\u00e2metro de 19 mm e um comprimento de 97 mm, com uma capacidade de 3 ml a 15 ml, atendendo a diferentes necessidades de volume. O corpo do tubo apresenta um padr\u00e3o de boneca de ninho russo colorido, rico em car\u00e1ter nacional e impresso usando uma t\u00e9cnica de impress\u00e3o offset, resultando em cores vibrantes e de corpo inteiro. A caracter\u00edstica central \u00e9 a estrutura inovadora de dentes snap-on, que permite facilmente compatibilidade com uma gama de cabe\u00e7as de pincel especializadas com diversas fun\u00e7\u00f5es, permitindo ao produto servir m\u00faltiplos prop\u00f3sitos com um \u00fanico tubo<\/li>\n<\/ul>\n<p>&nbsp;<\/p>\n<p><strong><b>Aplica\u00e7\u00f5es recomendadas<\/b><\/strong><strong><b>\u00a0<\/b><\/strong><\/p>\n<p>Este produto \u00e9 uma escolha ideal para usu\u00e1rios que priorizam cuidados eficientes, precisos e experi\u00eancias personalizadas. \u00c9 especialmente recomendado para:<\/p>\n<p>&nbsp;<\/p>\n<ul>\n<li>Bloggeres de beleza e influenciadores da moda: Usados para compartilhar aspectos criativos de maquilhagem e mostrar t\u00e9cnicas de aplica\u00e7\u00e3o precisas.<\/li>\n<li>Artista de maquilhagem profissional: Fornece servi\u00e7os de maquilhagem higi\u00e9nico e profissional para \u00e1reas espec\u00edficas da face, adaptados a diferentes modelos ou clientes, quer em um ambiente de est\u00fadio, quer durante tiros ao ar livre.<\/li>\n<li>Consumidores di\u00e1rios sofisticados: Adequados para usu\u00e1rios que precisam de controle exato sobre a quantidade utilizada, como aqueles que a utilizam para oculta\u00e7\u00e3o localizada, aplica\u00e7\u00e3o em ponto de serumo, ou aplica\u00e7\u00e3o de produtos como tratamentos de cuidado l\u00e1bio.<\/li>\n<\/ul>\n<p><strong><b>\u00a0<\/b><\/strong><\/p>\n<p>Atributos do produto<\/p>\n<ol>\n<li>Sistema modular de cabe\u00e7a de pincel: O projeto inovador de snap-in permite uma mudan\u00e7a incondicional entre cabe\u00e7as de pincel 1 a 3 e outras extens\u00f5es, atendendo \u00e0s necessidades de aplica\u00e7\u00e3o de produtos de v\u00e1rias texturas.<\/li>\n<li>Controlo de Volume Preciso: O projeto da sa\u00edda de pequeno di\u00e2metro (5 mm), combinado com a a\u00e7\u00e3o de aperta\u00e7\u00e3o da mangueira, permite controlar exatamente a quantidade utilizada cada vez, evitando assim res\u00edduos.<\/li>\n<li>Design ligeiro e port\u00e1til: O peso global \u00e9 aproximadamente 2,5 gramas, tornando-o f\u00e1cil de carregar e perfeito para inclus\u00e3o em um saco de maquilhagem pessoal ou kit de viagens.<\/li>\n<li>Apar\u00eancia personalizada: O padr\u00e3o \u00fanico de conjunto dentro de um conjunto combinado com o processo de impress\u00e3o de tela faz o produto&#8217; sua apar\u00eancia viva e interessante. Al\u00e9m disso, as solu\u00e7\u00f5es de impress\u00e3o podem ser flexivelmente personalizadas de acordo com a marca&#8217; os requisitos, melhorando assim o reconhecimento das marcas.<\/li>\n<li>Qualidade superior do material: A combina\u00e7\u00e3o de materiais PE e PP assegura o tubo mole&#8217; \u00e9 excelente estabilidade qu\u00edmica e flexibilidade f\u00edsica, tornando-a compat\u00edvel com uma ampla gama de conte\u00fados.<\/li>\n<\/ol>","protected":false},"excerpt":{"rendered":"<p><b><\/b><strong><b>Design de Tube Body<\/b><\/strong>.<\/p>\n<p>Nosso material de embalagem de tubos suaves apresenta um design suave com um di\u00e2metro padr\u00e3o de tubos de 19 mm e um comprimento de 97 mm. \u00c9 confort\u00e1vel manter e permitir manejo \u00e1gil. O corpo do tubo passa por um rigoroso controle da espessura da parede durante a moldagem de inje\u00e7\u00e3o, assegurando que n\u00e3o se deforma ou quebra facilmente sob compress\u00e3o frequente, mantendo um n\u00edvel adequado de resist\u00eancia ao rebound.<\/p>\n<ul>\n<li>Key Design Feature: O design central tem um mecanismo de entrada em vez de um cap \u00edtulo espiral tradicional. Este design assegura tanto a estreita da conex\u00e3o entre a cabe\u00e7a da pincel e o corpo como a facilidade de substitui\u00e7\u00e3o, onde o usu\u00e1rio pode simplesmente coloc\u00e1-la em lugar e desligar-a. a s bocas s \u00e3o tipicamente feitas de um tipo de pl\u00e1stico de engenharia mais dif\u00edcil, como PP ou ABS, para assegurar a durabilidade e a estabilidade a longo prazo do mecanismo de entrada.<\/li>\n<li>Mecanismo de selagem: Um anel de selagem miniatura ou l\u00e1bio de selagem \u00e9 integrado dentro do mecanismo de entrada. Quando a cabe\u00e7a da escova \u00e9 presa no lugar, ela cria um espa\u00e7o bem selado e aperto ao ar que efetivamente isola o ar e protege o conte\u00fado&#8217; - atividade.<\/li>\n<li>Experi\u00eancia do Utilizador: O \u00e2ngulo e for\u00e7a cuidadosamente projetados do mecanismo de fechamento alcan\u00e7am um equil\u00edbrio \u00f3ptimo de &#8220; f\u00e1cil de bloquear e desbloquear,&#8221; permitindo aos usu\u00e1rios realizar essas a\u00e7\u00f5es sem esfor\u00e7o sem exercer muito esfor\u00e7o.<\/li>\n<li>Design Visual: A combina\u00e7\u00e3o do &#8220; Tubo Colorado e o padr\u00e3o de impress\u00e3o da tela inspirado por &#8220; Colorful Matryoshka Dolls russas&#8221; cria uma apar\u00eancia distinta e visualmente impressionante nas prateleiras. O processo de impress\u00e3o da tela assegura tanto o detalhe fino quanto a durabilidade do design. \u00b7 Potencial para Impress\u00e3o Personalizada: O &#8220; Matrioshka russa o padr\u00e3o \u00e9 apenas um exemplo. A marca pode realizar uma personaliza\u00e7\u00e3o visual abrangente baseada no produto&#8217; s posicionamento.<\/li>\n<\/ul>\n<p>&nbsp;<\/p>\n<p><strong>Avantagens do produto:<\/strong><\/p>\n<ol>\n<li>Reimaginar a experi\u00eancia do consumidor: transforma o tradicional &#8220; uso passivo&#8221; - para &#8220; intera\u00e7\u00e3o ativa e engajamento brincante,&#8221; - aumentando significativamente a intera\u00e7\u00e3o entre usu\u00e1rios e produtos, aumentando assim o prazer e os aspectos rituais do processo de uso.<\/li>\n<li>Constru\u00e7\u00e3o de uma m\u00e1quina de marca: Este formato inovador de embalagens serve como um poderoso diferenciador. Uma vez que os consumidores compram o sistema de cabe\u00e7a de pincel, ele cria um &#8220; bloqueio em efeito,&#8221; - tornando-os mais prov\u00e1veis a preferir produtos da mesma marca ou aqueles que s\u00e3o compat\u00edveis com o sistema, estabelecendo assim uma forte lealdade do usu\u00e1rio.<\/li>\n<li>Explorar novos fluxos de renda: A marca pode vender independentemente cabe\u00e7as de escova de substitui\u00e7\u00e3o, cabe\u00e7as de escova de edi\u00e7\u00e3o limitada (como cores com temas de f\u00e9rias ou colabora\u00e7\u00f5es com artistas), ou conjuntos de viagens que incluem um tubo vazio parejado com v\u00e1rias cabe\u00e7as de escova, criando assim centros de lucro adicionais al\u00e9m das principais ofertas de produtos.<\/li>\n<li>Promover pr\u00e1ticas sustent\u00e1veis: Ao contr\u00e1rio de &#8220; para uso \u00fanico embalagem, sistema a base de tubos s pode ser reutilizada. Os consumidores s\u00f3 precisam comprar n\u00facleos de substitui\u00e7\u00e3o (se a marca os oferecer) e substituir as cabe\u00e7as de escova, o que se alinha com a atual tend\u00eancia do consumidor em dire\u00e7\u00e3o \u00e0 sustentabilidade ambiental e \u00e0 redu\u00e7\u00e3o dos res\u00edduos pl\u00e1sticos. Essa abordagem ajuda o projeto de marca a uma imagem respons\u00e1vel.<\/li>\n<\/ol>\n<p><b><\/b><strong>Scen\u00e1rios de aplica\u00e7\u00e3o para o produto:<\/strong><\/p>\n<ul>\n<li>Morning Quick Skincare Routine: Aplicar uma ess\u00eancia de controle de \u00f3leo usando o aplicador n.o 4 de pontos nos lados do nariz, ent\u00e3o aplicar creme ocular com a cabe\u00e7a de massagem n.o 1 e realizar uma massagem ocular de um minuto.<\/li>\n<li>Aplica\u00e7\u00e3o perfeita de funda\u00e7\u00e3o: Usa a ponta de pincel N\u00ba 2 como gelo para preencher exatamente as \u00e1reas ao redor das manchas l\u00e1grimas e das linhas de marioneta, ent\u00e3o use a ponta de pincel N\u00ba 3 com fresco suave para suavemente misturar as bordas, assegurando uma integra\u00e7\u00e3o inofensiva com a funda\u00e7\u00e3o.<\/li>\n<li>Repara\u00e7\u00e3o intensa da noite: Aplicar o gel de tratamento acne precisamente \u00e0s \u00e1reas com acne, e usar a ponta do aplicador n.o 2 para cobrir ligeiramente as \u00e1reas afetadas com uma camada fina de soro de tratamento spot.<\/li>\n<li>Creative Party Makeup: Usa a ponta n.o 2 para aplicar pigmentos de pintura corporal e criar projetos ou linhas complexas na face; Usar a ponta n.o 3 para aplicar cola brilhante e adicionar brilhantes a \u00e1reas espec\u00edficas.<\/li>\n<li>Business Travel: Um tubo suave que cont\u00e9m creme umidificante di\u00e1rio parejado com um aplicador n.o 2 para tratamento de rotina, e outro tubo suave que cont\u00e9m uma ess\u00eancia de primeiro socorro parejado com um aplicador n.o 4 para lidar com problemas s\u00fabitos da pele. Este sistema ligeiro cobre perfeitamente todas as necessidades.<\/li>\n<\/ul>","protected":false},"featured_media":4270,"comment_status":"closed","ping_status":"closed","template":"","meta":[],"product_brand":[],"product_cat":[28,37],"product_tag":[],"class_list":{"0":"post-1988","1":"product","2":"type-product","3":"status-publish","4":"has-post-thumbnail","6":"product_cat-functional-plastic-tube","7":"product_cat-silicone-head-cover-plastic-tube","9":"first","10":"instock","11":"shipping-taxable","12":"purchasable","13":"product-type-simple"},"_links":{"self":[{"href":"https:\/\/www.hongyitube.com\/pt\/wp-json\/wp\/v2\/product\/1988","targetHints":{"allow":["GET"]}}],"collection":[{"href":"https:\/\/www.hongyitube.com\/pt\/wp-json\/wp\/v2\/product"}],"about":[{"href":"https:\/\/www.hongyitube.com\/pt\/wp-json\/wp\/v2\/types\/product"}],"replies":[{"embeddable":true,"href":"https:\/\/www.hongyitube.com\/pt\/wp-json\/wp\/v2\/comments?post=1988"}],"wp:featuredmedia":[{"embeddable":true,"href":"https:\/\/www.hongyitube.com\/pt\/wp-json\/wp\/v2\/media\/4270"}],"wp:attachment":[{"href":"https:\/\/www.hongyitube.com\/pt\/wp-json\/wp\/v2\/media?parent=1988"}],"wp:term":[{"taxonomy":"product_brand","embeddable":true,"href":"https:\/\/www.hongyitube.com\/pt\/wp-json\/wp\/v2\/product_brand?post=1988"},{"taxonomy":"product_cat","embeddable":true,"href":"https:\/\/www.hongyitube.com\/pt\/wp-json\/wp\/v2\/product_cat?post=1988"},{"taxonomy":"product_tag","embeddable":true,"href":"https:\/\/www.hongyitube.com\/pt\/wp-json\/wp\/v2\/product_tag?post=1988"}],"curies":[{"name":"wp","href":"https:\/\/api.w.org\/{rel}","templated":true}]}}