{"id":1978,"date":"2025-07-11T18:20:45","date_gmt":"2025-07-11T10:20:45","guid":{"rendered":"https:\/\/www.hongyitube.com\/product\/%cf%8619-water-drop-head-design-plastic-tube-pe-plastic-tube-bottle-packaging-material-sub-bottle-3\/"},"modified":"2026-01-13T16:43:21","modified_gmt":"2026-01-13T08:43:21","slug":"%cf%8619-pump-head-plastic-tubetoiletries-raw-materials-and-semi-finished-product-packaging-bottles-1","status":"publish","type":"product","link":"https:\/\/www.hongyitube.com\/pt\/product\/%cf%8619-pump-head-plastic-tubetoiletries-raw-materials-and-semi-finished-product-packaging-bottles-1\/","title":{"rendered":"\u03a619 tubo de pl\u00e1stico de bomba de cabe\u00e7a, mat\u00e9rias-toaletes, mat\u00e9rias-primas e embalagens de produtos semiacabados-1"},"content":{"rendered":"<p>Hongyi[UNK]Plastic\u03a619transparent pump nozzle, round tube [UNK][UNK]filling Capacity[UNK]10-20ml\/0,34-0,68fl.oz<\/p>\n<p>Este tubo de cabe\u00e7a de bomba redonda transparente de 19 mm apresenta um corpo de tubo de alta transpar\u00eancia, parejado com uma cabe\u00e7a de bomba de pato branco e uma cobertura externa transparente. O design \u00e9 simples e cient\u00edfico, mostrando perfeitamente a textura e pureza do conte\u00fado. O design de fechamento do final de cauda assegura preenchimento est\u00e1vel, com uma capacidade de 10-20 ml. \u00c9 uma escolha ideal de embalagem para produtos que cont\u00eam ingredientes de alta atividade como ess\u00eancias e solu\u00e7\u00f5es originais. O tubo de bomba redonda transparente de 19 mm, com seu corpo de tubo de alta transpar\u00eancia e cabe\u00e7a de bomba de pato branco parejado com uma capa externa transparente, usa uma linguagem de design simples e cient\u00edfico para mostrar perfeitamente a textura e pureza do conte\u00fado, assegurando preenchimento est\u00e1vel com uma capacidade de 10 a 20 ml. O corpo do tubo \u00e9 feito de material PE de camada \u00fanica (polietileno), que oferece alta transpar\u00eancia, permitindo aos consumidores ver claramente a cor, textura e quantidade restante do conte\u00fado. O material PE \u00e9 qu\u00edmicamente est\u00e1vel e tem boa compatibilidade com a maioria dos ingredientes cosm\u00e9ticos, tornando-o seguro e n\u00e3o t\u00f3xico. A cobertura externa \u00e9 feita de material transparente PP ou PS, que protege efetivamente a cabe\u00e7a da bomba da contamina\u00e7\u00e3o do p\u00f3 e press\u00e3o acidental, mantendo a transpar\u00eancia est\u00e9tica geral do produto.<\/p>\n<ul>\n<li>Sistema de selagem: Processo de selagem de anel e cauda incorporado assegura que o produto n\u00e3o vaze durante o transporte e armazenamento, e o conte\u00fado \u00e9 mantido isolado do ar para manter suas propriedades ativas.<\/li>\n<li>Cabe\u00e7a de bomba: Cabe\u00e7a branca feita de material PP. O design do duck-bill facilita o controle exato da quantidade, assegurando higiene e reduzindo o risco de contamina\u00e7\u00e3o. A combina\u00e7\u00e3o de tubo branco e transparente aumenta a apar\u00eancia, fazendo parecer puro e profissional.<\/li>\n<\/ul>\n<p><strong><b>Aplica\u00e7\u00f5es recomendadas<\/b><\/strong><strong><b>\u00a0\"<\/b><\/strong><\/p>\n<ul>\n<li>Cuidado efetivo da pele: s\u00e9reos, \u00f3leos essenciais, garrafas, funda\u00e7\u00f5es, \u00f3leos, s\u00e9reos oculares.<\/li>\n<li>Cuidado t\u00f3pico: Serum de ilumina\u00e7\u00e3o de pontos, toner de acne, creme t\u00f3pico anti-pulverizador, creme de repara\u00e7\u00e3o de cicatrizes.<\/li>\n<li>Mantenimento profissional: soro do cabelo, fluido de crescimento do cabelo, fluido de crescimento das pernas.<\/li>\n<\/ul>\n<p>Alta concentra\u00e7\u00e3o: ess\u00eancia de vitamina C, ess\u00eancia de retinol, etc.<\/p>\n<h3>1. <strong><b>Atributos do produto\u00a0<\/b><\/strong><\/h3>\n<p><strong><b>Os ingredientes s\u00e3o vis\u00edveis, os efeitos s\u00e3o tang\u00edveis:<\/b><\/strong><\/p>\n<p>O corpo de tubo completamente transparente permite aos usu\u00e1rios ver o conte\u00fado claramente, permitindo-lhes avaliar o produto&#8217; s textura e quantidade restante sem ter que abrir o tubo. Isso fomenta a confian\u00e7a dos consumidores estabelecendo a autenticidade dos ingredientes e a pureza do produto.<\/p>\n<p><strong><b>\u00a0Doza\u00e7\u00e3o precisa para prevenir res\u00edduos: <\/b><\/strong><\/p>\n<p>A cabe\u00e7a da bomba de cana branca fornece uma dose fixa com cada prema (o n\u00famero de ml pode ser personalizado de acordo com as necessidades). Isso ajuda os usu\u00e1rios a controlar a quantidade utilizada cada vez, assegurando resultados \u00f3timos e prevenindo res\u00edduos devido a uso excessivo.<\/p>\n<p><strong><b>Preserva\u00e7\u00e3o fechada para manter atividade:<\/b><\/strong><\/p>\n<p><strong><b>\u00a0<\/b><\/strong>A selagem do extremo da cauda combinada com a selagem interna do sistema de cabe\u00e7a da bomba proporciona duas prote\u00e7\u00f5es, evitando efetivamente o ar entrar e o conte\u00fado vazar, maximizando assim a fresca e efic\u00e1cia dos ingredientes altamente ativos.<\/p>\n<p><strong><b>Usem higiene e evitam contamina\u00e7\u00e3o: <\/b><\/strong><\/p>\n<p>O sistema de cabe\u00e7a da bomba evita o contato direto entre o conte\u00fado e o usu\u00e1rio&#8217; os dedos, evitando assim a contamina\u00e7\u00e3o do produto durante uso repetido e garantindo maior higiene e seguran\u00e7a.<\/p>\n<p><strong><b>Opera\u00e7\u00e3o conveniente e experi\u00eancia elegante: <\/b><\/strong><\/p>\n<p>Premer um clic para acesso f\u00e1cil, processo suave e uma experi\u00eancia muito melhor do usu\u00e1rio em compara\u00e7\u00e3o com m\u00e9todos tradicionais de embalagem que requerem apertar ou escupar. Tem um sentimento mais moderno e de escala superior.<\/p>","protected":false},"excerpt":{"rendered":"<p><b><\/b><strong><b>Design de Tube Body<\/b><\/strong>.<\/p>\n<p>O design do corpo do tubo neste material de embalagem de tubos suaves \u00e9 inspirado pelo estilo de &#8220; instrumentos cient\u00edficos. &#8221; O tubo inteiro \u00e9 transparente, com uma cabe\u00e7a de bomba branca que destaca a marca&#8217; a imagem do profissionalismo, pureza e efici\u00eancia. O design simples fornece amplo espa\u00e7o para etiquetar informa\u00e7\u00e3o, tornando f\u00e1cil marcar os ingredientes e benef\u00edcios. A estrutura de tr\u00eas peda\u00e7os, composta por uma cabe\u00e7a de bomba branca, uma cobertura externa transparente, e o corpo do tubo, separa claramente fun\u00e7\u00f5es e tem um arranjo l\u00f3gico. O corpo do tubo pode ser rastreado, rotulado ou impresso com m\u00faltiplas cores. Voc\u00ea pode personaliz\u00e1-lo de acordo com suas necessidades.<\/p>\n<p><strong>Avantagens do produto: <\/strong><\/p>\n<ul>\n<li><strong><b> Estabelecer confian\u00e7a nos ingredientes: <\/b><\/strong><\/li>\n<\/ul>\n<p>A transpar\u00eancia \u00e9 o maior ponto de venda, pois transmite diretamente a mensagem de &#8220; ingredientes genuinos e de alta qualidade,&#8221; - que \u00e9 particularmente adequado para marcas que se focam na pele baseada em ingredientes (&#8220;ingredientes enthusiasts&#8221;).<\/p>\n<ul>\n<li><strong><b> Aumentar a efic\u00e1cia do produto:<\/b><\/strong><\/li>\n<\/ul>\n<p><strong><b>\u00a0<\/b><\/strong>Atrav\u00e9s de uma quantifica\u00e7\u00e3o precisa e prote\u00e7\u00e3o fechada, assegurar que os usu\u00e1rios estejam usando o produto com o maior n\u00edvel de atividade, facilitando o alcance dos resultados desejados e assim melhorando o produto&#8217; sua reputa\u00e7\u00e3o.<\/p>\n<ul>\n<li><strong><b> Aumentar a imagem profissional: <\/b><\/strong><\/li>\n<\/ul>\n<p>A linguagem simples e cient\u00edfica de design torna f\u00e1cil estabelecer uma imagem profissional, confi\u00e1vel e de alta tecnologia, que \u00e9 altamente compat\u00edvel com o estilo de laborat\u00f3rio e o tom das marcas farmac\u00eauticas cosm\u00e9ticas.<\/p>\n<ul>\n<li><strong><b> Experi\u00eancia optimizada do usu\u00e1rio:<\/b><\/strong><\/li>\n<\/ul>\n<p><strong><b>\u00a0<\/b><\/strong>Um processo de uso higi\u00e9nico, conveniente e control\u00e1vel aumentou significativamente a satisfa\u00e7\u00e3o e lealdade dos clientes.<\/p>\n<ul>\n<li><strong><b> Reduz a polui\u00e7\u00e3o secund\u00e1ria:<\/b><\/strong><\/li>\n<\/ul>\n<p>O m\u00e9todo de uso sem contato \u00e9 particularmente adequado para produtos de alto n\u00edvel sem preservativos ou formula\u00e7\u00f5es de baixa conserva\u00e7\u00e3o.<\/p>\n<p>&nbsp;<\/p>\n<ul>\n<li><b><\/b><strong><b>Scen\u00e1rios de aplica\u00e7\u00e3o para o produto: <\/b><\/strong><\/li>\n<li><strong><b> Marca de pele focada em ingredientes:<\/b><\/strong><\/li>\n<\/ul>\n<p><strong><b>\u00a0<\/b><\/strong>Produtos conhecidos pela alta concentra\u00e7\u00e3o e atividade de ingredientes ativos, ou produtos feitos de extratos puros e naturais.<\/p>\n<ul>\n<li><strong><b> Cosm\u00e9ticos farmac\u00eauticos e marcas de laborat\u00f3rio:<\/b><\/strong><\/li>\n<\/ul>\n<p>Marcas que enfatizam seu contexto profissional, cient\u00edfico e rigoroso.<\/p>\n<ul>\n<li><strong><b> High-end Essence Line: <\/b><\/strong><\/li>\n<\/ul>\n<p>Usado para a s\u00e9rie de produtos de ess\u00eancia de meio a alto n\u00edvel sob a marca, para elevar o produto&#8217; s status.<\/p>\n<ul>\n<li><strong><b> Viagem de tamanho e amostra:<\/b><\/strong><\/li>\n<\/ul>\n<p>Com capacidade precisa e excelentes propriedades de selagem, esses formatos s\u00e3o perfeitos para ser usados como vers\u00f5es de tamanho de viagem ou de tamanho de ensaio de produtos prim\u00e1rios, melhorando assim a experi\u00eancia do usu\u00e1rio.<\/p>\n<ul>\n<li>Gift Set: Dormir e apar\u00eancia sofisticada, adequada para inclus\u00e3o em caixas de presente de f\u00e9rias ou pacotes promocionais.<\/li>\n<\/ul>","protected":false},"featured_media":4267,"comment_status":"closed","ping_status":"closed","template":"","meta":[],"product_brand":[],"product_cat":[28,36],"product_tag":[],"class_list":{"0":"post-1978","1":"product","2":"type-product","3":"status-publish","4":"has-post-thumbnail","6":"product_cat-functional-plastic-tube","7":"product_cat-pump-head-plastic-tube","9":"first","10":"instock","11":"shipping-taxable","12":"purchasable","13":"product-type-simple"},"_links":{"self":[{"href":"https:\/\/www.hongyitube.com\/pt\/wp-json\/wp\/v2\/product\/1978","targetHints":{"allow":["GET"]}}],"collection":[{"href":"https:\/\/www.hongyitube.com\/pt\/wp-json\/wp\/v2\/product"}],"about":[{"href":"https:\/\/www.hongyitube.com\/pt\/wp-json\/wp\/v2\/types\/product"}],"replies":[{"embeddable":true,"href":"https:\/\/www.hongyitube.com\/pt\/wp-json\/wp\/v2\/comments?post=1978"}],"wp:featuredmedia":[{"embeddable":true,"href":"https:\/\/www.hongyitube.com\/pt\/wp-json\/wp\/v2\/media\/4267"}],"wp:attachment":[{"href":"https:\/\/www.hongyitube.com\/pt\/wp-json\/wp\/v2\/media?parent=1978"}],"wp:term":[{"taxonomy":"product_brand","embeddable":true,"href":"https:\/\/www.hongyitube.com\/pt\/wp-json\/wp\/v2\/product_brand?post=1978"},{"taxonomy":"product_cat","embeddable":true,"href":"https:\/\/www.hongyitube.com\/pt\/wp-json\/wp\/v2\/product_cat?post=1978"},{"taxonomy":"product_tag","embeddable":true,"href":"https:\/\/www.hongyitube.com\/pt\/wp-json\/wp\/v2\/product_tag?post=1978"}],"curies":[{"name":"wp","href":"https:\/\/api.w.org\/{rel}","templated":true}]}}