{"id":1973,"date":"2025-07-11T18:20:45","date_gmt":"2025-07-11T10:20:45","guid":{"rendered":"https:\/\/www.hongyitube.com\/product\/%cf%8619-brush-head-design-plastic-tube-bottle-nail-polish-teeth-whitening-liquid-foundation-concealer-primer-lip-gloss-etc-2\/"},"modified":"2025-08-13T16:44:45","modified_gmt":"2025-08-13T08:44:45","slug":"%cf%8619-plush-powder-puff-design-plastic-tube-bottle-small-size-design-for-local-fine-makeup","status":"publish","type":"product","link":"https:\/\/www.hongyitube.com\/pt\/product\/%cf%8619-plush-powder-puff-design-plastic-tube-bottle-small-size-design-for-local-fine-makeup\/","title":{"rendered":"\u03a619+ garrafa de tubos pl\u00e1sticos, de pequeno tamanho, para maquilhagem fina local"},"content":{"rendered":"<p>Caracter\u00edsticas e Avan\u00e7as do Produto:<\/p>\n<p>1. Aplica\u00e7\u00e3o precisa: adequada para pequenas \u00e1reas e \u00e1reas delicadas.<\/p>\n<p>2. Dosagem Control\u00e1vel: economiza produto e evita res\u00edduos.<\/p>\n<p>3. Absor\u00e7\u00e3o Enhanced: Aplica-se de forma uniforme e se espalha facilmente.<\/p>\n<p>4. Uso conveniente: Simple de usar, apertar e aplicar.<\/p>\n<p>5. Portabilidade Ultima: A mangueira integrada e a puff se combinam sem problemas para eliminar o problema de carregar esponjas separadas e puffs de p\u00f3.<\/p>\n<p>6. Viagem Amiga: Anti-aperta\u00e7\u00e3o e prova de vazamento, com um volume inferior a 50% de uma frasco tradicional de funda\u00e7\u00e3o e uma combina\u00e7\u00e3o de aplicadores.<\/p>","protected":false},"excerpt":{"rendered":"<p>&nbsp;<\/p>\n<p>Flasco de refilhamento de mangueira de design de flutter, 3g\/3ml -15g\/15ml de flasco de design de mangueira de PE embalagem de embalagem de material de refilhamento de mangueira de PE.<\/p>","protected":false},"featured_media":1975,"comment_status":"open","ping_status":"closed","template":"","meta":[],"product_brand":[],"product_cat":[28,39],"product_tag":[],"class_list":{"0":"post-1973","1":"product","2":"type-product","3":"status-publish","4":"has-post-thumbnail","6":"product_cat-functional-plastic-tube","7":"product_cat-plush-puff-head-plastic-tube","9":"first","10":"instock","11":"shipping-taxable","12":"product-type-simple"},"_links":{"self":[{"href":"https:\/\/www.hongyitube.com\/pt\/wp-json\/wp\/v2\/product\/1973","targetHints":{"allow":["GET"]}}],"collection":[{"href":"https:\/\/www.hongyitube.com\/pt\/wp-json\/wp\/v2\/product"}],"about":[{"href":"https:\/\/www.hongyitube.com\/pt\/wp-json\/wp\/v2\/types\/product"}],"replies":[{"embeddable":true,"href":"https:\/\/www.hongyitube.com\/pt\/wp-json\/wp\/v2\/comments?post=1973"}],"wp:featuredmedia":[{"embeddable":true,"href":"https:\/\/www.hongyitube.com\/pt\/wp-json\/wp\/v2\/media\/1975"}],"wp:attachment":[{"href":"https:\/\/www.hongyitube.com\/pt\/wp-json\/wp\/v2\/media?parent=1973"}],"wp:term":[{"taxonomy":"product_brand","embeddable":true,"href":"https:\/\/www.hongyitube.com\/pt\/wp-json\/wp\/v2\/product_brand?post=1973"},{"taxonomy":"product_cat","embeddable":true,"href":"https:\/\/www.hongyitube.com\/pt\/wp-json\/wp\/v2\/product_cat?post=1973"},{"taxonomy":"product_tag","embeddable":true,"href":"https:\/\/www.hongyitube.com\/pt\/wp-json\/wp\/v2\/product_tag?post=1973"}],"curies":[{"name":"wp","href":"https:\/\/api.w.org\/{rel}","templated":true}]}}