{"id":1968,"date":"2025-07-11T18:20:45","date_gmt":"2025-07-11T10:20:45","guid":{"rendered":"https:\/\/www.hongyitube.com\/product\/%cf%8619-ball-massage-head-plastic-tube-refill-bottle-skin-care-lotion-special-refill-bottle-skin-care-plastic-tube-2\/"},"modified":"2026-01-13T14:37:36","modified_gmt":"2026-01-13T06:37:36","slug":"19-brush-head-design-plastic-tube-bottle-nail-polish-teeth-whitening-liquid-foundation-concealer-primer-lip-gloss-etc","status":"publish","type":"product","link":"https:\/\/www.hongyitube.com\/pt\/product\/19-brush-head-design-plastic-tube-bottle-nail-polish-teeth-whitening-liquid-foundation-concealer-primer-lip-gloss-etc\/","title":{"rendered":"19 garrafas de tubos pl\u00e1sticos para o design da cabe\u00e7a de pincel, polimento das unhas, dentes branqueando l\u00edquido, funda\u00e7\u00e3o, protetor de escondida, brilho dos l\u00e1bios, etc."},"content":{"rendered":"<p>Hongyi[UNK]Plastic\u03a619 brush head design plastic tube bottle[UNK]filling Capacity[UNK]3g\/3ml -15g\/15ml [UNK]0,10 -0,51fl.oz.<\/p>\n<p>Nossa embalagem de tubos suaves \u00e9 feita de material de PE de uma camada. Esse material tem excelente flexibilidade, estabilidade qu\u00edmica e seguran\u00e7a, e \u00e9 compat\u00edvel com o conte\u00fado, sem risco de rea\u00e7\u00e3o. Ela protege efetivamente a qualidade do creme. Al\u00e9m disso, o material de PE \u00e9 ecol\u00f3gico e reciclado, alinhando-se com a tend\u00eancia de consumo verde do mercado moderno. A cabe\u00e7a do tubo apresenta uma escova de n\u00edlon branco de alta qualidade, suave e branca com bristles finos e densamente embalados, excelente elasticidade, sentimento confort\u00e1vel e n\u00e3o irrita a pele. \u00c9 parejado com um tamp\u00e3o transparente PP ou PS que mostra claramente o design exquisito da cabe\u00e7a e tubo de escova. Isso n\u00e3o s\u00f3 serve para manter a higiene da cabe\u00e7a da escova, mas tamb\u00e9m melhora a qualidade est\u00e9tica geral do produto.<\/p>\n<p>&nbsp;<\/p>\n<p><strong><b>Aplica\u00e7\u00f5es recomendadas<\/b><\/strong><strong><b>\u00a0\"<\/b><\/strong><\/p>\n<ul>\n<li>Sector de beleza: Mascara de larva de olhos, parafuso de larva de olhos, gel de brow, lenha de olhos l\u00edquida, escondidor de pontos, ess\u00eancia de l\u00e1bio, e mais.<\/li>\n<li>segmento da pele: Liquido essencial, creme localizado de luz, gel de luta contra acne, creme ocular, \u00f3leo de alimenta\u00e7\u00e3o das unhas e mais;<\/li>\n<li>Cuidado pessoal: creme para o rabo de beb\u00ea, poma localizada, pintura de DIY feita \u00e0 m\u00e3o, e mais.<\/li>\n<\/ul>\n<h3>1. <strong><b>Atributos do produto\u00a0<\/b><\/strong><\/h3>\n<ol>\n<li><b><\/b><strong><b>Exquista apar\u00eancia: \u00a0<\/b><\/strong><\/li>\n<\/ol>\n<p>O padr\u00e3o de bonecas russas coloridas adota tecnologia de impress\u00e3o offset, com alto grau de satura\u00e7\u00e3o, padr\u00e3o claro e delicado, cheio de senso art\u00edstico e sabor ex\u00f3tico, alto impacto visual, pode atrair clientes pela primeira vez.<\/p>\n<ol start=\"2\">\n<li><b><\/b><strong><b>Controlo preciso:<\/b><\/strong><\/li>\n<\/ol>\n<p>Di\u00e2metro de 19 mm com embalagem de ponta aberta, conveniente para preenchimento preciso de 3-15 ml de capacidade durante a produ\u00e7\u00e3o, e os usu\u00e1rios podem facilmente controlar a quantidade de cada vez para evitar desperd\u00edcios.<\/p>\n<ol start=\"3\">\n<li><b><\/b><strong><b>Experi\u00eancia excepcional: \u00a0<\/b><\/strong><\/li>\n<\/ol>\n<p>A cabe\u00e7a de escova branca \u00e9 projetada para mergulhar suavemente na pasta, permitindo uma experi\u00eancia aplic\u00e1vel sem parafusos, finos e sem rasgos, especialmente para \u00e1reas sens\u00edveis e delicadas como os olhos e os l\u00e1bios.<\/p>\n<ol start=\"4\">\n<li><b><\/b><strong><b>Prote\u00e7\u00e3o da higiene: \u00a0<\/b><\/strong><\/li>\n<\/ol>\n<p>A cobertura transparente pode efetivamente prevenir polui\u00e7\u00e3o e polui\u00e7\u00e3o, manter a cabe\u00e7a da escova limpa, assegurar a higiene e a seguran\u00e7a do produto e prolongar a vida de servi\u00e7o.<\/p>\n<ol start=\"5\">\n<li>Garantia de qualidade: O corpo de tubo PE de camada \u00fanica tem boa selagem, pode bloquear efetivamente o ar, evitar o conte\u00fado de oxida\u00e7\u00e3o ou deteriora\u00e7\u00e3o.<\/li>\n<\/ol>","protected":false},"excerpt":{"rendered":"<p>&nbsp;<\/p>\n<ul>\n<li><b><\/b><strong><b>Design de Tube Body<\/b><\/strong>.<\/li>\n<li><strong><b> Tema: <\/b><\/strong>O padr\u00e3o das bonecas russas de ninho transmite um tom de marca antigo, bonito, misterioso e etnicamente distinto. Ela tem elementos fortes de contar hist\u00f3rias e pode facilmente evocar resson\u00e2ncia emocional e desejo de colet\u00e1-la.<\/li>\n<li><strong><b> Tecnica: <\/b><\/strong>O uso da tecnologia de impress\u00e3o offset resulta em um design altamente resistente ao uso e arranque, assegurando que n\u00e3o se desliga durante uso regular e mant\u00e9m sua linda apar\u00eancia ao longo do tempo.<\/li>\n<li><strong><b> Esquema de cores:<\/b><\/strong>O corpo do tubo branco serve como tela, permitindo que os padr\u00f5es vibrantes e vivos de cores das bonecas ninhadas se destaquem de forma prominente. O efeito visual global \u00e9 limpo, brilhante e sofisticado.<\/li>\n<li><strong><b> Estrutura: <\/b><\/strong>Um tr\u00eas pi<\/li>\n<li><b>B<\/b>ece design composto por &#8220; mangueira \u00bf cabe\u00e7a de escova \u00bf cobertura transparente, &#8221; com divis\u00f5es funcionais claras e um processo de uso intuitivo.<\/li>\n<\/ul>\n<p><strong>Avantagens do produto:<\/strong><\/p>\n<ul>\n<li><strong><b> Ferramenta de Marketing altamente atraente: <\/b><\/strong>O design \u00fanico do padr\u00e3o o faz destacar na prateleira, aumentando assim o valor percebido do produto. o design de embalagens art\u00edsticas pode aumentar significativamente o produto o valor percebido, fazendo a marca parecer mais \u00fanica e sincera, o que pode apoiar uma estrat\u00e9gia de pre\u00e7os mais prim\u00e1rios.<\/li>\n<li><strong><b> A experi\u00eancia dos usu\u00e1rios \u00e9 fundamental:<\/b><\/strong>A pr\u00e1tica da cabe\u00e7a de pincel combinada com o apelo est\u00e9tico do corpo do tubo satisfaz tanto necessidades funcionais quanto desejos emocionais e est\u00e9ticos, aumentando significativamente a boa vontade do usu\u00e1rio e a lealdade da marca.<\/li>\n<li><strong><b> Adaptabilidade flex\u00edvel: <\/b><\/strong>Com uma gama de capacidade de 3-15 ml e um design de limite aberto, pode ser facilmente adaptado a v\u00e1rias linhas de produtos como produtos de tamanho completo, produtos de tamanho de viagem, ou tamanhos de amostras.<\/li>\n<li><strong><b>Qualidade confi\u00e1vel: <\/b><\/strong>Fazido de materiais seguros e ecol\u00f3gicos, com processos de fabrica\u00e7\u00e3o bem estabelecidos, assegurando tanto a funcionalidade b\u00e1sica como a seguran\u00e7a do produto.<\/li>\n<li><strong>Scen\u00e1rios de aplica\u00e7\u00e3o para o produto:\u00a0<\/strong><\/li>\n<li><b> <\/b><strong><b>Produtos rand:<\/b><\/strong><\/li>\n<li>Adequada para beleza e marcas de pele que pretendem criar cole\u00e7\u00f5es que incorporam tend\u00eancias culturais chinesas, estilos ex\u00f3ticos e colabora\u00e7\u00f5es art\u00edsticas transversais.<\/li>\n<\/ul>\n<ul>\n<li><strong><b> Mercado de regalos: <\/b><\/strong>A apar\u00eancia exquisita faz com que seja perfeita para ser usada como presente de f\u00e9rias, oferecedores promocionais, ou recompensas de membro, adicionando um elemento de surpresa.<\/li>\n<li><strong><b> Viagens ao retalho:<\/b><\/strong>A embalagem de pequena capacidade \u00e9 perfeita para fins de viagem, e o design \u00fanico pode atrair turistas para compr\u00e1-la como um souvenir.<\/li>\n<li><strong><b>Boticas e boticas curadas:<\/b><\/strong>Produtos com embalagens art\u00edsticos e orientados ao design s\u00e3o mais prov\u00e1veis a ser aceites por esses tipos de canais que priorizam estilo e apelo est\u00e9tico.<\/li>\n<\/ul>","protected":false},"featured_media":1971,"comment_status":"closed","ping_status":"closed","template":"","meta":[],"product_brand":[],"product_cat":[40,28],"product_tag":[],"class_list":{"0":"post-1968","1":"product","2":"type-product","3":"status-publish","4":"has-post-thumbnail","6":"product_cat-brush-head-plastic-tube","7":"product_cat-functional-plastic-tube","9":"first","10":"instock","11":"shipping-taxable","12":"purchasable","13":"product-type-simple"},"_links":{"self":[{"href":"https:\/\/www.hongyitube.com\/pt\/wp-json\/wp\/v2\/product\/1968","targetHints":{"allow":["GET"]}}],"collection":[{"href":"https:\/\/www.hongyitube.com\/pt\/wp-json\/wp\/v2\/product"}],"about":[{"href":"https:\/\/www.hongyitube.com\/pt\/wp-json\/wp\/v2\/types\/product"}],"replies":[{"embeddable":true,"href":"https:\/\/www.hongyitube.com\/pt\/wp-json\/wp\/v2\/comments?post=1968"}],"wp:featuredmedia":[{"embeddable":true,"href":"https:\/\/www.hongyitube.com\/pt\/wp-json\/wp\/v2\/media\/1971"}],"wp:attachment":[{"href":"https:\/\/www.hongyitube.com\/pt\/wp-json\/wp\/v2\/media?parent=1968"}],"wp:term":[{"taxonomy":"product_brand","embeddable":true,"href":"https:\/\/www.hongyitube.com\/pt\/wp-json\/wp\/v2\/product_brand?post=1968"},{"taxonomy":"product_cat","embeddable":true,"href":"https:\/\/www.hongyitube.com\/pt\/wp-json\/wp\/v2\/product_cat?post=1968"},{"taxonomy":"product_tag","embeddable":true,"href":"https:\/\/www.hongyitube.com\/pt\/wp-json\/wp\/v2\/product_tag?post=1968"}],"curies":[{"name":"wp","href":"https:\/\/api.w.org\/{rel}","templated":true}]}}