{"id":1962,"date":"2025-07-11T18:20:45","date_gmt":"2025-07-11T10:20:45","guid":{"rendered":"https:\/\/www.hongyitube.com\/product\/%cf%8619-water-drop-head-design-plastic-tube-pe-plastic-tube-bottle-packaging-material-sub-bottle-2\/"},"modified":"2026-01-13T13:46:38","modified_gmt":"2026-01-13T05:46:38","slug":"%cf%8619-ball-massage-head-plastic-tube-refill-bottle-skin-care-lotion-special-refill-bottle-skin-care-plastic-tube","status":"publish","type":"product","link":"https:\/\/www.hongyitube.com\/pt\/product\/%cf%8619-ball-massage-head-plastic-tube-refill-bottle-skin-care-lotion-special-refill-bottle-skin-care-plastic-tube\/","title":{"rendered":"\u03a619 garrafa de refei\u00e7\u00e3o de tubos pl\u00e1sticos de massagem de bola, garrafa de refei\u00e7\u00e3o especial de cuidado da pele, garrafa de pl\u00e1stico de cuidado da pele"},"content":{"rendered":"<p>Hongyi[UNK]Plastic\u03a619 ball massage head plastic tube, filling Capacity[UNK]3g\/3ml -15g\/15ml [UNK]0,10 -0,51fl.oz.<\/p>\n<p>Este tubo \u00e9 feito de polietileno de alta densidade (HDPE) ou polipropileno (PP), ambos os quais s\u00e3o materiais fortes com excelentes propriedades barreiras e estabilidade qu\u00edmica, protegendo efetivamente o conte\u00fado dentro.<\/p>\n<p>Equipado com uma liga de zinco\/cabe\u00e7a de massagem de metal de a \u00e7o inoxid\u00e1vel, tem excelente condutividade t\u00e9rmica, se sente frio para o toque, e \u00e9 s\u00f3lido e duradouro.<\/p>\n<p>Acompanhado por uma cobertura externa transparente de alta precis\u00e3o feita de material PP ou ABS, o perfil dental de equipamento projetado se encaixa perfeitamente com a cobertura externa transparente da cobertura.<\/p>\n<ul>\n<li>Sistema de selagem: selo interno el\u00e1stico (integrado com a cabe\u00e7a de massagem ou separado), assegurando um selo aperto.<\/li>\n<\/ul>\n<p><strong><b>Aplica\u00e7\u00f5es recomendadas<\/b><\/strong><strong><b>\u00a0\"<\/b><\/strong><\/p>\n<p>Esta s\u00e9rie de tubos flex\u00edveis unicamente projetados e multifuncionais \u00e9 uma escolha ideal para os seguintes campos<\/p>\n<p>&nbsp;<\/p>\n<ul>\n<li><strong><b> cuidado de olhos e l\u00e1bios de alto n\u00edvel <\/b><\/strong><\/li>\n<\/ul>\n<p>creme ocular, ess\u00eancia ocular, gel de massagem ocular, balme l\u00e1bio.<\/p>\n<ul>\n<li><strong><b> Produtos de assist\u00eancia local <\/b><\/strong><\/li>\n<\/ul>\n<p>Ess\u00eancia anti-arrugar, creme no pesco\u00e7o, gel de repara\u00e7\u00e3o acne, ess\u00eancia brilhante localizada.<\/p>\n<ul>\n<li><strong><b> Produtos dermocossm\u00e9ticos <\/b><\/strong><\/li>\n<\/ul>\n<p><strong><b>\u00a0<\/b><\/strong>gelo tranquilizante, poma que aumenta a circula\u00e7\u00e3o sangu\u00ednea, ferida muscular creme de massagem.<\/p>\n<ul>\n<li><strong><b> Serum de Ess\u00eancia <\/b><\/strong><\/li>\n<\/ul>\n<p><strong><b>\u00a0<\/b><\/strong>Ess\u00eancia de alta concentra\u00e7\u00e3o que, quando combinada com massagem, aumenta a absor\u00e7\u00e3o.<\/p>\n<h3>1.\u00a0 <strong><b>Atributos do produto\u00a0<\/b><\/strong><\/h3>\n<ol>\n<li><strong><b> Experi\u00eancia de Massagem Innovativa<\/b><\/strong><\/li>\n<\/ol>\n<ul>\n<li>Cabe\u00e7a de Massagem Metal: Fazida de liga de zinco ou a\u00e7o inoxid\u00e1vel, essa cabe\u00e7a fornece uma sensa\u00e7\u00e3o de refrigera\u00e7\u00e3o instant \u00e2nea ao contato com a pele. Ela alivia efetivamente a fadiga ocular e facial, ajuda a apertar os poros e reduz a puffiness. O design da cabe\u00e7a de massagem em forma de bola \u00e9 suave e fluido, oferecendo uma experi\u00eancia de massagem agrad\u00e1vel.<\/li>\n<li>Melhor absor\u00e7\u00e3o: Massagem da face enquanto aplica o produto pode melhorar a microcircula\u00e7\u00e3o, permitindo que nutrientes penetre e sejam absorvidos mais eficientemente, resultando em um benef\u00edcio maior do que a soma de suas partes individuais.<\/li>\n<\/ul>\n<ol start=\"2\">\n<li><strong><b> Sistema de embalagem de precis\u00e3o<\/b><\/strong><\/li>\n<\/ol>\n<ul>\n<li>Sealing Open-End: O fim do tubo \u00e9 selado usando press\u00e3o de calor, fornecendo uma garantia de selagem definitiva para assegurar que os conte\u00fados, altamente ativos, propensos \u00e0 oxida\u00e7\u00e3o e suscet\u00edveis \u00e0 secagem, permanecem frescos, efetivos e est\u00e9riis durante o armazenamento.<\/li>\n<li>Perfil dental especial de equipamento: O corpo e a tampa do tubo apresentam um perfil dental \u00fanico, de precis\u00e3o semelhante a equipamento, assegurando uma adapta\u00e7\u00e3o estreita e uma experi\u00eancia de rota\u00e7\u00e3o suave e t\u00e1ctil. A capacidade de selagem \u00e9 significativamente superior aos perfis dent\u00e1rios padr\u00e3o, prevenindo efetivamente a evapora\u00e7\u00e3o l\u00edquida.<\/li>\n<\/ul>\n<ol start=\"3\">\n<li><strong><b> Design Art\u00edstico<\/b><\/strong><\/li>\n<\/ol>\n<ul>\n<li>Patr\u00f3ns com temas russos: O corpo do tubo apresenta motivos bem impressos de estilo russo (como bonecas dentro de bonecas, padr\u00f5es arquitet\u00f4nicos, etc.). As cores s\u00e3o vibrantes e exudam uma atmosfera art\u00edstica ex\u00f3tica, tornando a embalagem um objeto colet\u00edvel.<\/li>\n<li>Impress\u00e3o Dur\u00e1vel: A informa\u00e7\u00e3o de texto \u00e9 impressa usando tecnologia de rastreamento de seda, assegurando clareza, durabilidade e o texto n\u00e3o desaparecer\u00e1 com o tempo.<\/li>\n<\/ul>","protected":false},"excerpt":{"rendered":"<p>&nbsp;<\/p>\n<ul>\n<li><b><\/b><strong><b>Design de Tube Body<\/b><\/strong>.<\/li>\n<li><strong><b> Estrutura orientada para fun\u00e7\u00f5es<\/b><\/strong><b><\/b><\/li>\n<\/ul>\n<p>O di\u00e2metro do tubo de 19 mm \u00e9 o tamanho ideal para os produtos localizados de corte de pele, fornecendo uma agarra confort\u00e1vel e possibilitando controle preciso sobre a quantidade utilizada. A estrutura geral consiste em um &#8220; tubo mole de extremidade aberta, cabe\u00e7a de massagem metal integrada, resultando em alta integra\u00e7\u00e3o funcional.<\/p>\n<ul>\n<li><strong><b> Impato da Arte Visual<\/b><\/strong><b><\/b><\/li>\n<\/ul>\n<p>Combinando padr\u00f5es russos de arte, ricos em encanto \u00e9tnico, com componentes modernos e elegantes de metal cria um efeito visual impressionante que \u00e9 tanto retro como estilo, tornando-o altamente reconhec\u00edvel como uma marca.<\/p>\n<p><strong>Avantagens do produto:<\/strong><\/p>\n<ul>\n<li><strong><b> Experi\u00eancia de usu\u00e1rio final<\/b><\/strong><\/li>\n<\/ul>\n<p>A sensa\u00e7\u00e3o refrescante e o efeito de massagem fornecidos pela cabe\u00e7a de massagem de metal aumentam consideravelmente o sentido de ritual e prazer associado \u00e0 corte de pele, tornando-o um ponto significativo de diferencia\u00e7\u00e3o para o produto.<\/p>\n<ul>\n<li><strong><b> Amplifica\u00e7\u00e3o do efeito<\/b><\/strong><\/li>\n<\/ul>\n<p>A fun\u00e7\u00e3o de massagem n\u00e3o \u00e9 apenas um gimmick; Ela realmente aumenta a absor\u00e7\u00e3o e alivia a incha\u00e7a, fazendo o produto&#8217; seus efeitos mais vis\u00edveis e levando a um feedback mais positivo do consumidor.<\/p>\n<ul>\n<li><strong><b> Garantia absoluta de freshness<\/b><\/strong><\/li>\n<\/ul>\n<p>O fechamento aberto garante que o produto permanece completamente est\u00e9ril e fechado at\u00e9 ser utilizado pela primeira vez, tornando-o particularmente adequado para produtos com exig\u00eancias rigorosas de preserva\u00e7\u00e3o, como aqueles sem aditivos ou ingredientes de alta atividade.<\/p>\n<p><b>Scen\u00e1rios de aplica\u00e7\u00e3o para o produto:<\/b><\/p>\n<ul>\n<li><strong><b> Produto de marca de beleza<\/b><\/strong><\/li>\n<\/ul>\n<p>Como principal produto para aten\u00e7\u00e3o ocular ou localizada, ele apresenta uma experi\u00eancia de massagem \u00fanica como seu ponto de venda central.<\/p>\n<ul>\n<li><strong><b> Instrumento de Beauty Accompanying Gel<\/b><\/strong><b><\/b><\/li>\n<\/ul>\n<p>Este gel \u00e9 especificamente projetado para ser usado em conjunto com instrumentos de beleza, e a cabe\u00e7a de massagem pode ajudar no processo de absor\u00e7\u00e3o.<\/p>\n<ul>\n<li><strong><b> Pele farmac\u00eautica e marca de sa\u00fade<\/b><\/strong><b><\/b><\/li>\n<\/ul>\n<p>Um produto de creme de massagem projetado para aliviar a fadiga e promover a circula\u00e7\u00e3o sangu\u00ednea. A fun\u00e7\u00e3o de massagem est\u00e1 perfeitamente alinhada com o produto&#8217; s benef\u00edcios.<\/p>\n<ul>\n<li><strong><b> Festive Limited Edition and Gift Market <\/b><\/strong><\/li>\n<\/ul>\n<p>A embalagem com uma esp\u00e9cie distinta russa faz com que seja perfeita para ser usada como uma caixa de presente de edi\u00e7\u00e3o limitada para ocasi\u00f5es especiais como Natal e Ano Novo. Ela se orgulha tanto de apelo art\u00edstico quanto de pr\u00e1tica.<\/p>\n<ul>\n<li>Kit de viagens de alto n\u00edvel: Sua dimens\u00e3o compacta e caracter\u00edsticas integradas fazem com que seja uma excelente escolha para kits de viagens.<\/li>\n<\/ul>","protected":false},"featured_media":1967,"comment_status":"closed","ping_status":"closed","template":"","meta":[],"product_brand":[],"product_cat":[38,28],"product_tag":[],"class_list":{"0":"post-1962","1":"product","2":"type-product","3":"status-publish","4":"has-post-thumbnail","6":"product_cat-ball-massage-head-plastic-tube","7":"product_cat-functional-plastic-tube","9":"first","10":"instock","11":"shipping-taxable","12":"purchasable","13":"product-type-simple"},"_links":{"self":[{"href":"https:\/\/www.hongyitube.com\/pt\/wp-json\/wp\/v2\/product\/1962","targetHints":{"allow":["GET"]}}],"collection":[{"href":"https:\/\/www.hongyitube.com\/pt\/wp-json\/wp\/v2\/product"}],"about":[{"href":"https:\/\/www.hongyitube.com\/pt\/wp-json\/wp\/v2\/types\/product"}],"replies":[{"embeddable":true,"href":"https:\/\/www.hongyitube.com\/pt\/wp-json\/wp\/v2\/comments?post=1962"}],"wp:featuredmedia":[{"embeddable":true,"href":"https:\/\/www.hongyitube.com\/pt\/wp-json\/wp\/v2\/media\/1967"}],"wp:attachment":[{"href":"https:\/\/www.hongyitube.com\/pt\/wp-json\/wp\/v2\/media?parent=1962"}],"wp:term":[{"taxonomy":"product_brand","embeddable":true,"href":"https:\/\/www.hongyitube.com\/pt\/wp-json\/wp\/v2\/product_brand?post=1962"},{"taxonomy":"product_cat","embeddable":true,"href":"https:\/\/www.hongyitube.com\/pt\/wp-json\/wp\/v2\/product_cat?post=1962"},{"taxonomy":"product_tag","embeddable":true,"href":"https:\/\/www.hongyitube.com\/pt\/wp-json\/wp\/v2\/product_tag?post=1962"}],"curies":[{"name":"wp","href":"https:\/\/api.w.org\/{rel}","templated":true}]}}