{"id":1201,"date":"2025-07-11T18:22:27","date_gmt":"2025-07-11T10:22:27","guid":{"rendered":"https:\/\/www.hongyitube.com\/?post_type=product&#038;p=1201"},"modified":"2025-09-17T10:09:08","modified_gmt":"2025-09-17T02:09:08","slug":"35-pe-plastic-tubeanimal-shape-design-series-plastic-tube-hongyi-plastic","status":"publish","type":"product","link":"https:\/\/www.hongyitube.com\/pt\/product\/35-pe-plastic-tubeanimal-shape-design-series-plastic-tube-hongyi-plastic\/","title":{"rendered":"35 PE Plastic Tube,Animal Shape Design Series Plastic Tube &#8211; Hongyi Plastic"},"content":{"rendered":"<h2><strong>Caracter\u00edsticas<\/strong><\/h2>\n<ul>\n<li><b><\/b><strong><b>Design de Tube Body<\/b><\/strong><\/li>\n<\/ul>\n<p>O tubo de Hongyi Plastic \u00e9 projetado com um desenho encantador de forma animal Cor \u00e9 brilhante e viva, a imagem \u00e9 realista, a forma \u00e9 exquisita e encantadora, a express\u00e3o animal \u00e9 viva e flex\u00edvel.<\/p>\n<ul>\n<li><b><\/b><strong><b>Op\u00e7\u00f5es de Material<\/b><\/strong><\/li>\n<li>O tubo de Hongyi Plastic \u00e9 adequado para lot\u00f5es, cremas,lot\u00f5es de banho, diversas cremas de \u00f3leo de frutas, todo tipo de creme de m\u00e3o umidor.<\/li>\n<li><strong><b>Cap Styles<\/b><\/strong><\/li>\n<\/ul>\n<p>Pares com um copo octagonal de alto dente da mesma cor que o tubo.<\/p>\n<p><strong><b>Decora\u00e7\u00e3o e Customiza\u00e7\u00e3o<\/b><\/strong><\/p>\n<p><strong><b>Impress\u00e3o offset de m\u00faltiplas cores (impress\u00e3o personalizada a pedido)<\/b><\/strong><\/p>\n<ul>\n<li><strong><b>Estrutura de Barreiras<\/b><\/strong><\/li>\n<\/ul>\n<p>Constru\u00e7\u00e3o de camada \u00fanica ou multicamada para proteger diferentes formula\u00e7\u00f5es.<\/p>\n<p>Ideal para corte de pele, cuidado de cabelo e produtos de cuidado solar.<\/p>\n<ul>\n<li><b><\/b><strong><b>Personaliza\u00e7\u00e3o de Produtos<\/b><\/strong><\/li>\n<\/ul>\n<p>Op\u00e7\u00f5es flex\u00edveis em cor, capacidade (30ml-80ml) e gr\u00e1ficos.<\/p>\n<p>&nbsp;<\/p>\n<h2><strong>Avantagens de Produtos<\/strong><\/h2>\n<ul>\n<li><b><\/b><strong><b>Aplica\u00e7\u00e3o Precisa<\/b><\/strong><\/li>\n<\/ul>\n<p>O tubo cosm\u00e9tico Hongyi Plastic torna simples o design compacto e port\u00e1til com constru\u00e7\u00e3o reciclable. O fechamento flex\u00edvel assegura a seguran\u00e7a de prova de vazamento. Diversos padr\u00f5es de tamp\u00e3o de garrafa para estilo vers\u00e1til. N\u00e3o restam res\u00edduos ap\u00f3s uso. O controle de aperta\u00e7\u00e3o suave corre sem res\u00edduos. - Opera\u00e7\u00e3o amig\u00e1vel ao usu\u00e1rio com capacidades f\u00e1ceis de preenchimento e por\u00e7\u00e3o.<\/p>\n<ul>\n<li><b><\/b><strong><b>Controlo da Dosagem<\/b><\/strong><\/li>\n<\/ul>\n<p><strong><b>Aplica\u00e7\u00e3o precisa, controle da quantidade e sem res\u00edduos<\/b><\/strong><\/p>\n<ul>\n<li><b><\/b><strong><b>Uso conveniente<\/b><\/strong><\/li>\n<\/ul>\n<p><strong><b>Drop-and-go, uso m\u00f3vel<\/b><\/strong><\/p>\n<p><strong><b>Peso ligeiro e Dur\u00e1vel<\/b><\/strong><\/p>\n<p>Lavadores e sem res\u00edduos.<\/p>\n<ul>\n<li><b><\/b><strong><b>Vers\u00e1til para v\u00e1rias categorias<\/b><\/strong><\/li>\n<li>Adequado para crian\u00e7as s creme umidificante, \u00e1gua umidificante, lot\u00e3o seca, quebrada e peeling, garrafa de refilha, garrafa de mangueira port\u00e1til&#8230;<\/li>\n<\/ul>\n<p>&nbsp;<\/p>\n<h2><strong>Scen\u00e1rios de aplica\u00e7\u00e3o de produtos<\/strong><\/h2>\n<p><strong><b>Guardas de armas<\/b><\/strong><\/p>\n<p><strong><b>O pequeno nozzle pode ser aplicado diretamente \u00e0s \u00e1reas vermelhas e inchadas do beb\u00ea. o corpo, \u00e1reas secas, evitar grande contato \u00e0 m\u00e3o, manter limpos e higi\u00e9nicos os ecr\u00e3os solares<\/b><\/strong><\/p>\n<p><strong><b>Infantes e crian\u00e7as viajam com creme umidor.<\/b><\/strong><\/p>\n<p>O design da mangueira parece bonito e \u00e9 adequado para beb\u00ea, crian\u00e7as e crian\u00e7as. o umidificador e a garrafa de preenchimento de tubos moles de gel de banho. Pode atrair a aten\u00e7\u00e3o dos beb\u00eas e reduzir a desejo psicol\u00f3gico de cooperar com o tubo transparente, de modo a encoraj\u00e1-los a us\u00e1-lo ativamente.<\/p>\n<p><strong><b>Flascos de Pegamento Medicados<\/b><\/strong><\/p>\n<p>Essa mangueira de design tamb\u00e9m \u00e9 adequada para a engrenagem de eczema espec\u00edfica para beb\u00eas, engrenagem de erup\u00e7\u00e3o de fralda e outras garrafas de embalagem de ingrenagens medicamentosas funcionais para preenchimento port\u00e1til de garrafas.<\/p>\n<p>&nbsp;<\/p>\n<h2><strong>As vantagens da marca de produtos<\/strong><\/h2>\n<ul>\n<li><b><\/b><strong><b>A personaliza\u00e7\u00e3o dispon\u00edvel a pedido<\/b><\/strong><\/li>\n<\/ul>\n<p>Os tubos podem ser adaptados com impress\u00e3o, cores, capas, ou at\u00e9 finais especiais. Hongyi Plastic pode atender suas necessidades espec\u00edficas para tubos cosm\u00e9ticos.<\/p>\n<ul>\n<li><b><\/b><strong><b>Vendas diretas da Fabrica<\/b><\/strong><\/li>\n<\/ul>\n<p>Hongyi Plastic \u00e9 um fabricante de tubos cosm\u00e9ticos. Trabalhar diretamente com o fabricante significa que n\u00e3o h\u00e1 marcas de intermedi\u00e1rio. A comunica\u00e7\u00e3o tamb\u00e9m \u00e9 mais r\u00e1pida \u2013 podemos proporcionar rapidamente feedback sobre amostras e ajustes de arte.<\/p>\n<ul>\n<li><b><\/b><strong><b>Quantidade m\u00ednima de ordem flex\u00edvel<\/b><\/strong><\/li>\n<\/ul>\n<p>A ordem inicial \u00e9 geralmente de cerca de 5.000 a 10.000 pe\u00e7as, o que \u00e9 adequado para empresas iniciais ou linhas de produtos nichos. As pequenas corridas permitem \u00e0s marcas testar novas f\u00f3rmulas sem ser bloqueadas em volumes enormes.<\/p>\n<ul>\n<li><b><\/b><strong><b>Tempo principal da produ\u00e7\u00e3o r\u00e1pida<\/b><\/strong><\/li>\n<\/ul>\n<p>Para corridas de grande volume, o tempo de condu\u00e7\u00e3o \u00e9 de cerca de 7-10 dias.<\/p>\n<p>&nbsp;<\/p>\n<h2><strong>Servi\u00e7os personalizados<\/strong><\/h2>\n<p><strong>Fase 1: Pesquisa e comunica\u00e7\u00e3o Contado inicial<\/strong><\/p>\n<p>\u2460 Receber uma investiga\u00e7\u00e3o e atribuir o gerente de neg\u00f3cios a contato.<\/p>\n<p>\u2461 N\u00f3s entendemos preliminarmente os requisitos da investiga\u00e7\u00e3o.<\/p>\n<p><strong>Detalles da comunica\u00e7\u00e3o<\/strong><\/p>\n<p>\u2460 Capacidade de tubo: Quantos mililitros voc\u00ea precisa preencher?<\/p>\n<p>\u2461 Tamanho: Qu\u00e3o grande \u00e9 necess\u00e1rio.<\/p>\n<p>\u2462 Longitude da mangueira: o comprimento da mangueira \u00e9 determinado de acordo com a capacidade e di\u00e2metro da mangueira.<\/p>\n<p>\u2463 Determina\u00e7\u00e3o do tipo de dente de mangueira: o tipo de dente de mangueira geralmente tem dentes grandes, dentes finos, dentes altos, dentes baixos, bast\u00e3o interior, dentes de bomba de cabe\u00e7a e assim por diante.<\/p>\n<p>\u2464 Determina\u00e7\u00e3o do conte\u00fado do produto: Por exemplo, se ele&#8217; \u00e9 um creme, emuls\u00e3o ou ess\u00eancia de gel? A f\u00f3rmula cont\u00e9m componentes como \u00f3leos, \u00e1cidos ou \u00e1lcool? Eles s\u00e3o corrosivos ou perme\u00e1veis? Determinar o n\u00edvel de pH tamb\u00e9m desempenha um papel na sele\u00e7\u00e3o de materiais de mangueira. Esses fatores determinam coletivamente se uma camada de barreira \u00e9 necess\u00e1ria durante a produ\u00e7\u00e3o.<\/p>\n<p>\u2465 Mercado alvo e confirma\u00e7\u00e3o regulamentar:<\/p>\n<p>Onde \u00e9 vendido o produto? - Est\u00e1 em conformidade com as regras locais? Voc\u00ea precisa fornecer provas de conformidade com materiais.<\/p>\n<p>\u2466 qual do tubo:<\/p>\n<p>Por exemplo, voc\u00ea precisa personalizar tubos coloridos ou tubos transparentes ou tubos brancos? Voc\u00ea precisa ter efeitos de perlas e assim por diante? Confirme o \u00f3leo ligeiro: \u00f3leo brilhante, congelado e suave.<\/p>\n<p>\u2467 Processo de impress\u00e3o determinado:<\/p>\n<p>Se a impress\u00e3o offset \u00e9 necess\u00e1ria, quantas cores s\u00e3o necess\u00e1rias e qual parte do texto e padr\u00e3o \u00e9 necess\u00e1ria?<\/p>\n<p>Se \u00e9 necess\u00e1rio imprimir a tela, qual parte do texto e padr\u00e3o \u00e9 necess\u00e1rio para imprimir a tela?<\/p>\n<p>Se voc\u00ea precisa de marca\u00e7\u00e3o quente, qual parte do texto e padr\u00e3o \u00e9 necess\u00e1rio para marca\u00e7\u00e3o quente?<\/p>\n<p>Se \u00e9 necess\u00e1rio etiquetar, quais s\u00e3o os requisitos de qualidade para o papel alvo? Quais s\u00e3o os melhores? Quais s\u00e3o os gerais?<\/p>\n<p>Ou os processos acima mencionados podem ser combinados, especificando qual parte \u00e9 o processo.<\/p>\n<p>\u2468 M\u00e9todo de selagem:<\/p>\n<p>Cauda de selagem: Esta mangueira \u00e9 caracterizada por um design irregular de cauda. Geralmente, esta mangueira \u00e9 selecionada como o selo predeterminado da cauda. A cauda de selagem geralmente tem textura reta, forma irregular, arco, textura diagonal, etc. Confirme se a boca da garrafa precisa ser ligada com f\u00f3sforo de alum\u00ednio.<\/p>\n<p>\u2469 Determina\u00e7\u00e3o de mangueira com cobertura: Voc\u00ea precisa de um tamp\u00e3o de screw ou de um tamp\u00e3o de flip? - \u00c9 necess\u00e1rio posicionar? Determine o tamanho, tipo, cor e processo de fabrica\u00e7\u00e3o do tamp\u00e3o. Pare para a boca da garrafa de mangueira: Este design n\u00e3o precisa de uma parede para a boca da garrafa de mangueira.<\/p>\n<p>\u246a Determinar o m\u00e9todo de embalagem.<\/p>\n<p>\u246b Determinar o canal de entrega: mar, ar ou outro?<\/p>\n<ol>\n<li>Comunique para determinar se \u00e9 necess\u00e1rio desenvolver moldes.<\/li>\n<\/ol>\n<p>2.Dependendo de se o perfil de dente da mangueira confirmado e o design do selo da cauda requerem desenvolvimento adicional de moldes personalizados, a s\u00e9rie de design do selo da cauda em forma de cart\u00e3o nesta cadeia \u00e9 para desenvolvimento de moldes novos.<\/p>\n<p>3.De acordo com o plano acima referido, ser\u00e1 fornecida uma cita\u00e7\u00e3o detalhada, incluindo: taxa de abertura de molho, taxa de amostra, pre\u00e7o unit \u00e1rio de produto e taxa de transporte.<\/p>\n<p><strong><b>Fase 2: Design e produ\u00e7\u00e3o de amostras<\/b><\/strong><\/p>\n<p>Ap\u00f3s o acompanhamento de neg\u00f3cios confirma a inten\u00e7\u00e3o de coopera\u00e7\u00e3o, entra no est\u00e1gio de transformar os requisitos em objetos f\u00edsicos.<\/p>\n<p>A marca paga o custo da moldura que projetamos e desenvolvemos de acordo com o tamanho confirmado do design de tubo e cauda este passo normalmente leva 20-30 dias.<\/p>\n<p>1 Confirma\u00e7\u00e3o do manuscrito de design<\/p>\n<ol>\n<li>A marca fornece o manuscrito de design em AI ou PDF, etc. Nossos engenheiros verificar\u00e3o se o tamanho, cor, tamanho, processo, linha de sangramento e outros requisitos do manuscrito de design s\u00e3o cumpridos, e fornecer\u00e3o sugest\u00f5es e ajustes para modifica\u00e7\u00e3o.<\/li>\n<li>Se n\u00e3o, um conjunto de tubos de amostra e cobertura de amostra ser\u00e1 fornecido para nosso designer para referir o design.<\/li>\n<li>Depois do desenvolvimento do molde de produ\u00e7\u00e3o de amostras, vamos organizar a produ\u00e7\u00e3o e fazer amostras o mais pr\u00f3ximas poss\u00edvel \u00e0 grande produ\u00e7\u00e3o de lote de acordo com o manuscrito de design confirmado para a marca para finalmente confirmar todos os detalhes.<\/li>\n<\/ol>\n<p>Confirma\u00e7\u00e3o de amostra A marca precisa revisar estritamente a amostra e assinar de volta o livro de amostra ap\u00f3s confirma\u00e7\u00e3o. Usaremos este documento como padr\u00e3o de aceita\u00e7\u00e3o para a produ\u00e7\u00e3o subsequente de grandes bens.<\/p>\n<p><strong><b>Fase 3: Produ\u00e7\u00e3o em massa (Produ\u00e7\u00e3o e Controlo da Qualidade)<\/b><\/strong>\u00a0<strong><b>Produ\u00e7\u00e3o<\/b><\/strong>: Ao receber a ordem oficial e o dep\u00f3sito da marca, procuramos mat\u00e9rias-primas e iniciamos a produ\u00e7\u00e3o em massa. Durante a fabrica\u00e7\u00e3o, os inspectores de qualidade realizam amostragem aleat\u00f3ria para assegurar padr\u00f5es de qualidade consistentes em todos os processos. Inspec\u00e7\u00e3o Completa: Ap\u00f3s a conclus\u00e3o da produ\u00e7\u00e3o, os inspectores realizam controles de qualidade completos de produtos acabados e emitem um relat\u00f3rio de inspec\u00e7\u00e3o de qualidade.<\/p>\n<p><strong><b>\u00a0Fase 4: Transporte e - embalagem de entrega:<\/b><\/strong>\u00a0Os produtos s\u00e3o embalados de acordo com especifica\u00e7\u00f5es e rotulados com marcas de transporte. Pagamento de marca: Ap\u00f3s receber o pagamento final, organizamos o transporte log\u00edstico de acordo com o hor\u00e1rio de entrega do contrato. Fase 5: Servi\u00e7o de Depois de Vendas N\u00f3s abordamos o feedback dos clientes e resolvemos problemas potenciais relacionados ao servi\u00e7o.<\/p>","protected":false},"excerpt":{"rendered":"<p>Hongyi Plastic 35 35&#8211; 55ml\/1.18-1.86fl.oz Cart\u00e3o Animal Shape Design Series Tube de pl\u00e1stico aplica\u00e7\u00f5es recomendadas:Creme de m\u00e3o fortificante para mulheres, fragran\u00e7a, quatro temporadas, umidificando, umidificando, bonito, branqueado, anti-secando e quebrando, frasco port\u00e1til Creme de m\u00e3o para crian\u00e7as e beb\u00eas no outono e inverno umidificando, hidratando, n\u00e3o gordo, prevenindo pele seca, chapped, frasco especial.<\/p>","protected":false},"featured_media":1933,"comment_status":"closed","ping_status":"closed","template":"","meta":[],"product_brand":[],"product_cat":[31,15],"product_tag":[],"class_list":{"0":"post-1201","1":"product","2":"type-product","3":"status-publish","4":"has-post-thumbnail","6":"product_cat-animal-shape-design-series","7":"product_cat-artistic-design-plastic-tube","9":"first","10":"instock","11":"shipping-taxable","12":"product-type-simple"},"_links":{"self":[{"href":"https:\/\/www.hongyitube.com\/pt\/wp-json\/wp\/v2\/product\/1201","targetHints":{"allow":["GET"]}}],"collection":[{"href":"https:\/\/www.hongyitube.com\/pt\/wp-json\/wp\/v2\/product"}],"about":[{"href":"https:\/\/www.hongyitube.com\/pt\/wp-json\/wp\/v2\/types\/product"}],"replies":[{"embeddable":true,"href":"https:\/\/www.hongyitube.com\/pt\/wp-json\/wp\/v2\/comments?post=1201"}],"wp:featuredmedia":[{"embeddable":true,"href":"https:\/\/www.hongyitube.com\/pt\/wp-json\/wp\/v2\/media\/1933"}],"wp:attachment":[{"href":"https:\/\/www.hongyitube.com\/pt\/wp-json\/wp\/v2\/media?parent=1201"}],"wp:term":[{"taxonomy":"product_brand","embeddable":true,"href":"https:\/\/www.hongyitube.com\/pt\/wp-json\/wp\/v2\/product_brand?post=1201"},{"taxonomy":"product_cat","embeddable":true,"href":"https:\/\/www.hongyitube.com\/pt\/wp-json\/wp\/v2\/product_cat?post=1201"},{"taxonomy":"product_tag","embeddable":true,"href":"https:\/\/www.hongyitube.com\/pt\/wp-json\/wp\/v2\/product_tag?post=1201"}],"curies":[{"name":"wp","href":"https:\/\/api.w.org\/{rel}","templated":true}]}}