{"id":1200,"date":"2025-07-11T18:21:58","date_gmt":"2025-07-11T10:21:58","guid":{"rendered":"https:\/\/www.hongyitube.com\/?post_type=product&#038;p=1200"},"modified":"2025-09-17T10:11:34","modified_gmt":"2025-09-17T02:11:34","slug":"19-pe-plastic-tuberound-arc-seals-series-plastic-tube-hongyi-plastic","status":"publish","type":"product","link":"https:\/\/www.hongyitube.com\/pt\/product\/19-pe-plastic-tuberound-arc-seals-series-plastic-tube-hongyi-plastic\/","title":{"rendered":"19 PE Plastic Tube,Round Arc Seals Series Plastic Tube &#8211; Hongyi Plastic"},"content":{"rendered":"<h2><strong>Caracter\u00edsticas<\/strong><\/h2>\n<ul>\n<li><b><\/b><strong><b>Design de Tube Body<\/b><\/strong>.<\/li>\n<\/ul>\n<p>O design especial da nossa mangueira \u00e9 que a cauda \u00e9 formada por press \u00e3o quente ou soldagem ultras\u00f4nica para formar um arco de selagem suave, redondado, sem dobra, sem esquina morta. O design simples e suave da mangueira tem vantagens significativas em fun\u00e7\u00e3o e prote\u00e7\u00e3o.<\/p>\n<ul>\n<li><b><\/b><strong><b>Op\u00e7\u00f5es de Material<\/b><\/strong><\/li>\n<\/ul>\n<p>Hongyi Plastic Round arc seals series Tube com um design de boca ampla e um plug interno, \u00e9 adequado para cuidado de l\u00e1bios e aplica\u00e7\u00e3o de maquilhagem. Embalagem de conte\u00fado.<\/p>\n<ul>\n<li><b><\/b><strong><b>Cap Styles<\/b><\/strong><\/li>\n<\/ul>\n<p>Podem ser usadas v\u00e1rias cores transparentes e cores eletropladas ouro\/prata. Os capos de \u00e2ngulo direito precisam ser usados com conex\u00f5es internas, e v\u00e1rios capos redondos coloridos precisam ser usados com conex\u00f5es internas de cabe\u00e7a redonda.<\/p>\n<ul>\n<li><b><\/b><strong><b>Decora\u00e7\u00e3o e Customiza\u00e7\u00e3o<\/b><\/strong><\/li>\n<\/ul>\n<p>Impress\u00e3o semi-transparente do offset negro, impress\u00e3o de tela branca de letras.<\/p>\n<p>&nbsp;<\/p>\n<ul>\n<li><b><\/b><strong><b>Estrutura de Barreiras<\/b><\/strong><\/li>\n<\/ul>\n<p><strong><b>Tubo pl\u00e1stico (PE, PP) &amp; - tubo composto de m\u00faltiplas camadas: o desempenho de barreira desejado pode ser alcan\u00e7ado combinando diferentes camadas de material (como camada de f\u00f3lia de alum\u00ednio), que \u00e9 mais barato que o tubo de alum\u00ednio, e o design \u00e9 mais flex\u00edvel (pode ser pl\u00e1stico completo opaco, transparente, perlelescente e outros efeitos).<\/b><\/strong><\/p>\n<ul>\n<li><b><\/b><strong><b>Personaliza\u00e7\u00e3o de Produtos<\/b><\/strong><\/li>\n<\/ul>\n<p>Op\u00e7\u00f5es flex\u00edveis em cor, capacidade (10ml-15ml) e gr\u00e1ficos.<\/p>\n<p>&nbsp;<\/p>\n<h2><strong>Avantagens de Produtos<\/strong><\/h2>\n<ol>\n<li><b><\/b><strong><b>Performa\u00e7\u00e3o excepcional de selagem<\/b><\/strong><\/li>\n<\/ol>\n<p>Avantagem central A cauda curva sem fios \u00e9 selada com calor para criar um selo completo, impedindo efetivamente ar, umidade, microorganismos e contaminantes de entrar no tubo. Isso \u00e9 crucial para manter a fresca do produto, assegurar a efic\u00e1cia do ingrediente ativo, prevenir a oxida\u00e7\u00e3o e o crescimento bacteriano, e prolongar significativamente a vida de seguran\u00e7a.<\/p>\n<ol start=\"2\">\n<li><b><\/b><strong><b>Prote\u00e7\u00e3o refor\u00e7ada<\/b><\/strong><\/li>\n<\/ol>\n<p>O design de cauda redonda elimina creses e cantos mortos, tornando-o menos propenso a acumula\u00e7\u00e3o de terra e mais f\u00e1cil de limpar. Contrariamente aos projetos tradicionais de tubos cortados (por exemplo, planos ou cauda de peixe), essa inova\u00e7\u00e3o evita vazamento e riscos de quebra durante os processos de dobramento ou rolamento, tornando-o particularmente adequado para produtos viscosos ou granulares.<\/p>\n<p>Fornecer boa prote\u00e7\u00e3o f\u00edsica para reduzir o risco de danos durante o transporte e armazenamento.<\/p>\n<ol start=\"3\">\n<li><b><\/b><strong><b>Alta taxa de utiliza\u00e7\u00e3o de conte\u00fado<\/b><\/strong><\/li>\n<\/ol>\n<p>A parede suave do tubo e a cauda suave permitem quase extrus\u00e3o completa dos conte\u00fados, reduzindo grandemente os res\u00edduos residuais. 4. - Apar\u00eancia est\u00e9tica e limpa: A cola suave e arredondada apresenta uma apar\u00eancia simples, modern a e de alta altura que atende aos requisitos est\u00e9ticos da embalagem cosm\u00e9tica. A superf\u00edcie de impress\u00e3o plana assegura um excelente efeito de visualiza\u00e7\u00e3o de padr\u00f5es e texto.<\/p>\n<p>Durante o uso, \u00e0 medida que o conte\u00fado diminui, a cauda pode ser suavemente rolada para manter uma apar\u00eancia limpa.<\/p>\n<ol start=\"4\">\n<li><b><\/b><strong><b>Alta efici\u00eancia de produ\u00e7\u00e3o e o custo efic\u00e1cia<\/b><\/strong><\/li>\n<\/ol>\n<p>A linha de produ\u00e7\u00e3o automatizada madura \u00e9 r\u00e1pida em preenchimento e selagem, o que \u00e9 adequado para produ\u00e7\u00e3o em grande escala.<\/p>\n<p>Embora o processo de selagem seja um pouco mais complicado do que o tubo sem fios, tem boa custo-efic\u00e1cia em combina\u00e7\u00e3o com suas vantagens de excelente prote\u00e7\u00e3o, redu\u00e7\u00e3o de res\u00edduos e redu\u00e7\u00e3o da taxa de defeitos.<\/p>\n<ol start=\"5\">\n<li><b><\/b><strong><b>Bom desempenho de barreiras (dependendo do material)<\/b><\/strong><\/li>\n<\/ol>\n<p>O custo do tubo pl\u00e1stico \u00e9 menor do que o do tubo de alum\u00ednio, e o design \u00e9 mais flex\u00edvel (pode ser feito em efeitos opacos, transparentes, perlelescentes e outros).<\/p>\n<ol start=\"6\">\n<li><b><\/b><strong><b>Balma de labios<\/b><\/strong><\/li>\n<\/ol>\n<p>Evita fric\u00e7\u00e3o secund\u00e1ria nos l\u00e1bios para uma experi\u00eancia luxuosa.<\/p>\n<p><strong><b>7,360\u00b0 encaixar<\/b><\/strong><\/p>\n<p>O design ergon\u00f4mico \u00e9 altamente compat\u00edvel, e o plug interno especial ajuda a absorver.<\/p>\n<p>&nbsp;<\/p>\n<h2><strong>Scen\u00e1rios de aplica\u00e7\u00e3o de produtos<\/strong><\/h2>\n<p><strong><b>Uma garrafa de embalagem de tubos de tratamento de l\u00e1bios<\/b><\/strong><\/p>\n<p>A cola arredondada com grande boca e cabe\u00e7a arredondada ou ess\u00eancia de Lip arredondada \u00e9 adequada para creme depilat\u00f3rio de l\u00e1bios, dispositivo de depila\u00e7\u00e3o de l\u00e1bios, mulheres&#8217; o \u00f3leo exclusivo dos l\u00e1bios, eliminador de maquilhagem dos l\u00e1bios, creme de repara\u00e7\u00e3o dos l\u00e1bios, protetor solar dos l\u00e1bios, protetor dos l\u00e1bios, tratamento de escurid\u00e3o dos l\u00e1bios, umidificador dos l\u00e1bios, produto de brilho dos l\u00e1bios, exfoliador dos l\u00e1bios<\/p>\n<p><strong><b>Material de embalagem de mangueiras de maquilhagem<\/b><\/strong><\/p>\n<p>Nossa mangueira de design curva de cola pode ser usada com uma inser\u00e7\u00e3o de cabe\u00e7a redonda ou um plug diagonal transparente para separar conte\u00fados de maquilhagem dos l\u00e1bios como labirinto, labirinto colorido, brilho dos l\u00e1bios, balmo dos l\u00e1bios, cor dos l\u00e1bios, etc.<\/p>\n<p>&nbsp;<\/p>\n<h2><strong>As vantagens da marca de produtos<\/strong><\/h2>\n<ul>\n<li><b><\/b><strong><b>A personaliza\u00e7\u00e3o dispon\u00edvel a pedido<\/b><\/strong><\/li>\n<\/ul>\n<p>Os tubos podem ser adaptados com impress\u00e3o, cores, capas, ou at\u00e9 finais especiais. Hongyi Plastic pode atender suas necessidades espec\u00edficas para tubos cosm\u00e9ticos.<\/p>\n<ul>\n<li><b><\/b><strong><b>Vendas diretas da Fabrica<\/b><\/strong><\/li>\n<\/ul>\n<p>Hongyi Plastic \u00e9 um fabricante de tubos cosm\u00e9ticos. Trabalhar diretamente com o fabricante significa que n\u00e3o h\u00e1 marcas de intermedi\u00e1rio. A comunica\u00e7\u00e3o tamb\u00e9m \u00e9 mais r\u00e1pida \u2013 podemos proporcionar rapidamente feedback sobre amostras e ajustes de arte.<\/p>\n<ul>\n<li><b><\/b><strong><b>Quantidade m\u00ednima de ordem flex\u00edvel<\/b><\/strong><\/li>\n<\/ul>\n<p>A ordem inicial \u00e9 geralmente de cerca de 5.000 a 10.000 pe\u00e7as, o que \u00e9 adequado para empresas iniciais ou linhas de produtos nichos. As pequenas corridas permitem \u00e0s marcas testar novas f\u00f3rmulas sem ser bloqueadas em volumes enormes.<\/p>\n<ul>\n<li><b><\/b><strong><b>Tempo principal da produ\u00e7\u00e3o r\u00e1pida<\/b><\/strong><\/li>\n<\/ul>\n<p>Para corridas de grande volume, o tempo de condu\u00e7\u00e3o \u00e9 de cerca de 7-10 dias.<\/p>\n<h2><\/h2>\n<h2><strong>Servi\u00e7os personalizados<\/strong><\/h2>\n<p><strong><b>Fase 1: Pesquisa e comunica\u00e7\u00e3o Contado inicial<\/b><\/strong><\/p>\n<p>&nbsp;<\/p>\n<p>\u2460 Receber uma investiga\u00e7\u00e3o e atribuir ao gerente de neg\u00f3cios contato,<\/p>\n<p>\u2461 N\u00f3s entendemos preliminarmente os requisitos da investiga\u00e7\u00e3o.<\/p>\n<p>&nbsp;<\/p>\n<p><strong><b>Detalles de comunica\u00e7\u00e3o do r<\/b><\/strong><strong><b>s\u00e9rie de focos de arco<\/b><\/strong><strong><b>\u00a0<\/b><\/strong><strong><b>T<\/b><\/strong><strong><b>ub<\/b><\/strong><strong><b>e<\/b><\/strong><\/p>\n<p>\u2460 Capacidade de tubo: Quantos mililitros voc\u00ea precisa preencher?<\/p>\n<p>\u2461 Tamanho do tubo: Di\u00e2metro do tubo.<\/p>\n<p>\u2462 Longitude do tubo: o comprimento do tubo \u00e9 determinado de acordo com a capacidade e di\u00e2metro do tubo.<\/p>\n<p>\u2463 Confirma\u00e7\u00e3o da forma de fechamento da cauda.<\/p>\n<p>\u2464 Determina\u00e7\u00e3o do conte\u00fado do produto: Por exemplo, se cont\u00e9m componentes como \u00f3leos, \u00e1cidos ou \u00e1lcool? Eles s\u00e3o corrosivos ou perme\u00e1veis? Determinar o n\u00edvel de pH tamb\u00e9m desempenha um papel na sele\u00e7\u00e3o de materiais de mangueira. Esses fatores determinam coletivamente se uma camada de barreira \u00e9 necess\u00e1ria durante a produ\u00e7\u00e3o.<\/p>\n<p>\u2465 [UNK] Mercado alvo e confirma\u00e7\u00e3o regulamentar:[UNK]<\/p>\n<p>Onde \u00e9 vendido o produto? - Est\u00e1 em conformidade com as regras locais? Voc\u00ea precisa fornecer provas de conformidade com materiais.<\/p>\n<p>\u2466 Confirme a cor do corpo do tubo<\/p>\n<p>Por exemplo, voc\u00ea precisa personalizar tubos coloridos ou tubos transparentes ou tubos brancos? Voc\u00ea precisa ter efeitos de perlas e assim por diante? Confirme o \u00f3leo ligeiro: \u00f3leo brilhante, congelado e suave.<\/p>\n<p>\u2467 Processo de impress\u00e3o determinado<\/p>\n<p>Se a impress\u00e3o offset \u00e9 necess\u00e1ria, quantas cores s\u00e3o necess\u00e1rias e qual parte do texto e padr\u00e3o \u00e9 necess\u00e1ria?<\/p>\n<p>Se \u00e9 necess\u00e1rio imprimir a tela, qual parte do texto e padr\u00e3o \u00e9 necess\u00e1rio para imprimir a tela?<\/p>\n<p>Se voc\u00ea precisa de marca\u00e7\u00e3o quente, qual parte do texto e padr\u00e3o \u00e9 necess\u00e1rio para marca\u00e7\u00e3o quente?<\/p>\n<p>Se \u00e9 necess\u00e1rio etiquetar, quais s\u00e3o os requisitos de qualidade para o papel alvo? Quais s\u00e3o os melhores? Quais s\u00e3o os gerais?<\/p>\n<p>Ou os processos acima mencionados podem ser combinados, especificando qual parte \u00e9 o processo.<\/p>\n<p>\u2468 M\u00e9todo de selagem<\/p>\n<p>Cauda de selagem: Esta mangueira \u00e9 caracterizada por um design irregular de cauda. Geralmente, esta mangueira \u00e9 selecionada como o selo predeterminado da cauda. A cauda de selagem geralmente tem textura reta, forma irregular, arco, textura diagonal, etc. Confirme se a boca da garrafa precisa ser ligada com f\u00f3sforo de alum\u00ednio.<\/p>\n<p>l\u2469 Determina\u00e7\u00e3o de mangueira com cobertura: Voc\u00ea precisa de um tamp\u00e3o de screw ou de um tamp\u00e3o de flip? - \u00c9 necess\u00e1rio posicionar? Determine o tamanho, tipo, cor e processo de fabrica\u00e7\u00e3o do tamp\u00e3o. Pare para a boca da garrafa de mangueira: Este design n\u00e3o precisa de uma parede para a boca da garrafa de mangueira.<\/p>\n<p>\u246a Determinar o m\u00e9todo de embalagem<\/p>\n<p>\u246b Determinar o canal de entrega: mar, ar ou outro?<\/p>\n<ol>\n<li>Comunique para determinar se \u00e9 necess\u00e1rio desenvolver moldes.<\/li>\n<\/ol>\n<p>2.Dependendo de se o perfil de dente da mangueira confirmado e o design do selo da cauda requerem desenvolvimento adicional de moldes personalizados, a s\u00e9rie de design do selo da cauda em forma de cart\u00e3o nesta cadeia \u00e9 para desenvolvimento de moldes novos.<\/p>\n<p>3.De acordo com o plano acima referido, ser\u00e1 fornecida uma cita\u00e7\u00e3o detalhada, incluindo: taxa de abertura de molho, taxa de amostra, pre\u00e7o unit \u00e1rio de produto e taxa de transporte.<\/p>\n<p><strong><b>Fase 2: Design e produ\u00e7\u00e3o de amostras<\/b><\/strong><\/p>\n<p>Ap\u00f3s o acompanhamento de neg\u00f3cios confirma a inten\u00e7\u00e3o de coopera\u00e7\u00e3o, entra no est\u00e1gio de transformar os requisitos em objetos f\u00edsicos.<\/p>\n<p>A marca paga o custo da moldura que projetamos e desenvolvemos de acordo com o tamanho confirmado do design de tubo e cauda este passo normalmente leva 20-30 dias.<\/p>\n<p>1 Confirma\u00e7\u00e3o do manuscrito de design<\/p>\n<ol>\n<li>A marca fornece o manuscrito de design em AI ou PDF, etc. Nossos engenheiros verificar\u00e3o se o tamanho, cor, tamanho, processo, linha de sangramento e outros requisitos do manuscrito de design s\u00e3o cumpridos, e fornecer\u00e3o sugest\u00f5es e ajustes para modifica\u00e7\u00e3o.<\/li>\n<li>Se n\u00e3o, um conjunto de tubos de amostra e cobertura de amostra ser\u00e1 fornecido para nosso designer para referir o design.<\/li>\n<li>Depois do desenvolvimento do molde de produ\u00e7\u00e3o de amostras, vamos organizar a produ\u00e7\u00e3o e fazer amostras o mais pr\u00f3ximas poss\u00edvel \u00e0 grande produ\u00e7\u00e3o de lote de acordo com o manuscrito de design confirmado para a marca para finalmente confirmar todos os detalhes.<\/li>\n<\/ol>\n<p>Confirma\u00e7\u00e3o de amostra A marca precisa revisar estritamente a amostra e assinar de volta o livro de amostra ap\u00f3s confirma\u00e7\u00e3o. Usaremos este documento como padr\u00e3o de aceita\u00e7\u00e3o para a produ\u00e7\u00e3o subsequente de grandes bens.<\/p>\n<p><strong><b>Fase 3: Produ\u00e7\u00e3o em massa (Produ\u00e7\u00e3o e Controlo da Qualidade)<\/b><\/strong>\u00a0<strong><b>Produ\u00e7\u00e3o<\/b><\/strong>: Ao receber a ordem oficial e o dep\u00f3sito da marca, procuramos mat\u00e9rias-primas e iniciamos a produ\u00e7\u00e3o em massa. Durante a fabrica\u00e7\u00e3o, os inspectores de qualidade realizam amostragem aleat\u00f3ria para assegurar padr\u00f5es de qualidade consistentes em todos os processos. Inspec\u00e7\u00e3o Completa: Ap\u00f3s a conclus\u00e3o da produ\u00e7\u00e3o, os inspectores realizam controles de qualidade completos de produtos acabados e emitem um relat\u00f3rio de inspec\u00e7\u00e3o de qualidade.<\/p>\n<p><strong><b>\u00a0Fase 4: Transporte e - embalagem de entrega:<\/b><\/strong>\u00a0Os produtos s\u00e3o embalados de acordo com especifica\u00e7\u00f5es e rotulados com marcas de transporte. Pagamento de marca: Ap\u00f3s receber o pagamento final, organizamos o transporte log\u00edstico de acordo com o hor\u00e1rio de entrega do contrato. Fase 5: Servi\u00e7o de Depois de Vendas N\u00f3s abordamos o feedback dos clientes e resolvemos problemas potenciais relacionados ao servi\u00e7o.<\/p>\n<p>&nbsp;<\/p>","protected":false},"excerpt":{"rendered":"<p>Hongyi Plastic Round arc seals series Tube 10-15ml\/0.34-0.51f1.0z , A cauda \u00e9 formada por press\u00e3o quente ou soldagem ultras\u00f4nica para formar uma superf\u00edcie de arco de selagem suave, arredondada, livre de ruptura e de ponta morta.<\/p>\n<p>Aplica\u00e7\u00f5es recomendadas: Botellas flex\u00edveis de capa redonda para Cosm\u00e9ticos-Ideais para Emuls\u00e3o, Cremas, Limpadores Faciais, Cremas Oculares, Cremas de M\u00e3os e Cremas de Pedras. - Tubos de silicone de grande capacidade amig\u00e1veis para viajar com selagem flex\u00edvel.<\/p>","protected":false},"featured_media":1942,"comment_status":"closed","ping_status":"closed","template":"","meta":[],"product_brand":[],"product_cat":[30,15],"product_tag":[],"class_list":{"0":"post-1200","1":"product","2":"type-product","3":"status-publish","4":"has-post-thumbnail","6":"product_cat-arc-series","7":"product_cat-artistic-design-plastic-tube","9":"first","10":"instock","11":"shipping-taxable","12":"product-type-simple"},"_links":{"self":[{"href":"https:\/\/www.hongyitube.com\/pt\/wp-json\/wp\/v2\/product\/1200","targetHints":{"allow":["GET"]}}],"collection":[{"href":"https:\/\/www.hongyitube.com\/pt\/wp-json\/wp\/v2\/product"}],"about":[{"href":"https:\/\/www.hongyitube.com\/pt\/wp-json\/wp\/v2\/types\/product"}],"replies":[{"embeddable":true,"href":"https:\/\/www.hongyitube.com\/pt\/wp-json\/wp\/v2\/comments?post=1200"}],"wp:featuredmedia":[{"embeddable":true,"href":"https:\/\/www.hongyitube.com\/pt\/wp-json\/wp\/v2\/media\/1942"}],"wp:attachment":[{"href":"https:\/\/www.hongyitube.com\/pt\/wp-json\/wp\/v2\/media?parent=1200"}],"wp:term":[{"taxonomy":"product_brand","embeddable":true,"href":"https:\/\/www.hongyitube.com\/pt\/wp-json\/wp\/v2\/product_brand?post=1200"},{"taxonomy":"product_cat","embeddable":true,"href":"https:\/\/www.hongyitube.com\/pt\/wp-json\/wp\/v2\/product_cat?post=1200"},{"taxonomy":"product_tag","embeddable":true,"href":"https:\/\/www.hongyitube.com\/pt\/wp-json\/wp\/v2\/product_tag?post=1200"}],"curies":[{"name":"wp","href":"https:\/\/api.w.org\/{rel}","templated":true}]}}