{"id":1199,"date":"2025-07-11T18:21:21","date_gmt":"2025-07-11T10:21:21","guid":{"rendered":"https:\/\/www.hongyitube.com\/?post_type=product&#038;p=1199"},"modified":"2025-09-17T10:39:18","modified_gmt":"2025-09-17T02:39:18","slug":"19mm-pe-pointed-small-mouth-tube-hongyi-plastic","status":"publish","type":"product","link":"https:\/\/www.hongyitube.com\/pt\/product\/19mm-pe-pointed-small-mouth-tube-hongyi-plastic\/","title":{"rendered":"Tubo de boca pequeno pontuado em 19 mm PE &#8211; Hongyi Plastic"},"content":{"rendered":"<h2><strong>Caracter\u00edsticas<\/strong><\/h2>\n<ul>\n<li><b><\/b><strong><b>Design de Tube Body<\/b><\/strong>.<\/li>\n<\/ul>\n<p>Nesta s\u00e9rie de tubos, imprimimos um efeito de cor gradiente que \u00e9 t\u00e3o sonhado e natural como uma aurora borealis. Isto, em si mesmo, \u00e9 um peda\u00e7o de arte. Ent\u00e3o, com precis\u00e3o at\u00e9 o mil\u00edmetro, estamp\u00e1vamos exatamente a brilhante folha met\u00e1lica colorida no gradiente. A textura de fundo fluindo e radiante sustenta o logotipo brilhante, combinando a suavidade da cor com o luxo do metal. - Mant\u00ea-lo na m\u00e3o sente-se como manter um peda\u00e7o de j\u00f3ias exquisitas, perfeitamente melhorando o estatuto nobre de seu produto. \u00c9 particularmente apropriado para sua edi\u00e7\u00e3o anual limitada ou produto de estrela e \u00e9 definitivamente uma mudan\u00e7a de jogo para o mercado.<\/p>\n<p>&nbsp;<\/p>\n<h2><strong>Avantagens de Produtos<\/strong><\/h2>\n<ol>\n<li><strong><b>Controlo extremamente preciso sobre a quantidade utilizada<\/b><\/strong><\/li>\n<\/ol>\n<p>A sa\u00edda do nozzle interior pontual \u00e9 extremamente pequena, permitindo aos usu\u00e1rios pressionar o produto em um &#8220; ponto ou &#8220; linha&#8221; de maneira, com precis\u00e3o at\u00e9 o mil\u00edmetro. Isso evita efetivamente res\u00edduos, o que \u00e9 crucial para produtos de ess\u00eancia caros e de alta concentra\u00e7\u00e3o.<\/p>\n<ol start=\"2\">\n<li><strong><b> Altos padr\u00f5es de saneamento para prevenir polui\u00e7\u00e3o secund\u00e1ria.<\/b><\/strong><\/li>\n<\/ol>\n<p>O produto flui atrav\u00e9s de uma abertura estreita e apurada, assegurando que o conte\u00fado dentro do tubo n\u00e3o entra em contato com ar ou usu\u00e1rio&#8217; as m\u00e3os. Isso reduz significativamente o risco de oxida\u00e7\u00e3o, contamina\u00e7\u00e3o e crescimento bacteriano.<\/p>\n<ol start=\"3\">\n<li><strong><b> Adequado para materiais altamente l\u00edquidos.<\/b><\/strong><\/li>\n<\/ol>\n<p>Designados especificamente para produtos com alta fluidez, como ess\u00eancias, \u00f3leos essenciais e solu\u00e7\u00f5es baseadas em \u00e1gua, para evitar efetivamente o surfluxo acidental ou fuga da abertura do tubo.<\/p>\n<ol start=\"4\">\n<li><strong><b> Experi\u00eancia profissional de usu\u00e1rio<\/b><\/strong><\/li>\n<\/ol>\n<p>Este design d\u00e1 um senso de profissionalismo e tecnologia semelhante ao de um &#8220; farmac\u00eautico ou &#8220; laborat\u00f3rio,&#8221; implicando que o produto os ingredientes s \u00e3o altamente ativos e requerem uso preciso.<\/p>\n<ol start=\"5\">\n<li><strong><b> Aplica\u00e7\u00e3o flex\u00edvel<\/b><\/strong><\/li>\n<\/ol>\n<p>O nozzle interior pontuado pode ser projetado com diferentes comprimentos e di\u00e2metros de ponta, conforme necess\u00e1rio para acomodar produtos de viscosidades variadas.<\/p>\n<p>&nbsp;<\/p>\n<h2><strong>Scen\u00e1rios de aplica\u00e7\u00e3o de produtos<\/strong><\/h2>\n<ol>\n<li><b><\/b><strong><b>Ess\u00eancia local &amp; ampolas de alta concentra\u00e7\u00e3o <\/b><\/strong><\/li>\n<\/ol>\n<p>Es\u00eancia de luta contra acne, ess\u00eancia localizada de pontos de ilumina\u00e7\u00e3o, ess\u00eancia de poros de ala nariz, gel de repara\u00e7\u00e3o de cicatrizes, ampolas de alta concentra\u00e7\u00e3o Vitamina C, \u00f3leos essenciais. Esses produtos geralmente requerem aplica\u00e7\u00e3o precisa \u00e0 \u00e1rea afetada, e a quantidade utilizada deve ser estritamente controlada. O design de ponta apontada permite atingir diretamente a \u00e1rea de preocupa\u00e7\u00e3o, minimizando o desperd\u00edcio de ingredientes caros.<\/p>\n<ol start=\"2\">\n<li><strong><b> Produtos de Cuidado Ocular<\/b><\/strong><\/li>\n<\/ol>\n<p>Produto: Eye Essence e Eye Cream (modelos com boa fluidez). A \u00e1rea ocular \u00e9 delicada, e deve ser cuidado quando se aplica o produto (s\u00f3 \u00e9 necess\u00e1rio um gr\u00e3o de tamanho de arroz por aplica\u00e7\u00e3o). A ponta apontada permite aplica\u00e7\u00e3o direta f\u00e1cil \u00e0 estrutura \u00f3ssea ao redor dos olhos, reduzindo o risco de contamina\u00e7\u00e3o e arrastamento causado pela utiliza\u00e7\u00e3o de um&#8217; os dedos.<\/p>\n<ol start=\"2\">\n<li><b><\/b><strong><b>Ingrediente de alta efic\u00e1cia &amp; - produtos de corte de pele <\/b><\/strong><\/li>\n<\/ol>\n<p>Produtos exfoliantes que cont\u00eam tipos de \u00e1cido (\u00e1cido salic\u00edlico, \u00e1cidos de fruta), creme de hidroquinona, ingr\u00e9deas com for\u00e7a de prescri\u00e7\u00e3o. Esses produtos t\u00eam efeitos poderosos e devem ser estritamente controlados para as \u00e1reas que requerem tratamento; Eles nunca deveriam ser usados em pele saud\u00e1vel. O design da ponta ponta assegura extremamente alta precis\u00e3o e seguran\u00e7a durante o uso.<\/p>\n<ol start=\"3\">\n<li><b><\/b><strong><b>Glue e Adhesives \u00a0\u00a0<\/b><\/strong><\/li>\n<\/ol>\n<p>Embora n\u00e3o seja um produto cosm\u00e9tico, o mesmo princ\u00edpio se aplica a campos industriais como cola modelo que requer controle preciso da quantidade utilizada, e adesivos utilizados na eletr\u00f4nica.<\/p>","protected":false},"excerpt":{"rendered":"<p>Hongyi Plastic Pointed Small Mouth series Tube 10-15ml\/0.34-0.51f1.0z , Nosso tubo suave usa uma combina\u00e7\u00e3o de embalagens muito cl\u00e1ssica e orientada para fun\u00e7\u00f5es: o &#8220; tubo mole de dentes pequenos. parejado com o &#8220; capa interior com ponta aguda design. A apar\u00eancia global \u00e9 pequena e exquisita, com uma pequena quantidade de produto apertada de vez em quando, tornando f\u00e1cil controlar. Ent\u00e3o, parejado com um componente pl\u00e1stico inserido no tubo mole&#8217; a abertura, que chamamos de tampa interior, cuja parte superior apresenta uma ponta desnudada. Quando usado, o usu\u00e1rio simplesmente abre a tampa do tubo, aperta o corpo do tubo, e o produto \u00e9 extra\u00eddo da ponta. A ponta \u00e9 como uma escova precisa, permitindo ao usu\u00e1rio aplicar o produto diretamente a \u00e1reas espec\u00edficas que precisam de cuidado, como um pimple, uma falha, ou ao redor dos olhos. A quantidade utilizada \u00e9 perfeitamente controlada, assegurando que n\u00e3o h\u00e1 res\u00edduos.<\/p>\n<p><strong><b>Aplica\u00e7\u00f5es recomendadas:<\/b><\/strong>Es\u00eancia localizada de pontos de ilumina\u00e7\u00e3o, s\u00e9rio de ess\u00eancia ocular, ingredita de for\u00e7a de prescri\u00e7\u00e3o, cola modelo com controle preciso sobre a quantidade utilizada.<\/p>","protected":false},"featured_media":2513,"comment_status":"closed","ping_status":"closed","template":"","meta":[],"product_brand":[],"product_cat":[15,32],"product_tag":[],"class_list":{"0":"post-1199","1":"product","2":"type-product","3":"status-publish","4":"has-post-thumbnail","6":"product_cat-artistic-design-plastic-tube","7":"product_cat-pointed-mouth-series","9":"first","10":"instock","11":"shipping-taxable","12":"product-type-simple"},"_links":{"self":[{"href":"https:\/\/www.hongyitube.com\/pt\/wp-json\/wp\/v2\/product\/1199","targetHints":{"allow":["GET"]}}],"collection":[{"href":"https:\/\/www.hongyitube.com\/pt\/wp-json\/wp\/v2\/product"}],"about":[{"href":"https:\/\/www.hongyitube.com\/pt\/wp-json\/wp\/v2\/types\/product"}],"replies":[{"embeddable":true,"href":"https:\/\/www.hongyitube.com\/pt\/wp-json\/wp\/v2\/comments?post=1199"}],"wp:featuredmedia":[{"embeddable":true,"href":"https:\/\/www.hongyitube.com\/pt\/wp-json\/wp\/v2\/media\/2513"}],"wp:attachment":[{"href":"https:\/\/www.hongyitube.com\/pt\/wp-json\/wp\/v2\/media?parent=1199"}],"wp:term":[{"taxonomy":"product_brand","embeddable":true,"href":"https:\/\/www.hongyitube.com\/pt\/wp-json\/wp\/v2\/product_brand?post=1199"},{"taxonomy":"product_cat","embeddable":true,"href":"https:\/\/www.hongyitube.com\/pt\/wp-json\/wp\/v2\/product_cat?post=1199"},{"taxonomy":"product_tag","embeddable":true,"href":"https:\/\/www.hongyitube.com\/pt\/wp-json\/wp\/v2\/product_tag?post=1199"}],"curies":[{"name":"wp","href":"https:\/\/api.w.org\/{rel}","templated":true}]}}