{"id":1194,"date":"2025-07-11T18:20:45","date_gmt":"2025-07-11T10:20:45","guid":{"rendered":"https:\/\/www.hongyitube.com\/?post_type=product&#038;p=1194"},"modified":"2026-01-13T13:42:49","modified_gmt":"2026-01-13T05:42:49","slug":"19-water-drop-head-design-plastic-tube-pe-plastic-tube-bottle-packaging-material-sub-bottle","status":"publish","type":"product","link":"https:\/\/www.hongyitube.com\/pt\/product\/19-water-drop-head-design-plastic-tube-pe-plastic-tube-bottle-packaging-material-sub-bottle\/","title":{"rendered":"19 tubos de pl\u00e1stico, embalagem de garrafas de pl\u00e1stico PE"},"content":{"rendered":"<p>Hongyi[UNK]Plastic 16-gauge, all-in-one\/separate-body tip-style inner nozzle, PE material, [UNK]tube-2 [UNK]filling Capacity[UNK]3g\/3ml -15g\/15ml [UNK]0,10 -0,51fl.oz<\/p>\n<p>Usando polipropileno de alta transpar\u00eancia (PP) ou pl\u00e1stico PETG, o material \u00e9 cristal claro, sem odor, qu\u00edmicamente est\u00e1vel e tem boa compatibilidade com o conte\u00fado, tornando f\u00e1cil ver o produto&#8217; s textura e quantidade restante num olhar.<\/p>\n<ul>\n<li>Nesai: Capa interior da gota de silicone de grau aliment\u00edcio\/m\u00e9dico, molho e el\u00e1stico, excelente desempenho de selagem.<\/li>\n<li>Cap: Cap acr\u00edlico feito personalizado, de cor, com um sentimento substancial, cor rica, excelente transmiss\u00e3o de luz, e uma apar\u00eancia de alto n\u00edvel.<\/li>\n<\/ul>\n<p><strong><b>Aplica\u00e7\u00f5es recomendadas<\/b><\/strong><strong><b>\u00a0\" <\/b><\/strong><\/p>\n<p><strong><b>\u00a0<\/b><\/strong>Este tubo mole transparente, que combina tanto apelo est\u00e9tico quanto pr\u00e1tica, \u00e9 uma escolha excelente para as seguintes aplica\u00e7\u00f5es:<\/p>\n<p>&nbsp;<\/p>\n<ul>\n<li><strong><b> Pele de alto n\u00edvel<\/b><\/strong>: \u00f3leo de ess\u00eancia, \u00f3leo de beleza, gel de ess\u00eancia, creme para olhos, maquilhagem.<\/li>\n<li>Aroma pessoal: bast\u00f5es perfumados s\u00f3lidos, balmas essenciais de \u00f3leo e cremas de frag\u00e2ncia corporal.<\/li>\n<li><strong><b> Aromaterapia essencial do petr\u00f3leo: <\/b><\/strong>Petr\u00f3leo de Massagem Composto, Paste de Infus\u00e3o Arom\u00e1tica, Creme de Calma.<\/li>\n<li><strong><b> Maquilhagem de alto n\u00edvel:<\/b><\/strong>Creme mais claro, creme brilhante Lip, creme de base pr\u00e9-maquilhagem.<\/li>\n<\/ul>\n<h3>1. <strong><b>Atributos do produto\u00a0<\/b><\/strong><\/h3>\n<p><strong><b>\u00a0Transparente e claro, com conte\u00fado vis\u00edvel<\/b><\/strong><\/p>\n<ul>\n<li><strong><b> Corpo de tubo altamente transparente<\/b><\/strong><b><\/b><\/li>\n<\/ul>\n<p>mostra perfeitamente a verdadeira cor, textura e volume do conte\u00fado, fornecendo aos consumidores a seguran\u00e7a e fresca de &#8220; o que eles v\u00eaem \u00e9 o que eles obt\u00eam,&#8221; assim estimulando seu desejo de comprar.<\/p>\n<ul>\n<li>Seguro selo: O extremo da cauda \u00e9 fechado com press\u00e3o t\u00e9rmica para assegurar tens\u00e3o a\u00e9rea absoluta durante o transporte e armazenamento, proporcionando paz mental em rela\u00e7\u00e3o \u00e0 seguran\u00e7a.<\/li>\n<\/ul>\n<p>Dormir e est\u00e9tica luxuosa, brilhante e radiante:<\/p>\n<ul>\n<li><strong><b> Combina\u00e7\u00e3o Luxuria de Cores<\/b><\/strong><b><\/b><\/li>\n<\/ul>\n<p>O design do corpo do tubo apresenta o cl\u00e1ssico e luxuoso esquema de cores de vermelho e ouro ou roxa e ouro, que atrai aten\u00e7\u00e3o significativa e exude um sentido de nobreza e mist\u00e9rio.<\/p>\n<ul>\n<li>Processo de emboscamento de ouro tridimensional: Os padr\u00f5es e elementos de marca s\u00e3o emboscados com ouro, criando um efeito impressionante e texturado no tubo transparente, com uma apar\u00eancia radiante e atraente que exude tanto o impacto visual como o senso de luxo.<\/li>\n<li>Texto de tela de seda: Informa\u00e7\u00e3o do produto \u00e9 impressa usando tecnologia de tela de seda, que garante clareza e durabilidade. - Ele complementa harmonicamente o design encaixado em ouro, garantindo a comunica\u00e7\u00e3o efetiva da marca&#8217; s informa\u00e7\u00e3o.<\/li>\n<li><b> <\/b><strong><b>Artisanato de precis\u00e3o, experi\u00eancia melhorada<\/b><\/strong><\/li>\n<li>Grande Teeth Design: Os dentes com fios na abertura do tubo s\u00e3o maiores, permitindo uma rota\u00e7\u00e3o r\u00e1pida, suave e sem esfor\u00e7o da tampa, aumentando tanto a conveni\u00eancia como a satisfa\u00e7\u00e3o do usu\u00e1rio.<\/li>\n<li>Water Droplet Tip Internal Stopper: O tap interno tem um design \u00fanico de tap de \u00e1gua. N\u00e3o s\u00f3 assegura um excelente desempenho de selagem, mas tamb\u00e9m permite controle preciso e uma experi\u00eancia de aplica\u00e7\u00e3o suave, tornando-o particularmente adequado para produtos oleosos ou de crema.<\/li>\n<li>Capa acr\u00edlica texturada: vem com uma cap a acr\u00edlica de mesma cor. O material \u00e9 substancial e se sente quente ao toque. A cor \u00e9 transparente, e o design se integra sem problemas com o corpo do tubo, aumentando significativamente a apar\u00eancia e peso gerais da embalagem.<\/li>\n<\/ul>","protected":false},"excerpt":{"rendered":"<p><b><\/b><strong><b>Design de Tube Body<\/b><\/strong>.<\/p>\n<ul>\n<li>Foco Visual: O corpo do tubo transparente serve como um &#8220; tela,&#8221; - com o selo de folha de ouro servindo como o ponto focal absoluto de design. atrav\u00e9s de um design de padr\u00f5es exquisito, uma arte visual magn\u00edfica e exquisita \u00e9 criada em um fundo transparente.<\/li>\n<li>Psicologia de cores:<\/li>\n<li>Vermelho - Ouro: Esta combina\u00e7\u00e3o transmite entusiasmo, confian\u00e7a, energia, luxo e cl\u00e1ssico, tornando perfeito para pr\u00e9-maquilhagem de alto n\u00edvel e produtos essenciais.<\/li>\n<li>Vermelha - Ouro: Converte mist\u00e9rio, nobreza, sabedoria, eleg\u00e2ncia e espiritualidade, tornando-a perfeita para \u00f3leos essenciais, balmas perfumados e produtos de repara\u00e7\u00e3o antienvelhecimento.<\/li>\n<li>Design Estrutural: O di\u00e2metro do tubo de 19 mm \u00e9 o tamanho ideal para mostrar conte\u00fados transparentes, atingindo um equil\u00edbrio entre n\u00e3o ser muito pequeno e ser capaz de mostrar claramente a textura. A grande abertura e a espessa cobertura acr\u00edlica asseguram tanto funcionalidade como apelo est\u00e9tico.<\/li>\n<li><strong>Avantagens do produto:<\/strong><\/li>\n<li><strong><b> Um forte apelo \u00e0 prateleira<\/b><\/strong><b><\/b><\/li>\n<\/ul>\n<p>A combina\u00e7\u00e3o de visuais transparentes e impress\u00e3o de cores de ouro \u00e9 altamente eficaz na prateleira, capaz de capturar os consumidores. aten\u00e7\u00e3o instant\u00e2nea e incentivar compras impulsivas.<\/p>\n<ul>\n<li><strong><b> Estabelecer uma imagem de marca de alto n\u00edvel<\/b><\/strong><b><\/b><\/li>\n<\/ul>\n<p>A cobertura acr\u00edlica e t\u00e9cnicas emboscadas em ouro s\u00e3o amplamente reconhecidas para melhorar a sofistica\u00e7\u00e3o da embalagem, trazendo efetivamente o alto valor e qualidade superior do produto, apoiando assim seu pre\u00e7o prim\u00e1rio.<\/p>\n<ul>\n<li><strong><b>&#8220; Visualiza\u00e7\u00e3o de Conte\u00fado - Mercado baseado em confian\u00e7a<\/b><\/strong><b><\/b><\/li>\n<\/ul>\n<p>A vontade de mostrar o conte\u00fado \u00e9 uma demonstra\u00e7\u00e3o de confian\u00e7a no produto&#8217; \u00e9 qualidade. Essa abordagem pode rapidamente estabelecer confian\u00e7a com os consumidores e reduzir a hesita\u00e7\u00e3o em tomar decis\u00f5es.<\/p>\n<ul>\n<li><strong><b> Experi\u00eancia de usu\u00e1rio otimizada para o extremo<\/b><\/strong><b><\/b><\/li>\n<\/ul>\n<p>Os dentes grandes e f\u00e1ceis de operar para rodar e desbordar, a cabe\u00e7a precisa em forma de gota para aplica\u00e7\u00e3o, o sentimento suave e velv\u00e9tico da cobertura acr\u00edlica - todos os detalhes foram cuidadosamente elaborados para assegurar uma experi\u00eancia agrad\u00e1vel do usu\u00e1rio.<\/p>\n<ul>\n<li><strong><b> Aplica\u00e7\u00e3o vers\u00e1til<\/b><\/strong><b><\/b><\/li>\n<\/ul>\n<p>Essa embalagem \u00e9 perfeita para uma ampla gama de usos, de produtos de corte de pele a fragran\u00e7as, tanto para uso di\u00e1rio como como um presente, mostrando assim o gift&#8217; \u00e9 sabor refinado.<\/p>\n<p><b><\/b><strong>Scen\u00e1rios de aplica\u00e7\u00e3o para o produto:<\/strong><\/p>\n<ul>\n<li><strong><b> Produto de marca estrela: <\/b><\/strong><b><\/b><\/li>\n<\/ul>\n<p>A embalagem de um &#8220; item estrelar  or &#8220; ess\u00eancia de as que \u00e9 destacada como o principal produto pode servir como um emblem a de marca devido \u00e0 sua apar\u00eancia atraente.<\/p>\n<ul>\n<li><strong><b> Holiday Limited Edition Gift Boxes (Natal, Ano Novo, Dia do Valentino):<\/b><\/strong>A combina\u00e7\u00e3o de cores de vermelho e ouro\/p\u00farpura \u00e9 inerentemente festiva e como um presente, tornando-a uma ferramenta eficaz para criar caixas de presente populares.<\/li>\n<li>Marca de sal\u00e3o e teatro: Uma marca de pele de alto n\u00edvel e uma marca essencial de petr\u00f3leo destinada a canais profissionais devem transmitir profissionalismo e efic\u00e1cia atrav\u00e9s de sua embalagem.<\/li>\n<li><strong><b> Designers and niche brands: <\/b><\/strong><b><\/b><\/li>\n<\/ul>\n<p>Designers who strive for unique aesthetics and hope to convey their brand story through packaging.<\/p>\n<ul>\n<li><strong><b> Cuidado pessoal de alto n\u00edvel e fragran\u00e7as:<\/b><\/strong><b><\/b><\/li>\n<\/ul>\n<p><strong><b>\u00a0<\/b><\/strong>Costumava embalar perfumes s\u00f3lidos, potpourri, pasta dent\u00e1ria de alto n\u00edvel e outros itens para refor\u00e7ar o sentido de cerim\u00f4nia nas rotinas de cuidado di\u00e1rio.<\/p>","protected":false},"featured_media":1961,"comment_status":"closed","ping_status":"closed","template":"","meta":[],"product_brand":[],"product_cat":[41,28],"product_tag":[],"class_list":{"0":"post-1194","1":"product","2":"type-product","3":"status-publish","4":"has-post-thumbnail","6":"product_cat-acrylic-water-drop-cover","7":"product_cat-functional-plastic-tube","9":"first","10":"instock","11":"shipping-taxable","12":"purchasable","13":"product-type-simple"},"_links":{"self":[{"href":"https:\/\/www.hongyitube.com\/pt\/wp-json\/wp\/v2\/product\/1194","targetHints":{"allow":["GET"]}}],"collection":[{"href":"https:\/\/www.hongyitube.com\/pt\/wp-json\/wp\/v2\/product"}],"about":[{"href":"https:\/\/www.hongyitube.com\/pt\/wp-json\/wp\/v2\/types\/product"}],"replies":[{"embeddable":true,"href":"https:\/\/www.hongyitube.com\/pt\/wp-json\/wp\/v2\/comments?post=1194"}],"wp:featuredmedia":[{"embeddable":true,"href":"https:\/\/www.hongyitube.com\/pt\/wp-json\/wp\/v2\/media\/1961"}],"wp:attachment":[{"href":"https:\/\/www.hongyitube.com\/pt\/wp-json\/wp\/v2\/media?parent=1194"}],"wp:term":[{"taxonomy":"product_brand","embeddable":true,"href":"https:\/\/www.hongyitube.com\/pt\/wp-json\/wp\/v2\/product_brand?post=1194"},{"taxonomy":"product_cat","embeddable":true,"href":"https:\/\/www.hongyitube.com\/pt\/wp-json\/wp\/v2\/product_cat?post=1194"},{"taxonomy":"product_tag","embeddable":true,"href":"https:\/\/www.hongyitube.com\/pt\/wp-json\/wp\/v2\/product_tag?post=1194"}],"curies":[{"name":"wp","href":"https:\/\/api.w.org\/{rel}","templated":true}]}}