{"id":4642,"date":"2026-01-29T13:20:35","date_gmt":"2026-01-29T05:20:35","guid":{"rendered":"https:\/\/www.hongyitube.com\/?post_type=product&#038;p=4642"},"modified":"2026-01-29T13:20:35","modified_gmt":"2026-01-29T05:20:35","slug":"%cf%8650mm-diameter-high-capacity-236-grams-ml-oval-shaped-pe-soft-tube-packaging-material-container-bottle-hongyi-plastic","status":"publish","type":"product","link":"https:\/\/www.hongyitube.com\/es\/product\/%cf%8650mm-diameter-high-capacity-236-grams-ml-oval-shaped-pe-soft-tube-packaging-material-container-bottle-hongyi-plastic\/","title":{"rendered":"\u03a650mm de di\u00e1metro, de alta capacidad 236 gramos \/ ml de forma oval PE material de envasado de tubo blando \/ recipiente \/ botella - pl\u00e1stico Hongyi"},"content":{"rendered":"<ol>\n<li>Descripci\u00f3n del producto<\/li>\n<\/ol>\n<p>&nbsp;<\/p>\n<p>Este producto es una manguera oval de PE de 50mm de di\u00e1metro con una capacidad est\u00e1ndar de 50g\/ml, un empaquetado ic\u00f3nico dise\u00f1ado para el mercado de gama media a alta que busca la experiencia sensorial definitiva y una est\u00e9tica visual pura. Disponible en tres opciones de color s\u00f3lido de alta saturaci\u00f3n: rojo apasionado, p\u00farpura misteriosa y rosa rom\u00e1ntico, el cuerpo del tubo est\u00e1 cubierto con un aceite brillante de textura suave y amigable con la piel, que es delicado y c\u00e1lido al tacto. La informaci\u00f3n del producto se presenta claramente a trav\u00e9s de una pantalla de seda negra de alto contraste, simple pero potente. Adopta un dise\u00f1o altamente integrado y est\u00e1 equipado con una cubierta de aleta roja, p\u00farpura y rosa en el mismo color que el cuerpo del tubo, logrando una pureza absoluta e integridad en el color. Es un sistema de envasado a nivel sensorial que integra profundamente la emoci\u00f3n del color, el placer t\u00e1ctil y la funcionalidad sencilla.<\/p>\n<p>&nbsp;<\/p>\n<ol start=\"2\">\n<li>Material y proceso del producto<\/li>\n<\/ol>\n<p>&nbsp;<\/p>\n<ul>\n<li>Sustrato de cuerpo de tubo: Hecho de material compuesto PE de alta calidad y altamente resistente para garantizar la adhesi\u00f3n estable de colores brillantes y resistencia f\u00edsica para uso a largo plazo.<\/li>\n<li>Proceso de tratamiento superficial: El principal punto destacado radica en la aplicaci\u00f3n de aceites avanzados de barniz texturizados suaves y amigables con la piel. Este recubrimiento no solo da al cuerpo del tubo una sensaci\u00f3n mate y sedosa \u00fanica, sino que tambi\u00e9n tiene una excelente resistencia a la abrasi\u00f3n, las manchas y las huellas digitales, lo que mejora significativamente la sofisticaci\u00f3n y la durabilidad del producto.<\/li>\n<li>Seguridad y protecci\u00f3n del medio ambiente: Todos los materiales cumplen con las normas internacionales de seguridad de productos cosm\u00e9ticos y de consumo (por ejemplo, FDA, REACH). El material PE es reciclable, y la aplicaci\u00f3n de barniz respetuoso con el medio ambiente tambi\u00e9n responde a la tendencia de la producci\u00f3n verde.<\/li>\n<li>Compatibilidad de componentes: La tapa del mismo color adopta un proceso de moldeo por inyecci\u00f3n que coincide con el color del tubo, asegurando una conexi\u00f3n de color sin costuras y reflejando la integridad del dise\u00f1o.<\/li>\n<\/ul>\n<p>&nbsp;<\/p>\n<ol start=\"3\">\n<li>Uso recomendado del producto<\/li>\n<\/ol>\n<p>&nbsp;<\/p>\n<p>Industria de belleza y cuidado de la piel<\/p>\n<p>&nbsp;<\/p>\n<ul>\n<li>Mercado de se\u00f1oras:<\/li>\n<li>Rojo: Adecuado para las pastas cl\u00e1sicas de l\u00e1piz labial (b\u00e1lsamo labial, b\u00e1lsamo de labios y mejillas), los soros energ\u00e9ticos o el maquillaje festivo de edici\u00f3n limitada. El rojo transmite confianza, entusiasmo y encanto cl\u00e1sico, lo que lo convierte en la elecci\u00f3n perfecta para crear piezas ic\u00f3nicas.<\/li>\n<li>Modelo p\u00farpura: Perfectamente combinado con suero anti-envejecimiento, crema para ojos de lujo, b\u00e1lsamo corporal de fragancia misteriosa. El p\u00farpura simboliza la sabidur\u00eda, el lujo y la espiritualidad, atrayendo a los consumidores de gama alta que buscan tecnolog\u00eda de vanguardia y un sentido del ritual.<\/li>\n<li>Rosa: ideal para cremas hidratantes, b\u00e1lsamos exfoliantes suaves, b\u00e1lsamos rojos o productos femeninos. El rosa transmite ternura, amor y dulzura, y tiene un amplio atractivo.<\/li>\n<li>Hombres&#8217; s mercado: modelos rojos se pueden usar para hombres&#8217; b\u00e1lsamos de Colonia o bastones de contorno que muestran fuerza e individualidad; El modelo de p\u00farpura oscura es adecuado para posicionar hombres de gama alta&#8217; serie de cuidados anti-envejecimiento, rompiendo el estereotipo de color de g\u00e9nero. La textura suave mejora el placer del uso.<\/li>\n<li>Ni\u00f1os&#8217; s mercado: los modelos rosa y p\u00farpura son ideales para ni\u00f1os&#8217; s hidratantes naturales y b\u00e1lsamos calmantes. Los colores suaves y los toques amigables con la piel pueden brindar un doble sentido de seguridad a padres y ni\u00f1os, y los patrones de dibujos animados negros en pantalla de seda pueden agregar inter\u00e9s.<\/li>\n<\/ul>\n<p>&nbsp;<\/p>\n<p>yesos farmac\u00e9uticos<\/p>\n<p>&nbsp;<\/p>\n<ul>\n<li>Es adecuado para productos que necesitan fortalecer el paciente&#8217; sensaciones psicol\u00f3gicas, tales como b\u00e1lsamo calmante de masaje (rojo\/rosa), b\u00e1lsamo arom\u00e1tico de ayuda al sue\u00f1o (p\u00farpura). La textura suave puede mejorar en gran medida la impresi\u00f3n negativa de los pacientes al tacto fr\u00edo del envase de ung\u00fcento y mejorar el cumplimiento con el uso.<\/li>\n<\/ul>\n<p>&nbsp;<\/p>\n<p>Industria de agentes de mantenimiento mec\u00e1nico<\/p>\n<p>&nbsp;<\/p>\n<ul>\n<li>Productos separados de cuidado de la piel de gama alta de consumo, como aceite de cadena de bicicletas (rojo representa la pasi\u00f3n), limpiador de equipos de audio hi-fi (p\u00farpura representa la calidad de sonido noble), crema de cuidado de lentes de c\u00e1mara. El embalaje de color s\u00f3lido y texturizado atrae a los aficionados o profesionales que valoran la est\u00e9tica y la experiencia.<\/li>\n<\/ul>\n<p>&nbsp;<\/p>\n<p>Industria de pigmentos qu\u00edmicos industriales<\/p>\n<p>&nbsp;<\/p>\n<ul>\n<li>Para tubos de pigmento de color s\u00f3lido de calidad art\u00edstica (por ejemplo, rojo cadmio, violeta cobalto, rosa rosa). El color del envase puede indicar directamente el color del pigmento en el tubo, formando un c\u00f3digo visual intuitivo, y la textura suave mejora el disfrute t\u00e1ctil durante el trabajo.<\/li>\n<\/ul>\n<p>&nbsp;<\/p>\n<ol start=\"4\">\n<li>Caracter\u00edsticas del producto<\/li>\n<\/ol>\n<p>&nbsp;<\/p>\n<ul>\n<li>Experiencia t\u00e1ctil revolucionaria: la cara suave y el esmalte de textura amigable con la piel es la caracter\u00edstica diferenciadora principal de este producto, que transforma el color visual en emociones t\u00e1ctiles, crea una fuerte raz\u00f3n para comprar y usar el punto de memoria de &#8220; confortable sostener&#8221; y mejora en gran medida el valor a\u00f1adido emocional del producto.<\/li>\n<li>Narrativa de color extremadamente pura: los colores rojo, p\u00farpura y rosa altamente saturados no se mezclan con ning\u00fan gradiente o patr\u00f3n, transmitiendo emociones y personalidad de marca de la manera m\u00e1s directa e intensa. El dise\u00f1o del flip-top del mismo color mantiene la integridad del color y tiene un fuerte impacto visual.<\/li>\n<li>La percepci\u00f3n de lujo de &#8220; di\u00e1metro de tubo grande y capacidad peque\u00f1a&#8221; El di\u00e1metro extra grande de la tuber\u00eda de 50mm forma una relaci\u00f3n \u00fanica con la capacidad est\u00e1ndar de 50g, que est\u00e1 llena y llena en la mano, apareciendo visualmente m\u00e1s grande y m\u00e1s lujoso, subvertiendo la percepci\u00f3n rentable de las mangueras tradicionales.<\/li>\n<li>Dise\u00f1o funcional sencillo y eficiente: La tapa flip est\u00e1 dise\u00f1ada para abrir y cerrar f\u00e1cilmente con una sola mano, y la serigraf\u00eda negra es altamente legible contra un fondo de color s\u00f3lido. El sello de cola asegura un sello y el dise\u00f1o general elimina todos los elementos redundantes.<\/li>\n<\/ul>\n<p>&nbsp;<\/p>","protected":false},"excerpt":{"rendered":"<ol>\n<li>Dise\u00f1o del cuerpo del tubo del producto<\/li>\n<\/ol>\n<p>&nbsp;<\/p>\n<ul>\n<li>Aplicaciones de psicolog\u00eda del color:<\/li>\n<li>Rojo: acci\u00f3n, vitalidad, cl\u00e1sicos, amor. Para productos que requieren decisiones r\u00e1pidas y generan compras impulsivas.<\/li>\n<li>P\u00farpura: lujo, creatividad, sabidur\u00eda, misterio. Para productos de gama alta, innovadores o con una historia de marca espiritual.<\/li>\n<li>Rosa: suave, cari\u00f1oso, dulce, rom\u00e1ntico. Productos suaves, nutritivos o para el mercado de mujeres j\u00f3venes y beb\u00e9s.<\/li>\n<li>Unidad de textura y visi\u00f3n: La textura suave de la superficie debilita la agresividad visual de los colores s\u00f3lidos, haci\u00e9ndolos v\u00edvidos sin perder su gama alta y suavidad. La pantalla de seda negra, como un color neutral, equilibra la visi\u00f3n general y lleva la informaci\u00f3n necesaria.<\/li>\n<li>Lenguaje de modelado integrado: El cuerpo de tubo oval y la cubierta del mismo color constituyen una unidad visual completa, redondeada y sin costuras, sin ning\u00fan elemento que destruya la pureza de su color y la suavidad de la forma.<\/li>\n<\/ul>\n<p>&nbsp;<\/p>\n<ol start=\"2\">\n<li>Ventajas del producto<\/li>\n<\/ol>\n<p>&nbsp;<\/p>\n<ul>\n<li>Crear recuerdos sensoriales profundos y lealtad a la marca: La experiencia t\u00e1ctil \u00fanica permite que los productos dejen recuerdos f\u00edsicos inolvidables en las manos de los consumidores, y esto &#8220; capital de marca t\u00e1ctil&#8221; es un foso dif\u00edcil de replicar para los productos de la competencia, y es f\u00e1cil cultivar la lealtad a la marca.<\/li>\n<li>Comunicaci\u00f3n y serializaci\u00f3n eficientes en los estantes: Los bloques de color s\u00f3lido son altamente reconocibles en entornos minoristas. Los tres colores de rojo, p\u00farpura y rosa pueden distinguir claramente diferentes l\u00edneas de productos (como hilos antienvejecimiento, l\u00edneas b\u00e1sicas y l\u00edneas de maquillaje), lo que es conveniente para que los consumidores elijan y administren marcas.<\/li>\n<li>Cumplir con las necesidades de los mercados extranjeros para &#8220; simplicidad de gama alta&#8221;  and &#8220; experiencia primero&#8221; Su dise\u00f1o se ajusta perfectamente a la est\u00e9tica minimalista de los mercados europeos y americanos y la b\u00fasqueda de detalles exquisitos en el mercado Asia-Pac\u00edfico, al tiempo que satisface a los consumidores globales. deseo de &#8220; experiencia emocional m\u00e1s all\u00e1 de la funci\u00f3n&#8221;.<\/li>\n<li>Apoyo al posicionamiento claro de la marca y a la calidad superior: los colores s\u00f3lidos brillantes y las texturas especiales transmiten directamente la confianza de la marca, la moda o el posicionamiento de gama alta, proporcionando una s\u00f3lida base premium para los productos, especialmente adecuada para las marcas DTC o las marcas tradicionales que buscan mejoras de imagen.<\/li>\n<\/ul>\n<p>&nbsp;<\/p>\n<ol start=\"3\">\n<li>Escenarios de uso del producto<\/li>\n<\/ol>\n<p>&nbsp;<\/p>\n<ul>\n<li>Tiendas de colecciones de moda y belleza y mostradores de marcas de dise\u00f1adores: En Sephora o tiendas de dise\u00f1adores independientes, sus fuertes colores y texturas pueden atraer r\u00e1pidamente la atenci\u00f3n y convertirse en el punto focal de la pantalla.<\/li>\n<li>Redes sociales y marketing de contenidos: Es muy &#8220; fotog\u00e9nico&#8221;  and &#8220; descriptivo&#8221;  (como &#8220;manguera roja de tacto de terciopelo&#8221;), que puede inspirar f\u00e1cilmente a los blogueros de belleza y los KOLs de estilo de vida para desencajar, compartir y crear contenido.<\/li>\n<li>Regalos de vacaciones y consumo emocional: los modelos rojos son el envoltorio de regalo perfecto para Valentine&#8217; D\u00eda, los modelos rosados son adecuados para Madre&#8217; Los regalos del d\u00eda o de la novia, y los modelos morados son adecuados para regalos de lujo. El toque amigable con la piel agrega a la intimidad del regalo.<\/li>\n<li>Comodidades de hotel y spa de gama alta: Como envase para productos de ba\u00f1o o cuidado de spa de gama alta, el color y la textura pueden mejorar significativamente la calidad de la experiencia del hu\u00e9sped y la memoria de la marca.<\/li>\n<li>Estudios de arte y espacios de trabajo creativos: como un paquete para pigmentos o art\u00edculos de cuidado profesional, son como obras de arte modernas por s\u00ed mismas, mezcladas armoniosamente con el entorno creativo.<\/li>\n<\/ul>","protected":false},"featured_media":4643,"comment_status":"closed","ping_status":"closed","template":"","meta":[],"product_brand":[],"product_cat":[34],"product_tag":[],"class_list":{"0":"post-4642","1":"product","2":"type-product","3":"status-publish","4":"has-post-thumbnail","6":"product_cat-facial-treatment","8":"first","9":"instock","10":"shipping-taxable","11":"purchasable","12":"product-type-simple"},"_links":{"self":[{"href":"https:\/\/www.hongyitube.com\/es\/wp-json\/wp\/v2\/product\/4642","targetHints":{"allow":["GET"]}}],"collection":[{"href":"https:\/\/www.hongyitube.com\/es\/wp-json\/wp\/v2\/product"}],"about":[{"href":"https:\/\/www.hongyitube.com\/es\/wp-json\/wp\/v2\/types\/product"}],"replies":[{"embeddable":true,"href":"https:\/\/www.hongyitube.com\/es\/wp-json\/wp\/v2\/comments?post=4642"}],"wp:featuredmedia":[{"embeddable":true,"href":"https:\/\/www.hongyitube.com\/es\/wp-json\/wp\/v2\/media\/4643"}],"wp:attachment":[{"href":"https:\/\/www.hongyitube.com\/es\/wp-json\/wp\/v2\/media?parent=4642"}],"wp:term":[{"taxonomy":"product_brand","embeddable":true,"href":"https:\/\/www.hongyitube.com\/es\/wp-json\/wp\/v2\/product_brand?post=4642"},{"taxonomy":"product_cat","embeddable":true,"href":"https:\/\/www.hongyitube.com\/es\/wp-json\/wp\/v2\/product_cat?post=4642"},{"taxonomy":"product_tag","embeddable":true,"href":"https:\/\/www.hongyitube.com\/es\/wp-json\/wp\/v2\/product_tag?post=4642"}],"curies":[{"name":"WP","href":"https:\/\/api.w.org\/{rel}","templated":true}]}}