{"id":4632,"date":"2026-01-29T13:15:22","date_gmt":"2026-01-29T05:15:22","guid":{"rendered":"https:\/\/www.hongyitube.com\/?post_type=product&#038;p=4632"},"modified":"2026-01-29T13:15:22","modified_gmt":"2026-01-29T05:15:22","slug":"%cf%8635mm-diametermatte-blue-oval-shaped-pe-soft-tube-packaging-container-hongyi-plastic","status":"publish","type":"product","link":"https:\/\/www.hongyitube.com\/es\/product\/%cf%8635mm-diametermatte-blue-oval-shaped-pe-soft-tube-packaging-container-hongyi-plastic\/","title":{"rendered":"\u03a635mm di\u00e1metro, mate azul oval en forma de PE recipiente de envasado de tubo suave - pl\u00e1stico Hongyi"},"content":{"rendered":"<ol>\n<li>Descripci\u00f3n del producto<\/li>\n<\/ol>\n<p>&nbsp;<\/p>\n<p>Este producto es una manguera de PE elipsoidal de 35mm de di\u00e1metro, con una capacidad formal est\u00e1ndar de 50g \/ ml, dise\u00f1ada para dar forma a la marca&#8217; activos visuales ic\u00f3nicos y llevando el dise\u00f1o principal del producto. El cuerpo fue elegido en un profundo, elegante, azul mate que emite un ambiente visual constante, profesional y moderno. Como el portador principal de una marca&#8217; Su cuerpo es totalmente compatible con procesos personalizados avanzados como offset, seda, t\u00f3ner y etiquetado, proporcionando a las marcas un lienzo narrativo completo desde el color hasta el detalle. Funcionalmente, est\u00e1 equipado con un rebaje de superficie plana de especificaciones 5.2 para garantizar una salida uniforme y estable de yeso de alta viscosidad, y est\u00e1 acompa\u00f1ado de una tapa oval de 35 especificaciones en una variedad de colores moldeados por inyecci\u00f3n y galvanizados para lograr la integraci\u00f3n visual y el sellado funcional. Utilizando procesos avanzados de pre-llenado y sellado t\u00e9rmico de cola, los contenidos son frescos y sellados seguros, y sus materiales de alta calidad aseguran que las compresiones repetidas a largo plazo no se deformen, que es un sistema de envasado de grado profesional que combina colores de esquina de marca, capacidades de personalizaci\u00f3n profundas y la practicidad de los principales vestidos oficiales.<\/p>\n<p>&nbsp;<\/p>\n<ol start=\"2\">\n<li>Material del producto<\/li>\n<\/ol>\n<p>&nbsp;<\/p>\n<ul>\n<li>El cuerpo principal del tubo: el uso de material compuesto PE de alta densidad, alta barrera, revestimiento azul mate uniforme duradero, tratamiento superficial para proporcionar un tacto delicado y un excelente rendimiento anti-ara\u00f1azos y anti-huellas digitales.<\/li>\n<li>Seguro y sostenible: Todos los materiales cumplen con la FDA, la UE y otras regulaciones internacionales de materiales de contacto con alimentos y medicamentos. El pigmento azul cumple con las normas ambientales y la estructura general es f\u00e1cil de clasificar y reciclar, apoyando la marca&#8217; compromiso con la sostenibilidad.<\/li>\n<li>Precisi\u00f3n del componente: el enchufe plano utiliza un elast\u00f3mero de precisi\u00f3n que coincide perfectamente con la boca del tubo; Las cubiertas est\u00e1n hechas de pl\u00e1sticos de ingenier\u00eda de alta resistencia que soportan acabados superficiales ricos y garantizan durabilidad y est\u00e9tica.<\/li>\n<\/ul>\n<p>&nbsp;<\/p>\n<ol start=\"3\">\n<li>Uso recomendado del producto<\/li>\n<\/ol>\n<p>&nbsp;<\/p>\n<p>La industria de la belleza y el cuidado de la piel<\/p>\n<p>&nbsp;<\/p>\n<ul>\n<li>Mujeres&#8217; Mercado: Ideal para envases formales para cremas de gama media a alta, lociones hidratantes, protectores solares y barreras precosm\u00e9ticas. Azul mate env\u00eda una se\u00f1al clara de &#8220; conservaci\u00f3n marina,&#8221;  &#8220; hidrataci\u00f3n tecnol\u00f3gica,&#8221;  or &#8220; protecci\u00f3n profesional,&#8221; atraer a los consumidores maduros que buscan ingredientes racionales y eficacia estable. Aumentar la sensaci\u00f3n de lujo a trav\u00e9s del proceso de te\u00f1ido puede posicionarse como el n\u00facleo del envejecimiento o la l\u00ednea hidratante de una marca.<\/li>\n<li>Hombres&#8217; s Mercado: Perfecto para hombres&#8217; s loci\u00f3n de cuidado de la piel de fuerza completa, hidratante controlado por aceite y hidratante para su pelo facial. El azul es uno de los colores m\u00e1s ampliamente aceptados y profesionales en el mercado masculino, y puede transmitir eficazmente la imagen de marca de &#8220; limpio,&#8221;  &#8220; eficaz,&#8221;  and &#8220; confiable. &#8221; Con una tapa negra o gris galvanizada, es m\u00e1s estable.<\/li>\n<li>Ni\u00f1os&#8217; s Mercado: Usado como embalaje para ni\u00f1os&#8217; s hidratantes, hidratante especial para la piel sensible, y refrescantes productos de cuidado de la piel de verano. Las suaves l\u00edneas azules del cielo mate transmiten una sensaci\u00f3n de seguridad, limpieza y calma, agregando afinidad mediante la personalizaci\u00f3n de impresiones de seda encantadoras o patrones de impresi\u00f3n a chorro.<\/li>\n<\/ul>\n<p>&nbsp;<\/p>\n<p>Ung\u00fcentos m\u00e9dicos<\/p>\n<p>&nbsp;<\/p>\n<ul>\n<li>Se utiliza en productos que requieren uso a largo plazo, como leche corporal, cremas de reparaci\u00f3n m\u00e9dica, cremas de cuidado diario de la dermatitis. El azul simboliza la profesionalidad y la confianza en el campo m\u00e9dico, y la calidad mate diluye la sensaci\u00f3n industrial, junto con claras instrucciones de medicaci\u00f3n personalizadas (impresiones de seda), que pueden mejorar la adhesi\u00f3n del paciente al tratamiento y la confianza de la marca.<\/li>\n<\/ul>\n<p>&nbsp;<\/p>\n<p>La industria de agentes de mantenimiento mec\u00e1nico<\/p>\n<p>&nbsp;<\/p>\n<ul>\n<li>Montar grasa multifuncional de alta calidad, crema de limpieza de equipos de precisi\u00f3n y agentes de mantenimiento del interior del coche. Azul recubierto tiene un gran &#8220; dise\u00f1o industrial&#8221; belleza, que puede mejorar significativamente la imagen profesional y la marca del producto, haciendo que se destaque en las ferreter\u00edas o canales profesionales.<\/li>\n<\/ul>\n<p>&nbsp;<\/p>\n<p>Industria de pigmentos qu\u00edmicos industriales<\/p>\n<p>&nbsp;<\/p>\n<ul>\n<li>Para envases de capacidad media para recubrimientos de color est\u00e1ndar de marca, adhesivos industriales y costureras profesionales. Los accesorios de cuerpo azul se pueden usar como parte de una empresa&#8217; color est\u00e1ndar para fortalecer la imagen profesional y promover el reconocimiento de la marca a trav\u00e9s de par\u00e1metros t\u00e9cnicos personalizados e identidad de marca.<\/li>\n<\/ul>\n<p>&nbsp;<\/p>\n<ol start=\"4\">\n<li>Caracter\u00edsticas del producto<\/li>\n<\/ol>\n<p>&nbsp;<\/p>\n<ul>\n<li>Un ic\u00f3nico color de piedra angular de la marca: el azul aburrido no es solo un envase, sino tambi\u00e9n un activo de color de marca que puede registrarse y liquidarse. Es tranquilo, razonable y confiable, y puede establecer una comprensi\u00f3n mental estable de la marca a trav\u00e9s de las fronteras culturales y de g\u00e9nero.<\/li>\n<li>Personalizaci\u00f3n profunda en toda la cadena de artesan\u00eda: una soluci\u00f3n decorativa completa desde el plano hasta el est\u00e9reo, desde el color hasta la textura. Las marcas pueden utilizar la impresi\u00f3n adhesiva para presentar patrones complejos, la impresi\u00f3n de seda para garantizar la sostenibilidad del mensaje, la impresi\u00f3n a chorro (como la plata y el azul) para agregar detalles de lujo y el etiquetado para satisfacer la flexibilidad de peque\u00f1os vol\u00famenes, logrando la completa unificaci\u00f3n del embalaje y el sistema de identificaci\u00f3n visual de marca (VIS).<\/li>\n<li>Dise\u00f1o pr\u00e1ctico del desgaste formal principal: la capacidad de 50g es la especificaci\u00f3n de desgaste formal est\u00e1ndar del mercado de consumo, que cumple con las expectativas de capacidad de los consumidores en el producto principal &#8220; valor para el dinero. &#8221; El aplanamiento del contenido asegura que el contenido se agote y reduce los residuos.<\/li>\n<li>Estructura y sellado robustos y fiables: 35 mm de di\u00e1metro proporciona una excelente agarre y presencia del producto, y el proceso de sellado de cola es maduro y fiable para garantizar un sellado absoluto durante la vida \u00fatil.<\/li>\n<\/ul>\n<p>&nbsp;<\/p>","protected":false},"excerpt":{"rendered":"<p>Dise\u00f1o del cuerpo 1.Product<\/p>\n<p>&nbsp;<\/p>\n<ul>\n<li>Color posicionamiento estrat\u00e9gico: Azul es reconocido como un &#8220; color de confianza&#8221; en el mercado internacional, y es ampliamente utilizado en los campos de la tecnolog\u00eda, las finanzas y la medicina. La elecci\u00f3n del azul mate tiene como objetivo establecer el tono para la marca como &#8220; profesional, fiable e innovador. &#8221;<\/li>\n<li>Sistemas personalizados modulares:<\/li>\n<li>M\u00f3dulos base: un cuerpo azul unificado y mate que crea un fuerte sentido de serie y una base para la identidad de la marca.<\/li>\n<li>M\u00f3dulos de informaci\u00f3n y decoraci\u00f3n: las marcas son libres de combinar la artesan\u00eda seg\u00fan la l\u00ednea de productos. Por ejemplo, las l\u00edneas de gama alta utilizan impresi\u00f3n t\u00e9rmica de gran \u00e1rea, las l\u00edneas de marco abierto utilizan impresi\u00f3n adhesiva rentable y las l\u00edneas profesionales enfatizan las instrucciones t\u00e9cnicas de impresi\u00f3n de seda claras.<\/li>\n<li>Lenguaje de estilo integrado: El cuerpo oval del tubo es ergon\u00f3mico, el cierre redondeado (que, en consecuencia del contexto, generalmente extiende este dise\u00f1o de seguridad) hace que la forma general sea lisa y segura, la tapa de 35 pulgadas coincide perfectamente con el di\u00e1metro del tubo y la apariencia es armonizada.<\/li>\n<\/ul>\n<p>&nbsp;<\/p>\n<p>2. ventajas del producto<\/p>\n<p>&nbsp;<\/p>\n<ul>\n<li>Construye un fuerte foso de color de marca: El azul mate \u00fanico est\u00e1 fuertemente ligado a la marca, de modo que el producto puede ser reconocido en el estante sin mirar el logotipo y establecer una fuerte barrera visual.<\/li>\n<li>Lograr un alto nivel de uniformidad de imagen de marca y reducci\u00f3n de costos y eficiencia: Un cuerpo b\u00e1sico puede cubrir m\u00faltiples l\u00edneas de productos desde nivel de entrada hasta gama alta, desde productos de cuidado de la piel hasta productos especializados a trav\u00e9s de la combinaci\u00f3n de diferentes procesos, lo que permite la simplificaci\u00f3n de la cadena de suministro de envases y la gesti\u00f3n centralizada de la visi\u00f3n de marca.<\/li>\n<li>Compatible profundamente con los mercados de consumo racional extranjeros: su apariencia profesional y tranquila es altamente compatible con la tendencia de consumo racional que enfatiza los ingredientes y la eficacia, y puede especialmente ganar el afecto y la confianza de los consumidores maduros en los mercados europeos y americanos.<\/li>\n<li>Aumentar el valor y la lealtad de los productos de moda: la s\u00f3lida capacidad, el tacto de alta calidad y los detalles personalizables se combinan para fortalecer la posici\u00f3n de la moda como un &#8220; experiencia de marca central, &#8221; ayuda a aumentar la fidelidad del cliente y las tasas de recompra.<\/li>\n<\/ul>\n<p>&nbsp;<\/p>\n<ol start=\"3\">\n<li>Escenarios de uso del producto<\/li>\n<\/ol>\n<p>&nbsp;<\/p>\n<ul>\n<li>Pasillos minoristas principales: En farmacias, estantes de supermercados o tiendas especializadas en cuidado de la piel, su imagen azul profesional y constante crea una pantalla clara y cre\u00edble en una serie de productos.<\/li>\n<li>Productos principales de la tienda insignia de la marca y sitio web oficial: Como el principal empaquetado formal del producto de la marca&#8217; Tienda de experiencia offline o tienda oficial en l\u00ednea, su textura y detalles de personalizaci\u00f3n pueden reflejar plenamente la fuerza de la marca.<\/li>\n<li>Agencias profesionales se asocian con farmacias: como envases para productos recomendados por cl\u00ednicas de dermatolog\u00eda o para ventas conjuntas por farmacias, el aspecto profesional puede aumentar la confianza de los socios de canal y la confianza del consumidor.<\/li>\n<li>Aplicaci\u00f3n profesional B2B: Como un embalaje OEM \/ ODM para productos industriales y qu\u00edmicos, su apariencia puede mejorar la calidad general y la profesionalidad del cliente; productos S.<\/li>\n<li>Programa de reposici\u00f3n sostenible: Vendido como &#8220; repelente, &#8221; Los consumidores se reponen en un lujoso paquete inicial que es duradero y dise\u00f1ado limpiamente para soportar perfectamente los patrones de consumo ecol\u00f3gicos.<\/li>\n<\/ul>\n<p>&nbsp;<\/p>","protected":false},"featured_media":4635,"comment_status":"closed","ping_status":"closed","template":"","meta":[],"product_brand":[],"product_cat":[15],"product_tag":[],"class_list":{"0":"post-4632","1":"product","2":"type-product","3":"status-publish","4":"has-post-thumbnail","6":"product_cat-artistic-design-plastic-tube","8":"first","9":"instock","10":"shipping-taxable","11":"purchasable","12":"product-type-simple"},"_links":{"self":[{"href":"https:\/\/www.hongyitube.com\/es\/wp-json\/wp\/v2\/product\/4632","targetHints":{"allow":["GET"]}}],"collection":[{"href":"https:\/\/www.hongyitube.com\/es\/wp-json\/wp\/v2\/product"}],"about":[{"href":"https:\/\/www.hongyitube.com\/es\/wp-json\/wp\/v2\/types\/product"}],"replies":[{"embeddable":true,"href":"https:\/\/www.hongyitube.com\/es\/wp-json\/wp\/v2\/comments?post=4632"}],"wp:featuredmedia":[{"embeddable":true,"href":"https:\/\/www.hongyitube.com\/es\/wp-json\/wp\/v2\/media\/4635"}],"wp:attachment":[{"href":"https:\/\/www.hongyitube.com\/es\/wp-json\/wp\/v2\/media?parent=4632"}],"wp:term":[{"taxonomy":"product_brand","embeddable":true,"href":"https:\/\/www.hongyitube.com\/es\/wp-json\/wp\/v2\/product_brand?post=4632"},{"taxonomy":"product_cat","embeddable":true,"href":"https:\/\/www.hongyitube.com\/es\/wp-json\/wp\/v2\/product_cat?post=4632"},{"taxonomy":"product_tag","embeddable":true,"href":"https:\/\/www.hongyitube.com\/es\/wp-json\/wp\/v2\/product_tag?post=4632"}],"curies":[{"name":"WP","href":"https:\/\/api.w.org\/{rel}","templated":true}]}}