{"id":4623,"date":"2026-01-29T13:06:58","date_gmt":"2026-01-29T05:06:58","guid":{"rendered":"https:\/\/www.hongyitube.com\/?post_type=product&#038;p=4623"},"modified":"2026-01-29T13:06:58","modified_gmt":"2026-01-29T05:06:58","slug":"%cf%8635mm-diameter-15-grams-ml-vintage-deep-pink-matte-finish-custom-made-soft-tube-packaging-container-bottle-hongyi-plastic","status":"publish","type":"product","link":"https:\/\/www.hongyitube.com\/es\/product\/%cf%8635mm-diameter-15-grams-ml-vintage-deep-pink-matte-finish-custom-made-soft-tube-packaging-container-bottle-hongyi-plastic\/","title":{"rendered":"\u03a635mm di\u00e1metro, 15 gramos \/ ml, vintage, rosa profundo, acabado mate, embalaje de tubo suave hecho a medida \/ recipiente \/ botella - pl\u00e1stico Hongyi"},"content":{"rendered":"<ol>\n<li>Descripci\u00f3n del producto<\/li>\n<\/ol>\n<p>&nbsp;<\/p>\n<p>Este producto es una manguera de PE elipsoidal de 35mm de di\u00e1metro, la capacidad est\u00e1ndar de 15g \/ ml, dise\u00f1ada para la b\u00fasqueda de la expresi\u00f3n personalizada definitiva y la personalizaci\u00f3n est\u00e9tica avanzada de la marca y el dise\u00f1o del consumidor. El cuerpo utiliza un rosa oscuro vintage \u00fanico y muestra un acabado mate de alto nivel, rico y rico en color, que combina sabor vintage con moda moderna.  As a &#8220; lienzo en blanco&#8221; El cuerpo soporta un conjunto completo de procesos decorativos personalizados, incluyendo offset, seda, impresi\u00f3n a chorro y etiquetado, ofreciendo posibilidades ilimitadas para las narrativas de marca. Funcionalmente, cuenta con un enchufe plano de 5.2 especificaciones para garantizar una salida uniforme y estable del yeso y puede emparejarse con una rica variedad de colores moldeados por inyecci\u00f3n y tapas ovales galvanizadas de 30 para lograr un equilibrio perfecto del color general. El dise\u00f1o \u00fanico del cierre redondeado da al producto un contorno suave y liso. Utilizando un proceso de pre-llenado, los materiales de alta calidad aseguran que se presionan repetidamente sin deformaci\u00f3n, y es una plataforma de envasado de gama alta que combina capacidades de personalizaci\u00f3n profunda, colores emocionales y funcionalidad superior.<\/p>\n<p>&nbsp;<\/p>\n<ol start=\"2\">\n<li>Material del producto<\/li>\n<\/ol>\n<p>&nbsp;<\/p>\n<ul>\n<li>El cuerpo principal del tubo: el uso de alta calidad, alta estabilidad de material compuesto de PE, para asegurar el color uniforme y duradero del polvo oscuro retro. El proceso de tratamiento mate superficial es respetuoso con el medio ambiente y delicado, proporcionando un tacto parecido a la piel y un antideslizante eficaz y anti-huella digital.<\/li>\n<li>Seguridad y protecci\u00f3n del medio ambiente: Todos los materiales cumplen con los requisitos regulatorios para los envases de cosm\u00e9ticos y cuidado de la piel en los principales mercados internacionales (por ejemplo, la UE, Am\u00e9rica del Norte, Asia Pac\u00edfico) y son seguros y no t\u00f3xicos. El propio material PE es reciclable, haciendo eco de la tendencia del consumo sostenible.<\/li>\n<li>Compatibilidad de componentes: Los enchufes planos y varias tapas est\u00e1n hechos de materiales de alta calidad, lo que garantiza el sellado de seguridad y la fiabilidad del servicio a largo plazo con el cuerpo.<\/li>\n<\/ul>\n<p>&nbsp;<\/p>\n<ol start=\"3\">\n<li>Uso recomendado del producto<\/li>\n<\/ol>\n<p>&nbsp;<\/p>\n<p>La industria de la belleza y el cuidado de la piel<\/p>\n<p>&nbsp;<\/p>\n<ul>\n<li>Mujeres&#8217; s Mercado: Perfecto para blushes de edici\u00f3n limitada, brillos, suplementos de bandeja de cosm\u00e9ticos y muestras de lujo de elementos esenciales. El rosa oscuro retro es en s\u00ed mismo un color muy atractivo de maquillaje, que puede inspirar directamente el deseo de comprar. Las marcas pueden crear art\u00edculos de colecci\u00f3n a trav\u00e9s de motivos de oro personalizados o ilustraciones art\u00edsticas.<\/li>\n<li>Hombres&#8217; s mercado: utilizado para interrumpir los hombres tradicionales&#8217; s t\u00f3ner productos de cuidado de la piel y cosm\u00e9ticos para articulaciones para marcas de fragancias de nicho. Usando tonos oscuros de tapas (como negro galvanizado, gris mate) y patrones simples y abstractos, puede equilibrar la suavidad del rosa y crear una imagen de marca segura y moderna que rompe los l\u00edmites de g\u00e9nero.<\/li>\n<li>Ni\u00f1os&#8217; s Mercado: Usado como embalaje para ni\u00f1os de gama alta&#8217; Los cosm\u00e9ticos de color (como los enrojecimientos de rendimiento) y las cajas de cuidado de la piel con temas festivos. Los rosas suaves y las formas redondeadas son inherentemente adecuadas para los ni\u00f1os y se pueden agregar a su individualidad y diversi\u00f3n mediante dibujos animados personalizados o estampados de seda.<\/li>\n<\/ul>\n<p>&nbsp;<\/p>\n<p>Ung\u00fcentos m\u00e9dicos<\/p>\n<p>&nbsp;<\/p>\n<ul>\n<li>Aplicable a productos de atenci\u00f3n m\u00e9dica personalizados para el mercado femenino, como cremas de masaje a base de hierbas para aliviar los calambres menstruales y cremas arom\u00e1ticas para ayudar a dormir y calmar. El cuerpo del tubo rosa oscuro retro reduce efectivamente el fr\u00edo de los medicamentos y mejora la afinidad y la adherencia de la experiencia de la medicaci\u00f3n cuando se combina con patrones calientes o instrucciones personalizadas.<\/li>\n<\/ul>\n<p>&nbsp;<\/p>\n<p>La industria de agentes de mantenimiento mec\u00e1nico<\/p>\n<p>&nbsp;<\/p>\n<ul>\n<li>Embalaje para mujeres entusiastas de bricolaje o productos de cuidado espec\u00edficos de la industria, como aceite hidratante avanzado de m\u00e1quina de coser, crema de limpieza de joyas, crema de cuidado del cepillo de artista. El color \u00fanico puede hacerlo destacar en el envasado industrial tradicional, atraer segmentos de grupos de consumidores, el logotipo personalizado puede fortalecer la identidad de marca profesional.<\/li>\n<\/ul>\n<p>&nbsp;<\/p>\n<p>Industria de pigmentos qu\u00edmicos industriales<\/p>\n<p>&nbsp;<\/p>\n<ul>\n<li>Pigmentos de edici\u00f3n limitada para temas espec\u00edficos o coproducciones, como &#8220; L\u00edneas de color de c\u00f3mics vintage,&#8221;  &#8220; Color del tema de Barbie&#8221; pinturas de tubo. El color del cuerpo se puede usar como parte del sistema de color del producto, junto con patrones personalizados, y convertirse en un producto cultural y creativo altamente t\u00f3pico.<\/li>\n<\/ul>\n<p>&nbsp;<\/p>\n<ol start=\"4\">\n<li>Caracter\u00edsticas del producto<\/li>\n<\/ol>\n<p>&nbsp;<\/p>\n<ul>\n<li>Un color emocional ic\u00f3nico: el rosa oscuro vintage es un color con compleja tensi\u00f3n emocional que env\u00eda simult\u00e1neamente mensajes de nostalgia vintage, poder suave, ingenio seguro y alta moda que pueden atraer a comunidades est\u00e9ticas espec\u00edficas.<\/li>\n<li>Libertad de artesan\u00eda incomparable: Como punto de venta central, soporte para impresiones offset (patrones complejos), la combinaci\u00f3n de todo el proceso de impresiones de seda (texto duradero), impresiones a chorro (textura de lujo) y etiquetado (lote peque\u00f1o flexible) puede satisfacer cualquier necesidad decorativa de marcas de inicio a marcas internacionales, transformando todo, desde el envasado hasta el arte.<\/li>\n<li>Excelente dise\u00f1o funcional: El nylon plano est\u00e1 optimizado para cremas, cremas y espumas, proporcionando una experiencia de extrusi\u00f3n suave, uniforme y f\u00e1cil de controlar; El sello de esquina redonda mejora la seguridad general y la visi\u00f3n suave del producto.<\/li>\n<li>Forte contraste visual y t\u00e1ctil: La suave textura de la luz recubierta de color rosa oscuro crea un contraste inteligente con la tapa brillante galvanizada opcional, creando placer visual en la unificaci\u00f3n.<\/li>\n<\/ul>\n<p>&nbsp;<\/p>","protected":false},"excerpt":{"rendered":"<ol>\n<li>\n<ol>\n<li>Dise\u00f1o del cuerpo del producto<\/li>\n<\/ol>\n<p>&nbsp;<\/p>\n<ul>\n<li>Estrategia de posicionamiento del color: el rosa oscuro retro no es un polvo ingenuo, sino m\u00e1s bien un color m\u00e1s estable, inclusivo e narrativo que atrae tanto al mercado femenino como a todos los consumidores que aprecian su valor est\u00e9tico a trav\u00e9s del dise\u00f1o &#8220; desgenderizaci\u00f3n. &#8221;<\/li>\n<li>Arquitectura de dise\u00f1o abierto:<\/li>\n<li>Base: Un tubo mate rosa oscuro vintage unificado que proporciona un color de fondo de marca fuerte y consistente.<\/li>\n<li>Capa de personalizaci\u00f3n: las marcas son libres de elegir una combinaci\u00f3n de artesan\u00eda. Por ejemplo, el logotipo dorado de estampado en caliente destaca el lujo, la ilustraci\u00f3n de arte de impresi\u00f3n offset cuenta la historia, la serigraf\u00eda del texto funcional para garantizar la claridad.<\/li>\n<li>Lenguaje de modelado general: 35 mm de di\u00e1metro proporciona sensaci\u00f3n completa, capacidad de 15 g para garantizar un posicionamiento delicado, extremo redondeado y cuerpo de tubo elipsoidal juntos constituyen una forma org\u00e1nica suave, amigable y moderna.<\/li>\n<\/ul>\n<p>&nbsp;<\/p>\n<p>2. ventajas del producto<\/p>\n<p>&nbsp;<\/p>\n<ul>\n<li>El lienzo definitivo para la expresi\u00f3n de la marca: devuelve por completo la iniciativa del embalaje a la marca para que pueda llevar a la perfecci\u00f3n una historia de marca \u00fanica, valores y sistema est\u00e9tico para el m\u00e1s alto grado de diferenciaci\u00f3n visual.<\/li>\n<li>Econom\u00eda comunitaria dirigida y marketing de grupo: El rosa oscuro vintage \u00fanico filtra y atrae autom\u00e1ticamente a las comunidades de consumidores con las preferencias est\u00e9ticas apropiadas (por ejemplo, entusiastas del vintage, seguidores del milenio), lo que facilita a las marcas dirigirse a sus operaciones de marketing y comunidad.<\/li>\n<li>Apoya estrategias de alta calidad y limitadas: La personalizaci\u00f3n profunda y los colores \u00fanicos lo hacen ideal para productos de alta unidad, colaboraciones de artistas o colecciones de edici\u00f3n limitada de temporada, mejorando significativamente el valor coleccionable y los atributos de moneda social de los productos.<\/li>\n<li>Una adaptaci\u00f3n perfecta para el modelo DTC (directo al consumidor): Ya sea lanzado a trav\u00e9s de crowdfunding, ventas directas en la marca&#8217; su sitio web, o campa\u00f1as en redes sociales, es altamente personalizable y &#8220; fotog\u00e9nico&#8221; caracter\u00edsticas apoyan perfectamente el camino de crecimiento de las marcas emergentes.<\/li>\n<\/ul>\n<p>&nbsp;<\/p>\n<p>3. escenarios de uso del producto<\/p>\n<p>&nbsp;<\/p>\n<ul>\n<li>Lanzamiento de marcas de dise\u00f1o y marcas independientes: El envase ideal para perfumeros independientes, marcas de nicho de cuidado de la piel o l\u00edneas de cosm\u00e9ticos de dise\u00f1o para lanzar su primer producto ic\u00f3nico, que puede construir r\u00e1pidamente el reconocimiento de la marca.<\/li>\n<li>Marketing en redes sociales y colaboraci\u00f3n con influencers: es f\u00e1cil formar una tormenta visual en Instagram, TikTok y Little Red Book. Las marcas pueden cooperar con KOLs para personalizar patrones exclusivos para impulsar la econom\u00eda de los fans.<\/li>\n<li>Servicios de regalo y caja de suscripci\u00f3n de gama alta: regalos personalizados para cumplea\u00f1os, San Valent\u00edn; D\u00eda de la madre&#8217; s Day, o incluido en cajas de suscripci\u00f3n de belleza de gama alta con elementos \u00fanicos y personalizados que traen una experiencia sorpresa.<\/li>\n<li>Exposiciones tem\u00e1ticas y exhibiciones de tiendas emergentes: Mostrar una serie de diferentes dise\u00f1os personalizados de la manguera en una ventana emergente de marca o una exposici\u00f3n de la industria puede crear una s\u00f3lida matriz visual y un centro t\u00f3pico.<\/li>\n<li>Marca de productos f\u00edsicos conjuntos transfronterizos: Como portador de productos f\u00edsicos conjuntos transfronterizos de marcas de moda, PI de animaci\u00f3n, museos e instituciones culturales, su propio envasado forma parte del arte conjunto.<\/li>\n<\/ul>\n<\/li>\n<\/ol>","protected":false},"featured_media":4624,"comment_status":"closed","ping_status":"closed","template":"","meta":[],"product_brand":[],"product_cat":[34],"product_tag":[],"class_list":{"0":"post-4623","1":"product","2":"type-product","3":"status-publish","4":"has-post-thumbnail","6":"product_cat-facial-treatment","8":"first","9":"instock","10":"shipping-taxable","11":"purchasable","12":"product-type-simple"},"_links":{"self":[{"href":"https:\/\/www.hongyitube.com\/es\/wp-json\/wp\/v2\/product\/4623","targetHints":{"allow":["GET"]}}],"collection":[{"href":"https:\/\/www.hongyitube.com\/es\/wp-json\/wp\/v2\/product"}],"about":[{"href":"https:\/\/www.hongyitube.com\/es\/wp-json\/wp\/v2\/types\/product"}],"replies":[{"embeddable":true,"href":"https:\/\/www.hongyitube.com\/es\/wp-json\/wp\/v2\/comments?post=4623"}],"wp:featuredmedia":[{"embeddable":true,"href":"https:\/\/www.hongyitube.com\/es\/wp-json\/wp\/v2\/media\/4624"}],"wp:attachment":[{"href":"https:\/\/www.hongyitube.com\/es\/wp-json\/wp\/v2\/media?parent=4623"}],"wp:term":[{"taxonomy":"product_brand","embeddable":true,"href":"https:\/\/www.hongyitube.com\/es\/wp-json\/wp\/v2\/product_brand?post=4623"},{"taxonomy":"product_cat","embeddable":true,"href":"https:\/\/www.hongyitube.com\/es\/wp-json\/wp\/v2\/product_cat?post=4623"},{"taxonomy":"product_tag","embeddable":true,"href":"https:\/\/www.hongyitube.com\/es\/wp-json\/wp\/v2\/product_tag?post=4623"}],"curies":[{"name":"WP","href":"https:\/\/api.w.org\/{rel}","templated":true}]}}