{"id":4614,"date":"2026-01-29T12:57:54","date_gmt":"2026-01-29T04:57:54","guid":{"rendered":"https:\/\/www.hongyitube.com\/?post_type=product&#038;p=4614"},"modified":"2026-01-29T12:57:54","modified_gmt":"2026-01-29T04:57:54","slug":"%cf%8635mm-diameter-15-grams-ml-retro-orange-yellow-gradient-color-oval-shape-pe-soft-tube-packaging-material-container-bottle-hongyi-plastic","status":"publish","type":"product","link":"https:\/\/www.hongyitube.com\/es\/product\/%cf%8635mm-diameter-15-grams-ml-retro-orange-yellow-gradient-color-oval-shape-pe-soft-tube-packaging-material-container-bottle-hongyi-plastic\/","title":{"rendered":"\u03a635mm di\u00e1metro, 15 gramos \/ ml, retro color gradiente naranja-amarillo, forma oval, PE material de envasado de tubo suave \/ recipiente \/ botella - pl\u00e1stico Hongyi"},"content":{"rendered":"<ol>\n<li>Descripci\u00f3n del producto<\/li>\n<\/ol>\n<p>&nbsp;<\/p>\n<p>Este producto es una manguera oval de PE de 35mm de gran tama\u00f1o con un dise\u00f1o de contraste \u00fanico con una exquisita capacidad de 15 g \/ ml, dise\u00f1ada para crear l\u00edneas de productos limitadas o de gama alta con alto reconocimiento, alto valor art\u00edstico y un fuerte sentido del ritual. El cuerpo utiliza un sustrato altamente transparente y est\u00e1 cubierto con un revestimiento brillante con una textura \u00fanica, dando un efecto visual borroso, de alto grado y arenoso. La impresi\u00f3n naranja y amarilla vintage en la parte superior de los negativos cambia de color, inspirada en pinturas cl\u00e1sicas y la puesta del sol, y est\u00e1 llena de c\u00e1lida atm\u00f3sfera art\u00edstica y nostalgia. El mensaje de texto se presenta claramente en estampados de seda negra cl\u00e1sica, formando un contraste de color atemporal. Funcionalmente, utiliza de manera innovadora un inserto plano de 5,2 dimensiones para garantizar que el yeso de alta viscosidad se comprime uniformemente, y viene con 30 cubiertas ovales en una variedad de colores moldeados por inyecci\u00f3n y galvanizados para lograr la coincidencia del estilo. El dise\u00f1o \u00fanico de sellado de \u00e1ngulo redondo hace que la l\u00ednea de cola sea suave y lisa. Utilizando un proceso de pre-llenado, el material asegura que se presiona repetidamente para no deformarse, y es un envase de calidad de colecci\u00f3n que incorpora la est\u00e9tica de la galer\u00eda de arte en los objetos pr\u00e1cticos cotidianos.<\/p>\n<p>&nbsp;<\/p>\n<ol start=\"2\">\n<li>Material del producto<\/li>\n<\/ol>\n<p>&nbsp;<\/p>\n<ul>\n<li>El cuerpo principal del tubo: el uso de alta transparencia, alta ductilidad de material PE especial co-extruido, la superficie del proceso de tratamiento mate protecci\u00f3n ambiental y el tacto h\u00famedo, anti-huella digital eficaz.<\/li>\n<li>Seguridad y compatibilidad: el material cumple con las normas internacionales de seguridad de cosm\u00e9ticos y productos de consumo (como FDA, CE), compatible con una amplia gama de contenidos desde aceites esenciales hasta cremas, estabilidad qu\u00edmica.<\/li>\n<li>Calidad del componente: El enchufe plano utiliza silicona o elast\u00f3mero de alta precisi\u00f3n para garantizar el sellado y la producci\u00f3n sin problemas; Los materiales de la cubierta soportan colores ricos y efectos de galvanizaci\u00f3n.<\/li>\n<\/ul>\n<p>&nbsp;<\/p>\n<ol start=\"3\">\n<li>Uso recomendado del producto<\/li>\n<\/ol>\n<p>&nbsp;<\/p>\n<p>La industria de la belleza y el cuidado de la piel<\/p>\n<p>&nbsp;<\/p>\n<ul>\n<li>Mercado femenino: Perfecto para aceites esenciales de alta gama, esencias pre-maquillaje, vitamina C de alta concentraci\u00f3n o esencias de retinol. El dise\u00f1o contrastante del gran di\u00e1metro del tubo con la peque\u00f1a capacidad implica el atributo de lujo del producto &#8220; alta concentraci\u00f3n, menos y m\u00e1s fina. &#8221; Los tonos retro naranja transmiten gradualmente calidez, vitalidad y lujo vintage, perfectamente adaptados al concepto de &#8220; aceite de curaci\u00f3n&#8221;  or &#8220; Esencia dorada. &#8221; Los fideos de superficie plana son adecuados para controlar la cantidad de aceites esenciales grasosos o cremosos.<\/li>\n<li>Hombres&#8217; Mercado: Para uso en el desgaste de viaje de gama alta despu\u00e9s del aceite de reparaci\u00f3n del cabello, aceite esencial facial o crema de cuidado de la textura de Colonia. El dise\u00f1o art\u00edstico atrae a los hombres modernos que buscan personalidad y gusto en lugar de funci\u00f3n sola, ayudando a las marcas a penetrar en los hombres de gama alta. Mercado de regalos.<\/li>\n<li>Ni\u00f1os&#8217; s Mercado: Como un embalaje para ni\u00f1os de edici\u00f3n limitada&#8217; cajas de cuidado de la piel (como aceite de masaje, protecci\u00f3n solar suave). Con un c\u00e1lido tono naranja-amarillo de cuento de hadas y un cierre de esquina redonda, se&#8217; s lleno de seguridad y comodidad, adecuado para vacaciones o cumplea\u00f1os especiales.<\/li>\n<\/ul>\n<p>&nbsp;<\/p>\n<p>Ung\u00fcentos m\u00e9dicos<\/p>\n<p>&nbsp;<\/p>\n<ul>\n<li>Se utiliza en ayudas de aromaterapia (como la crema de menta para dolores de cabeza) y en peque\u00f1as dosis de cremas de reparaci\u00f3n de alto valor (como el cuidado de cicatrices). El dise\u00f1o de arte retro puede aliviar eficazmente a los pacientes&#8217; la tensi\u00f3n con las drogas y transformar el proceso de atenci\u00f3n en un ritual f\u00edsico y mental calmante. La calidad mate transparente facilita la observaci\u00f3n del contenido.<\/li>\n<\/ul>\n<p>&nbsp;<\/p>\n<p>La industria de agentes de mantenimiento mec\u00e1nico<\/p>\n<p>&nbsp;<\/p>\n<ul>\n<li>Una experiencia llena de aceite de relojes premium, aceite de mantenimiento especial para instrumentos musicales y loci\u00f3n para muebles antiguos. Su apariencia art\u00edstica es muy compatible con el contexto de &#8220; mantenimiento de precisi\u00f3n&#8221;  and &#8220; mantenimiento del patrimonio cultural,&#8221; permitiendo que los productos industriales irradian valor humanista y coleccionable.<\/li>\n<\/ul>\n<p>&nbsp;<\/p>\n<p>Industria de pigmentos qu\u00edmicos industriales<\/p>\n<p>&nbsp;<\/p>\n<ul>\n<li>Productos empaquetados en tubo para pigmentos de pintura de calidad art\u00edstica, pigmentos limitados de l\u00ednea de color vintage y lustres met\u00e1licos. La est\u00e9tica vintage del propio envase complementa las propiedades art\u00edsticas de los contenidos (pigmentos), y el cuerpo puede ser utilizado como una colecci\u00f3n o decoraci\u00f3n de taller.<\/li>\n<\/ul>\n<p>&nbsp;<\/p>\n<ol start=\"4\">\n<li>Caracter\u00edsticas del producto<\/li>\n<\/ol>\n<p>&nbsp;<\/p>\n<ul>\n<li>Disruptiva relaci\u00f3n capacidad-tama\u00f1o: Un gran di\u00e1metro de tubo de 35 mm con 15 gramos de capacidad crea una sensaci\u00f3n \u00fanica de mano e impresi\u00f3n visual que es llena, llena pero ligera, mejora en gran medida la presencia y la percepci\u00f3n del valor del producto, y es altamente t\u00f3pica.<\/li>\n<li>Permeabilidad de acristalamiento art\u00edstico \u00fanica: El proceso de acristalamiento transparente da al tubo una textura de alto nivel como vidrio lijado, que a la vez atenua el contenido y le da un suave brillo, distingui\u00e9ndolo de todos los tubos de acristalamiento brillantes o puros en el mercado.<\/li>\n<li>Narrativa de color emocional c\u00e1lido: el naranja retro y el amarillo son colores progresivamente no neutrales, que transmiten activamente se\u00f1ales emocionales c\u00e1lidas, creativas, optimistas y retro que pueden construir r\u00e1pidamente conexiones emocionales con los consumidores y dar forma a una personalidad de marca distinta.<\/li>\n<li>Una experiencia precisa de ap\u00f3sito de superficie plana: los forros de superficie plana son m\u00e1s adecuados para cremas, cremas y productos aceiteosos, proporcionando un ap\u00f3sito de cinta o escamo constante y uniforme que evita los problemas de bloqueo que pueden causar los pezones, y una experiencia de uso suave.<\/li>\n<\/ul>\n<p>&nbsp;<\/p>","protected":false},"excerpt":{"rendered":"<ol>\n<li>Dise\u00f1o del cuerpo del producto<\/li>\n<\/ol>\n<p>&nbsp;<\/p>\n<ul>\n<li>Proporciones y estilo dram\u00e1ticos: El cuerpo ancho del tubo y las peque\u00f1as cantidades de aire reservadas para el contenido aseguran que el producto permanezca lleno y de pie en todo momento, y el extremo redondeado refuerza a\u00fan m\u00e1s el lenguaje de estilo general suave y org\u00e1nico.<\/li>\n<li>Niveles de color y luz y sombra:<\/li>\n<\/ul>\n<ol>\n<li>La capa inferior: un medio de luz silenciado transparente que proporciona un suave rayo de luz.<\/li>\n<li>Capa principal: Vintage naranja y amarillo se desvanecen, como la eterna puesta de sol incorporada en el tubo, y el color crea un efecto visual fluido sutil a medida que el contenido se mueve.<\/li>\n<li>Capa de informaci\u00f3n: Las impresiones de seda negra sirven como un anclaje visual estable y cl\u00e1sico para garantizar la claridad de la informaci\u00f3n.<\/li>\n<\/ol>\n<ul>\n<li>Equilibrio general de estilo: Los accesorios art\u00edsticos combinados con tapas modernas (chapadas en metal) y vintage (tapas \u00e1mbar) proporcionan a la marca una paleta de est\u00e9tica que abarca las edades.<\/li>\n<\/ul>\n<p>&nbsp;<\/p>\n<ol start=\"2\">\n<li>Ventajas del producto<\/li>\n<\/ol>\n<p>&nbsp;<\/p>\n<ul>\n<li>Crear el dominio indiscutible de la estanter\u00eda y la moneda social: las proporciones de tama\u00f1o y colores \u00fanicos lo hacen un foco visual absoluto en los canales online y offline. El muy &#8220; sol-como&#8221; La apariencia puede atraer espont\u00e1neamente a los usuarios a compartir en las redes sociales, impulsando la propagaci\u00f3n viral.<\/li>\n<li>Transformar el empaquetado pr\u00e1ctico en arte emocional: va m\u00e1s all\u00e1 de la funci\u00f3n del empaquetado para convertirse en una colecci\u00f3n que los consumidores est\u00e1n dispuestos a pagar extra por &#8220; est\u00e9tica&#8221;  and &#8220; sentido del dise\u00f1o &#8221; aumentando en gran medida el poder y la lealtad de la marca premium.<\/li>\n<li>Dirige nicho de gama alta y marcadores de tendencias: Este dise\u00f1o audaz atrae naturalmente a los consumidores que est\u00e1n cansados del dise\u00f1o masivo y que buscan la singularidad y la autoexpresi\u00f3n, y es el veh\u00edculo ideal para crear &#8220; influenciador&#8221; productos o colecciones conjuntas de dise\u00f1adores.<\/li>\n<li>Ofrece rituales inmersivos de apertura y uso: Desde el toque completo de su mano hasta el proceso de observar el color que fluye dentro del tubo a medida que extrae el producto, cada paso se ritualiza, profundizando la experiencia de la marca.<\/li>\n<\/ul>\n<p>&nbsp;<\/p>\n<ol start=\"3\">\n<li>Escenarios de uso del producto<\/li>\n<\/ol>\n<p>&nbsp;<\/p>\n<ul>\n<li>Boutique de dise\u00f1adores y boutiques de belleza de gama alta: En espacios comerciales como 10 Corso Como o Dover Street Market que enfatizan la est\u00e9tica y el dise\u00f1o, este producto se mezcla perfectamente y se convierte en un punto destacado.<\/li>\n<li>Museos de arte y tiendas de regalos de museos: como envases para productos de cuidado de la piel o objetos creativos (como paletas de colores) asociados con exposiciones de arte, act\u00faan como una exposici\u00f3n en s\u00ed mismos.<\/li>\n<li>Cajas de suscripci\u00f3n y ventas limitadas: Como &#8220; art\u00edculo de celebridad&#8221; en una caja de suscripci\u00f3n de belleza o estilo de vida de gama alta, o como producto limitado para una marca&#8217; aniversario, puede mejorar en gran medida la sorpresa y el valor de toda la caja de regalo.<\/li>\n<li>Apoyos fotogr\u00e1ficos para creadores de contenido y blogueros: Su apariencia \u00fanica es el apoyo perfecto de naturaleza muerta que encaja naturalmente en el contenido de las redes sociales sobre vintage, est\u00e9tica y estilo de vida.<\/li>\n<li>Suministros de primera clase para hoteles y aerol\u00edneas de alta gama: los embalajes especializados para el cuidado de la piel en los ba\u00f1os de los mejores hoteles o las bolsas de lavado de las aerol\u00edneas pueden mejorar significativamente la singularidad y los puntos de memoria de la experiencia de la cabina.<\/li>\n<\/ul>\n<p>&nbsp;<\/p>\n<p>&nbsp;<\/p>\n<p>Resumen del valor principal: Este producto es una soluci\u00f3n de envasado pionera con &#8220; dise\u00f1o de contraste art\u00edstico&#8221; como un medio disruptivo y &#8220; creaci\u00f3n de valor emocional&#8221; como su prop\u00f3sito principal. Transforma con \u00e9xito los envases de consumo cotidianos en una obra de arte en miniatura que se puede sostener en su mano a trav\u00e9s de su ic\u00f3nica proporci\u00f3n de capacidad peque\u00f1a de tubo grande, acabado mate transparente \u00fanico y amarillo naranja c\u00e1lido y vintage. No solo lleva productos, sino historias, emociones y propuestas est\u00e9ticas, y es un arma estrat\u00e9gica que ayuda a las marcas a romper las reglas en un concurrido mercado global, hablar directamente con audiencias de nicho de gama alta y construir un fuerte culto visual.<\/p>","protected":false},"featured_media":4615,"comment_status":"closed","ping_status":"closed","template":"","meta":[],"product_brand":[],"product_cat":[34],"product_tag":[],"class_list":{"0":"post-4614","1":"product","2":"type-product","3":"status-publish","4":"has-post-thumbnail","6":"product_cat-facial-treatment","8":"first","9":"instock","10":"shipping-taxable","11":"purchasable","12":"product-type-simple"},"_links":{"self":[{"href":"https:\/\/www.hongyitube.com\/es\/wp-json\/wp\/v2\/product\/4614","targetHints":{"allow":["GET"]}}],"collection":[{"href":"https:\/\/www.hongyitube.com\/es\/wp-json\/wp\/v2\/product"}],"about":[{"href":"https:\/\/www.hongyitube.com\/es\/wp-json\/wp\/v2\/types\/product"}],"replies":[{"embeddable":true,"href":"https:\/\/www.hongyitube.com\/es\/wp-json\/wp\/v2\/comments?post=4614"}],"wp:featuredmedia":[{"embeddable":true,"href":"https:\/\/www.hongyitube.com\/es\/wp-json\/wp\/v2\/media\/4615"}],"wp:attachment":[{"href":"https:\/\/www.hongyitube.com\/es\/wp-json\/wp\/v2\/media?parent=4614"}],"wp:term":[{"taxonomy":"product_brand","embeddable":true,"href":"https:\/\/www.hongyitube.com\/es\/wp-json\/wp\/v2\/product_brand?post=4614"},{"taxonomy":"product_cat","embeddable":true,"href":"https:\/\/www.hongyitube.com\/es\/wp-json\/wp\/v2\/product_cat?post=4614"},{"taxonomy":"product_tag","embeddable":true,"href":"https:\/\/www.hongyitube.com\/es\/wp-json\/wp\/v2\/product_tag?post=4614"}],"curies":[{"name":"WP","href":"https:\/\/api.w.org\/{rel}","templated":true}]}}