{"id":4604,"date":"2026-01-29T12:50:39","date_gmt":"2026-01-29T04:50:39","guid":{"rendered":"https:\/\/www.hongyitube.com\/?post_type=product&#038;p=4604"},"modified":"2026-01-29T12:50:39","modified_gmt":"2026-01-29T04:50:39","slug":"%cf%8630mm-diameter-40-grams-ml-natural-ingredients-oval-shaped-pe-soft-tube-container-collapsible-dispensing-tube-hongyi-plastic","status":"publish","type":"product","link":"https:\/\/www.hongyitube.com\/es\/product\/%cf%8630mm-diameter-40-grams-ml-natural-ingredients-oval-shaped-pe-soft-tube-container-collapsible-dispensing-tube-hongyi-plastic\/","title":{"rendered":"\u03a630mm di\u00e1metro, 40 gramos \/ ml, ingredientes naturales, recipiente de tubo suave de PE en forma oval, tubo de dispensaci\u00f3n plegable - pl\u00e1stico Hongyi"},"content":{"rendered":"<ol>\n<li>Descripci\u00f3n del producto<\/li>\n<\/ol>\n<p>&nbsp;<\/p>\n<p>Este producto es una manguera de PE elipsoidal de 30mm de di\u00e1metro, la capacidad est\u00e1ndar de 40g \/ ml, su inspiraci\u00f3n de dise\u00f1o de la fusi\u00f3n de la energ\u00eda natural y la textura de alta gama. El torso utiliza un fondo negro profundo y brillante como sustrato para crear un efecto visual misterioso y avanzado como la obsidiana. Adem\u00e1s, a trav\u00e9s de la tecnolog\u00eda de impresi\u00f3n de alta definici\u00f3n, los v\u00edvidos motivos verdes de aloe vera y los correspondientes textos funcionales verdes transmiten claramente el punto de venta principal del ingrediente natural. Para mejorar la sensaci\u00f3n de lujo, la informaci\u00f3n clave en la parte delantera del cuerpo se aplica en un sofisticado proceso de pulido de plata. El reverso garantiza la completa legibilidad de la informaci\u00f3n con texto blanco con alto contraste. El producto est\u00e1 estandarizado con un inserto universal de boquilla blanca, y puede emparejarse flexiblemente con 30 tipos de colores moldeados por inyecci\u00f3n y una deslumbrante tapa oval galvanizada, logrando unidad funcional y est\u00e9tica. Los procesos de prellenado y sellado garantizan contenidos frescos, y sus materiales excepcionales garantizan durabilidad cuando se prensan repetidamente sin deformaci\u00f3n, convirti\u00e9ndolo en un envase excepcional que combina afinidad natural con refinamiento urbano.<\/p>\n<p>&nbsp;<\/p>\n<ol start=\"2\">\n<li>Material del producto<\/li>\n<\/ol>\n<p>&nbsp;<\/p>\n<ul>\n<li>Material principal: El uso de material compuesto PE negro de alto brillo y alta densidad, el tratamiento de iluminaci\u00f3n superficial no solo mejora la profundidad visual, sino que tambi\u00e9n tiene una excelente resistencia anti-contaminaci\u00f3n y ara\u00f1azos.<\/li>\n<li>Seguridad y cumplimiento: Todos los materiales cumplen con las normas internacionales para materiales de contacto cosm\u00e9ticos y farmac\u00e9uticos (por ejemplo, FDA, EU10 \/ 2011) para garantizar la compatibilidad segura con contenidos que contienen extractos vegetales o ingredientes activos.<\/li>\n<li>Propiedades ambientales: el material PE como pl\u00e1stico reciclable, en l\u00ednea con la iniciativa de envasado ambiental del mercado principal mundial, el recubrimiento ligero tambi\u00e9n utiliza tinta respetuosa con el medio ambiente.<\/li>\n<\/ul>\n<p>&nbsp;<\/p>\n<ol start=\"3\">\n<li>Uso recomendado del producto<\/li>\n<\/ol>\n<p>&nbsp;<\/p>\n<p>La industria de la belleza y el cuidado de la piel<\/p>\n<p>&nbsp;<\/p>\n<ul>\n<li>Mujeres&#8217; s Mercado: Perfecto para geles de aloe vera, geles de reparaci\u00f3n post-sol, pre-cremas de maquillaje hidratantes y m\u00e1scaras de sue\u00f1o calmantes. El cuerpo del tubo luminoso negro da a los ingredientes naturales un &#8220; lujo de gama alta&#8221; posici\u00f3n, y el patr\u00f3n de aloe vera verde comunica intuitivamente el &#8220; puro y relajante&#8221; efectos, que pueden atraer precisamente a los consumidores que buscan ingredientes naturales y un sentido de uso ritual.<\/li>\n<li>Hombres&#8217; Mercado: Para hombres&#8217; Geles calmantes de aceite de control, cremas despu\u00e9s del afeitado y geles de refrigeraci\u00f3n deportiva. El color negro y verde es tranquilo y poderoso, y el patr\u00f3n de aloe vera transmite un claro &#8220; relajante y restaurador&#8221; funci\u00f3n, que satisface el deseo de los consumidores masculinos para &#8220; directo y natural&#8221; productos de cuidado de la piel. El dise\u00f1o de puntilla hace que sea f\u00e1cil aplicar con precisi\u00f3n al \u00e1rea de afeitado.<\/li>\n<li>Ni\u00f1os&#8217; s Mercado: En el embalaje para ni\u00f1os leves&#8217; s loci\u00f3n protectora solar y alivio de mosquito. El patr\u00f3n de aloe vera es un s\u00edmbolo universal de seguridad natural y puede ganar r\u00e1pidamente la confianza de los padres. El cuerpo negro brillante es m\u00e1s de calidad que el dise\u00f1o de dibujos animados puro, y es adecuado para ni\u00f1os de gama media a alta. marcas de cuidado.<\/li>\n<\/ul>\n<p>&nbsp;<\/p>\n<p>Ung\u00fcentos m\u00e9dicos<\/p>\n<p>&nbsp;<\/p>\n<ul>\n<li>Para quemaduras leves y cremas ardientes, cremas para reparar grietas en la piel seca y geles calmantes de grado m\u00e9dico. El Aloe Vera es ampliamente reconocido como un ingrediente restaurador, y su patr\u00f3n puede reducir efectivamente la resistencia psicol\u00f3gica de los pacientes a la crema. El cuerpo del tubo luminoso negro mantiene la imagen profesional y rigurosa de los productos farmac\u00e9uticos.<\/li>\n<\/ul>\n<p>&nbsp;<\/p>\n<p>La industria de agentes de mantenimiento mec\u00e1nico<\/p>\n<p>&nbsp;<\/p>\n<ul>\n<li>Geles de cuidado de limpieza de instrumentos de precisi\u00f3n separados, cremas de limpieza de lentes \u00f3pticas, geles de enfriamiento de equipos electr\u00f3nicos (productos conceptuales). The &#8220; negro-verde&#8221; Esquema de color da un sentido futurista de la tecnolog\u00eda y la naturaleza, y el patr\u00f3n de aloe vera puede ordenadamente asociar las funciones del producto de &#8220; limpieza,&#8221;  &#8220; refrigeraci\u00f3n, &#8221;  and &#8220; proteger,&#8221; Hacer m\u00e1s accesibles los productos industriales.<\/li>\n<\/ul>\n<p>&nbsp;<\/p>\n<p>Industria de pigmentos qu\u00edmicos industriales<\/p>\n<p>&nbsp;<\/p>\n<ul>\n<li>Edici\u00f3n limitada o embalaje de alambre de gama alta para tintes industriales para temas espec\u00edficos (como &#8220;extracci\u00f3n de plantas&#8221; colores conceptuales), adhesivos especializados (enfatizando &#8220;uni\u00f3n natural&#8221;). Un dise\u00f1o visual \u00fanico puede hacer que un producto industrial se destaque en una feria o canal profesional y contar una historia de marca.<\/li>\n<\/ul>\n<p>&nbsp;<\/p>\n<ol start=\"4\">\n<li>Caracter\u00edsticas del producto<\/li>\n<\/ol>\n<p>&nbsp;<\/p>\n<ul>\n<li>Excelente nivel visual y textura: Negro brillante, verde vibrante y plata brillante forman un fuerte contraste de color y textura, que es extremadamente impactante visualmente y de gama alta en los estantes.<\/li>\n<li>comunicaci\u00f3n intuitiva de ingredientes naturales: los patrones de aloe vera verde son un lenguaje visual global sin traducci\u00f3n, lo que crea al instante una clara asociaci\u00f3n de &#8220; natural,&#8221;  &#8220; relajante&#8221;  and &#8220; curaci\u00f3n&#8221; productos en la mente de los consumidores, reduciendo significativamente los costos de comunicaci\u00f3n.<\/li>\n<li>Un sistema flexible de personalizaci\u00f3n de gama alta: los enchufes de punta blanca proporcionan funciones precisas, mientras que una variedad de tapas moldeadas por inyecci\u00f3n y galvanizadas (por ejemplo, oro chapado, verde chapado, negro mate) dan a las marcas la clave para dar forma a diferentes identidades de producto (lujo, tecnolog\u00eda, bajo nivel).<\/li>\n<li>Capacidad equilibrada y practicidad: 40 gramos de capacidad es la especificaci\u00f3n ideal para grandes conjuntos. La longitud del tubo de 30 mm tiene un fuerte agarre, que cumple tanto con el uso continuo diario como con los l\u00edmites de la limitaci\u00f3n de capacidad para el transporte de viaje, lo que lo hace extremadamente pr\u00e1ctico.<\/li>\n<\/ul>\n<p>&nbsp;<\/p>","protected":false},"excerpt":{"rendered":"<ol>\n<li>Dise\u00f1o del cuerpo del producto<\/li>\n<\/ol>\n<p>&nbsp;<\/p>\n<ul>\n<li>Composici\u00f3n visual jer\u00e1rquica:<\/li>\n<\/ul>\n<ol>\n<li>Capa de fondo (Profundo): La luz negra brillante establece el tono de alta gama, misterioso, profesionalismo.<\/li>\n<li>Capa central (Comunicaci\u00f3n): Los patrones y textos de aloe vera verde son los principales comunicadores de funci\u00f3n y emoci\u00f3n, claros y directos.<\/li>\n<li>Capa atenuadora (lujo): texto escrito en plata caliente, como inscripciones en joyas, parpadeando en la luz, mejorando en gran medida la calidad del detalle y el placer t\u00e1ctil.<\/li>\n<\/ol>\n<ul>\n<li>L\u00f3gica del dise\u00f1o de la informaci\u00f3n: la atracci\u00f3n frontal con patrones y platado para transmitir valores b\u00e1sicos; El reverso contiene instrucciones detalladas en texto blanco claro para lograr una compartimentaci\u00f3n est\u00e9tica y funcional.<\/li>\n<li>Conexi\u00f3n funcional armoniosa: el corcho blanco de la boquilla forma una alineaci\u00f3n de color con el texto blanco en el lado opuesto, haciendo que el dise\u00f1o general se sienta armonioso en contraste.<\/li>\n<\/ul>\n<p>&nbsp;<\/p>\n<p>2. ventajas del producto<\/p>\n<p>&nbsp;<\/p>\n<ul>\n<li>Construir confianza intercultural r\u00e1pida: los patrones de Aloe Vera disfrutan de un alto reconocimiento y popularidad en todo el mundo, lo que ayuda a las marcas a cruzar r\u00e1pidamente las barreras culturales y ling\u00fc\u00edsticas para construir confianza con los consumidores basados en ingredientes naturales.<\/li>\n<li>Lograr una actualizaci\u00f3n de marca desde &#8220; natural&#8221;  to &#8220; lujo&#8221; Combinando un ingrediente natural com\u00fan (aloe vera) con un formato de embalaje de gama alta inusual (negro y plata brillante), puede romper con \u00e9xito el &#8220; natural = simple&#8221; estereotipo y apoyar una prima de marca m\u00e1s alta.<\/li>\n<li>Forte estante de espera y atributos de moneda social: El fuerte contraste entre negro y verde y plata hace que sea extremadamente f\u00e1cil identificar y recordar tanto en l\u00ednea como fuera de l\u00ednea. Su aspecto exquisito es extremadamente &#8220; sunable&#8221; y puede inspirar a los usuarios a compartirlo en las redes sociales, convirti\u00e9ndose en un medio promocional gratuito para la marca.<\/li>\n<li>Potencia de narraci\u00f3n de historias para aplicaciones multisectoriales: si&#8217; productos de cuidado de la piel o productos industriales, motivos de aloe vera pueden dar un &#8220; suave pero eficaz&#8221; punto de entrada de la historia a un producto, mejorando la marca&#8217; valor a\u00f1adido emocional.<\/li>\n<\/ul>\n<p>&nbsp;<\/p>\n<ol start=\"3\">\n<li>Escenarios de uso del producto<\/li>\n<\/ol>\n<p>&nbsp;<\/p>\n<ul>\n<li>Tiendas ecol\u00f3gicas de gama alta y tiendas de alimentos saludables: En Whole Foods o puntos de venta similares, los temas naturales y las texturas de gama alta coinciden perfectamente con los consumidores que buscan un estilo de vida saludable.<\/li>\n<li>Hoteles de resort y spas: Como un art\u00edculo especializado en una habitaci\u00f3n de hotel o spa de gama alta (como un gel bronceado), la apariencia y el escenario de uso son altamente igualados, mejorando a los hu\u00e9spedes. experiencia de vacaciones.<\/li>\n<li>Blogger de belleza&#8217; s &#8220; partido ingrediente&#8221; recomendaci\u00f3n: En YouTube o Instagram, su embalaje puede mostrar intuitivamente el punto de venta de &#8220; ingredientes principales de aloe vera,&#8221; convertirse en un accesorio de pantalla favorito para los bloggers de fiestas de ingredientes.<\/li>\n<li>Regalo &amp; Conjunto de vacaciones: Perfecto para empaquetar conjuntos de regalos de verano, conjuntos de viajes o Mother&#8217; Regalos del d\u00eda con un tema claro, natural y cari\u00f1oso.<\/li>\n<li>Exposiciones diferenciadas en canales especializados: cuando se enumeran junto a numerosos empaques puramente tecnol\u00f3gicos o minimalistas en una farmacia o en un mostrador de cuidado de la piel especializado, el tema natural puede crear una diferenciaci\u00f3n distintiva que atrae a los clientes con necesidades espec\u00edficas.<\/li>\n<\/ul>\n<p>&nbsp;<\/p>\n<p>Resumen del valor principal: Este producto es una soluci\u00f3n de envasado superior que &#8220; utiliza ingredientes naturales como piedra angular de la comunicaci\u00f3n y textura de lujo como motor de valor. &#8221; Utiliza inteligentemente el s\u00edmbolo visual de aloe vera acordado globalmente, combinando un brillo similar a la obsidiana con un brillante proceso de pulido de plata, para combinar con \u00e9xito los atributos aparentemente contradictorios de &#8220; pureza natural&#8221;  and &#8220; refinamiento de alta gama. &#8221; No es solo un envase, sino tambi\u00e9n un medio para establecer instant\u00e1neamente una conexi\u00f3n emocional con los consumidores. Los aceleradores de marcas que aumentan significativamente el valor percibido de los productos son especialmente adecuados para marcas de cuidado de la piel natural de gama media a alta, marcas farmac\u00e9uticas que buscan mejorar su imagen o marcas innovadoras que buscan dar a los productos industriales un toque humano.<\/p>","protected":false},"featured_media":4607,"comment_status":"closed","ping_status":"closed","template":"","meta":[],"product_brand":[],"product_cat":[34],"product_tag":[],"class_list":{"0":"post-4604","1":"product","2":"type-product","3":"status-publish","4":"has-post-thumbnail","6":"product_cat-facial-treatment","8":"first","9":"instock","10":"shipping-taxable","11":"purchasable","12":"product-type-simple"},"_links":{"self":[{"href":"https:\/\/www.hongyitube.com\/es\/wp-json\/wp\/v2\/product\/4604","targetHints":{"allow":["GET"]}}],"collection":[{"href":"https:\/\/www.hongyitube.com\/es\/wp-json\/wp\/v2\/product"}],"about":[{"href":"https:\/\/www.hongyitube.com\/es\/wp-json\/wp\/v2\/types\/product"}],"replies":[{"embeddable":true,"href":"https:\/\/www.hongyitube.com\/es\/wp-json\/wp\/v2\/comments?post=4604"}],"wp:featuredmedia":[{"embeddable":true,"href":"https:\/\/www.hongyitube.com\/es\/wp-json\/wp\/v2\/media\/4607"}],"wp:attachment":[{"href":"https:\/\/www.hongyitube.com\/es\/wp-json\/wp\/v2\/media?parent=4604"}],"wp:term":[{"taxonomy":"product_brand","embeddable":true,"href":"https:\/\/www.hongyitube.com\/es\/wp-json\/wp\/v2\/product_brand?post=4604"},{"taxonomy":"product_cat","embeddable":true,"href":"https:\/\/www.hongyitube.com\/es\/wp-json\/wp\/v2\/product_cat?post=4604"},{"taxonomy":"product_tag","embeddable":true,"href":"https:\/\/www.hongyitube.com\/es\/wp-json\/wp\/v2\/product_tag?post=4604"}],"curies":[{"name":"WP","href":"https:\/\/api.w.org\/{rel}","templated":true}]}}