{"id":4600,"date":"2026-01-29T12:30:37","date_gmt":"2026-01-29T04:30:37","guid":{"rendered":"https:\/\/www.hongyitube.com\/?post_type=product&#038;p=4600"},"modified":"2026-01-29T12:30:37","modified_gmt":"2026-01-29T04:30:37","slug":"%cf%8630mm-diameter-46-grams-ml-matte-black-oval-shaped-pe-soft-tube-packaging-material-with-dividers-hongyi-plastic","status":"publish","type":"product","link":"https:\/\/www.hongyitube.com\/es\/product\/%cf%8630mm-diameter-46-grams-ml-matte-black-oval-shaped-pe-soft-tube-packaging-material-with-dividers-hongyi-plastic\/","title":{"rendered":"\u03a630mm di\u00e1metro, 46 gramos \/ ml, negro mate, material de envasado de tubo suave de PE en forma oval con divisores - pl\u00e1stico Hongyi"},"content":{"rendered":"<ol>\n<li>Descripci\u00f3n del producto<\/li>\n<\/ol>\n<p>&nbsp;<\/p>\n<p>Este producto es una manguera de PE elipsoidal de 30 mm de di\u00e1metro con una capacidad de 46 g \/ ml, dise\u00f1ada para mercados de gama alta que buscan el sentido \u00faltimo de profesionalismo, visibilidad de ingredientes y experiencia tecnol\u00f3gica. El cuerpo utiliza un sustrato negro mate profundo y muestra dos nombres de contenido azul claro y un bloque de color funcional azul prominente a trav\u00e9s de un proceso de impresi\u00f3n offset de alta precisi\u00f3n. El dise\u00f1o destaca la innovadora ventana transparente de 1,5 x 0,6 cm en el bloque de color, que puede observar directamente el material y los residuos del contenido. La parte superior de la ventana est\u00e1 impresa con esloganes promocionales negros, el cuerpo se muestra con patrones e instrucciones a trav\u00e9s de impresiones de seda blanca de alto contraste y la capa de informaci\u00f3n es clara. Funcionalmente, la boca puntiaguda blanca es est\u00e1ndar y se puede emparejar con 30 tipos de colores moldeados por inyecci\u00f3n y una tapa oval galvanizada futurista. Utilizando un proceso de sellado de prerelleno y final para garantizar la sellabilidad, el material asegura que se comprime repetidamente sin deformaci\u00f3n, y es un envase de vanguardia que combina est\u00e9tica de dise\u00f1o industrial, construcci\u00f3n transparente de confianza y control preciso de dosis.<\/p>\n<p>&nbsp;<\/p>\n<ol start=\"2\">\n<li>Material del producto<\/li>\n<\/ol>\n<p>&nbsp;<\/p>\n<ul>\n<li>El cuerpo principal del tubo: el uso de material compuesto PE negro de alta densidad, alta barrera, superficie mate por tratamiento especial, textura y resistencia a los ara\u00f1azos.<\/li>\n<li>Ventana de seguridad: La secci\u00f3n de ventana transparente utiliza material de pel\u00edcula cohesiva altamente transparente y resistente al impacto que se integra con el cuerpo o se solda sin problemas para garantizar que no exista riesgo de fugas y no afecte a la estabilidad del contenido.<\/li>\n<li>Componentes y cumplimiento: Todos los componentes (insertos, tapas) est\u00e1n hechos de materiales de calidad alimentaria \/ farmac\u00e9utica y cumplen con las normas internacionales de seguridad (por ejemplo, FDA, UE). La selecci\u00f3n general de materiales cumple con los requisitos de durabilidad, compatibilidad y sostenibilidad.<\/li>\n<\/ul>\n<p>&nbsp;<\/p>\n<ol start=\"3\">\n<li>Uso recomendado del producto<\/li>\n<\/ol>\n<p>&nbsp;<\/p>\n<p>La industria de la belleza y el cuidado de la piel<\/p>\n<p>&nbsp;<\/p>\n<ul>\n<li>Mercado femenino: adecuado para alta concentraci\u00f3n de VC \/ A esencia de alcohol, alto protector solar f\u00edsico, alta cobertura de m\u00e1scara mate. El cuerpo de tubo silenciado negro est\u00e1 emparejado con un logotipo t\u00e9cnico azul para entregar &#8220; grado de laboratorio&#8221; se\u00f1ales de alto rendimiento. La ventana transparente permite a los consumidores ver el producto&#8217; s textura (como la riqueza de la esencia, la liquidez del protector solar) y construir un sentido de &#8220; transparencia de los ingredientes. &#8221;<\/li>\n<li>Hombres&#8217; Mercado: Perfecto para los sueros de cuidado de la piel de calidad profesional, hidratantes de control de aceite y protectores solares de tecnolog\u00eda oscura para hombres. El esquema de colores negro, blanco y azul minimalista y el lenguaje de dise\u00f1o industrial son altamente compatibles con las preferencias de los consumidores masculinos para &#8220; racional,&#8221;  &#8220; eficaz&#8221;  and &#8220; sin redundancia. &#8221; El dise\u00f1o de la boca afilada facilita la aplicaci\u00f3n en el \u00e1rea posterior al afeitado o en la zona T.<\/li>\n<li>Ni\u00f1os&#8217; Mercado: envases para protectores solares f\u00edsicos de alta protecci\u00f3n y hidratantes para ni\u00f1os. La ventana transparente permite a los padres comprobar intuitivamente el estado del producto antes de usarlo, y el logotipo azul trae tranquilidad y profesionalismo.<\/li>\n<\/ul>\n<p>&nbsp;<\/p>\n<p>Ung\u00fcentos m\u00e9dicos<\/p>\n<p>&nbsp;<\/p>\n<ul>\n<li>Adecuado para cremas de receta para la piel (como crema de tretino\u00edna), geles de reparaci\u00f3n postoperatorios y parches de cicatrices. El cuerpo del tubo negro y el texto profesional azul demuestran la naturaleza m\u00e9dica seria, la ventana transparente permite a los pacientes observar las caracter\u00edsticas y la cantidad residual de la crema para evitar el agotamiento repentino, y la boca puntiaguda logra la administraci\u00f3n precisa del f\u00e1rmaco en el \u00e1rea afectada para mejorar el cumplimiento.<\/li>\n<\/ul>\n<p>&nbsp;<\/p>\n<p>La industria de agentes de mantenimiento mec\u00e1nico<\/p>\n<p>&nbsp;<\/p>\n<ul>\n<li>Montar grasa conductora t\u00e9rmica de alto rendimiento, lubricantes para instrumentos de precisi\u00f3n y recubrimientos de protecci\u00f3n de placas de circuito. El color negro y azul y el dise\u00f1o de la ventana es un &#8220; instrumento de precisi\u00f3n industrial&#8221; estilo, y la tapa de plata galvanizada mejora esta sensaci\u00f3n de tecnolog\u00eda futurista. La ventana muestra la uniformidad del yeso y la boquilla satisface las necesidades de recubrimiento de precisi\u00f3n milim\u00e9trica.<\/li>\n<\/ul>\n<p>&nbsp;<\/p>\n<p>Industria de pigmentos qu\u00edmicos industriales<\/p>\n<p>&nbsp;<\/p>\n<ul>\n<li>Para distribuciones de peque\u00f1a capacidad de pinturas met\u00e1licas avanzadas, pasta de plata conductora y resinas epox\u00eddicas especiales. El envase negro subraya la profesionalidad y la m\u00edstica del producto, mientras que la ventana transparente permite al espectador apreciar directamente el rico color met\u00e1lico o material, que en s\u00ed mismo constituye la primera parte del atractivo del producto.<\/li>\n<\/ul>\n<p>&nbsp;<\/p>\n<ol start=\"4\">\n<li>Caracter\u00edsticas del producto<\/li>\n<\/ol>\n<p>&nbsp;<\/p>\n<ul>\n<li>Dise\u00f1o visual revolucionario: La ventana transparente integrada es una innovaci\u00f3n central que resuelve la &#8220; contenido caja negra&#8221; problema de envasado oscuro \/ opaco, mejorando en gran medida la confianza del consumidor y el placer interactivo a trav\u00e9s de un &#8220; visto-ver&#8221; enfoque.<\/li>\n<li>Forte est\u00e9tica t\u00e9cnica y profesional: Un sistema de colores negro mate, azul t\u00e9cnico y blanco de alto brillo combinado con un zonamiento funcional claro crea una imagen visual tranquila, fiable y de vanguardia que est\u00e1 significativamente separada del envase ordinario de productos de consumo.<\/li>\n<li>Sistema de dosificaci\u00f3n y posicionamiento de precisi\u00f3n: un inserto de boquilla blanca garantiza la salida precisa y controlable de una pasta de alta viscosidad; Consistente en bloques de colores claros y particiones de texto, la informaci\u00f3n del producto se puede recuperar y entender al instante en el estante.<\/li>\n<li>Excelente durabilidad y protecci\u00f3n: el di\u00e1metro de 30 mm proporciona una buena adherencia y capacidad de contenido, materiales de alta calidad garantizan la estabilidad f\u00edsica y qu\u00edmica en la extrusi\u00f3n repetida y diferentes entornos.<\/li>\n<\/ul>","protected":false},"excerpt":{"rendered":"<ol>\n<li>Dise\u00f1o del cuerpo del producto<\/li>\n<\/ol>\n<p>&nbsp;<\/p>\n<ul>\n<li>Arquitectura de la informaci\u00f3n y movilidad visual:<\/li>\n<\/ul>\n<ol>\n<li>Informaci\u00f3n de nivel 1 (captura de atenci\u00f3n): Un azul &#8220; nombre del contenido&#8221;  and a &#8220; bloque de color funcional&#8221; Formar un enfoque visual.<\/li>\n<li>Nivel II Informaci\u00f3n (Interacci\u00f3n y Autenticaci\u00f3n): La ventana transparente en los bloques de colores se convierte en el n\u00facleo de la funci\u00f3n y la experiencia, con un eslogan promocional negro arriba.<\/li>\n<li>Informaci\u00f3n de nivel 3 (explicaci\u00f3n detallada): Las impresiones de seda blanca en ambos lados proporcionan descripciones completas del producto, ingredientes y patrones, que son claramente legibles en fondos oscuros.<\/li>\n<\/ol>\n<ul>\n<li>Psicolog\u00eda del material y el color: negro aburrido simboliza profesionalismo, alta gama y poderosos beneficios; El azul simboliza la tecnolog\u00eda, la confianza y la calma. El blanco simboliza la pureza y la precisi\u00f3n. Los tres se combinan para crear la identidad de color completa de un &#8220; marca de tecnolog\u00eda profesional. &#8221;<\/li>\n<li>Contraste y fusi\u00f3n de componentes: boquillas blancas e impresiones de seda blancas responden para formar una l\u00f3gica de color interna; La adici\u00f3n de un color galvanizado o una cubierta de color contrastante puede crear una variaci\u00f3n de la l\u00ednea de productos en un tono unificado.<\/li>\n<\/ul>\n<p>&nbsp;<\/p>\n<ol start=\"2\">\n<li>Ventajas del producto<\/li>\n<\/ol>\n<p>&nbsp;<\/p>\n<ul>\n<li>Construye un sentido de confianza insustituible: La ventana transparente es el mayor diferenciador, y env\u00eda una fuerte se\u00f1al de &#8220; confianza, &#8221;  &#8220; sinceridad,&#8221;  and &#8220; estabilidad de calidad&#8221; a los consumidores, lo que es esencial en los mercados extranjeros donde prevalecen la constituyencia y el consumo racional.<\/li>\n<li>Forte estanter\u00eda est\u00e1tica y reconocimiento de marca: El dise\u00f1o visual negro y azul \u00fanico lo hace agresivo y memorable en un estante ocupado, atrayendo r\u00e1pidamente a los consumidores que buscan soluciones eficientes y profesionales.<\/li>\n<li>Puente entre mercados de consumo y profesionales: lenguaje de dise\u00f1o que re\u00fane a los consumidores&#8217; expectativas de productos de gama alta y eficaces mientras que tener un aspecto fiable como una herramienta profesional es el veh\u00edculo ideal para crear &#8220; productos de consumo de grado profesional&#8221;  or &#8220; productos profesionales consumidos. &#8221;<\/li>\n<li>Mejora de la experiencia del usuario y la interactividad: desde la comprobaci\u00f3n de los m\u00e1rgenes y la observaci\u00f3n de la textura hasta la aplicaci\u00f3n precisa, todo el proceso de uso est\u00e1 lleno de control e interactividad tecnol\u00f3gica, aumentando la satisfacci\u00f3n del usuario y la apreciaci\u00f3n de la marca.<\/li>\n<\/ul>\n<p>&nbsp;<\/p>\n<ol start=\"3\">\n<li>Escenarios de uso del producto<\/li>\n<\/ol>\n<p>&nbsp;<\/p>\n<ul>\n<li>Farmacias de gama alta y mostradores profesionales para el cuidado de la piel: En Sephora, Space NK o las cl\u00ednicas de dermatolog\u00eda afiliadas, el aspecto profesional puede ganar inmediatamente la confianza de los partidos de ingredientes y los entusiastas experimentados del cuidado de la piel.<\/li>\n<li>Estaciones de trabajo profesionales para ingenieros, dise\u00f1adores y artistas, cuyo embalaje est\u00e1 integrado con el entorno de trabajo, representando tanto herramientas como gusto.<\/li>\n<li>&#8220; Prueba f\u00edsica de p\u00e1ginas de detalle&#8221; en plataformas de comercio electr\u00f3nico: Al vender en l\u00ednea, las ventanas transparentes se pueden mostrar como puntos de venta fuertes del producto, demostrar visualmente la textura del producto a trav\u00e9s de im\u00e1genes y v\u00eddeos y reducir los retornos debido a errores imaginarios.<\/li>\n<li>Hombres boutique&#8217; tiendas de marca de cuidado: offline o en tiendas especializadas en l\u00ednea, est\u00e1n dise\u00f1ados para llamar precisamente a los hombres modernos que buscan eficiencia y calidad.<\/li>\n<li>Ferias de tecnolog\u00eda y promoci\u00f3n de canales profesionales: Como una muestra de embalaje para productos industriales y recubrimientos profesionales, su propio dise\u00f1o puede transmitir la fuerza t\u00e9cnica y el posicionamiento de alta gama de la marca.<\/li>\n<\/ul>\n<p>&nbsp;<\/p>\n<p>&nbsp;<\/p>\n<p>Resumen del valor principal: Este producto es una soluci\u00f3n de empaquetado de referencia con &#8220; confianza visual&#8221; como el n\u00facleo de la innovaci\u00f3n y &#8220; est\u00e9tica tecnol\u00f3gica profesional&#8221; como la expresi\u00f3n. Rompe por completo la barrera entre consumidores y contenido a trav\u00e9s de una ingeniosa ventana transparente integrada, creando una nueva dimensi\u00f3n de comunicaci\u00f3n y confianza. Combinado con su fuerte sistema visual negro mate, azul t\u00e9cnico y funci\u00f3n de boquilla precisa, es m\u00e1s que un contenedor, tambi\u00e9n es un veh\u00edculo declaratorio para que las marcas proclamen sus valores de profesionalismo, confianza, transparencia y eficiencia a mercados maduros de todo el mundo, especialmente para las marcas que buscan establecer el liderazgo de la industria o interrumpir la percepci\u00f3n de las categor\u00edas tradicionales.<\/p>","protected":false},"featured_media":4597,"comment_status":"closed","ping_status":"closed","template":"","meta":[],"product_brand":[],"product_cat":[34],"product_tag":[],"class_list":{"0":"post-4600","1":"product","2":"type-product","3":"status-publish","4":"has-post-thumbnail","6":"product_cat-facial-treatment","8":"first","9":"instock","10":"shipping-taxable","11":"purchasable","12":"product-type-simple"},"_links":{"self":[{"href":"https:\/\/www.hongyitube.com\/es\/wp-json\/wp\/v2\/product\/4600","targetHints":{"allow":["GET"]}}],"collection":[{"href":"https:\/\/www.hongyitube.com\/es\/wp-json\/wp\/v2\/product"}],"about":[{"href":"https:\/\/www.hongyitube.com\/es\/wp-json\/wp\/v2\/types\/product"}],"replies":[{"embeddable":true,"href":"https:\/\/www.hongyitube.com\/es\/wp-json\/wp\/v2\/comments?post=4600"}],"wp:featuredmedia":[{"embeddable":true,"href":"https:\/\/www.hongyitube.com\/es\/wp-json\/wp\/v2\/media\/4597"}],"wp:attachment":[{"href":"https:\/\/www.hongyitube.com\/es\/wp-json\/wp\/v2\/media?parent=4600"}],"wp:term":[{"taxonomy":"product_brand","embeddable":true,"href":"https:\/\/www.hongyitube.com\/es\/wp-json\/wp\/v2\/product_brand?post=4600"},{"taxonomy":"product_cat","embeddable":true,"href":"https:\/\/www.hongyitube.com\/es\/wp-json\/wp\/v2\/product_cat?post=4600"},{"taxonomy":"product_tag","embeddable":true,"href":"https:\/\/www.hongyitube.com\/es\/wp-json\/wp\/v2\/product_tag?post=4600"}],"curies":[{"name":"WP","href":"https:\/\/api.w.org\/{rel}","templated":true}]}}