{"id":4580,"date":"2026-01-29T12:16:19","date_gmt":"2026-01-29T04:16:19","guid":{"rendered":"https:\/\/www.hongyitube.com\/?post_type=product&#038;p=4580"},"modified":"2026-01-29T12:16:19","modified_gmt":"2026-01-29T04:16:19","slug":"25mm-diameter-15-grams-ml-embossed-printing-purple-blue-yellow-gradient-oval-shaped-pe-soft-tube-packaging-container-bottle-hongyi-plastic","status":"publish","type":"product","link":"https:\/\/www.hongyitube.com\/es\/product\/25mm-diameter-15-grams-ml-embossed-printing-purple-blue-yellow-gradient-oval-shaped-pe-soft-tube-packaging-container-bottle-hongyi-plastic\/","title":{"rendered":"25 mm de di\u00e1metro, 15 gramos \/ ml, impresi\u00f3n en relieve, gradiente p\u00farpura \/ azul \/ amarillo, botella de envasado de tubo suave de PE en forma oval - pl\u00e1stico Hongyi"},"content":{"rendered":"<ol>\n<li>Descripci\u00f3n del producto<\/li>\n<\/ol>\n<p>&nbsp;<\/p>\n<p>Este producto es una manguera de PE elipsoidal de 25 mm de di\u00e1metro, capacidad de 15 g \/ ml, est\u00e1 dise\u00f1ado para muestras de alta gama, viajes y dise\u00f1o de envases de peque\u00f1a capacidad de alto valor a\u00f1adido. El cuerpo utiliza un sustrato blanco puro y presenta efectos gradientes monocrom\u00e1ticos modernos como p\u00farpura, azul y amarillo a trav\u00e9s de la impresi\u00f3n offset de alta precisi\u00f3n, que es visualmente concisa y tensa. El n\u00facleo del dise\u00f1o es que la parte delantera del cuerpo utiliza un avanzado proceso de te\u00f1ido del mismo color, mostrando el logotipo de la marca y las rayas circundantes en tres dimensiones, creando una capa de luz y sombra de lujo. Funcionalmente, viene de serie con un inserto de boquilla blanca vers\u00e1til y se puede emparejar flexiblemente con 25 colores moldeados por inyecci\u00f3n y una tapa oval electrochapada brillante. Con un sello frontal y dise\u00f1o final que asegura contenidos frescos, y sus materiales superiores que garantizan durabilidad cuando se prensan repetidamente sin deformaci\u00f3n, es una elecci\u00f3n internacional de embalaje que combina est\u00e9tica personalizada, funciones precisas y dimensiones din\u00e1micas.<\/p>\n<p>&nbsp;<\/p>\n<ol start=\"2\">\n<li>Material del producto<\/li>\n<\/ol>\n<p>&nbsp;<\/p>\n<ul>\n<li>Cuerpo principal y seguridad: el uso de polietileno de baja densidad (PE-LD) de calidad alimentaria \/ farmac\u00e9utica, estabilidad qu\u00edmica, amplia compatibilidad, para garantizar la pureza del contenido. En l\u00ednea con las normas internacionales de seguridad como REACH de la UE y la FDA de los Estados Unidos.<\/li>\n<li>Material del componente: El tap\u00f3n de mordido blanco est\u00e1 hecho de un material flexible de grado alimentario; La cubierta elipsoidal puede usar PP, ABS y otros materiales para lograr un rico color de inyecci\u00f3n y efecto de chapado, para satisfacer diferentes necesidades de textura.<\/li>\n<li>Consideraciones ambientales: el material de PE puede ser reciclado, en l\u00ednea con la tendencia mundial de envasado sostenible.<\/li>\n<\/ul>\n<p>&nbsp;<\/p>\n<ol start=\"3\">\n<li>Uso recomendado del producto<\/li>\n<\/ol>\n<p>&nbsp;<\/p>\n<p>La industria de la belleza y el cuidado de la piel<\/p>\n<p>&nbsp;<\/p>\n<ul>\n<li>Mujeres: Perfecto para suero de alta concentraci\u00f3n, leche pre-maquillaje, manchas de color (como el aclaramiento p\u00farpura, verde y rojo) y protecci\u00f3n solar de alto SPF. La capacidad de 15 g es ideal para un kit de degustaci\u00f3n o de viaje. El color p\u00farpura revela gradualmente el misterio y el lujo antienvejecimiento; Gradiente amarillo lleno de vitalidad, adecuado para productos VC; El tono azul imparte una sensaci\u00f3n de tecnolog\u00eda refrescante e hidratante.<\/li>\n<li>Hombres: Para lociones de aceite controladas por viajes, bastones de pulido t\u00f3pico, protector solar port\u00e1til. El gradiente de azul o azul oscuro con una cubierta gris galvanizada resalta la imagen fresca y eficiente de un hombre moderno. La boquilla est\u00e1 dise\u00f1ada para controlar con precisi\u00f3n la cantidad.<\/li>\n<li>Ni\u00f1os: Usado como embalaje para ni\u00f1os&#8217; s repelente de mosquitos, mini b\u00e1lsamo labial y cremas calmantes para la piel sensible. El amarillo brillante o azul cielo se vuelve gradualmente l\u00fadico, peque\u00f1as cantidades para evitar el desperdicio y picos para garantizar una aplicaci\u00f3n segura.<\/li>\n<\/ul>\n<p>&nbsp;<\/p>\n<p>Ung\u00fcentos m\u00e9dicos<\/p>\n<p>&nbsp;<\/p>\n<ul>\n<li>Se utiliza en peque\u00f1as dosis de cremas de medicamentos recetados (como ung\u00fcentos antibi\u00f3ticos), potentes geles t\u00f3picos para aliviar el dolor y cremas m\u00e9dicas para el cuidado de la piel listas para viajar. El dise\u00f1o monocrom\u00e1tico (por ejemplo, azul) es profesional y tranquilo, el envase de 15 gramos es f\u00e1cil de transportar y manejar, y la espita permite una administraci\u00f3n local precisa.<\/li>\n<\/ul>\n<p>&nbsp;<\/p>\n<p>La industria de agentes de mantenimiento mec\u00e1nico<\/p>\n<p>&nbsp;<\/p>\n<ul>\n<li>Montar adhesivos conductores especializados para equipos electr\u00f3nicos, lubricantes para instrumentos de precisi\u00f3n (paquetes de prueba de dosis peque\u00f1as), cremas para el cuidado del cuero de alta gama. Las tapas galvanizadas (como plata galvanizada, ceniza de pistola) pueden mejorar en gran medida la apariencia de productos industriales y son adecuadas como accesorios de caja para equipos de alta gama o muestras promocionales.<\/li>\n<\/ul>\n<p>&nbsp;<\/p>\n<p>Industria de pigmentos qu\u00edmicos industriales<\/p>\n<p>&nbsp;<\/p>\n<ul>\n<li>Para muestras de pintura de dise\u00f1o, pantallas de molde personalizadas y adhesivos de joyer\u00eda. El color de gradiente del propio envase puede corresponder directamente al tema de color del contenido (por ejemplo, pigmento azul con tubos de gradiente azul), creando una fuerte sensaci\u00f3n de serie visual y mejorando la imagen profesional de la marca.<\/li>\n<\/ul>\n<p>&nbsp;<\/p>\n<ol start=\"4\">\n<li>Caracter\u00edsticas del producto<\/li>\n<\/ol>\n<p>&nbsp;<\/p>\n<ul>\n<li>Forte simbolismo visual: Los gradientes monocrom\u00e1ticos combinados con una estereolitograf\u00eda id\u00e9ntica crean un martillo visual con un alto reconocimiento y puntos de memoria, que es poderoso en las redes sociales y los estantes minoristas.<\/li>\n<li>Flexibilidad personalizada extrema: las marcas pueden crear una personalidad de producto diversa mediante la selecci\u00f3n de diferentes colores de cubierta (silencioso, brillante, galvanizado) sobre la base de un gradiente de color \u00fanico (por ejemplo, galvanizado hace que el lujo, silencioso hace que el perfil bajo).<\/li>\n<li>Control de dosis de precisi\u00f3n y experiencia: La compresi\u00f3n nasal puntiaguda blanca es el n\u00facleo de la funci\u00f3n, que puede mejorar los productos de crema de &#8220; uso \u00e1spero&#8221;  to &#8220; pintura de precisi\u00f3n,&#8221; mejorando en gran medida la experiencia de uso y el valor del producto.<\/li>\n<li>Posicionamiento de negocios peque\u00f1os y sofisticados: 15 gramos de capacidad penetran con precisi\u00f3n en segmentos de mercado de r\u00e1pido crecimiento como muestras de gama alta, econom\u00eda de viajes y consumo en etapas tempranas, reduciendo el umbral para que los consumidores lo intenten por primera vez.<\/li>\n<\/ul>","protected":false},"excerpt":{"rendered":"<ol>\n<li>Dise\u00f1o del cuerpo del producto<\/li>\n<\/ol>\n<p>&nbsp;<\/p>\n<ul>\n<li>Forma y proporci\u00f3n: di\u00e1metro el\u00edptico de 25 mm y capacidad de 15 g para formar una proporci\u00f3n delgada, delicada, c\u00f3moda y de alta calidad.<\/li>\n<li>Una historia de color y artesan\u00eda:<\/li>\n<\/ul>\n<ol>\n<li>Base: Blanco puro para garantizar una alta representaci\u00f3n de color y la precisi\u00f3n de los colores de gradiente.<\/li>\n<li>Visi\u00f3n principal: Los monocromos pasan gradualmente de profundo a poco profundo o de grueso a ligero, transmitiendo un estado de \u00e1nimo puro, profesional o lleno de energ\u00eda.<\/li>\n<li>Destacados: logotipos de marca y rayas impresas en el mismo color producen un sutil contraste entre la luz opaca y brillante bajo la luz, agregando un sentido de refinamiento en la dimensi\u00f3n t\u00e1ctil, que es la expresi\u00f3n de &#8220; detalles ver calidad. &#8221;<\/li>\n<\/ol>\n<ul>\n<li>Ajuste sistem\u00e1tico: El cocney blanco sirve como un puente neutral, lo que permite que la tapa&#8217; s color para convertirse en una variable del dise\u00f1o general, lo que permite la r\u00e1pida expansi\u00f3n de la l\u00ednea de productos de &#8220; un cuerpo, m\u00faltiples estilos. &#8221;<\/li>\n<\/ul>\n<p>&nbsp;<\/p>\n<ol start=\"2\">\n<li>Ventajas del producto<\/li>\n<\/ol>\n<p>&nbsp;<\/p>\n<ul>\n<li>Estante y penetraci\u00f3n digital excepcionales: Los bloques visuales monocrom\u00e1ticos y los detalles estereolitogr\u00e1ficos atraen r\u00e1pidamente la atenci\u00f3n tanto en las estanter\u00edas f\u00edsicas como en las miniaturas de la pantalla del tel\u00e9fono m\u00f3vil, lo que impulsa las compras impulsivas.<\/li>\n<li>Perfecto equilibrio de funcionalidad y belleza: no solo es la apariencia superior, su dise\u00f1o de boquilla resuelve puntos de dolor de uso pr\u00e1ctico y satisface las necesidades de los consumidores extranjeros para ambos &#8220; dise\u00f1o sensaci\u00f3n&#8221;  and &#8220; practicidad. &#8221;<\/li>\n<li>Apoya estrategias de volumen peque\u00f1o y multi-SKU: las marcas pueden responder de forma flexible al mercado r\u00e1pidamente cambiando el color de la tapa y el gradiente del color del cuerpo, con diferentes condiciones de la piel, diferentes eficacias y diferentes g\u00e9neros.<\/li>\n<li>Mejorar el valor percibido de la marca: El proceso de te\u00f1ido y el posicionamiento de la boutique de peque\u00f1a cantidad transmiten naturalmente la frase &#8220; alta concentraci\u00f3n,&#8221;  &#8220; alta actividad,&#8221;  &#8220; alto valor&#8221; del producto, apoyando el precio premium.<\/li>\n<\/ul>\n<p>&nbsp;<\/p>\n<ol start=\"3\">\n<li>Escenarios de uso del producto<\/li>\n<\/ol>\n<p>&nbsp;<\/p>\n<ul>\n<li>Canales minoristas y duty-free de gama alta: En Sephora, Douglas o tiendas duty-free del aeropuerto, el &#8220; paquete de lujo&#8221;  or &#8220; color limitado&#8221; embalaje como un producto estrella para estimular la compra.<\/li>\n<li>Ventas directas de comercio electr\u00f3nico y cajas de suscripci\u00f3n: Tama\u00f1o de muestra perfecto para servicios de suscripci\u00f3n en l\u00ednea (como cajas ciegas de belleza), nuevas experiencias de lanzamiento o como regalo formal para promover la conversi\u00f3n y la recompra.<\/li>\n<li>Suministros profesionales para salones y hoteles: embalaje para productos especializados para el cuidado de la piel en un sal\u00f3n de belleza de gama alta, spa o hotel boutique, con un aspecto refinado y funcionalidad que coincide con el entorno de servicio de gama alta.<\/li>\n<li>Marketing en redes sociales y unboxing: altamente &#8220; fotog\u00e9nico&#8221; Con el dise\u00f1o, es f\u00e1cil inspirar a los usuarios a compartir y crear contenido en Instagram, TikTok y Little Red Book, formando comunicaci\u00f3n boca a boca.<\/li>\n<li>Regalos de negocios y logotipos de marca: Peque\u00f1os y refinados, adecuados para empaquetar como regalos de clientes para marcas de gama alta o logotipos transfronterizos, mejorando la textura general del proyecto colaborativo.<\/li>\n<\/ul>\n<p>&nbsp;<\/p>\n<p>&nbsp;<\/p>\n<p><strong><b>Resumen del valor b\u00e1sico: <\/b><\/strong>Este producto es una soluci\u00f3n de envasado boutique basada en el concepto de &#8220; esencia concentrada&#8221; y expresado como &#8220; S\u00edmbolos visualmente fuertes. &#8221; Crea una personalidad de marca distinta a trav\u00e9s de las dimensiones a trav\u00e9s de un gradiente monocrom\u00e1tico altamente impactante y el mismo proceso de te\u00f1ido de color. Al mismo tiempo, con una boquilla funcional y un dise\u00f1o de peque\u00f1a capacidad, hace una entrada precisa en los mercados de muestras de viaje, sabor y gama alta. Es una poderosa herramienta para ayudar a las marcas a lograr una comunicaci\u00f3n visual eficiente, mejorar la conversi\u00f3n de pruebas y construir una imagen profesional de gama alta en un mercado internacional altamente competitivo.<\/p>","protected":false},"featured_media":4581,"comment_status":"closed","ping_status":"closed","template":"","meta":[],"product_brand":[],"product_cat":[34],"product_tag":[],"class_list":{"0":"post-4580","1":"product","2":"type-product","3":"status-publish","4":"has-post-thumbnail","6":"product_cat-facial-treatment","8":"first","9":"instock","10":"shipping-taxable","11":"purchasable","12":"product-type-simple"},"_links":{"self":[{"href":"https:\/\/www.hongyitube.com\/es\/wp-json\/wp\/v2\/product\/4580","targetHints":{"allow":["GET"]}}],"collection":[{"href":"https:\/\/www.hongyitube.com\/es\/wp-json\/wp\/v2\/product"}],"about":[{"href":"https:\/\/www.hongyitube.com\/es\/wp-json\/wp\/v2\/types\/product"}],"replies":[{"embeddable":true,"href":"https:\/\/www.hongyitube.com\/es\/wp-json\/wp\/v2\/comments?post=4580"}],"wp:featuredmedia":[{"embeddable":true,"href":"https:\/\/www.hongyitube.com\/es\/wp-json\/wp\/v2\/media\/4581"}],"wp:attachment":[{"href":"https:\/\/www.hongyitube.com\/es\/wp-json\/wp\/v2\/media?parent=4580"}],"wp:term":[{"taxonomy":"product_brand","embeddable":true,"href":"https:\/\/www.hongyitube.com\/es\/wp-json\/wp\/v2\/product_brand?post=4580"},{"taxonomy":"product_cat","embeddable":true,"href":"https:\/\/www.hongyitube.com\/es\/wp-json\/wp\/v2\/product_cat?post=4580"},{"taxonomy":"product_tag","embeddable":true,"href":"https:\/\/www.hongyitube.com\/es\/wp-json\/wp\/v2\/product_tag?post=4580"}],"curies":[{"name":"WP","href":"https:\/\/api.w.org\/{rel}","templated":true}]}}