{"id":4569,"date":"2026-01-29T12:09:49","date_gmt":"2026-01-29T04:09:49","guid":{"rendered":"https:\/\/www.hongyitube.com\/?post_type=product&#038;p=4569"},"modified":"2026-01-29T12:09:49","modified_gmt":"2026-01-29T04:09:49","slug":"%cf%8625-diameter-30-grams-ml-fresh-green-oval-shaped-pe-soft-tube-packaging-material-individual-packaging-bottle-hongyi-plastic","status":"publish","type":"product","link":"https:\/\/www.hongyitube.com\/es\/product\/%cf%8625-diameter-30-grams-ml-fresh-green-oval-shaped-pe-soft-tube-packaging-material-individual-packaging-bottle-hongyi-plastic\/","title":{"rendered":"\u03a625 di\u00e1metro, 30 gramos \/ ml, verde fresco material de envasado de tubo suave de PE en forma oval, botella de envasado individual - pl\u00e1stico Hongyi"},"content":{"rendered":"<ol>\n<li><strong><b> Descripci\u00f3n del producto<\/b><\/strong><\/li>\n<\/ol>\n<p>&nbsp;<\/p>\n<p>Este producto es una manguera de PE elipsoidal de 25mm de di\u00e1metro, la capacidad est\u00e1ndar de 30g \/ ml, dise\u00f1ada para la b\u00fasqueda de la textura pura, natural y profesional del dise\u00f1o de mercado de gama alta. El tubo utiliza un elegante sustrato blanco mate y est\u00e1 cubierto con un adhesivo verde suave, fresco, gradual y suave, creando una sensaci\u00f3n visual naturalmente calmante como un brote de planta. La informaci\u00f3n del producto se presenta claramente a trav\u00e9s del mismo color y impresiones de seda verde suave, logrando un alto nivel de uniformidad visual y simplicidad. Funcionalmente, est\u00e1 equipado con un inserto de boquilla blanca y una cubierta oval grabada verde suave moldeada por inyecci\u00f3n 25, que constituye un sistema de recubrimiento de precisi\u00f3n completo. La manguera utiliza un proceso de sellado de pre-llenado para garantizar el sellado de llenado, y su material PE de alta calidad garantiza una excelente resiliencia, se puede presionar repetidamente sin deformaci\u00f3n, y es un recipiente de envasado de grado profesional que combina est\u00e9tica calmante, funci\u00f3n precisa y calidad fiable.<\/p>\n<p>&nbsp;<\/p>\n<ol start=\"2\">\n<li>Material del producto<\/li>\n<\/ol>\n<p>&nbsp;<\/p>\n<ul>\n<li>El cuerpo principal de la tuber\u00eda: El uso de polietileno de baja densidad de alta calidad (PE-LD), con buena estabilidad qu\u00edmica, resistencia y barrera. La superficie mate est\u00e1 especialmente tratada, tiene un sabor delicado y es a prueba de huellas digitales.<\/li>\n<li>Seguridad y cumplimiento: Todos los materiales cumplen con las regulaciones REACH de la UE y la FDA de los Estados Unidos para los envases cosm\u00e9ticos y farmac\u00e9uticos, garantizando que son seguros y compatibles con el contenido, no t\u00f3xicos y no irritantes.<\/li>\n<li>Medioambientalmente sostenible: el material PE es un material ampliamente reciclable, y el revestimiento mate tambi\u00e9n es un proceso respetuoso con el medio ambiente para cumplir con el compromiso de las marcas y los consumidores con el desarrollo sostenible.<\/li>\n<\/ul>\n<p>&nbsp;<\/p>\n<ol start=\"3\">\n<li>Uso recomendado del producto<\/li>\n<\/ol>\n<p>&nbsp;<\/p>\n<p>La industria de belleza y cuidado de la piel (categor\u00eda aislamiento \/ protector solar \/ ocultador \/ crema)<\/p>\n<p>&nbsp;<\/p>\n<ul>\n<li>Mujeres&#8217; s mercado: pre-hacer bloqueantes (neutralizando los gl\u00f3bulos rojos), cremas solares calmantes, y hidratantes herbales concepto que adaptan perfectamente el tono verde. El dise\u00f1o verde mate env\u00eda un mensaje de pureza, naturalidad y eficacia, atractivo con precisi\u00f3n para los consumidores racionales que se preocupan por los ingredientes y la sensaci\u00f3n de la piel.<\/li>\n<li>Hombres&#8217; s Mercado: Cremas calmantes para hombres con piel roja o sensible, hidratantes despu\u00e9s del ejercicio y bastones t\u00f3picos de correcci\u00f3n del tono de la piel. El color sencillo y profesional y el dise\u00f1o oval satisfacen la preferencia de los consumidores masculinos por productos de cuidado de la piel de alta eficiencia y bajo nivel.<\/li>\n<li>Ni\u00f1os&#8217; s Mercado: Embalaje ideal para ni\u00f1os&#8217; s cremas especiales para aliviar el eczema y protectores solares f\u00edsicos. El color verde suave aporta una sensaci\u00f3n de paz y naturaleza, y el dise\u00f1o elegante de la puntilla garantiza seguridad y precisi\u00f3n al aplicar.<\/li>\n<\/ul>\n<p>&nbsp;<\/p>\n<p>Ung\u00fcentos m\u00e9dicos<\/p>\n<p>&nbsp;<\/p>\n<ul>\n<li>Se utiliza en cremas t\u00f3picas para el acn\u00e9 (como el per\u00f3xido de benzoilo), geles antiinflamatorios a base de hierbas y cremas para el mantenimiento de la piel. El cuerpo de tubo silenciado blanco demuestra la limpieza y profesionalidad medicinales, y el dise\u00f1o puntiagudo hace que sea f\u00e1cil aplicar la crema con precisi\u00f3n en la zona afectada, evitando desperdicios y contacto con la piel saludable.<\/li>\n<\/ul>\n<p>&nbsp;<\/p>\n<p>La industria de agentes de mantenimiento mec\u00e1nico<\/p>\n<p>&nbsp;<\/p>\n<ul>\n<li>Cremas de limpieza separadas para instrumentos \u00f3pticos de precisi\u00f3n, aislamiento para componentes electr\u00f3nicos y cremas avanzadas para el cuidado del interior del autom\u00f3vil. La refrescante calidad verde suave y mate puede romper la sensaci\u00f3n aburrida del envasado industrial, crear un &#8220; precisi\u00f3n,&#8221;  &#8220; suave&#8221;  and &#8220; profesional&#8221; imagen de marca, y la boca puntiaguda satisface la necesidad de aplicaci\u00f3n precisa.<\/li>\n<\/ul>\n<p>&nbsp;<\/p>\n<p>Industria de pigmentos qu\u00edmicos industriales<\/p>\n<p>&nbsp;<\/p>\n<ul>\n<li>Pigmentos de artista para n\u00fameros de colores espec\u00edficos (como azul Tiffany, verde menta), pinturas de modelo de gama alta y productos qu\u00edmicos de lotes peque\u00f1os personalizados. El embalaje verde suave unificado se convierte en parte de la marca&#8217; activo de color y es adecuado para crear una serie y l\u00ednea de productos profesionales tem\u00e1ticos.<\/li>\n<\/ul>\n<p>&nbsp;<\/p>\n<ol start=\"4\">\n<li>Caracter\u00edsticas del producto<\/li>\n<\/ol>\n<p>&nbsp;<\/p>\n<ul>\n<li>Calidad mate avanzada: A diferencia de los materiales brillantes comunes, la superficie mate da al producto una experiencia visual y t\u00e1ctil de gama alta, suave y discreta, con una sensaci\u00f3n de dise\u00f1o m\u00e1s moderna y menos f\u00e1cilmente ara\u00f1ada.<\/li>\n<li>Sistema de recubrimiento de precisi\u00f3n integrado: el inserto de boquilla blanca y la boca del tubo se emparejan con precisi\u00f3n para lograr un control preciso a nivel de mil\u00edmetro, lo que es especialmente adecuado para escenarios de aplicaci\u00f3n donde el control de cantidad local y de \u00e1rea peque\u00f1a es estricto.<\/li>\n<li>Est\u00e9tica monocrom\u00e1tica armoniosa: Desde formas de cuerpo progresivas, textos de impresi\u00f3n de seda a cubiertas brillantes, el color se adhiere estrictamente a la l\u00ednea verde suave y el color es altamente uniforme, mostrando la m\u00e1xima simplicidad y alto sentido de elegancia, en l\u00ednea con la corriente principal internacional &#8220; menos es m\u00e1s&#8221; tendencia de dise\u00f1o.<\/li>\n<li>Construcci\u00f3n robusta: di\u00e1metro elipsoidal de 25 mm proporciona una mejor capacidad de contenido y agarre a la mano, material PE de alta calidad para garantizar que la vida de extrusi\u00f3n repetida pueda mantener una forma n\u00edtida.<\/li>\n<\/ul>\n<p><strong><b>\u00a0<\/b><\/strong><\/p>","protected":false},"excerpt":{"rendered":"<ol>\n<li><strong><b> Dise\u00f1o del cuerpo del producto<\/b><\/strong><\/li>\n<\/ol>\n<p>&nbsp;<\/p>\n<ul>\n<li>Forma y sensaci\u00f3n: La secci\u00f3n oval proporciona una estabilidad de agarre superior y una sensaci\u00f3n de control, que es ergon\u00f3mica, y el gran di\u00e1metro del tubo es m\u00e1s adecuado para una capacidad de 30 g, que parece llena.<\/li>\n<li>Color y lenguaje gr\u00e1fico:<\/li>\n<li>Verde progresivo blanco grueso: El blanco simboliza la pureza y el profesionalismo, mientras que el verde progresivo transmite el valor emocional de la naturaleza, el crecimiento, la calma y la seguridad. La psicolog\u00eda del color se aplica con precisi\u00f3n.<\/li>\n<li>Transporte de informaci\u00f3n de forma oculta: el texto de seda verde suave comunica claramente el mensaje sin destruir la suavidad general del brillo, y el dise\u00f1o es modesto y bien pensado.<\/li>\n<li>Los componentes est\u00e1n dise\u00f1ados conjuntamente: el enchufe puntiagudo blanco hace eco del tubo blanco brillante y la tapa calentada verde suave se combina perfectamente con el color principal del tubo, creando un bucle cerrado completo desde el visual hasta el funcional.<\/li>\n<\/ul>\n<p>&nbsp;<\/p>\n<ol start=\"2\">\n<li>Ventajas del producto<\/li>\n<\/ol>\n<p>&nbsp;<\/p>\n<ul>\n<li>Posicionamiento mental fuerte de la marca: El colorido verde mate y suave \u00fanico establece r\u00e1pidamente una clara asociaci\u00f3n de marca de &#8220; natural,&#8221;  &#8220; relajante,&#8221;  &#8220; profesional,&#8221;  &#8220; puro&#8221; en el coraz\u00f3n de los consumidores, lo que es muy reconocible.<\/li>\n<li>Combinaci\u00f3n profunda de funcionalidad y est\u00e9tica: no solo es la apariencia superior, el dise\u00f1o afilado del enchufe realmente aborda los puntos de dolor fundamentales de la imprecisi\u00f3n en la manipulaci\u00f3n del producto de yeso, actualizando el embalaje para convertirse en parte de la experiencia de uso.<\/li>\n<li>Adecuado a todos los mercados: su est\u00e9tica cumple con el minimalismo de los mercados europeos y americanos y la refinada filosof\u00eda del mercado Asia-Pac\u00edfico, y sus funciones satisfacen las necesidades del sector profesional, que es el puente ideal entre el consumo masivo y el mercado profesional.<\/li>\n<li>Mejorar la percepci\u00f3n del valor del producto: La calidad mate y el esquema de color coordinado pueden mejorar significativamente el valor del contenido, soportar precios m\u00e1s altos del producto y son adecuados para mercados de gama alta o actualizaciones de marca.<\/li>\n<\/ul>\n<p>&nbsp;<\/p>\n<p>3. escenarios de uso del producto<\/p>\n<p>&nbsp;<\/p>\n<ul>\n<li>Farmacias de gama alta y tiendas org\u00e1nicas: En canales como Sephora, Botas o Whole Foods, el lenguaje visual puro y natural puede atraer r\u00e1pidamente a los consumidores que defienden &#8220; belleza limpia&#8221; y cuidado cient\u00edfico de la piel.<\/li>\n<li>Cl\u00ednicas profesionales y salones de belleza: como envases para productos recomendados por dermat\u00f3logos o para productos de reparaci\u00f3n postoperatoria en salones de belleza especializados, su apariencia profesional y limpia aumenta en gran medida la confianza del consumidor.<\/li>\n<li>Boutique Venta al por menor &amp; Mercado de regalos: Adecuado para empaquetar como una edici\u00f3n limitada, conjunto de regalos de marca conjunta o de vacaciones, el dise\u00f1o \u00fanico se hace como un regalo exquisito.<\/li>\n<li>Escenarios de trabajo profesional: el artista&#8217; s estudio, el ingeniero&#8217; s toolbox, el laboratorio&#8217; mesa de operaci\u00f3n, donde el dise\u00f1o preciso del material y la imagen profesional est\u00e1n perfectamente integrados.<\/li>\n<li>Medios sociales y marketing digital: La calidad mate y los colores suaves se expresan perfectamente en la fotograf\u00eda y el v\u00eddeo, lo que facilita crear un ambiente sereno de alto nivel en plataformas como Instagram y Little Red Book para promover las comunicaciones digitales y las ventas.<\/li>\n<\/ul>","protected":false},"featured_media":4577,"comment_status":"closed","ping_status":"closed","template":"","meta":[],"product_brand":[],"product_cat":[34],"product_tag":[],"class_list":{"0":"post-4569","1":"product","2":"type-product","3":"status-publish","4":"has-post-thumbnail","6":"product_cat-facial-treatment","8":"first","9":"instock","10":"shipping-taxable","11":"purchasable","12":"product-type-simple"},"_links":{"self":[{"href":"https:\/\/www.hongyitube.com\/es\/wp-json\/wp\/v2\/product\/4569","targetHints":{"allow":["GET"]}}],"collection":[{"href":"https:\/\/www.hongyitube.com\/es\/wp-json\/wp\/v2\/product"}],"about":[{"href":"https:\/\/www.hongyitube.com\/es\/wp-json\/wp\/v2\/types\/product"}],"replies":[{"embeddable":true,"href":"https:\/\/www.hongyitube.com\/es\/wp-json\/wp\/v2\/comments?post=4569"}],"wp:featuredmedia":[{"embeddable":true,"href":"https:\/\/www.hongyitube.com\/es\/wp-json\/wp\/v2\/media\/4577"}],"wp:attachment":[{"href":"https:\/\/www.hongyitube.com\/es\/wp-json\/wp\/v2\/media?parent=4569"}],"wp:term":[{"taxonomy":"product_brand","embeddable":true,"href":"https:\/\/www.hongyitube.com\/es\/wp-json\/wp\/v2\/product_brand?post=4569"},{"taxonomy":"product_cat","embeddable":true,"href":"https:\/\/www.hongyitube.com\/es\/wp-json\/wp\/v2\/product_cat?post=4569"},{"taxonomy":"product_tag","embeddable":true,"href":"https:\/\/www.hongyitube.com\/es\/wp-json\/wp\/v2\/product_tag?post=4569"}],"curies":[{"name":"WP","href":"https:\/\/api.w.org\/{rel}","templated":true}]}}