{"id":4562,"date":"2026-01-29T12:01:59","date_gmt":"2026-01-29T04:01:59","guid":{"rendered":"https:\/\/www.hongyitube.com\/?post_type=product&#038;p=4562"},"modified":"2026-01-29T12:01:59","modified_gmt":"2026-01-29T04:01:59","slug":"%cf%8622diameter-20-grams-ml-oval-shaped-open-ended-design-flexographic-color-changing-ink-blue-purple-yellow-green-pe-soft-tube-packaging-material-container-bottle-hongyi-plastic","status":"publish","type":"product","link":"https:\/\/www.hongyitube.com\/es\/product\/%cf%8622diameter-20-grams-ml-oval-shaped-open-ended-design-flexographic-color-changing-ink-blue-purple-yellow-green-pe-soft-tube-packaging-material-container-bottle-hongyi-plastic\/","title":{"rendered":"\u03a622diameter 20 gramos \/ ml Dise\u00f1o de extremo abierto en forma oval Tinta flexible que cambia el color Azul \/ p\u00farpura \/ amarillo \/ verde PE material de envasado de tubo suave \/ recipiente \/ botella - pl\u00e1stico Hongyi"},"content":{"rendered":"<ol>\n<li>Descripci\u00f3n del producto<\/li>\n<\/ol>\n<p>&nbsp;<\/p>\n<p>Este producto es una manguera de PE elipsoidal de 22mm de di\u00e1metro posicionada en el mercado de alta gama, con una capacidad est\u00e1ndar de 20g \/ ml. Ofrece un sustrato blanco de alto brillo y de alta luz y utiliza tecnolog\u00eda de impresi\u00f3n avanzada para presentar cuatro colores de gradiente elegantes: azul, p\u00farpura, amarillo y verde. El n\u00facleo del dise\u00f1o es imprimir t\u00e9rmicamente el mismo color en el fondo gradiente, presentar con precisi\u00f3n el logotipo de la marca y la barra de colores circundantes y formar un efecto art\u00edstico visual con gran profundidad y nivel. Los lados delantero y trasero del cuerpo est\u00e1n marcados con un elegante estampado de seda gris para garantizar que la funcionalidad no interrumpa la est\u00e9tica general. El producto se prensa de forma est\u00e1ndar con una boquilla de color que corresponde al color del cuerpo o tapa, y viene con una tapa oval de 22 que puede sincronizarse con el color y la impresi\u00f3n. Con un dise\u00f1o de apertura que facilita el llenado eficiente, y un tubo con una excepcional resiliencia que asegura que la compresi\u00f3n repetida no se deforme, es un material de envasado de primera l\u00ednea que combina aplicaci\u00f3n de precisi\u00f3n, valor est\u00e9tico y durabilidad.<\/p>\n<p>&nbsp;<\/p>\n<ol start=\"2\">\n<li>Material del producto<\/li>\n<\/ol>\n<p>&nbsp;<\/p>\n<ul>\n<li>Material principal: polietileno de baja densidad (PE-LD) seleccionado de alta calidad, excelente flexibilidad, estabilidad qu\u00edmica y alta transparencia (transparente).<\/li>\n<li>Seguridad y protecci\u00f3n del medio ambiente: el material cumple con la FDA de los Estados Unidos, la UE EU10 \/ 2011 y otras regulaciones internacionales de materiales de contacto con alimentos y medicamentos, seguro y no t\u00f3xico. Al mismo tiempo, los materiales de PE pueden ser reciclados, en respuesta a la iniciativa econ\u00f3mica global.<\/li>\n<li>Material del componente: El tap\u00f3n de la boquilla y la tapa elipsoidal est\u00e1n hechos de polipropileno de grado alimentario (PP) o moldeo por inyecci\u00f3n de PE, y la coincidencia segura del cuerpo de la tuber\u00eda.<\/li>\n<\/ul>\n<p>&nbsp;<\/p>\n<ol start=\"3\">\n<li>Uso recomendado del producto<\/li>\n<\/ol>\n<p>&nbsp;<\/p>\n<p>La industria de belleza y cuidado de la piel (categor\u00eda aislamiento \/ protector solar \/ ocultador \/ crema)<\/p>\n<p>&nbsp;<\/p>\n<ul>\n<li>Mujeres&#8217; Mercado: Para cremas de barrera de colores, protectores solares de alto rendimiento y b\u00e1lsamos de alta cobertura. El tubo blanco se cambia gradualmente con azul y p\u00farpura, mostrando un sentido de tecnolog\u00eda y pureza; El cuerpo transparente del tubo est\u00e1 sombreado con amarillo y verde, adecuado para el concepto de plantas naturales. Las boquillas coloridas facilitan la aplicaci\u00f3n local precisa y mejoran la experiencia de maquillaje.<\/li>\n<li>Hombres&#8217; s Mercado: Para cremas de pulido de brillo m\u00e1s densas, protectores solares deportivos y correccionador acn\u00e9. El azul oscuro o el verde oscuro se emparejan progresivamente con el corset y la cubierta del mismo color para transmitir una imagen profesional que es sencilla y eficiente. El dise\u00f1o oval es ergon\u00f3mico y f\u00e1cil de operar con una mano.<\/li>\n<li>Ni\u00f1os&#8217; s Mercado: Embalaje ideal para ni\u00f1os&#8217; protectores solares f\u00edsicos y cremas colorantes suaves. El gradiente amarillo\/verde brillante est\u00e1 lleno de afinidad, y el dise\u00f1o circular de la boquilla garantiza un uso seguro y evita ara\u00f1azos.<\/li>\n<\/ul>\n<p>&nbsp;<\/p>\n<p>Ung\u00fcentos m\u00e9dicos<\/p>\n<p>&nbsp;<\/p>\n<ul>\n<li>Es adecuado para cremas t\u00f3picas t\u00f3picas (como hormonas, antibi\u00f3ticos), geles de cicatrices y tratamientos de manchas de acn\u00e9. El cuerpo transparente hace que sea f\u00e1cil observar las caracter\u00edsticas de la crema. La jeringa puntiaguda permite un control preciso de las cantidades para evitar el desperdicio y la infecci\u00f3n cruzada, y el dise\u00f1o de apertura hace que sea m\u00e1s f\u00e1cil para los fabricantes de medicamentos llenar eficientemente.<\/li>\n<\/ul>\n<p>&nbsp;<\/p>\n<p>La industria de agentes de mantenimiento mec\u00e1nico<\/p>\n<p>&nbsp;<\/p>\n<ul>\n<li>Montar ung\u00fcento conductor, grasa especial y revestimientos a prueba de oxidaci\u00f3n de metal para instrumentos electr\u00f3nicos de precisi\u00f3n. El tubo de color gradiente y el proceso de impresi\u00f3n pueden mejorar en gran medida la imagen de marca de los productos industriales, y el dise\u00f1o de la boquilla puede pintarse con precisi\u00f3n a peque\u00f1os espacios o uniones para satisfacer las necesidades de mantenimiento profesional.<\/li>\n<\/ul>\n<p>&nbsp;<\/p>\n<p>Industria de pigmentos qu\u00edmicos industriales<\/p>\n<p>&nbsp;<\/p>\n<ul>\n<li>Para pigmentos de artista de alta saturaci\u00f3n, pinturas de modelo, muestras de pintura de efectos especiales o productos de lotes peque\u00f1os. El cuerpo transparente del tubo muestra visualmente el color, la boquilla es conveniente para la reparaci\u00f3n de detalles o la recuperaci\u00f3n de trazas, y el llenado de apertura se adapta a lotes peque\u00f1os y modelos de producci\u00f3n m\u00faltiples.<\/li>\n<\/ul>\n<p>&nbsp;<\/p>\n<ol start=\"4\">\n<li>Caracter\u00edsticas del producto<\/li>\n<\/ol>\n<p>&nbsp;<\/p>\n<ul>\n<li>Sistema de entrega de control de precisi\u00f3n: los insertos de boquilla de colores son el n\u00facleo funcional de este producto, lo que permite una pintura precisa a nivel milim\u00e9trico para todos los escenarios que requieren una manipulaci\u00f3n fina, lo que reduce en gran medida los residuos.<\/li>\n<li>Compatibilidad de llenado doble: El dise\u00f1o \u00fanico de apertura y extremo soporta el llenado y el sellado automatizados de cola eficientes, adecuados para la producci\u00f3n en masa; Al mismo tiempo, el extremo delantero de la escupida es f\u00e1cil de usar.<\/li>\n<li>Visual y t\u00e1ctil de primer nivel: la impresi\u00f3n a color en gradiente combinada con la impresi\u00f3n 3D a color id\u00e9ntico crea una textura lujosa comparable a los cosm\u00e9ticos de alta gama, rica en tacto y mejora significativamente el valor a\u00f1adido del producto.<\/li>\n<li>Durabilidad excepcional: La combinaci\u00f3n de la estructura elipsoidal y el material PE de alta calidad da a la manguera una excelente resistencia a las arrugas y los rebotes, asegurando que el contenido siempre mantenga una apariencia n\u00edtida hasta que se agote.<\/li>\n<\/ul>","protected":false},"excerpt":{"rendered":"<p><strong><b>\u00a0Dise\u00f1o del cuerpo 1.Product<\/b><\/strong><\/p>\n<p>&nbsp;<\/p>\n<ul>\n<li>Forma el\u00edptica ergon\u00f3mica: A diferencia de los tubos circulares convencionales, proporciona un agarre m\u00e1s estable y c\u00f3modo y es muy reconocible en la pantalla.<\/li>\n<li>Sistemas de visi\u00f3n multinivel:<\/li>\n<\/ul>\n<ol>\n<li>Capa de desvanecimiento: Crea un tono visual suave y moderno.<\/li>\n<li>Capa de impresi\u00f3n del mismo color: Los motivos de la marca y las barras de color se elevan ligeramente a trav\u00e9s del proceso de impresi\u00f3n, creando un delicado contraste de brillo y un toque tridimensional en la luz, reflejando &#8220; lujo de bajo nivel. &#8221;<\/li>\n<li>Capa de informaci\u00f3n funcional: el texto impreso gris elegante garantiza que la informaci\u00f3n necesaria sea claramente legible, al tiempo que se integra perfectamente en el dise\u00f1o general y no molesta.<\/li>\n<\/ol>\n<ul>\n<li>Dise\u00f1o sin\u00e9rgico de color: El color incorporado en la boquilla puede actuar como un v\u00ednculo de color entre el cuerpo y la tapa, logrando una narrativa de color completa desde el cuerpo hasta la salida, y el dise\u00f1o es extremadamente hol\u00edstico.<\/li>\n<\/ul>\n<p>&nbsp;<\/p>\n<p>2. ventajas del producto<\/p>\n<p>&nbsp;<\/p>\n<ul>\n<li>Actualizaci\u00f3n de embalaje a &#8220; herramienta de aplicaci\u00f3n&#8221; El dise\u00f1o de un enchufe puntiagudo transforma la manguera de un simple recipiente en un &#8220; herramienta de aplicaci\u00f3n,&#8221; abordar los puntos dolorosos del acceso inconveniente a los productos de crema y crear beneficios \u00fanicos de experiencia de usuario.<\/li>\n<li>La combinaci\u00f3n de impresoras y colores en gradiente proporciona un gran lienzo para que las marcas muestren im\u00e1genes de gama alta en un espacio de embalaje limitado, lo que atrae fuertemente a los consumidores extranjeros conscientes del dise\u00f1o.<\/li>\n<li>Forte adaptabilidad intersectorial: Un conjunto de lenguaje de dise\u00f1o y configuraciones funcionales cubren sin problemas una amplia gama de mercados desde el consumo personal hasta la industria profesional, maximizando el retorno de su inversi\u00f3n en moldes y dise\u00f1o.<\/li>\n<li>Cumplir con altos est\u00e1ndares globales: Desde la seguridad de los materiales hasta los requisitos ambientales, desde las tendencias est\u00e9ticas hasta la funcionalidad, cumple plenamente con las demandas fundamentales de los consumidores de mercados extranjeros clave como Am\u00e9rica del Norte, Europa y Asia Pac\u00edfico.<\/li>\n<\/ul>\n<p>&nbsp;<\/p>\n<ol start=\"3\">\n<li>Escenarios de uso del producto<\/li>\n<\/ol>\n<p>&nbsp;<\/p>\n<ul>\n<li>Cuidado personal de nivel profesional: kits de maquillaje profesionales para maquilladores, kits de pomadas para fisioterapeutas y kits de mantenimiento de campo para ingenieros, cuyo dise\u00f1o preciso y profesional cumple con los estrictos requisitos de los profesionales.<\/li>\n<li>Canales minoristas de gama alta y libres de impuestos: En cadenas de belleza como Sephora, Douglas o tiendas exentas de impuestos del aeropuerto, su apariencia puede destacarse r\u00e1pidamente de los estantes, atrayendo a los consumidores que buscan calidad.<\/li>\n<li>DTC (directo al consumidor) y comercio electr\u00f3nico: im\u00e1genes de productos sobresalientes y &#8220; aplicado con precisi\u00f3n&#8221; puntos de venta funcionales en una marca&#8217; El sitio web de Amazon o en plataformas como Amazon pueden impulsar efectivamente la conversi\u00f3n en l\u00ednea e inspirar el compartimiento de cajas abiertas.<\/li>\n<li>Muestras y paquetes de viaje: Como pieza de gusto o paquete de viaje para un producto de alta gama, su propio sentido de alto nivel refuerza la percepci\u00f3n de valor de un producto formal y mejora la imagen de marca.<\/li>\n<li>Ventas industriales: productos industriales (como pinturas de modelo de gama alta, ung\u00fcentos para el cuidado de instrumentos musicales) para aficionados, estudios y peque\u00f1as empresas. Este embalaje puede transmitir eficazmente su &#8220; boutique&#8221; posicionamiento.<\/li>\n<\/ul>","protected":false},"featured_media":4564,"comment_status":"closed","ping_status":"closed","template":"","meta":[],"product_brand":[],"product_cat":[34],"product_tag":[],"class_list":{"0":"post-4562","1":"product","2":"type-product","3":"status-publish","4":"has-post-thumbnail","6":"product_cat-facial-treatment","8":"first","9":"instock","10":"shipping-taxable","11":"purchasable","12":"product-type-simple"},"_links":{"self":[{"href":"https:\/\/www.hongyitube.com\/es\/wp-json\/wp\/v2\/product\/4562","targetHints":{"allow":["GET"]}}],"collection":[{"href":"https:\/\/www.hongyitube.com\/es\/wp-json\/wp\/v2\/product"}],"about":[{"href":"https:\/\/www.hongyitube.com\/es\/wp-json\/wp\/v2\/types\/product"}],"replies":[{"embeddable":true,"href":"https:\/\/www.hongyitube.com\/es\/wp-json\/wp\/v2\/comments?post=4562"}],"wp:featuredmedia":[{"embeddable":true,"href":"https:\/\/www.hongyitube.com\/es\/wp-json\/wp\/v2\/media\/4564"}],"wp:attachment":[{"href":"https:\/\/www.hongyitube.com\/es\/wp-json\/wp\/v2\/media?parent=4562"}],"wp:term":[{"taxonomy":"product_brand","embeddable":true,"href":"https:\/\/www.hongyitube.com\/es\/wp-json\/wp\/v2\/product_brand?post=4562"},{"taxonomy":"product_cat","embeddable":true,"href":"https:\/\/www.hongyitube.com\/es\/wp-json\/wp\/v2\/product_cat?post=4562"},{"taxonomy":"product_tag","embeddable":true,"href":"https:\/\/www.hongyitube.com\/es\/wp-json\/wp\/v2\/product_tag?post=4562"}],"curies":[{"name":"WP","href":"https:\/\/api.w.org\/{rel}","templated":true}]}}