{"id":4551,"date":"2026-01-29T11:04:40","date_gmt":"2026-01-29T03:04:40","guid":{"rendered":"https:\/\/www.hongyitube.com\/?post_type=product&#038;p=4551"},"modified":"2026-01-29T11:04:40","modified_gmt":"2026-01-29T03:04:40","slug":"%cf%8619-tube-with-a-10-gram-ml-capacity-heat-transfer-silk-screening-process-pe-transparent-oval-shaped-soft-tube-hongyi-plastic","status":"publish","type":"product","link":"https:\/\/www.hongyitube.com\/es\/product\/%cf%8619-tube-with-a-10-gram-ml-capacity-heat-transfer-silk-screening-process-pe-transparent-oval-shaped-soft-tube-hongyi-plastic\/","title":{"rendered":"\u03a619 tubo con una capacidad de 10 gramos \/ ml, proceso de cribado de seda de transferencia de calor, tubo suave transparente de forma oval de PE - pl\u00e1stico Hongyi"},"content":{"rendered":"<p>1.Descripci\u00f3n del producto<\/p>\n<p>&nbsp;<\/p>\n<p>Este producto es un di\u00e1metro de 19 mm, capacidad de 10 g \/ ml de manguera elipsoidal transparente de PE, hecha de material de polietileno de calidad alimentaria de alta calidad. El cuerpo se presenta en un sistema de colores de lujo ligero como oro rosa, plata, marr\u00f3n, azul o oro mediante impresi\u00f3n completa para crear una textura visual de alto nivel. En el centro de la parte frontal del cuerpo, un patr\u00f3n circular de impresi\u00f3n de seda blanca con un di\u00e1metro de 20 mm est\u00e1 dise\u00f1ado espec\u00edficamente sobre la capa de tinte. El \u00e1rea circular utiliza un proceso de rejilla para mostrar la marca y el logotipo en el color del tinte subyacente, creando un contraste de color \u00fanico y una capa tridimensional. Las \u00e1reas en blanco restantes se complementan con instrucciones de texto impresas en blanco, y el dise\u00f1o general combina una est\u00e9tica minimalista con un mensaje claro. La tapa oval moldeada por inyecci\u00f3n del mismo color garantiza la consistencia visual. Este producto es resistente a la compresi\u00f3n y no se deforma, y es un envase de uso general multiindustrial que combina un aspecto refinado y una funci\u00f3n pr\u00e1ctica.<\/p>\n<p>&nbsp;<\/p>\n<p>&nbsp;<\/p>\n<ol start=\"2\">\n<li>Material del producto<\/li>\n<\/ol>\n<p>&nbsp;<\/p>\n<ul>\n<li>Sustrato de seguridad: El uso de PE (polietileno) de grado alimentario, no t\u00f3xico, sin sabor, de alta estabilidad qu\u00edmica, en l\u00ednea con la FDA, REACH y otras normas internacionales de seguridad, adecuadas para el contacto con la piel y todo tipo de pasta, agente.<\/li>\n<li>Calidad superior del material: El material es flexible y resistente, y puede soportar la compresi\u00f3n repetida sin deformaci\u00f3n o ruptura permanente, prolongando la vida \u00fatil del envase.<\/li>\n<li>Reciclable medioambiental: el material PE es una amplia gama de materiales reciclables, en l\u00ednea con la tendencia mundial del envasado sostenible, para satisfacer las necesidades de los consumidores con una fuerte conciencia de protecci\u00f3n medioambiental.<\/li>\n<\/ul>\n<p>&nbsp;<\/p>\n<ol start=\"3\">\n<li>Uso recomendado<\/li>\n<\/ol>\n<p>&nbsp;<\/p>\n<p>La industria de belleza y cuidado de la piel (tome clases de aislamiento \/ imprimante \/ protector solar \/ corrector como ejemplos)<\/p>\n<p>&nbsp;<\/p>\n<ul>\n<li>Se\u00f1oras: Las l\u00edneas de oro rosa y roseta emparejadas con tubos oval revelan elegancia y estilo, perfectas para paquetes de viajes para pre-cremas de maquillaje de gama alta, cremas de colores y protectores solares o envases de edici\u00f3n limitada para realzar los atributos de regalo del producto.<\/li>\n<li>Hombres: Las l\u00edneas de plata y azul oscuro muestran simplicidad y tecnolog\u00eda y son adecuadas para protector solar opaco, crema de piel o esmalte de barba para satisfacer a los hombres. necesidad de cuidados de bajo impacto y alto impacto.<\/li>\n<li>Ni\u00f1os: L\u00edneas azules y marrones brillantes combinadas con materiales seguros se pueden usar en ni\u00f1os&#8217; protector solar o cremas colorantes suaves, y el tubo oval es m\u00e1s f\u00e1cil de agarrar con manos peque\u00f1as.<\/li>\n<\/ul>\n<p>&nbsp;<\/p>\n<p>Ung\u00fcentos m\u00e9dicos<\/p>\n<p>&nbsp;<\/p>\n<ul>\n<li>Se utiliza para ung\u00fcentos t\u00f3picos t\u00f3picos, geles de reparaci\u00f3n de cicatrices, etc. Los colores plata y azul transmiten una sensaci\u00f3n profesional y limpia, y el tubo transparente hace que sea f\u00e1cil observar las caracter\u00edsticas y el residuo de la crema.<\/li>\n<\/ul>\n<p>&nbsp;<\/p>\n<p>La industria de agentes de mantenimiento mec\u00e1nico<\/p>\n<p>&nbsp;<\/p>\n<ul>\n<li>Para la distribuci\u00f3n de lubricantes especializados de alto valor y cremas de mantenimiento de instrumentos de precisi\u00f3n. El grabado en oro y plata demuestra profesionalismo y eficiencia, y el cuerpo transparente puede comprobar intuitivamente el estado del agente.<\/li>\n<\/ul>\n<p>&nbsp;<\/p>\n<p>Industria de pigmentos qu\u00edmicos industriales<\/p>\n<p>&nbsp;<\/p>\n<ul>\n<li>Utilizado en la divisi\u00f3n de pigmentos de grado artista, adhesivos de alta gama o pigmentos de demostraci\u00f3n. Los diferentes colores de impresi\u00f3n pueden distinguir una l\u00ednea de productos o un sistema de color, y un dise\u00f1o transparente facilita la confirmaci\u00f3n del color.<\/li>\n<\/ul>\n<p>&nbsp;<\/p>\n<p>&nbsp;<\/p>\n<ol start=\"4\">\n<li>Caracter\u00edsticas del producto<\/li>\n<\/ol>\n<p>&nbsp;<\/p>\n<ul>\n<li>Visi\u00f3n de lujo: La tecnolog\u00eda de impresi\u00f3n completa aporta una fuerte textura met\u00e1lica o de color puro, mejorando en gran medida el nivel de embalaje y el reconocimiento.<\/li>\n<li>Procesos de impresi\u00f3n combinados: una combinaci\u00f3n de impresiones calientes y de seda, especialmente dise\u00f1os de ret\u00edcula redonda, para crear puntos \u00fanicos de enfoque visual y memoria de marca.<\/li>\n<li>Alta adaptabilidad: Proporcionar una variedad de colores de estampado en caliente y opciones de color de cubierta, compatibilidad de profundidad del sistema de la marca VI.<\/li>\n<li>Precisi\u00f3n y pr\u00e1ctica: dise\u00f1o de capacidad peque\u00f1a de 10 ml adecuado para el precio unitario alto, la instalaci\u00f3n de prueba o los productos de dosificaci\u00f3n precisa; El cuerpo del tubo oval es f\u00e1cil de exprimir, y la tasa de utilizaci\u00f3n del contenido es alta.<\/li>\n<\/ul>","protected":false},"excerpt":{"rendered":"<ol>\n<li>Dise\u00f1o del cuerpo del producto<\/li>\n<\/ol>\n<p>&nbsp;<\/p>\n<ul>\n<li>Estilo: La secci\u00f3n oval tiene un agarre m\u00e1s \u00fanico que el tubo circular, es m\u00e1s estable cuando se muestra, y es visualmente m\u00e1s refinado y de gama alta.<\/li>\n<li>Est\u00e9tica t\u00e9cnica: la impresi\u00f3n de p\u00e1gina completa establece el tono de color y la textura generales; El centro&#8217; s etiqueta circular grabada circular impresa en seda es como un &#8220; insignia personalizada, &#8221; que destaca cuidadosamente el mensaje de la marca, y el proceso es complejo, y la dificultad de la falsificaci\u00f3n es alta.<\/li>\n<li>La informaci\u00f3n principal de la marca se destaca mediante un gr\u00e1fico proyectado, y el texto detallado se presenta en estampados de seda blanca en los espacios, asegurando que la informaci\u00f3n sea claramente legible y el dise\u00f1o sea ordenado y ordenado.<\/li>\n<li>Combinaci\u00f3n integrada: La cubierta oval refleja perfectamente la forma del cuerpo y el color del tinte para completar el aspecto general de alto sonido.<\/li>\n<\/ul>\n<p>&nbsp;<\/p>\n<ol start=\"2\">\n<li>Ventajas del producto<\/li>\n<\/ol>\n<p>&nbsp;<\/p>\n<ul>\n<li>Mejorar significativamente la imagen del producto: La apariencia ligeramente impresa hace que el producto destaque en los estantes o p\u00e1ginas de comercio electr\u00f3nico, y es adecuado para crear colecciones de alta gama o art\u00edculos limitados de vacaciones para la marca.<\/li>\n<li>Aplicaciones multifuncionales y transversales: desde la belleza de consumo hasta la industria profesional, un solo envase satisface las necesidades de distribuci\u00f3n de m\u00faltiples productos de alto valor, reduciendo los costos de desarrollo y inventario.<\/li>\n<li>Excelente experiencia de usuario: el tubo oval se ajusta a la forma de la palma de la mano y se apriete sin esfuerzo; El dise\u00f1o de peque\u00f1a capacidad del material transparente hace que la cantidad y la cantidad residual sean claramente visibles, mejorando el control y la seguridad del uso.<\/li>\n<li>Robusto: el material de PE garantiza una buena resistencia a la fatiga por flexi\u00f3n, asegurando que el producto conserva la integridad del paquete durante el uso repetido y el transporte.<\/li>\n<li>Consistente con las tendencias internacionales: el dise\u00f1o minimalista combinado con la textura met\u00e1lica se ajusta a la luz moderna y la est\u00e9tica lujosa que es popular en todo el mundo; Los materiales ecol\u00f3gicos y la reciclabilidad cumplen con los requisitos de desarrollo sostenible.<\/li>\n<\/ul>\n<p>&nbsp;<\/p>\n<ol start=\"3\">\n<li>Escenarios de uso del producto<\/li>\n<\/ol>\n<p>&nbsp;<\/p>\n<ul>\n<li>Viajes de belleza de gama alta y gustos: convertirse en un accesorio de moda en una mujer&#8217; Bolso de mano, una opci\u00f3n pr\u00e1ctica para los hombres en negocios, o equipo port\u00e1til para ni\u00f1os&#8217; s excursiones.<\/li>\n<li>Muestras profesionales y ropa promocional: Embalaje ideal para muestras de l\u00ednea de gama alta para marcas de belleza, paquetes de prueba de productos farmac\u00e9uticos y muestras de exhibici\u00f3n qu\u00edmica industrial para mejorar la buena sensaci\u00f3n de la experiencia inicial con una apariencia hermosa.<\/li>\n<li>Mercado minorista y regalo de boutique: Aplicable a tiendas de colecciones de belleza, farmacias de dise\u00f1adores, tiendas de comestibles de gama alta, etc., su propia apariencia exquisita tiene valor de regalo.<\/li>\n<li>Estudios profesionales y sitios de trabajo: tubos de pintura en un artista&#8217; s estudio, bolsas de grasa especializadas en un ingeniero&#8217; caja de herramientas, tanto funcional como profesional.<\/li>\n<\/ul>","protected":false},"featured_media":4556,"comment_status":"closed","ping_status":"closed","template":"","meta":[],"product_brand":[],"product_cat":[34],"product_tag":[],"class_list":{"0":"post-4551","1":"product","2":"type-product","3":"status-publish","4":"has-post-thumbnail","6":"product_cat-facial-treatment","8":"first","9":"instock","10":"shipping-taxable","11":"purchasable","12":"product-type-simple"},"_links":{"self":[{"href":"https:\/\/www.hongyitube.com\/es\/wp-json\/wp\/v2\/product\/4551","targetHints":{"allow":["GET"]}}],"collection":[{"href":"https:\/\/www.hongyitube.com\/es\/wp-json\/wp\/v2\/product"}],"about":[{"href":"https:\/\/www.hongyitube.com\/es\/wp-json\/wp\/v2\/types\/product"}],"replies":[{"embeddable":true,"href":"https:\/\/www.hongyitube.com\/es\/wp-json\/wp\/v2\/comments?post=4551"}],"wp:featuredmedia":[{"embeddable":true,"href":"https:\/\/www.hongyitube.com\/es\/wp-json\/wp\/v2\/media\/4556"}],"wp:attachment":[{"href":"https:\/\/www.hongyitube.com\/es\/wp-json\/wp\/v2\/media?parent=4551"}],"wp:term":[{"taxonomy":"product_brand","embeddable":true,"href":"https:\/\/www.hongyitube.com\/es\/wp-json\/wp\/v2\/product_brand?post=4551"},{"taxonomy":"product_cat","embeddable":true,"href":"https:\/\/www.hongyitube.com\/es\/wp-json\/wp\/v2\/product_cat?post=4551"},{"taxonomy":"product_tag","embeddable":true,"href":"https:\/\/www.hongyitube.com\/es\/wp-json\/wp\/v2\/product_tag?post=4551"}],"curies":[{"name":"WP","href":"https:\/\/api.w.org\/{rel}","templated":true}]}}