{"id":4539,"date":"2026-01-29T10:55:23","date_gmt":"2026-01-29T02:55:23","guid":{"rendered":"https:\/\/www.hongyitube.com\/?post_type=product&#038;p=4539"},"modified":"2026-01-29T10:56:24","modified_gmt":"2026-01-29T02:56:24","slug":"%cf%8630mm-tube-diameter-50-grams-ml-pe-square-shoulder-curved-finish-sealed-tube-packaging-material-container-bottle-hongyi-plastic","status":"publish","type":"product","link":"https:\/\/www.hongyitube.com\/es\/product\/%cf%8630mm-tube-diameter-50-grams-ml-pe-square-shoulder-curved-finish-sealed-tube-packaging-material-container-bottle-hongyi-plastic\/","title":{"rendered":"\u03a630mm di\u00e1metro del tubo, 50 gramos \/ ml, hombro cuadrado PE, acabado curvado, material de envasado del tubo sellado \/ recipiente \/ botella - pl\u00e1stico Hongyi"},"content":{"rendered":"<ol>\n<li>Descripci\u00f3n del producto<\/li>\n<\/ol>\n<p>&nbsp;<\/p>\n<p>Este producto es una manguera de hombro cuadrangular PE de di\u00e1metro de tubo de 30 mm con una capacidad est\u00e1ndar de 50 g \/ ml. Est\u00e1 dise\u00f1ado con la filosof\u00eda de &#8220; lujo moderno suave&#8221; y est\u00e1 dise\u00f1ado para crear una imagen de marca de gama alta que combina poder autoritario con detalles humanos. El cuerpo utiliza un sustrato blanco mate puro y lleva texto funcional solo con una impresi\u00f3n de seda gris fresco, demostrando el n\u00facleo racional. La marca y el nombre del producto se presentan en un sofisticado proceso de quema de oro, como si fueran inscripciones en un libro de colecci\u00f3n. Su ic\u00f3nica estructura de hombro cuadrangular se forma en t\u00e1ndem con el cuerpo, dando al producto un contorno escult\u00f3rico y tridimensional. El innovador dise\u00f1o de cierre circular inyecta una curvatura suave y suave en la cola, mostrando ternura en perseverancia. Funcionalmente, est\u00e1 equipado con un inserto de boquilla puntiaguda precisa, y est\u00e1 emparejado con un manguito galvanizado con la misma forma de hombro cuadrado para formar una forma unificada.<\/p>\n<p>&nbsp;<\/p>\n<ol start=\"2\">\n<li>Material y artesan\u00eda de los productos<\/li>\n<\/ol>\n<p>&nbsp;<\/p>\n<ul>\n<li>Material y estructura de la base del cuerpo del tubo: el uso de material compuesto PE de alta densidad y alta resistencia, la estructura del hombro cuadrado a trav\u00e9s de la inyecci\u00f3n de molde de precisi\u00f3n, para asegurar que la l\u00ednea de borde sea clara. El extremo circular utiliza tecnolog\u00eda especial de sellado t\u00e9rmico, el sello es fuerte y la l\u00ednea es redonda y libre de espinas.<\/li>\n<li>Tratamiento superficial e impresi\u00f3n: una superficie mate blanca con un tacto delicado, antideslizante y anti huella digital. La impresi\u00f3n gris garantiza una claridad duradera de la informaci\u00f3n. El proceso de coloraci\u00f3n de oro utiliza aluminio electrol\u00edtico respetuoso con el medio ambiente con un rico color y resistencia a la abrasi\u00f3n.<\/li>\n<li>Capucha de hombro cuadrangular galvanizada: La tapa es el mismo lenguaje que el lenguaje de dise\u00f1o de la carrocer\u00eda, la superficie est\u00e1 galvanizada avanzada (por ejemplo, oro galvanizado, cromo galvanizado, pistola de electroplatino negra), el brillo es de larga duraci\u00f3n y el sellado es bueno.<\/li>\n<li>Seguridad y sostenibilidad: Todos los materiales cumplen con las normas de seguridad en los principales mercados internacionales. El material PE reciclable, el dise\u00f1o minimalista y el cierre de arco reducen la agresi\u00f3n visual y t\u00e1ctil del envase.<\/li>\n<\/ul>\n<p>&nbsp;<\/p>\n<ol start=\"3\">\n<li>Uso recomendado del producto<\/li>\n<\/ol>\n<p>&nbsp;<\/p>\n<p>La industria de la belleza y el cuidado de la piel<\/p>\n<p>&nbsp;<\/p>\n<ul>\n<li>Mujeres&#8217; s mercado: ideal para sueros anti-envejecimiento, cremas de alto rendimiento y protecci\u00f3n solar de alto multiplicador. La combinaci\u00f3n de blanco mate y oro transmitido &#8220; puro lujo,&#8221; el cierre redondeado mejor\u00f3 la comodidad de agarre y la seguridad dentro de la bolsa, evitando raspar otros art\u00edculos, y la atenci\u00f3n a las mujeres se mostr\u00f3 en detalle.<\/li>\n<li>Hombres&#8217; s mercado: Para hombres&#8217; s productos de cuidado de la piel de alta gama, cremas faciales de calidad profesional. Los hombros cuadrados y la cubierta galvanizada demuestran fuerza y tecnolog\u00eda, mientras que el cierre redondeado equilibra el visual demasiado r\u00edgido y agrega un toque de refinamiento al sabor suave de la \u00e9lite moderna.<\/li>\n<li>Ni\u00f1os&#8217; s Mercado: Embalaje de producto insignia para ni\u00f1os de gama alta&#8217; marcas de cuidado de la piel. El extremo circular y curvo es esencial para eliminar los riesgos potenciales planteados por las esquinas afiladas y proporcionar un toque absolutamente seguro, mientras que el blanco y el oro contin\u00faan la percepci\u00f3n pura y preciosa.<\/li>\n<\/ul>\n<p>&nbsp;<\/p>\n<p>Ung\u00fcentos m\u00e9dicos<\/p>\n<p>&nbsp;<\/p>\n<ul>\n<li>Utilizado en productos dermatol\u00f3gicos de alta gama y sueros de reparaci\u00f3n postoperatoria. La apariencia racional y profesional aumenta la confianza, y el extremo redondeado hace que el producto sea m\u00e1s seguro y suave cuando se pasa y toma en manos de pacientes o cuidadores, reflejando la humanizaci\u00f3n de la atenci\u00f3n m\u00e9dica.<\/li>\n<\/ul>\n<p>&nbsp;<\/p>\n<p>La industria de agentes de mantenimiento mec\u00e1nico<\/p>\n<p>&nbsp;<\/p>\n<ul>\n<li>Montar productos de cuidado de lujo y lubricantes especiales para instrumentos de precisi\u00f3n. El cuerpo de hombro firme y cuadrado con un extremo arqueado es como un tratamiento simplificado en un instrumento de precisi\u00f3n, lo que mejora la belleza general y la comodidad de agarre de la herramienta mientras demuestra profesionalismo.<\/li>\n<\/ul>\n<p>&nbsp;<\/p>\n<p>Industria de pigmentos qu\u00edmicos industriales<\/p>\n<p>&nbsp;<\/p>\n<ul>\n<li>Para pigmentos de color limitados de grado artista y adhesivos avanzados. El dise\u00f1o del extremo redondeado hace que la manguera sea m\u00e1s suave cuando se roda en el artista&#8217; s concurrido banco de trabajo y hace que sea m\u00e1s f\u00e1cil conectar otros art\u00edculos, equilibrando la est\u00e9tica con las necesidades pr\u00e1cticas del estudio.<\/li>\n<\/ul>\n<p>&nbsp;<\/p>\n<ol start=\"4\">\n<li>Caracter\u00edsticas del producto<\/li>\n<\/ol>\n<p>&nbsp;<\/p>\n<ul>\n<li>Una filosof\u00eda mixta de &#8220; fuerza y belleza&#8221; La estructura cuadrangular del hombro representa la fuerza, el orden y la confianza. El extremo redondeado representa suavidad, seguridad y finalidad. Los dos se combinan para crear una personalidad \u00fanica del producto que atrae tanto a los consumidores racionales que buscan rendimiento y dise\u00f1o, como a los usuarios emocionales que se preocupan por la seguridad y la experiencia.<\/li>\n<li>Alta artesan\u00eda en extrema simplicidad: En un sistema visual minimalista, oro caliente y sellos circulares son los dos puntos focales que resaltan la profundidad de la artesan\u00eda. El color dorado refleja el valor de la marca, y el cierre circular refleja la sofisticaci\u00f3n de la ergonom\u00eda, que juntos apoyan la calidad de lujo.<\/li>\n<li>Control de dosis de precisi\u00f3n en toda la escena: La jeringa puntiaguda garantiza un control a nivel milim\u00e9trico desde el cuidado de la piel hasta el trabajo de precisi\u00f3n, mientras que la cola curva optimiza la comodidad al apretar la cola, permitiendo que el contenido se agote.<\/li>\n<li>Seguridad optimizada y experiencia de manejo: El extremo redondeado evita por completo los ara\u00f1azos en la bolsa o la incomodidad de la mano que pueden causar los extremos afilados tradicionales, lo que hace que el producto sea m\u00e1s f\u00e1cil de manejar en cualquier entorno.<\/li>\n<\/ul>\n<p>&nbsp;<\/p>","protected":false},"excerpt":{"rendered":"<ol>\n<li>Dise\u00f1o del cuerpo del producto<\/li>\n<\/ol>\n<p>&nbsp;<\/p>\n<ul>\n<li>Narrativas en forma: De la autoridad a la afinidad: Dise\u00f1a un giro narrativo de arriba hacia abajo &#8211; un hombro cuadrado y una cubierta galvanizada en la parte superior muestra autoridad y tecnolog\u00eda; El dorado blanco mate y dorado del cuerpo revela pureza y valor; El extremo redondeado de la cola se basa en \u00faltima instancia en la seguridad, la comodidad y el cumplimiento. Este pensamiento de dise\u00f1o simplificado mejora la finalizaci\u00f3n general del producto.<\/li>\n<li>Humanizar los detalles: El extremo redondeado no es solo una opci\u00f3n de estilo, sino tambi\u00e9n un dise\u00f1o de experiencia de usuario importante. Significa que mientras la marca persigue la est\u00e9tica, no ignora cada punto de contacto del producto en un caso de uso real.<\/li>\n<li>Lenguaje familiar sistem\u00e1tico: Incluso con la adici\u00f3n de un elemento de arco, las caracter\u00edsticas del cuerpo de los hombros cuadrados y la uni\u00f3n de la cubierta galvanizada mantienen un fuerte reconocimiento familiar. El extremo circular se convierte en un punto de memoria de detalle ic\u00f3nico para la serie.<\/li>\n<\/ul>\n<p>&nbsp;<\/p>\n<ol start=\"2\">\n<li>Ventajas del producto<\/li>\n<\/ol>\n<p>&nbsp;<\/p>\n<ul>\n<li>Construir una imagen de marca m\u00e1s inclusiva y c\u00e1lida: Manteniendo el tono de autoridad y lujo, la adici\u00f3n de un cierre circular transmite la marca&#8217; s preocupaci\u00f3n por el usuario, ampliando la marca&#8217; espectro emocional y atractivo para una base de consumidores de gama alta m\u00e1s amplia.<\/li>\n<li>Mejora significativamente el uso pr\u00e1ctico y la comodidad de llevar: aborda los puntos de dolor de la aplastaci\u00f3n de la mano afilada en el extremo de la manguera tradicional, y es especialmente adecuado para su uso en bolsos de gama alta, bolsos de maquillaje o bolsos de cuerpo, protegiendo otros art\u00edculos de da\u00f1os y mejorando la satisfacci\u00f3n del usuario.<\/li>\n<li>Construye barreras competitivas en detalle: Cuando muchas marcas se enfocan en la parte delantera del cuerpo, la artesan\u00eda de los detalles de la cola se convierte en una poderosa demostraci\u00f3n de la marca&#8217; la b\u00fasqueda m\u00e1s all\u00e1 de los l\u00edmites, y puede ganar elogios en la evaluaci\u00f3n profesional y la difusi\u00f3n boca a boca.<\/li>\n<li>Se ajusta perfectamente a la nueva definici\u00f3n de &#8220; centrado en las personas&#8221; lujo: el lujo moderno se centra cada vez m\u00e1s en experiencias \u00edntimas, c\u00f3modas y exclusivas. El sello circular es la realizaci\u00f3n f\u00edsica de esta &#8220; lujo interior&#8221;  and &#8220; consideraci\u00f3n personal,&#8221; que es muy compatible con los valores de los consumidores de gama alta.<\/li>\n<\/ul>\n<p>&nbsp;<\/p>\n<ol start=\"3\">\n<li>Escenarios de uso del producto<\/li>\n<\/ol>\n<p>&nbsp;<\/p>\n<ul>\n<li>Viajes y negocios de gama alta: El cierre redondeado lo convierte en una gran opci\u00f3n para los viajeros porque los deja sin preocuparse por objetos de valor como la seda y el cuero en una maleta compacta o un bolso de lujo.<\/li>\n<li>Tiendas maternoinfantiles de gama alta y cuidado en el hogar: En los centros de cuidado maternoinfantil que enfatizan la seguridad y la calidad, el dise\u00f1o circular es una prueba intuitiva de su seguridad y r\u00e1pidamente gana el favor de los padres.<\/li>\n<li>Spas y suministros hoteleros de alta gama: cada toque de un producto debe ser perfecto en un ambiente relajante para los hu\u00e9spedes. El toque suave proporcionado por el extremo redondeado proporciona una mejora sutil en la experiencia de curaci\u00f3n general.<\/li>\n<li>The &#8220; detalle lupa&#8221; marketing de productos de comercio electr\u00f3nico: En la p\u00e1gina de detalles del producto, el pie de p\u00e1gina circular se puede usar como una parte de pantalla enfocada de &#8220; detalles de artesan\u00eda&#8221;  and &#8220; dise\u00f1o humano,&#8221; comunicar eficazmente la marca&#8217; altos est\u00e1ndares a trav\u00e9s de gr\u00e1ficos de contraste o v\u00eddeos de primer plano.<\/li>\n<li>Regalo: Como regalo, el dise\u00f1o circular hace que el producto se sienta mejor, y el primer toque cuando se retira del embalaje exterior est\u00e1 lleno de refinamiento y reflexi\u00f3n.<\/li>\n<\/ul>","protected":false},"featured_media":4547,"comment_status":"closed","ping_status":"closed","template":"","meta":[],"product_brand":[],"product_cat":[34],"product_tag":[],"class_list":{"0":"post-4539","1":"product","2":"type-product","3":"status-publish","4":"has-post-thumbnail","6":"product_cat-facial-treatment","8":"first","9":"instock","10":"shipping-taxable","11":"purchasable","12":"product-type-simple"},"_links":{"self":[{"href":"https:\/\/www.hongyitube.com\/es\/wp-json\/wp\/v2\/product\/4539","targetHints":{"allow":["GET"]}}],"collection":[{"href":"https:\/\/www.hongyitube.com\/es\/wp-json\/wp\/v2\/product"}],"about":[{"href":"https:\/\/www.hongyitube.com\/es\/wp-json\/wp\/v2\/types\/product"}],"replies":[{"embeddable":true,"href":"https:\/\/www.hongyitube.com\/es\/wp-json\/wp\/v2\/comments?post=4539"}],"wp:featuredmedia":[{"embeddable":true,"href":"https:\/\/www.hongyitube.com\/es\/wp-json\/wp\/v2\/media\/4547"}],"wp:attachment":[{"href":"https:\/\/www.hongyitube.com\/es\/wp-json\/wp\/v2\/media?parent=4539"}],"wp:term":[{"taxonomy":"product_brand","embeddable":true,"href":"https:\/\/www.hongyitube.com\/es\/wp-json\/wp\/v2\/product_brand?post=4539"},{"taxonomy":"product_cat","embeddable":true,"href":"https:\/\/www.hongyitube.com\/es\/wp-json\/wp\/v2\/product_cat?post=4539"},{"taxonomy":"product_tag","embeddable":true,"href":"https:\/\/www.hongyitube.com\/es\/wp-json\/wp\/v2\/product_tag?post=4539"}],"curies":[{"name":"WP","href":"https:\/\/api.w.org\/{rel}","templated":true}]}}