{"id":4519,"date":"2026-01-29T10:23:51","date_gmt":"2026-01-29T02:23:51","guid":{"rendered":"https:\/\/www.hongyitube.com\/?post_type=product&#038;p=4519"},"modified":"2026-01-29T10:23:51","modified_gmt":"2026-01-29T02:23:51","slug":"%cf%8630mm-diameter-40-grams-ml-skin-colored-matte-pe-square-shoulder-soft-tube-packaging-material-individual-packaging-bottle-hongyi-plastic","status":"publish","type":"product","link":"https:\/\/www.hongyitube.com\/es\/product\/%cf%8630mm-diameter-40-grams-ml-skin-colored-matte-pe-square-shoulder-soft-tube-packaging-material-individual-packaging-bottle-hongyi-plastic\/","title":{"rendered":"\u03a630mm di\u00e1metro, 40 gramos \/ ml, color de piel, mate PE hombro cuadrado material de envasado de tubo suave, botella de envasado individual - pl\u00e1stico Hongyi"},"content":{"rendered":"<ol>\n<li>Descripci\u00f3n del producto<\/li>\n<\/ol>\n<p>&nbsp;<\/p>\n<p>Este producto es una manguera de hombro cuadriangular de PE de 30 mm de di\u00e1metro de tubo con una capacidad de 40 g \/ ml. Dise\u00f1ado con el concepto de &#8220; resistencia geom\u00e9trica y afinidad de la piel,&#8221; este producto est\u00e1 dise\u00f1ado para crear una marca profesional que combina la belleza arquitect\u00f3nica moderna con una experiencia de uso superior. El cuerpo utiliza un sustrato mate transparente \u00fanico y est\u00e1 cubierto con un suave adhesivo amarillo de piel, creando una textura de alta calidad tan suave como el sat\u00e9n de seda y cerca del tono de la piel. La marca y el nombre del producto est\u00e1n elegantemente presentados con estampados de seda blanca clara. Su ic\u00f3nica estructura de hombro cuadrangular rompe el contorno circular de los tubos de manguera tradicionales, dando al producto una forma geom\u00e9trica distintiva. Funcionalmente, cuenta con una toma puntiaguda precisa y una corona acr\u00edlica de plata electrochapada visualmente impactante, creando una sorprendente tensi\u00f3n entre el color suave de la piel y el metal fr\u00edo. Utilizando un material interior de prellenado y un proceso de sellado de cola, el material es resistente y duradero y soporta la compresi\u00f3n repetida sin deformaci\u00f3n.<\/p>\n<p>&nbsp;<\/p>\n<ol start=\"2\">\n<li>Material y artesan\u00eda de los productos<\/li>\n<\/ol>\n<p>&nbsp;<\/p>\n<ul>\n<li>Material de base del cuerpo del tubo: el uso de alta transparencia, alta resiliencia del material PE de calidad alimentaria, la estructura de hombro cuadrado a trav\u00e9s de un moldeo especial del proceso de moldeo, para garantizar bordes afilados y una estructura fuerte.<\/li>\n<li>Impresi\u00f3n amarilla y calidad mate: La piel amarilla se logra a trav\u00e9s de un proceso de impresi\u00f3n ecol\u00f3gico, con un color uniforme y suave, combinado con un cuerpo mate transparente para producir un efecto de piel semipermeable \u00fanico, un tacto delicado y antideslizante.<\/li>\n<li>Cubierta giratoria de acr\u00edlico de plata galvanizada: La cubierta est\u00e1 hecha de material acr\u00edlico de alta transparencia con galvanizaci\u00f3n de precisi\u00f3n en la superficie, dando un brillo de plata como un espejo, una textura gruesa y una mano de apertura y apertura lisa, mejorando significativamente el lujo general.<\/li>\n<li>Seguridad y protecci\u00f3n del medio ambiente: Todos los materiales cumplen con las normas internacionales de seguridad como la FDA y REACH. Tanto el PE como el acr\u00edlico son materiales reciclables, lo que refleja la responsabilidad ambiental.<\/li>\n<\/ul>\n<p>&nbsp;<\/p>\n<ol start=\"3\">\n<li>Uso recomendado del producto<\/li>\n<\/ol>\n<p>&nbsp;<\/p>\n<p>La industria de la belleza y el cuidado de la piel<\/p>\n<p>&nbsp;<\/p>\n<ul>\n<li>Mujeres&#8217; s Mercado: Perfecto para los sueros de alta concentraci\u00f3n, las cremas contra las arrugas, el corrector de precisi\u00f3n antes del maquillaje y el t\u00f3ner t\u00f3pico. Los tubos amarillos de piel transmiten la asociaci\u00f3n de &#8220; color de piel personalizado&#8221;  and &#8220; nutrici\u00f3n eficiente,&#8221; el dise\u00f1o cuadrado del hombro demuestra la independencia y la fuerza, las tapas puntiagudas del pez\u00f3n satisfacen las necesidades locales de cuidado preciso, y la tapa de plata galvanizada agrega una sensaci\u00f3n de lujo tecnol\u00f3gico.<\/li>\n<li>Hombres&#8217; Mercado: Para hombres&#8217; sueros especializados, l\u00edquidos para el crecimiento de la barba y cremas de contorno t\u00f3picas. El dise\u00f1o angular y cuadrado del hombro con una cubierta de plata galvanizada est\u00e1 lleno de un estilo industrial moderno, que se ajusta a la est\u00e9tica de los hombres. El tono amarillo de la piel equilibra la masculinidad y agrega un sentido refinado de cuidado de la piel de gama alta.<\/li>\n<li>Ni\u00f1os&#8217; s Mercado: Usado como embalaje para ni\u00f1os&#8217; s cremas para reparar el eczema, cremas para el cuidado de los labios y bastones solares especiales. El amarillo de piel suave se ve seguro y amigable con la piel, la estructura de cuatro hombros es segura y no resbaladiza f\u00e1cilmente, y el dise\u00f1o de la puntilla hace que sea f\u00e1cil para los padres aplicar con precisi\u00f3n en un \u00e1rea peque\u00f1a.<\/li>\n<\/ul>\n<p>&nbsp;<\/p>\n<p>Ung\u00fcentos m\u00e9dicos<\/p>\n<p>&nbsp;<\/p>\n<ul>\n<li>Para cremas t\u00f3picas t\u00f3picas (como cremas esteroides), geles de reparaci\u00f3n de cicatrices y tratamientos de manchas de acn\u00e9. La forma de hombro cuadriangular profesional y la tapa de plata galvanizada mejoran la credibilidad y el valor del producto, y la jeringa puntiaguda permite la administraci\u00f3n de medicamentos con precisi\u00f3n milim\u00e9trica para evitar el desperdicio y la contaminaci\u00f3n.<\/li>\n<\/ul>\n<p>&nbsp;<\/p>\n<p>La industria de agentes de mantenimiento mec\u00e1nico<\/p>\n<p>&nbsp;<\/p>\n<ul>\n<li>Monta componentes electr\u00f3nicos de precisi\u00f3n con adhesivos de plata conductores, adhesivos de instrumentos \u00f3pticos y pegamentos de modelo de gama alta. Su forma de dise\u00f1o industrial y tapa de plata galvanizada son altamente compatibles con los atributos de productos de alta tecnolog\u00eda, y su enchufe puntiagudo se puede utilizar para clavados extremadamente finos.<\/li>\n<\/ul>\n<p>&nbsp;<\/p>\n<p>Industria de pigmentos qu\u00edmicos industriales<\/p>\n<p>&nbsp;<\/p>\n<ul>\n<li>Para pigmentos de efectos especiales de color met\u00e1lico, geles de joyer\u00eda y suplementos de marcadores de alta precisi\u00f3n. La sensaci\u00f3n moderna del propio envase y la textura met\u00e1lica de plata galvanizada complementan el tema de los contenidos (como la laca met\u00e1lica) y son un s\u00edmbolo de la calidad de un estudio profesional.<\/li>\n<\/ul>\n<p>&nbsp;<\/p>\n<ol start=\"4\">\n<li>Caracter\u00edsticas del producto<\/li>\n<\/ol>\n<p>&nbsp;<\/p>\n<ul>\n<li>Lenguaje estructural geom\u00e9trico revolucionario: El dise\u00f1o de hombro cuadrado es el identificador principal de este producto. No solo crea una presencia \u00fanica en el estante, sino que tambi\u00e9n proporciona un agarre m\u00e1s seguro y una experiencia visual m\u00e1s moderna, formando una separaci\u00f3n intergeneracional de la manguera tradicional.<\/li>\n<li>La doble experiencia de &#8220; tecnolog\u00eda de detecci\u00f3n de la piel&#8221; La impresi\u00f3n mate de color amarillo simula un alto nivel de detecci\u00f3n de la piel tanto en el sentido visual como t\u00e1ctil, transmitiendo calor y afecto; La cubierta acr\u00edlica de plata galvanizada representa una tecnolog\u00eda fr\u00eda y precisa. La colisi\u00f3n de los dos crea un rico car\u00e1cter del producto y un sentido de uso ritual.<\/li>\n<li>Sistema funcional con una precisi\u00f3n de hasta un mil\u00edmetro: La jeringa puntiaguda est\u00e1 optimizada para peque\u00f1as dosis y aplicaciones de alta precisi\u00f3n, ya se trate de recubrimiento facial o adhesivo industrial, proporcionando un control sin igual y mejorando en gran medida la eficiencia y la eficacia.<\/li>\n<li>Excelente durabilidad y protecci\u00f3n del contenido: La estructura de hombro cuadrangular mejora la resistencia a la presi\u00f3n del cuerpo del tubo, el material PE de alta calidad asegura que el apriete a largo plazo no se deforme y la cubierta acr\u00edlica de plata galvanizada proporciona un buen sellado y resistencia a los rayos UV.<\/li>\n<\/ul>","protected":false},"excerpt":{"rendered":"<ol>\n<li>Dise\u00f1o del cuerpo del producto<\/li>\n<\/ol>\n<p>&nbsp;<\/p>\n<ul>\n<li>Simbolismo de la forma: Los hombros cuadrados simbolizan el orden, la fuerza y la fiabilidad. Rompe la curva suave tradicional del embalaje de productos de cuidado, introduce un lenguaje de dise\u00f1o m\u00e1s moderno y neutral y ampl\u00eda los l\u00edmites de la imagen de marca.<\/li>\n<li>La dram\u00e1tica tensi\u00f3n del color y los materiales:<\/li>\n<li>Guardacostar\u00eda: Piel baja saturada, c\u00e1lida con un brillo amarillo opaco, que significa &#8220; naturaleza humana,&#8221;  &#8220; amabilidad, &#8221;  and &#8220; naturaleza. &#8221;<\/li>\n<li>Cubierta: acr\u00edlico de plata electrochapada fr\u00eda altamente reflectante, que representa &#8220; tecnolog\u00eda,&#8221;  &#8220; precisi\u00f3n&#8221;  and &#8220; futuro. &#8221;<\/li>\n<li>La combinaci\u00f3n de los dos implica que el producto es el veh\u00edculo perfecto para &#8220; humanizar la tecnolog\u00eda&#8221;  or &#8220; Tecnolog\u00eda que permite la naturaleza. &#8221;<\/li>\n<li>Minimalismo de la presentaci\u00f3n de la informaci\u00f3n: S\u00f3lo se utiliza la impresi\u00f3n blanca m\u00e1s clara y necesaria sobre un fondo mate amarillo, manteniendo la pureza visual absoluta y haciendo de la estructura del producto el elemento decorativo principal.<\/li>\n<\/ul>\n<p>&nbsp;<\/p>\n<p>2. ventajas del producto<\/p>\n<p>&nbsp;<\/p>\n<ul>\n<li>Construye una identidad de marca estructurada e irrepetible: La forma \u00fanica del hombro cuadrado es altamente patentada visualmente, lo que ayuda a la marca a ser identificada y recordada al instante entre muchos competidores, creando una fuerte barrera de dise\u00f1o.<\/li>\n<li>Capturar las mentes racionales y emocionales del consumidor: utilizando una geometr\u00eda racional y tecnol\u00f3gica y un dise\u00f1o funcional (snout) para atraer a los consumidores enfocados en la eficiencia y la eficacia; Involucra a los consumidores conscientes de la experiencia y las emociones con colores y texturas sensibles a la piel.<\/li>\n<li>Mejorar significativamente la percepci\u00f3n del valor del producto y la capacidad premium: tapas de acr\u00edlico de plata galvanizada y moldes estructurales especiales, a menudo asociados con marcas de gama alta. Este dise\u00f1o puede mejorar significativamente el contenido&#8217; s &#8220; lujo&#8221;  or &#8220; herramienta profesional&#8221; atributos, apoyando precios de mercado m\u00e1s altos.<\/li>\n<li>Ideal para el &#8220; dise\u00f1o impulsado&#8221; apetito en los mercados extranjeros: en los mercados maduros europeos, americanos y de Asia-Pac\u00edfico, los consumidores est\u00e1n dispuestos a pagar una prima por un gran dise\u00f1o. El fuerte sentido del dise\u00f1o de este producto es una raz\u00f3n importante para comprar, especialmente adecuado para modelos conjuntos de marca y dise\u00f1ador DTC.<\/li>\n<\/ul>\n<ol start=\"3\">\n<li>Escenarios de uso del producto<\/li>\n<\/ol>\n<p>&nbsp;<\/p>\n<ul>\n<li>Boutique de belleza de gama alta y tiendas de dise\u00f1o: En tiendas como Aesop o museos de dise\u00f1o, sus caracter\u00edsticas arquitect\u00f3nicas atraen a clientes muy exigentes y se convierten en esculturas en los estantes.<\/li>\n<li>Cl\u00ednicas profesionales de dermatolog\u00eda y establecimientos de cosm\u00e9tica m\u00e9dica: Como envases para productos especializados para la cadena hospitalaria, su imagen profesional y precisa aumenta la confianza de m\u00e9dicos y pacientes, y coincide con la profesionalidad del entorno m\u00e9dico.<\/li>\n<li>La creatividad&#8217; banco de trabajo: aparecer en los escritorios de arquitectos, ingenieros y artistas como recipientes para adhesivos especializados, pigmentos o productos de cuidado de alta gama, es en s\u00ed misma una expresi\u00f3n del propietario&#8217; El sabor.<\/li>\n<li>La pantalla de &#8220; productos h\u00e9roes&#8221; en plataformas de comercio electr\u00f3nico: En la marca&#8217; En el sitio web oficial o en plataformas como Amazon, su contorno cuadrado \u00fanico y tapa reflectante son muy atractivos en los gr\u00e1ficos del producto, lo que puede mejorar efectivamente las tasas de clic y conversi\u00f3n.<\/li>\n<li>Hombres buenos&#8217; Kits de cuidado: Como el empaquetado principal en hombres de gama alta&#8217; Los kits de cuidado de la piel, el dise\u00f1o puede ganar el favor de los consumidores masculinos que valoran la textura y la eficiencia.<\/li>\n<\/ul>","protected":false},"featured_media":4526,"comment_status":"closed","ping_status":"closed","template":"","meta":[],"product_brand":[],"product_cat":[34],"product_tag":[],"class_list":{"0":"post-4519","1":"product","2":"type-product","3":"status-publish","4":"has-post-thumbnail","6":"product_cat-facial-treatment","8":"first","9":"instock","10":"shipping-taxable","11":"purchasable","12":"product-type-simple"},"_links":{"self":[{"href":"https:\/\/www.hongyitube.com\/es\/wp-json\/wp\/v2\/product\/4519","targetHints":{"allow":["GET"]}}],"collection":[{"href":"https:\/\/www.hongyitube.com\/es\/wp-json\/wp\/v2\/product"}],"about":[{"href":"https:\/\/www.hongyitube.com\/es\/wp-json\/wp\/v2\/types\/product"}],"replies":[{"embeddable":true,"href":"https:\/\/www.hongyitube.com\/es\/wp-json\/wp\/v2\/comments?post=4519"}],"wp:featuredmedia":[{"embeddable":true,"href":"https:\/\/www.hongyitube.com\/es\/wp-json\/wp\/v2\/media\/4526"}],"wp:attachment":[{"href":"https:\/\/www.hongyitube.com\/es\/wp-json\/wp\/v2\/media?parent=4519"}],"wp:term":[{"taxonomy":"product_brand","embeddable":true,"href":"https:\/\/www.hongyitube.com\/es\/wp-json\/wp\/v2\/product_brand?post=4519"},{"taxonomy":"product_cat","embeddable":true,"href":"https:\/\/www.hongyitube.com\/es\/wp-json\/wp\/v2\/product_cat?post=4519"},{"taxonomy":"product_tag","embeddable":true,"href":"https:\/\/www.hongyitube.com\/es\/wp-json\/wp\/v2\/product_tag?post=4519"}],"curies":[{"name":"WP","href":"https:\/\/api.w.org\/{rel}","templated":true}]}}