{"id":4497,"date":"2026-01-29T09:48:31","date_gmt":"2026-01-29T01:48:31","guid":{"rendered":"https:\/\/www.hongyitube.com\/?post_type=product&#038;p=4497"},"modified":"2026-01-29T09:48:31","modified_gmt":"2026-01-29T01:48:31","slug":"%cf%8635mm-diameter-50-grams-ml-matte-mocha-green-pe-ultra-thin-tubular-packaging-material-individual-packaging-bottle-hongyi-plastic","status":"publish","type":"product","link":"https:\/\/www.hongyitube.com\/es\/product\/%cf%8635mm-diameter-50-grams-ml-matte-mocha-green-pe-ultra-thin-tubular-packaging-material-individual-packaging-bottle-hongyi-plastic\/","title":{"rendered":"\u03a635mm de di\u00e1metro, 50 gramos \/ ml, mate Mocha Green PE material de envasado tubular ultra delgado, botella de envasado individual - pl\u00e1stico Hongyi"},"content":{"rendered":"<ol>\n<li>Descripci\u00f3n del producto<\/li>\n<\/ol>\n<p>&nbsp;<\/p>\n<p>Este producto es una manguera ultraplana de PE de 35mm de di\u00e1metro de tubo con una capacidad est\u00e1ndar de 50 g \/ ml. Con una filosof\u00eda de dise\u00f1o de &#8220; serenidad natural y eficiencia moderna,&#8221; est\u00e1 dise\u00f1ado para crear una imagen de marca estable, elegante y altamente tranquilizante. El cuerpo est\u00e1 basado en blanco puro y cubierto con un verde moccal mate distintivo, inspirado en el musgo en las profundidades de la selva tropical y los granos de caf\u00e9 cuidadosamente horneados, dando una textura visual c\u00e1lida, natural e evocativa. Toda la informaci\u00f3n del producto se presenta claramente en el lado derecho y izquierdo a trav\u00e9s de offset negro de alta precisi\u00f3n, formando un contraste cl\u00e1sico y profesional. El producto est\u00e1 equipado con un rebaje plano para garantizar una compresi\u00f3n uniforme y constante de la crema y puede emparejarse con una cubierta ultraplana esculpida o galvanizada que proporciona un excelente sellado mientras comprime el contorno general hasta la m\u00e1xima planura. Utilizando un material de prellenado y un proceso de sellado de cola de precisi\u00f3n, el material es flexible y resistente y soporta la compresi\u00f3n repetida sin deformaci\u00f3n.<\/p>\n<p>&nbsp;<\/p>\n<ol start=\"2\">\n<li>Material y artesan\u00eda de los productos<\/li>\n<\/ol>\n<p>&nbsp;<\/p>\n<ul>\n<li>Sustrato del cuerpo del tubo: el uso de alta densidad, alta resistencia de material compuesto PE de grado alimenticio \/ farmac\u00e9utico, para asegurar que el llenado de gran capacidad todav\u00eda pueda mantener el estado pl\u00e1stico ultraplano, uso a largo plazo de fatiga.<\/li>\n<li>Revestimiento brillante verde Mocha: Un acabado uniforme y duradero verde Mocha se logra con tintas brillantes ecol\u00f3gicas. Este tono tiene una baja saturaci\u00f3n, un brillo moderado y una textura suave y matizada que proporciona un tacto de alto nivel y una excelente resistencia anti-contaminaci\u00f3n y ara\u00f1azos.<\/li>\n<li>Proceso de impresi\u00f3n: El proceso de offset negro garantiza un alto grado de claridad, bordes afilados y una excelente adhesi\u00f3n a los patrones de texto, proporcionando excelentes efectos visuales incluso en superficies mate.<\/li>\n<li>Componentes funcionales: La nugget plana est\u00e1 hecha de elast\u00f3meros de calidad alimentaria con una salida plana, que es especialmente adecuada para contenidos medios a cremosos. La estructura de cubierta s\u00faper plana est\u00e1 reforzada para garantizar un sello fiable bajo una forma extremadamente plana.<\/li>\n<li>Seguro y sostenible: Todos los materiales cumplen con las normas internacionales de seguridad (por ejemplo, FDA, REACH). El material PE es reciclable, y la imagen natural de Mocha Green es altamente compatible con el concepto de protecci\u00f3n ambiental.<\/li>\n<\/ul>\n<p>&nbsp;<\/p>\n<ol start=\"3\">\n<li>Uso recomendado del producto<\/li>\n<\/ol>\n<p>&nbsp;<\/p>\n<p>La industria de la belleza y el cuidado de la piel<\/p>\n<p>&nbsp;<\/p>\n<ul>\n<li>Mujeres&#8217; s Mercado: Perfecto para cremas calmantes y restauradoras, sueros antioxidantes, pre-cremas de maquillaje hidratantes y protectores solares minerales naturales. Moca Green transmite los sentimientos de &#8220; potencia de extracci\u00f3n,&#8221;  &#8220; restauraci\u00f3n de estabilidad&#8221;  and &#8220; lujo bajo,&#8221; que con precisi\u00f3n atrae a los consumidores maduros que se esfuerzan por el equilibrio f\u00edsico y mental, la seguridad de los ingredientes y la experiencia sensorial. La capacidad de 50 g es el tama\u00f1o ideal para un vestido brillante o crema.<\/li>\n<li>Hombres&#8217; s mercado: utilizado para hombres&#8217; s hidratantes calmantes, cremas para reparar la barba y ceras faciales de gama alta. Moka verde es un color neutro y texturizado que combina sensaci\u00f3n natural y refinamiento, satisfaciendo las dobles necesidades de los hombres modernos para &#8220; cuidado efectivo&#8221;  and &#8220; sabor discreto. &#8221; El dise\u00f1o ultraplano hace que sea f\u00e1cil encajar en un malet\u00edn o bolso de viaje.<\/li>\n<li>Ni\u00f1os&#8217; Mercado: Se utiliza como envase para cremas especiales para ni\u00f1os con piel sensible, repelente natural de mosquitos y hidratantes suaves. La suave raya verde Mocha da un toque psicol\u00f3gico de seguridad y cuidado, y el acabado mate es resbaladizo y f\u00e1cil de sostener, lo que lo hace f\u00e1cil para los padres de usar.<\/li>\n<\/ul>\n<p>&nbsp;<\/p>\n<p>Ung\u00fcentos m\u00e9dicos<\/p>\n<p>&nbsp;<\/p>\n<ul>\n<li>Se utiliza en cremas calmantes y sedantes (como cremas para el cuidado del eczema), cremas de masaje a base de hierbas y cremas arom\u00e1ticas que mejoran el sue\u00f1o. Mocha verde puede aliviar eficazmente el fr\u00edo y los sentimientos ansiosos de los envases m\u00e9dicos tradicionales, y sus propiedades visuales naturales y estables ayudan a mejorar los pacientes. confort psicol\u00f3gico y adherencia al tratamiento.<\/li>\n<\/ul>\n<p>&nbsp;<\/p>\n<p>La industria de agentes de mantenimiento mec\u00e1nico<\/p>\n<p>&nbsp;<\/p>\n<ul>\n<li>Crema de cuidado del cuero de alta gama separada, cera de mantenimiento de productos de madera y aceite de mantenimiento de instrumentos de precisi\u00f3n. Su color y textura pueden integrar perfectamente la escena de mantenimiento de productos de consumo de alta gama (como art\u00edculos de cuero de lujo y muebles de alta gama), elevar los productos funcionales al nivel de la est\u00e9tica de la vida y atraer a los entusiastas y profesionales del bricolaje conscientes de la calidad.<\/li>\n<\/ul>\n<p>&nbsp;<\/p>\n<p>Industria de pigmentos qu\u00edmicos industriales<\/p>\n<p>&nbsp;<\/p>\n<ul>\n<li>Se utiliza en color de fondo, pigmentos de artista de color vintage, pinturas o adhesivos ecol\u00f3gicos. El tono verde Mocha del envase puede hacer eco directamente del tema de color o el concepto ambiental del contenido, mejorando la sensaci\u00f3n de la serie y la historia de la marca del producto.<\/li>\n<\/ul>\n<p>&nbsp;<\/p>\n<ol start=\"4\">\n<li>Caracter\u00edsticas del producto<\/li>\n<\/ol>\n<p>&nbsp;<\/p>\n<ul>\n<li>Colores naturales emocionalmente avanzados: verde moccal aburrido es un color con valor emocional complejo. Se asocia con el poder curativo de la naturaleza, la estabilidad de la tierra, el asentamiento del tiempo y el calor de la mano, creando un ambiente tranquilizador y enfocado de la marca que contrasta bruscamente con el ajetreo del mercado.<\/li>\n<li>Un modelo de &#8220; eficiencia de capacidad&#8221;  and &#8220; forma est\u00e9tica&#8221; 50 g de capacidad pr\u00e1ctica con un di\u00e1metro c\u00f3modo de 35 mm e integrado con \u00e9xito en la forma ultraplana representan la vanguardia de la ingenier\u00eda de envases. No solo ahorra espacio dentro del paquete, su espalda plana es m\u00e1s propicia para una colocaci\u00f3n estable y un almacenamiento eficiente.<\/li>\n<li>Experiencia de acabado de superficie plana optimizada: El relleno de superficie plana dise\u00f1ado para cremas y cremas proporciona una compresi\u00f3n ancha y estable en forma de banda para una r\u00e1pida accesibilidad e incluso la aplicaci\u00f3n, proporcionando una experiencia de usuario sencilla y eficiente.<\/li>\n<li>Un sistema visual atemporal y cl\u00e1sico: La combinaci\u00f3n de un fondo verde con texto negro es un lenguaje de dise\u00f1o cl\u00e1sico que ha resistido la prueba del tiempo. Descart\u00f3 las tendencias a corto plazo y persigui\u00f3 el carisma duradero de la marca y la textura de gama alta.<\/li>\n<\/ul>\n<p>&nbsp;<\/p>","protected":false},"excerpt":{"rendered":"<ol>\n<li>Dise\u00f1o del cuerpo del producto<\/li>\n<\/ol>\n<p>&nbsp;<\/p>\n<ul>\n<li>Psicolog\u00eda del color y narraci\u00f3n de la marca: Mocha verde no es un color natural, sino un &#8220; asado&#8221;  and &#8220; reconciliado&#8221; color de la civilizaci\u00f3n. Implica la cuidadosa selecci\u00f3n y artesan\u00eda de materias primas naturales por parte de la marca, transmitiendo un &#8220; Naturalismo pensado&#8221;  and &#8220; maduro y elegante&#8221; Personalidad de marca.<\/li>\n<li>Arquitectura de informaci\u00f3n minimalista: Todo el dise\u00f1o elimina todos los gr\u00e1ficos decorativos y se basa totalmente en el color, la textura y la tipograf\u00eda para transmitir el mensaje. Revestido de mosaico verde como fondo inmersivo y pel\u00edcula negra como una capa clara de informaci\u00f3n, los dos se combinan para crear una tensi\u00f3n visual tranquila y poderosa.<\/li>\n<li>La declaraci\u00f3n funcional de forma: La forma hiperplana es la declaraci\u00f3n de dise\u00f1o m\u00e1s fuerte. Expresa claramente el producto&#8217; Su profundo conocimiento de la portabilidad, la eficiencia espacial y el estilo de vida moderno, y su lenguaje de estilo alcanza un equilibrio interesante con la calma transmitida por el color.<\/li>\n<\/ul>\n<p>&nbsp;<\/p>\n<ol start=\"2\">\n<li>Ventajas del producto<\/li>\n<\/ol>\n<p>&nbsp;<\/p>\n<ul>\n<li>Construir un foso emocional profundo de la marca: El color verde Mocha \u00fanico puede seleccionar y involucrar eficazmente a los consumidores con preferencias est\u00e9ticas espec\u00edficas y actitudes de estilo de vida (como aquellos que creen en la naturaleza, la paz mental y los estilos de vida sostenibles) para construir una comunidad de marca altamente sostenible.<\/li>\n<li>Permite una integraci\u00f3n perfecta a trav\u00e9s de las escenas: Ya sea colocado en un mostrador moderno del ba\u00f1o, un escritorio profesional, una maleta de viaje o estantes de boutique, su textura discreta y de gama alta se mezcla armoniosamente y mejora el ambiente general.<\/li>\n<li>Apoya el posicionamiento de &#8220; valor a largo plazo&#8221;  and &#8220; lujo racional&#8221; : la capacidad s\u00f3lida de 50g y el dise\u00f1o duradero reflejan el producto&#8217; valor a largo plazo; Y colores \u00fanicos y formas planas extremas juntos definen &#8220; lujo racional&#8221;  &#8211; Pagar por una mejor experiencia y eficiencia en lugar de ostentarse.<\/li>\n<li>Conocer el mercado global&#8217; deseo de &#8220; lujo tranquilo&#8221; En la era post-COVID, los consumidores de todo el mundo est\u00e1n buscando cada vez m\u00e1s serenidad, curaci\u00f3n y autenticidad. El dise\u00f1o de este producto captura con precisi\u00f3n esta emoci\u00f3n, proporcionando una doble satisfacci\u00f3n de valor emocional y valor pr\u00e1ctico.<\/li>\n<\/ul>\n<p>&nbsp;<\/p>\n<ol start=\"3\">\n<li>Escenarios de uso del producto<\/li>\n<\/ol>\n<p>&nbsp;<\/p>\n<ul>\n<li>Spas y hoteles de bienestar de gama alta: como embalaje para productos de cuidado de propiedad hotelera o de marca conjunta, los tonos serenos y naturales coinciden perfectamente con la escena de bienestar de gama alta, mejorando a los hu\u00e9spedes&#8217; experiencia de curaci\u00f3n inmersiva.<\/li>\n<li>Espacios Urbanos de Meditaci\u00f3n y Estudios de Yoga: Ubicados en lugares de bienestar conscientes del ambiente, como opci\u00f3n para el cuidado de la piel o productos de masaje, dise\u00f1ados para mejorar la calma general y la atm\u00f3sfera enfocada del lugar.<\/li>\n<li>Dise\u00f1ador de casa &amp; Compradores de vida: en un comprador&#8217; S tienda que vende fragancias para el hogar y productos de cuidado avanzado, la apariencia es en s\u00ed misma un objeto vivo est\u00e9tico moderno que inspira las compras asociadas.<\/li>\n<li>Plataformas de comercio electr\u00f3nico que se centran en conceptos sostenibles: En el sitio web de la marca DTC o en la plataforma de comercio electr\u00f3nico que presenta conceptos ecol\u00f3gicos y naturales, los colores y materiales pueden transmitir intuitivamente el concepto central de la marca y mejorar el sentido de confianza.<\/li>\n<li>Profesionales&#8217; suites de oficina port\u00e1tiles: adecuados para abogados, arquitectos, escritores y otros que necesitan largas horas de trabajo enfocado. Como envase para productos de cuidado de manos o refresco, su dise\u00f1o constante se mezcla con el entorno profesional.<\/li>\n<\/ul>","protected":false},"featured_media":4498,"comment_status":"closed","ping_status":"closed","template":"","meta":[],"product_brand":[],"product_cat":[34],"product_tag":[],"class_list":{"0":"post-4497","1":"product","2":"type-product","3":"status-publish","4":"has-post-thumbnail","6":"product_cat-facial-treatment","8":"first","9":"instock","10":"shipping-taxable","11":"purchasable","12":"product-type-simple"},"_links":{"self":[{"href":"https:\/\/www.hongyitube.com\/es\/wp-json\/wp\/v2\/product\/4497","targetHints":{"allow":["GET"]}}],"collection":[{"href":"https:\/\/www.hongyitube.com\/es\/wp-json\/wp\/v2\/product"}],"about":[{"href":"https:\/\/www.hongyitube.com\/es\/wp-json\/wp\/v2\/types\/product"}],"replies":[{"embeddable":true,"href":"https:\/\/www.hongyitube.com\/es\/wp-json\/wp\/v2\/comments?post=4497"}],"wp:featuredmedia":[{"embeddable":true,"href":"https:\/\/www.hongyitube.com\/es\/wp-json\/wp\/v2\/media\/4498"}],"wp:attachment":[{"href":"https:\/\/www.hongyitube.com\/es\/wp-json\/wp\/v2\/media?parent=4497"}],"wp:term":[{"taxonomy":"product_brand","embeddable":true,"href":"https:\/\/www.hongyitube.com\/es\/wp-json\/wp\/v2\/product_brand?post=4497"},{"taxonomy":"product_cat","embeddable":true,"href":"https:\/\/www.hongyitube.com\/es\/wp-json\/wp\/v2\/product_cat?post=4497"},{"taxonomy":"product_tag","embeddable":true,"href":"https:\/\/www.hongyitube.com\/es\/wp-json\/wp\/v2\/product_tag?post=4497"}],"curies":[{"name":"WP","href":"https:\/\/api.w.org\/{rel}","templated":true}]}}