{"id":4488,"date":"2026-01-29T09:40:54","date_gmt":"2026-01-29T01:40:54","guid":{"rendered":"https:\/\/www.hongyitube.com\/?post_type=product&#038;p=4488"},"modified":"2026-01-29T09:40:54","modified_gmt":"2026-01-29T01:40:54","slug":"%cf%8635mm-diameter-60-grams-ml-yellow-rose-matte-gradient-pe-ultra-thin-tubular-packaging-material-individual-packaging-bottle-hongyi-plastic","status":"publish","type":"product","link":"https:\/\/www.hongyitube.com\/es\/product\/%cf%8635mm-diameter-60-grams-ml-yellow-rose-matte-gradient-pe-ultra-thin-tubular-packaging-material-individual-packaging-bottle-hongyi-plastic\/","title":{"rendered":"\u03a635mm di\u00e1metro, 60 gramos \/ ml, amarillo rosa mate gradiente PE ultra-delgado material de envasado tubular, botella de envasado individual - pl\u00e1stico Hongyi"},"content":{"rendered":"<ol>\n<li>Descripci\u00f3n del producto<\/li>\n<\/ol>\n<p>&nbsp;<\/p>\n<p>Este producto es una manguera ultraplana de PE de 35mm de di\u00e1metro de tubo con una capacidad innovadora de 60 g \/ ml y es un envase ic\u00f3nico dise\u00f1ado para una marca pionera que combina una est\u00e9tica de alta energ\u00eda con un pragmatismo extremo. El cuerpo se basa en blanco, y est\u00e1 pegado con una vibrante luz apagada de amarillo a marr\u00f3n que cambia gradualmente, como una brillante luz del amanecer, y tiene un impacto visual extremo. El mensaje fue dise\u00f1ado en m\u00faltiples niveles: la parte delantera estaba elegantemente contrastada con estampados de seda blanco y marr\u00f3n, mientras que la parte posterior conten\u00eda instrucciones detalladas en estampados offset negros de alta definici\u00f3n, que lograban un equilibrio entre belleza y funcionalidad. El producto est\u00e1 montado de manera innovadora con un rebaje de superficie plana, lo que garantiza una salida uniforme y estable del yeso, y puede emparejarse con cubiertas s\u00faper planas moldeadas por inyecci\u00f3n o galvanizadas futuristas que concentran la m\u00e1xima capacidad en un deslumbrante contorno plano. Utilizando un material de prellenado y un sello de cola de precisi\u00f3n, el material es superior y soporta la compresi\u00f3n repetida sin deformaci\u00f3n.<\/p>\n<p>&nbsp;<\/p>\n<ol start=\"2\">\n<li>Material y artesan\u00eda de los productos<\/li>\n<\/ol>\n<p>&nbsp;<\/p>\n<ul>\n<li>Sustrato del cuerpo del tubo: El uso de material compuesto PE de alta resistencia y alta barrera, dise\u00f1ado para el refuerzo de la estructura ultraplana de gran capacidad, para garantizar el uso a largo plazo sin deformaci\u00f3n.<\/li>\n<li>Proceso de impresi\u00f3n progresivo: La transici\u00f3n mate amarillo-rojo se logra a trav\u00e9s de la impresi\u00f3n offset de alta precisi\u00f3n, la transici\u00f3n de color es naturalmente saturada y la calidad mate le da un alto nivel de profundidad visual y un toque suave, resistente a las huellas digitales y resistente al desgaste.<\/li>\n<li>Impresi\u00f3n combinada multiproceso: La combinaci\u00f3n de impresiones de seda (caracteres blancos \/ rojos rosados en el frente) y impresiones offset (caracteres negros en la parte posterior) logra una distinci\u00f3n perfecta de niveles de informaci\u00f3n y riqueza visual.<\/li>\n<li>Sistema de enchufes planos: Los enchufes planos de elast\u00f3mero de calidad alimentaria son adecuados para cremas, cremas y fluidos de alta viscosidad, proporcionando una experiencia de extrusi\u00f3n suave y controlada que evita el desperdicio.<\/li>\n<li>Seguridad y protecci\u00f3n del medio ambiente: Todos los materiales cumplen con las normas internacionales de seguridad (por ejemplo, FDA, REACH). El material PE se puede reciclar, la aplicaci\u00f3n de tinta respetuosa con el medio ambiente refleja el concepto de dise\u00f1o sostenible.<\/li>\n<\/ul>\n<p>&nbsp;<\/p>\n<ol start=\"3\">\n<li>Uso recomendado del producto<\/li>\n<\/ol>\n<p>&nbsp;<\/p>\n<p>La industria de la belleza y el cuidado de la piel<\/p>\n<p>&nbsp;<\/p>\n<ul>\n<li>Mercado femenino: Perfecto para la esencia de brillo de vitamina C, sensaci\u00f3n de vacaciones cuerpo resaltar leche, protector solar hidratante, crema rubor. La roseta amarilla se llena gradualmente de vitalidad y optimismo, y puede atraer la atenci\u00f3n al instante. Con una capacidad de 60 gramos, satisface la necesidad de cuidado de todo el cuerpo o protecci\u00f3n solar durante todo el verano, y el dise\u00f1o ultraplano hace que sea f\u00e1cil encajar en una bolsa de playa o bolsa de viaje de fin de semana.<\/li>\n<li>Hombres&#8217; s mercado: productos de cuidado de la piel funcionales para deportes (como geles refrescantes), fragancia de moda cremas corporales, y hombres&#8217; productos de tono de piel. Los colores audaces y progresivos rompen la naturaleza aburrida del cuidado de la piel masculina, atrayendo a los consumidores varones j\u00f3venes que se centran en la personalidad y el estilo de vida. El nylon de superficie plana es f\u00e1cil de alcanzar y r\u00e1pido.<\/li>\n<li>Ni\u00f1os&#8217; s Mercado: Ropa para el hogar que sirve como ni\u00f1os&#8217; protectores solares de nataci\u00f3n y pinturas tem\u00e1ticas de fiesta. Los colores brillantes son naturalmente atractivos para los ni\u00f1os, la alta capacidad es adecuada para el uso por toda la familia o m\u00faltiples actividades, y los materiales de seguridad y el dise\u00f1o plano dan a los padres m\u00e1s tranquilidad.<\/li>\n<\/ul>\n<p>&nbsp;<\/p>\n<p>Ung\u00fcentos m\u00e9dicos<\/p>\n<p>&nbsp;<\/p>\n<ul>\n<li>Se utiliza en productos de salud con una experiencia placentera, como cremas de masaje deportivo, cremas calmantes de aromas y lociones corporales que promueven la circulaci\u00f3n. El dise\u00f1o progresivo lleno de energ\u00eda puede mejorar eficazmente el placer psicol\u00f3gico cuando se usa, diluye el &#8220; drogas&#8221; atributo del producto, y tienen una gran capacidad para la atenci\u00f3n m\u00e9dica diaria.<\/li>\n<\/ul>\n<p>&nbsp;<\/p>\n<p>La industria de agentes de mantenimiento mec\u00e1nico<\/p>\n<p>&nbsp;<\/p>\n<ul>\n<li>Embalaje para j\u00f3venes entusiastas del bricolaje o productos de cuidado de la piel de las industrias creativas, como aceite de mantenimiento creativo para bicicletas, lubricante para rodamientos de skateboard, limpiador de equipos de DJ. Su apariencia elegante puede transformar un producto industrial fr\u00edo en una expresi\u00f3n de estilo de vida, destacando en una tienda especializada o una colecci\u00f3n de moda.<\/li>\n<\/ul>\n<p>&nbsp;<\/p>\n<p>Industria de pigmentos qu\u00edmicos industriales<\/p>\n<p>&nbsp;<\/p>\n<ul>\n<li>Un producto envasado en tubo para pigmentos fluorescentes, ne\u00f3n o cremas de estilo creativo. El color progresivo del envase es en s\u00ed mismo una vista previa de las caracter\u00edsticas brillantes de los contenidos, que es altamente visible y puede atraer a artistas, dise\u00f1adores y entusiastas de la artesan\u00eda.<\/li>\n<\/ul>\n<p>&nbsp;<\/p>\n<ol start=\"4\">\n<li>Caracter\u00edsticas del producto<\/li>\n<\/ol>\n<p>&nbsp;<\/p>\n<ul>\n<li>Visi\u00f3n emocional de alta energ\u00eda: los tonos de los gradientes de luz husky amarillo y rojo son un dise\u00f1o que tiene un fuerte contagio emocional. El amarillo representa la luz del sol y la energ\u00eda, y la roseta representa el entusiasmo y la confianza, que juntos pueden construir r\u00e1pidamente conexiones emocionales positivas con los consumidores y son especialmente adecuados para la comunicaci\u00f3n en las redes sociales.<\/li>\n<li>Un logro de ingenier\u00eda en &#8220; furtividad masiva&#8221; Conseguir una capacidad de 60 gramos mientras se mantiene una forma s\u00faper plana es un avance en la eficiencia espacial. Ofrece a los productos de alto volumen un grado sin precedentes de portabilidad y redefine la posibilidad de &#8216; llevar grandes bolsas&#8217;.<\/li>\n<li>Sistema de extrusi\u00f3n plana orientado a la funci\u00f3n: El sistema de excisi\u00f3n plana est\u00e1 optimizado para productos de crema. Mantiene la forma completa del yeso y las extrusoras m\u00e1s uniformemente que las afiladoras, lo que lo hace especialmente adecuado para productos que requieren grandes \u00e1reas de pintura.<\/li>\n<li>Arquitectura de informaci\u00f3n multicapa de grado profesional: La combinaci\u00f3n de impresiones de seda elegantes frontales y impresiones offset profesionales inversas satisface a los consumidores. primer amor a la est\u00e9tica, asegurando al mismo tiempo la convergencia rigurosa y completa de la informaci\u00f3n de marca.<\/li>\n<\/ul>\n<p>&nbsp;<\/p>","protected":false},"excerpt":{"rendered":"<ol>\n<li>Dise\u00f1o del cuerpo del producto<\/li>\n<\/ol>\n<p>&nbsp;<\/p>\n<ul>\n<li>La narrativa emocional del color: el dise\u00f1o progresivo en s\u00ed mismo es un viaje visual desde &#8220; energ\u00eda brillante&#8221;  (amarillo) a &#8220; enfoque de confianza&#8221;  (rojo). No&#8217; t depender de gr\u00e1ficos espec\u00edficos &#8211; El color solo cuenta una historia de vitalidad, transformaci\u00f3n y encanto.<\/li>\n<li>La est\u00e9tica l\u00f3gica de la partici\u00f3n de informaci\u00f3n:<\/li>\n<li>Un lado (lado visual): fondo gradiente con serigraf\u00eda a color, es la interfaz de comunicaci\u00f3n r\u00e1pida entre la imagen del producto y el punto de venta principal.<\/li>\n<li>Lado B (lado de informaci\u00f3n): un \u00e1rea unificada de impresi\u00f3n offset negro, que es un \u00e1rea de soporte fiable para informaci\u00f3n detallada como composici\u00f3n, uso, instrucciones de seguridad, etc., garantizando la legibilidad de la informaci\u00f3n seria.<\/li>\n<li>Tensi\u00f3n visual de forma y capacidad: El ancho di\u00e1metro del tubo de 35 mm demuestra un amplio contenido, mientras que el perfil ultradelgado habla de extrema inteligencia, y esta tensi\u00f3n en s\u00ed misma se convierte en una fuente de superioridad para el producto.<\/li>\n<\/ul>\n<p>&nbsp;<\/p>\n<ol start=\"2\">\n<li>Ventajas del producto<\/li>\n<\/ol>\n<p>&nbsp;<\/p>\n<ul>\n<li>Crear un fuerte atractivo de estante y comunicaci\u00f3n social: En grandes \u00e1reas de envases en blanco y negro o monocrom\u00e1ticos, los colores de gradiente tienen un dominio visual absoluto. En Instagram, TikTok y otras plataformas, es f\u00e1cil estimular el contenido generado por el usuario (UGC) y convertirse en &#8220; red&#8221; embalaje.<\/li>\n<li>Un equilibrio perfecto entre &#8220; impulso emocional&#8221;  and &#8220; valor racional&#8221; Atraer compras por primera vez con un dise\u00f1o atractivo (impulso emocional) y garantizar la satisfacci\u00f3n del usuario y las recompras con una capacidad realista de 60 gramos y un dise\u00f1o ultraport\u00e1til (valor racional).<\/li>\n<li>Crear un nuevo plan para &#8220; productos especializados de moda&#8221; Permitir la venta de productos funcionales previamente simples (como agentes de mantenimiento y ung\u00fcentos) en canales de estilo de vida de moda, atraer una base de consumidores nueva y m\u00e1s amplia y lograr un crecimiento transfronterizo de categor\u00edas.<\/li>\n<li>Optimizar el usuario&#8217; Experiencia de uso b\u00e1sica: Desde la vista agradable, el agarre c\u00f3modo (ultra plano), hasta la compresi\u00f3n suave (enchufe plano), cada paso est\u00e1 cuidadosamente dise\u00f1ado para aumentar significativamente la felicidad general y el reconocimiento de la marca.<\/li>\n<\/ul>\n<p>&nbsp;<\/p>\n<ol start=\"3\">\n<li>Escenarios de uso del producto<\/li>\n<\/ol>\n<p>&nbsp;<\/p>\n<ul>\n<li>Festivales de m\u00fasica, vacaciones en la playa y deportes al aire libre: el compa\u00f1ero perfecto para la ropa de vacaciones, la belleza de la playa y el cuidado post-ejercicio. Sus colores vibrantes son un accesorio de tendencia por s\u00ed mismos, con una gran capacidad para repintir las 24 horas.<\/li>\n<li>Tiendas de colecciones de moda y compradores de moda&#8217; tiendas: En tiendas como Ulta Beauty o marcas callejeras, el dise\u00f1o se combina perfectamente con el entorno para atraer a la Gen Z y a los millennials que buscan moda y funcionalidad.<\/li>\n<li>Estudios creativos y comunidades de arte: Como productos de cuidado personal o herramientas en los espacios de trabajo de artistas, dise\u00f1adores y m\u00fasicos, su apariencia refleja la vitalidad creativa del propietario.<\/li>\n<li>Embalaje de producto insignia de la marca DTC: Como el principal embalaje de producto de una nueva marca directamente a los consumidores, su funcionalidad visual \u00fanica y sobresaliente puede construir r\u00e1pidamente el reconocimiento de la marca y apoyar la l\u00ednea de productos b\u00e1sica.<\/li>\n<li>Centros de fitness de gama alta y \u00e1reas minoristas de yoga: como envases para cremas de nutrici\u00f3n deportiva, cremas de masaje o productos protectores solares ecol\u00f3gicos, su dise\u00f1o sensible a la energ\u00eda encaja bien con una escena saludable y vibrante.<\/li>\n<\/ul>","protected":false},"featured_media":4494,"comment_status":"closed","ping_status":"closed","template":"","meta":[],"product_brand":[],"product_cat":[34],"product_tag":[],"class_list":{"0":"post-4488","1":"product","2":"type-product","3":"status-publish","4":"has-post-thumbnail","6":"product_cat-facial-treatment","8":"first","9":"instock","10":"shipping-taxable","11":"purchasable","12":"product-type-simple"},"_links":{"self":[{"href":"https:\/\/www.hongyitube.com\/es\/wp-json\/wp\/v2\/product\/4488","targetHints":{"allow":["GET"]}}],"collection":[{"href":"https:\/\/www.hongyitube.com\/es\/wp-json\/wp\/v2\/product"}],"about":[{"href":"https:\/\/www.hongyitube.com\/es\/wp-json\/wp\/v2\/types\/product"}],"replies":[{"embeddable":true,"href":"https:\/\/www.hongyitube.com\/es\/wp-json\/wp\/v2\/comments?post=4488"}],"wp:featuredmedia":[{"embeddable":true,"href":"https:\/\/www.hongyitube.com\/es\/wp-json\/wp\/v2\/media\/4494"}],"wp:attachment":[{"href":"https:\/\/www.hongyitube.com\/es\/wp-json\/wp\/v2\/media?parent=4488"}],"wp:term":[{"taxonomy":"product_brand","embeddable":true,"href":"https:\/\/www.hongyitube.com\/es\/wp-json\/wp\/v2\/product_brand?post=4488"},{"taxonomy":"product_cat","embeddable":true,"href":"https:\/\/www.hongyitube.com\/es\/wp-json\/wp\/v2\/product_cat?post=4488"},{"taxonomy":"product_tag","embeddable":true,"href":"https:\/\/www.hongyitube.com\/es\/wp-json\/wp\/v2\/product_tag?post=4488"}],"curies":[{"name":"WP","href":"https:\/\/api.w.org\/{rel}","templated":true}]}}