{"id":4470,"date":"2026-01-29T09:16:51","date_gmt":"2026-01-29T01:16:51","guid":{"rendered":"https:\/\/www.hongyitube.com\/?post_type=product&#038;p=4470"},"modified":"2026-01-29T09:19:28","modified_gmt":"2026-01-29T01:19:28","slug":"%cf%8635mm-diameter-60-grams-ml-ink-blue-pe-ultra-thin-tubing-packaging-material-container-bottle-hongyi-plastic","status":"publish","type":"product","link":"https:\/\/www.hongyitube.com\/es\/product\/%cf%8635mm-diameter-60-grams-ml-ink-blue-pe-ultra-thin-tubing-packaging-material-container-bottle-hongyi-plastic\/","title":{"rendered":"\u03a635mm di\u00e1metro, 60 gramos \/ ml, tinta azul PE tubo ultra delgado material de envasado \/ recipiente \/ botella - pl\u00e1stico Hongyi"},"content":{"rendered":"<ol>\n<li>Descripci\u00f3n del producto<\/li>\n<\/ol>\n<p>&nbsp;<\/p>\n<p>Este producto es una manguera ultraplana de PE de 35mm de di\u00e1metro de tubo con una capacidad de 60 g \/ ml y es un producto emblem\u00e1tico dise\u00f1ado para los mercados de cuidado profesional y personal que cumplen con alta frecuencia, alto consumo y se esfuerzan por la m\u00e1xima eficiencia en la gesti\u00f3n del espacio. El cuerpo presenta un color azul tintado profundo y una calidad mate de alto nivel que crea una imagen visual estable, intelectual y profunda. Toda la informaci\u00f3n del producto se presenta claramente en ambos lados con impresiones de seda blanca de alto contraste, lo que garantiza una legibilidad \u00f3ptima en entornos profesionales o minoristas. Los productos vienen con la misma serie de tapas ultraplanas moldeadas por inyecci\u00f3n o galvanizadas, que comprimen el volumen de productos de alta capacidad a una forma plana sin precedentes. Adopta material de llenado frontal maduro y fiable y proceso de sellado de cola, con material PE de alta tenacidad, para garantizar un excelente rebote y estabilidad estructural bajo extrusi\u00f3n repetida.<\/p>\n<p>&nbsp;<\/p>\n<ol start=\"2\">\n<li>Material del producto<\/li>\n<\/ol>\n<p>&nbsp;<\/p>\n<ul>\n<li>El cuerpo principal del tubo: el uso de alta densidad, alta rigidez de material compuesto PE especial, dise\u00f1ado para la optimizaci\u00f3n de la forma ultraplana de gran capacidad, para asegurarse de que despu\u00e9s del llenado no sea f\u00e1cil de abultar, uso a largo plazo para mantenerse plano.<\/li>\n<li>Revestimiento mate azul tinta: La superficie se aplica a una tinta mate respetuosa con el medio ambiente para formar un revestimiento uniforme y duradero azul tinta con una alta textura y una excelente resistencia a los ara\u00f1azos y la suciedad.<\/li>\n<li>Impresi\u00f3n &amp; Seguridad: Las impresiones de seda blanca utilizan tintas de alta adhesi\u00f3n para garantizar un mensaje duradero y claro. Todos los materiales cumplen con las normas de seguridad y medioambiental para el envasado de cosm\u00e9ticos, productos de cuidado personal y productos industriales en los principales mercados internacionales como la Uni\u00f3n Europea y Am\u00e9rica del Norte.<\/li>\n<li>Estructura de la cubierta: La cubierta ultraplana utiliza una estructura de sellado mejorada en el interior, que todav\u00eda garantiza una excelente protecci\u00f3n contra fugas en una forma extremadamente plana.<\/li>\n<\/ul>\n<p>&nbsp;<\/p>\n<ol start=\"3\">\n<li>Uso recomendado del producto<\/li>\n<\/ol>\n<p>&nbsp;<\/p>\n<p>La industria de la belleza y el cuidado de la piel<\/p>\n<p>&nbsp;<\/p>\n<ul>\n<li>Mujeres&#8217; s Mercado: Perfecto para hidratantes diurnos, lociones corporales, protectores solares, cremas de eliminaci\u00f3n de maquillaje y otros consumibles diarios a gran escala. La capacidad de 60 g permite varias semanas de uso continuo, reduciendo la frecuencia de compra. Tinta azul ofrece una imagen profesional de &#8220; alto rendimiento&#8221;  and &#8220; ingredientes confiables,&#8221; y el dise\u00f1o ultraplano hace que sea f\u00e1cil encajar en un carrito o bolsa de fitness sin carga.<\/li>\n<li>Hombres&#8217; s mercado: Para hombres&#8217; s loci\u00f3n universal diaria para el cuidado de la piel, champ\u00fa y ba\u00f1o crema dos en uno, y gel calmante despu\u00e9s del ejercicio. La gran capacidad cumple con la psicolog\u00eda del consumidor de los hombres que tienen miedo a los problemas, la apariencia mate azul oscuro es tranquila y profesional, y la forma ultraplana se puede colocar en la bolsa lateral de una bolsa de fitness o una bolsa de limpieza de viajes, que es una herramienta pr\u00e1ctica para &#8220; Vivir eficientemente. &#8221;<\/li>\n<li>Ni\u00f1os&#8217; Mercado: Ni\u00f1os&#8217; s hidratantes y loci\u00f3n especial despu\u00e9s de la nataci\u00f3n que se comparten como familia. La alta capacidad es adecuada para el uso de toda la familia, la tinta azul es neutral y fiable, y el acabado mate es resbaladizo y f\u00e1cil de agarrar, lo que hace que sea f\u00e1cil para los padres aplicar a sus hijos.<\/li>\n<\/ul>\n<p>&nbsp;<\/p>\n<p>Ung\u00fcentos m\u00e9dicos<\/p>\n<p>&nbsp;<\/p>\n<ul>\n<li>Se utiliza en lociones corporales (como crema de urea), cremas de masaje y geles de terapia f\u00edsica que requieren una aplicaci\u00f3n extensa a largo plazo. La capacidad de 60 gramos est\u00e1 cerca de un curso est\u00e1ndar de tratamiento y el envase azul de tinta da una sensaci\u00f3n de rigor y tranquilidad, lo que lo convierte en adecuado para la venta como producto recomendado en una farmacia o cl\u00ednica.<\/li>\n<\/ul>\n<p>&nbsp;<\/p>\n<p>La industria de agentes de mantenimiento mec\u00e1nico<\/p>\n<p>&nbsp;<\/p>\n<ul>\n<li>Embale en grandes dosis una grasa com\u00fan para su uso, un ung\u00fcento de limpieza para el mantenimiento del equipo y un recubrimiento protector de metal. Ink-blue ofrece un sentido de profesionalismo y confianza dise\u00f1ado industrialmente, con una alta capacidad para satisfacer las necesidades de mantenimiento frecuentes, y un envase ultraplano que se puede empaquetar cuidadosamente en un compartimiento plano de una caja de herramientas o en un armario de equipos.<\/li>\n<\/ul>\n<p>&nbsp;<\/p>\n<p>Industria de pigmentos qu\u00edmicos industriales<\/p>\n<p>&nbsp;<\/p>\n<ul>\n<li>Productos de tuber\u00edas utilizados en pigmentos de color base comunes, cargas de \u00e1rea grande y cebadores de modelo. El propio envase azul tinta se ve profesional y resistente a la suciedad, y la gran capacidad ofrece comodidad a los profesionales o aficionados de uso frecuente, ahorrando costes de tiempo de compras frecuentes.<\/li>\n<\/ul>\n<p>&nbsp;<\/p>\n<ol start=\"4\">\n<li>Caracter\u00edsticas del producto<\/li>\n<\/ol>\n<p>&nbsp;<\/p>\n<ul>\n<li>Una revoluci\u00f3n estructural de &#8220; alta masa ultra plana&#8221;  : La combinaci\u00f3n exitosa de 60 gramos de alta masa y forma ultraplana ha resuelto el problema de la industria de &#8220; alto volumen es grueso y pesado,&#8221; logr\u00f3 un salto en capacidad y portabilidad, y es una combinaci\u00f3n ejemplar de ingenier\u00eda y dise\u00f1o.<\/li>\n<li>Posicionamiento mental de color profesional: mate azul oscuro es el lenguaje de color universal de sabidur\u00eda, profundidad, fiabilidad y profesionalismo. Puede establecer r\u00e1pidamente la marca&#8217; imagen de autoridad y es especialmente adecuado para grupos de consumidores racionales y maduros y clientes profesionales.<\/li>\n<li>Una est\u00e9tica funcionalista extremadamente minimalista: rechaza todos los patrones decorativos y transmite el mensaje solo a trav\u00e9s de un fuerte contraste entre el fondo azul oscuro y el texto blanco. Este dise\u00f1o, que &#8220; forma absolutamente sigue la funci\u00f3n,&#8221; irradia un ambiente moderno fresco y seguro.<\/li>\n<li>Superior durabilidad y protecci\u00f3n del contenido: Dise\u00f1ado para uso de alta frecuencia, el material es resistente y el sello es fuerte, lo que garantiza que el contenido se mantenga estable y fresco a trav\u00e9s del uso a largo plazo y m\u00faltiples extrusiones.<\/li>\n<\/ul>\n<p>&nbsp;<\/p>","protected":false},"excerpt":{"rendered":"<ol>\n<li>Dise\u00f1o del cuerpo del producto<\/li>\n<\/ol>\n<p>&nbsp;<\/p>\n<ul>\n<li>Aplicaci\u00f3n de la psicolog\u00eda del color: la tinta azul est\u00e1 entre el negro y el azul, y es m\u00e1s en\u00e9rgica e inteligente que el negro, y m\u00e1s estable y poderoso que el azul. Es un &#8220; toma de decisiones&#8221; color que atrae a los consumidores que buscan eficiencia y calidad.<\/li>\n<li>Extremismo de la transmisi\u00f3n de mensajes: En un fondo azul mate, una impresi\u00f3n de seda blanca de alto brillo crea una claridad visual sin igual. Si es&#8217; s el nombre del producto, los ingredientes b\u00e1sicos o las instrucciones de uso, se pueden leer instant\u00e1neamente, optimizando el usuario&#8217; decisi\u00f3n y experiencia de uso.<\/li>\n<li>Proporciones de forma y funciones: El di\u00e1metro del tubo de 35 mm proporciona un agarre c\u00f3modo y una amplia superficie de visualizaci\u00f3n para el contenido, y el perfil ultraplano es una revoluci\u00f3n completa en la manguera cil\u00edndrica tradicional, y su espalda plana permite almacenarla cerca de otros art\u00edculos como un libro, maximizando el espacio.<\/li>\n<\/ul>\n<p>&nbsp;<\/p>\n<ol start=\"2\">\n<li>Ventajas del producto<\/li>\n<\/ol>\n<p>&nbsp;<\/p>\n<ul>\n<li>Redefiniendo el est\u00e1ndar port\u00e1til para &#8220; ropa principal&#8221; : proporcionar una soluci\u00f3n port\u00e1til sin precedentes para la marca&#8217; s principales productos m\u00e1s vendidos (consumibles cotidianos), eliminando la necesidad de que los consumidores se comprometan entre la rentabilidad de &#8220; ropa de familia&#8221; y la conveniencia de &#8220; ropa de viaje, &#8221; puede promover directamente la venta de productos de alta capacidad.<\/li>\n<li>Construir una fuerte imagen de canal B2B y profesional: Con su dise\u00f1o exterior profesional, estable y pragm\u00e1tico de alta capacidad, es especialmente adecuado para la promoci\u00f3n en salones profesionales, cl\u00ednicas, f\u00e1bricas o como regalo corporativo, construyendo una marca&#8217; imagen como socio confiable y profesional.<\/li>\n<li>Eficiencia de la cadena de suministro y log\u00edstica de almacenamiento: La forma ultraplana permite que los productos ocupen menos espacio en el envasado secundario, el almacenamiento y el transporte, reduciendo significativamente los costos log\u00edsticos y las emisiones de carbono, y satisface la b\u00fasqueda de operaciones sostenibles para grandes marcas y mercados extranjeros.<\/li>\n<li>Satisfacer la filosof\u00eda de consumo global de &#8220; menos es m\u00e1s&#8221; Su dise\u00f1o puramente funcional cumple con precisi\u00f3n con la creciente tendencia del consumo racional y la contra-extravagancia en todo el mundo, y puede ganar el profundo reconocimiento de \u9ad8\u77e5  comunidad de consumidores.<\/li>\n<\/ul>\n<p>&nbsp;<\/p>\n<ol start=\"3\">\n<li>Escenarios de uso del producto<\/li>\n<\/ol>\n<p>&nbsp;<\/p>\n<ul>\n<li>Viajes de negocios y largas excursiones en bicicleta: gente de negocios&#8217; maletas de negocios de larga distancia, estudiantes internacionales&#8217; bolsas escolares, y entusiastas al aire libre&#8217; Los equipos de viaje extendidos son ventajas insustituibles debido a su alta capacidad y caracter\u00edsticas ultradelgadas.<\/li>\n<li>Piezas de repuesto compartidas para lugares de trabajo profesionales: duchas de gimnasio premium, lavaderos de empresas de dise\u00f1o, \u00e1reas de lavado comunes para apartamentos de gama alta son perfectas para piezas de repuesto de calidad compartidas con un aspecto profesional, ordenado y de gran capacidad.<\/li>\n<li>Elegante inclusi\u00f3n del espacio del ba\u00f1o de casa: En un ba\u00f1o de estilo minimalista, puede ser presionado a la pared o plano en un panel, ahorrando espacio y unidad visual, y es una parte perfecta de la &#8220; c\u00e1psula ba\u00f1o&#8221; concepto.<\/li>\n<li>Suscripciones de comercio electr\u00f3nico y servicios de entrega regular: Como los principales productos en &#8220; cajas de suscripci\u00f3n mensual&#8221;  or &#8220; planes regulares de reabastecimiento,&#8221; su sensaci\u00f3n de dise\u00f1o y practicidad pueden mejorar la retenci\u00f3n y satisfacci\u00f3n del cliente.<\/li>\n<li>Distribuci\u00f3n de muestras para mercados industriales y profesionales: Como paquetes experienciales de alta capacidad para distribuidores, socios o usuarios profesionales, pueden demostrar plenamente el rendimiento del producto, y el embalaje mismo refleja la fuerza y el profesionalismo de la marca.<\/li>\n<\/ul>","protected":false},"featured_media":4476,"comment_status":"closed","ping_status":"closed","template":"","meta":[],"product_brand":[],"product_cat":[34],"product_tag":[],"class_list":{"0":"post-4470","1":"product","2":"type-product","3":"status-publish","4":"has-post-thumbnail","6":"product_cat-facial-treatment","8":"first","9":"instock","10":"shipping-taxable","11":"purchasable","12":"product-type-simple"},"_links":{"self":[{"href":"https:\/\/www.hongyitube.com\/es\/wp-json\/wp\/v2\/product\/4470","targetHints":{"allow":["GET"]}}],"collection":[{"href":"https:\/\/www.hongyitube.com\/es\/wp-json\/wp\/v2\/product"}],"about":[{"href":"https:\/\/www.hongyitube.com\/es\/wp-json\/wp\/v2\/types\/product"}],"replies":[{"embeddable":true,"href":"https:\/\/www.hongyitube.com\/es\/wp-json\/wp\/v2\/comments?post=4470"}],"wp:featuredmedia":[{"embeddable":true,"href":"https:\/\/www.hongyitube.com\/es\/wp-json\/wp\/v2\/media\/4476"}],"wp:attachment":[{"href":"https:\/\/www.hongyitube.com\/es\/wp-json\/wp\/v2\/media?parent=4470"}],"wp:term":[{"taxonomy":"product_brand","embeddable":true,"href":"https:\/\/www.hongyitube.com\/es\/wp-json\/wp\/v2\/product_brand?post=4470"},{"taxonomy":"product_cat","embeddable":true,"href":"https:\/\/www.hongyitube.com\/es\/wp-json\/wp\/v2\/product_cat?post=4470"},{"taxonomy":"product_tag","embeddable":true,"href":"https:\/\/www.hongyitube.com\/es\/wp-json\/wp\/v2\/product_tag?post=4470"}],"curies":[{"name":"WP","href":"https:\/\/api.w.org\/{rel}","templated":true}]}}