{"id":4461,"date":"2026-01-29T09:09:40","date_gmt":"2026-01-29T01:09:40","guid":{"rendered":"https:\/\/www.hongyitube.com\/?post_type=product&#038;p=4461"},"modified":"2026-01-29T09:20:13","modified_gmt":"2026-01-29T01:20:13","slug":"%cf%8630mm-diameter-25-grams-ml-pe-ultra-thin-tubing-packaging-material-bottle-hongyi-plastic","status":"publish","type":"product","link":"https:\/\/www.hongyitube.com\/es\/product\/%cf%8630mm-diameter-25-grams-ml-pe-ultra-thin-tubing-packaging-material-bottle-hongyi-plastic\/","title":{"rendered":"\u03a630mm di\u00e1metro, 25 gramos \/ ml PE tubo ultra-delgado, material de envasado, botella - pl\u00e1stico Hongyi"},"content":{"rendered":"<ol>\n<li>Descripci\u00f3n del producto<\/li>\n<\/ol>\n<p>&nbsp;<\/p>\n<p>Este producto es una manguera ultraplana de PE de 30mm de di\u00e1metro con una capacidad de 25g \/ ml, con la filosof\u00eda de dise\u00f1o de &#8220; precisi\u00f3n racional y acabado de lujo&#8221; dise\u00f1ado para crear una imagen de marca que combine elegancia moderna con excelente calidad de detalle. El cuerpo del tubo est\u00e1 hecho de base blanca pura de alto brillo, que refleja un brillo tecnol\u00f3gico simple y brillante. El texto funcional en la parte delantera y trasera se presenta claramente con una impresi\u00f3n offset negra de alta precisi\u00f3n, lo que garantiza una excelente legibilidad. El alma del dise\u00f1o radica en dos procesos precisos de estampado de plata: uno es estampar un marco cuadrado de plata extremadamente fino con un tama\u00f1o de 0,5 * 2,3 cm en el centro de la parte frontal del cuerpo del tubo, y luego marcar la informaci\u00f3n central con impresi\u00f3n offset blanca en el marco, formando un &#8220; muy profundo; imagen en imagen&#8221; nivel visual; En segundo lugar, a 1,4 cm del hombro, tres l\u00edneas platadas paralelas est\u00e1n estampadas con precisi\u00f3n alrededor del per\u00edmetro, que se asemejan a las escalas de un reloj Seiko, destacando los extraordinarios detalles. El producto se combina con una tapa ultraplana en color moldeado por inyecci\u00f3n o color galvanizado futurista, empujando la silueta minimalista al extremo. Se adoptan el material de llenado frontal y el sellado de cola, y el material es resistente y soporta la extrusi\u00f3n repetida sin deformaci\u00f3n.<\/p>\n<p>&nbsp;<\/p>\n<ol start=\"2\">\n<li>Material y proceso del producto<\/li>\n<\/ol>\n<p>&nbsp;<\/p>\n<ul>\n<li>Sustrato del cuerpo del tubo: Hecho de alto brillo, material PE de alta estabilidad de calidad alimentaria \/ farmac\u00e9utica, la base blanca es pura e impecable, y la superficie brillante es f\u00e1cil de limpiar.<\/li>\n<li>Proceso de estampado en caliente de precisi\u00f3n: El proceso central es estampado en caliente de alta precisi\u00f3n. El marco de plata ultrafina y tres alambres de plata paralelos requieren una precisi\u00f3n extremadamente alta de la m\u00e1quina y estabilidad operativa, que es la realizaci\u00f3n de la tecnolog\u00eda de fabricaci\u00f3n de primera l\u00ednea. La capa de estampado en caliente de plata es firme y resistente al desgaste, y el brillo es de larga duraci\u00f3n.<\/li>\n<li>Tecnolog\u00eda de impresi\u00f3n en contraste: Se utiliza una combinaci\u00f3n contrastante de impresi\u00f3n offset en blanco y negro para crear infograf\u00edas claras, profesionales y en capas sobre una base blanca brillante. El dise\u00f1o de offset blanco impreso en un marco de plata es dif\u00edcil de elaborar y destaca su valor \u00fanico.<\/li>\n<li>Seguridad estructural: La tapa ultraplana tiene una estructura de sellado de precisi\u00f3n incorporada para garantizar la seguridad del contenido. Todos los materiales cumplen con las normas internacionales de seguridad y protecci\u00f3n ambiental como la FDA y REACH.<\/li>\n<\/ul>\n<p>&nbsp;<\/p>\n<ol start=\"3\">\n<li>Uso recomendado del producto<\/li>\n<\/ol>\n<p>&nbsp;<\/p>\n<p>Industria de belleza y cuidado de la piel<\/p>\n<p>&nbsp;<\/p>\n<ul>\n<li>Mujeres&#8217; s Mercado: Ideal para resaltadores l\u00edquidos, cebadores delicados, correctores de precisi\u00f3n y sueros. El cuerpo blanco brillante del tubo es limpio y ordenado, y el marco delgado de estampado de plata es como un ajuste de joyer\u00eda, que es adecuado para el posicionamiento de gama alta &#8220; maquillaje pre-maquillaje herramientas&#8221;  or &#8220; detalle maquillaje&#8221; La capacidad de 25g es la especificaci\u00f3n perfecta para los sueros de lujo o el maquillaje de acento, y el dise\u00f1o ultraplano se ajusta en la bolsa de cena m\u00e1s peque\u00f1a.<\/li>\n<li>Hombres&#8217; s Mercado: Para cremas de afeitar port\u00e1tiles, pastas de cabello mate y palos de retoque de tono de piel local. El dise\u00f1o est\u00e1 lleno de belleza racional como un instrumento de precisi\u00f3n, sin decoraciones redundantes, y los tres detalles de hilo de plata revelan inadvertidamente la calidad, que est\u00e1 en l\u00ednea con los consumidores masculinos que persiguen &#8220; exquisitez de bajo nivel&#8221;.<\/li>\n<li>Ni\u00f1os&#8217; s Mercado: Embalaje exclusivo para ni\u00f1os&#8217; maquillaje de rendimiento de la etapa (como el gel de lenteleillas) y protector solar suave. El color blanco brillante se ve vivo y ordenado, y los detalles de estampado de plata agregan un toque de &#8220; ocasi\u00f3n especial&#8221; ritual, atractivo para las familias conscientes de la calidad.<\/li>\n<\/ul>\n<p>&nbsp;<\/p>\n<p>yesos farmac\u00e9uticos<\/p>\n<p>&nbsp;<\/p>\n<ul>\n<li>Es adecuado para cremas medicadas (como hormonas) y productos de alta gama para el cuidado de la piel que requieren indicaciones de dosificaci\u00f3n precisas. Las cajas de plata estampadas en caliente resaltan nombres importantes de ingredientes activos o frecuencia de uso, y tres l\u00edneas de garrapatas sugieren creativamente &#8220; tres veces al d\u00eda&#8221; o dosificaciones en fases, integrando la funcionalidad en la est\u00e9tica del dise\u00f1o.<\/li>\n<\/ul>\n<p>&nbsp;<\/p>\n<p>Industria de agentes de mantenimiento mec\u00e1nico<\/p>\n<p>&nbsp;<\/p>\n<ul>\n<li>Embalaje separado de pasta de plata conductora para equipos electr\u00f3nicos de precisi\u00f3n, fluido de limpieza para instrumentos \u00f3pticos y lubricante para l\u00edneas de transmisi\u00f3n de bicicletas de gama alta. El lenguaje de dise\u00f1o es altamente consistente con los instrumentos de precisi\u00f3n y el equipo audi\u00f3filo, y los detalles de estampado de plata son como una regla para los par\u00e1metros de rendimiento del producto, transmitiendo una sensaci\u00f3n de confianza de &#8220; precisi\u00f3n, fiabilidad y alta gama&#8221;.<\/li>\n<\/ul>\n<p>&nbsp;<\/p>\n<p>Industria de pigmentos qu\u00edmicos industriales<\/p>\n<p>&nbsp;<\/p>\n<ul>\n<li>Se utiliza para marcar con pigmentos ultrafinos, tintas de marcado de placas de circuitos electr\u00f3nicos y fluidos de sangrado de modelos. El cuerpo blanco brillante del tubo permite la aplicaci\u00f3n f\u00e1cil de las etiquetas de color, y el \u00e1rea de la caja de estampado de plata se puede usar para resaltar n\u00fameros de color o c\u00f3digos qu\u00edmicos, equilibrando la profesionalidad de grado de laboratorio con un aspecto limpio.<\/li>\n<\/ul>\n<p>&nbsp;<\/p>\n<ol start=\"4\">\n<li>Caracter\u00edsticas del producto<\/li>\n<\/ol>\n<p>&nbsp;<\/p>\n<ul>\n<li>Artesan\u00eda de detalle de nivel microsc\u00f3pico: marco delgado de estampado en caliente de 0,5 * 2,3 cm y tres l\u00edneas de plata circundantes no son decoraciones, sino que representan una b\u00fasqueda del l\u00edmite de la artesan\u00eda. Esto &#8220; Est\u00e9tica a nivel de mil\u00edmetro&#8221; puede impresionar al instante a los consumidores que prestan atenci\u00f3n a los detalles y establecen una percepci\u00f3n de &#8220; ingenio&#8221;  and &#8220; top&#8221;.<\/li>\n<li>Sistema de comunicaci\u00f3n visual eficiente y racional: A trav\u00e9s del fuerte contraste de la impresi\u00f3n en blanco y negro y la gu\u00eda del enfoque de estampado en caliente de plata, una arquitectura de informaci\u00f3n de tres niveles de &#8220; informaci\u00f3n de fondo (negro) - informaci\u00f3n b\u00e1sica (marco de plata y caracteres blancos) - escala decorativa (l\u00ednea de plata) &#8221; Se construye, permitiendo a los usuarios captar la informaci\u00f3n m\u00e1s cr\u00edtica en un instante, y la experiencia es extremadamente eficiente.<\/li>\n<li>&#8220; Blanco brillante y liso&#8221; textura tecnol\u00f3gica: El cuerpo de tubo blanco de alto brillo abandona toda turbidez y sutileza, transmitiendo claridad absoluta, limpieza y confianza, con la textura de laboratorio y electr\u00f3nica de consumo, y es muy moderno.<\/li>\n<li>La relaci\u00f3n de oro de capacidad y forma: La capacidad de 25 g corta con precisi\u00f3n en los primeros adoptantes de gama alta y el mercado port\u00e1til principal, y se combina con el tipo de tubo ultraplano de 30 mm para lograr el mejor equilibrio entre est\u00e9tica, capacidad y portabilidad.<\/li>\n<\/ul>\n<p>&nbsp;<\/p>","protected":false},"excerpt":{"rendered":"<ol>\n<li>Dise\u00f1o del cuerpo del tubo del producto<\/li>\n<\/ol>\n<p>&nbsp;<\/p>\n<ul>\n<li>Estrategia de color y luz: El blanco es la suma del espectro, y la superficie brillante maximiza el reflejo de la luz ambiente, haciendo que el embalaje sea claro y llamativo y lleno de energ\u00eda en cualquier entorno minorista, simbolizando eficiencia e innovaci\u00f3n.<\/li>\n<li>Narrativa con detalles simb\u00f3licos:<\/li>\n<\/ul>\n<ol>\n<li>&#8220; Ventana de informaci\u00f3n&#8221; marco de plata: Este \u00e1rea deliberadamente enmarcada sugiere que el interior es el m\u00e1s importante &#8220; verdad&#8221; guiar a los consumidores a centrarse y dar al envase un sentido de interacci\u00f3n y historia.<\/li>\n<li>&#8220; Pesos y Medidas&#8221; Las tres l\u00edneas paralelas son s\u00edmbolos universales de industrializaci\u00f3n, estandarizaci\u00f3n y precisi\u00f3n. Envuelve alrededor del cuerpo del tubo, lo que implica la fiabilidad, la usabilidad y el respaldo profesional del producto.<\/li>\n<\/ol>\n<ul>\n<li>La forma definitiva del minimalismo: todos los elementos de dise\u00f1o (blanco y negro, marcos de plata, l\u00edneas de plata) se presentan en las formas geom\u00e9tricas m\u00e1s b\u00e1sicas, sin curvas ni interferencia gr\u00e1fica. La cubierta ultraplana es el final de esta l\u00f3gica, haciendo del producto una pieza de dise\u00f1o puramente modernista.<\/li>\n<\/ul>\n<p>&nbsp;<\/p>\n<ol start=\"2\">\n<li>Ventajas del producto<\/li>\n<\/ol>\n<p>&nbsp;<\/p>\n<ul>\n<li>Establecer el posicionamiento de la marca de &#8220; lujo inteligente&#8221; Combina inteligentemente la artesan\u00eda detallada de los bienes de lujo (estampado de plata) con la est\u00e9tica racional de los productos tecnol\u00f3gicos (minimalismo blanco y negro), y abre con \u00e9xito el posicionamiento del mercado emergente de &#8220; cuidado inteligente de la piel&#8221; , &#8220; belleza de precisi\u00f3n&#8221;  or &#8220; lujo basado en herramientas&#8221;.<\/li>\n<li>Crear puntos de memoria t\u00e1ctil fuertes y enfoque visual: El usuario&#8217; Los dedos tocar\u00e1n inconscientemente la textura desigual de la plata bronceada, formando una memoria t\u00e1ctil \u00fanica. Visualmente, el marco de plata se convierte naturalmente en el foco de la fotograf\u00eda y la identificaci\u00f3n, que es muy difundida.<\/li>\n<li>Lograr una alta aceptaci\u00f3n del transg\u00e9nero y la intercultura: Su lenguaje de dise\u00f1o est\u00e1 enraizado en el modernismo y el dise\u00f1o industrial, trascendiendo los l\u00edmites est\u00e9ticos tradicionales de la geograf\u00eda y el g\u00e9nero, y puede atraer tanto a los consumidores masculinos racionales como a las mujeres urbanas que buscan la eficiencia en todo el mundo.<\/li>\n<li>Optimizado para el comercio electr\u00f3nico y la navegaci\u00f3n m\u00f3vil: la informaci\u00f3n en blanco y negro en contraste y los detalles de estampado en plata brillante se pueden identificar claramente incluso durante la navegaci\u00f3n de im\u00e1genes peque\u00f1as del tel\u00e9fono m\u00f3vil, mejorando efectivamente la tasa de clic en l\u00ednea y la tasa de conversi\u00f3n.<\/li>\n<\/ul>\n<p>&nbsp;<\/p>\n<ol start=\"3\">\n<li>Escenarios de uso del producto<\/li>\n<\/ol>\n<p>&nbsp;<\/p>\n<ul>\n<li>Tiendas grandes de gama alta y tiendas de dise\u00f1o: En las tiendas minoristas cerca de Barneys, DSM (Dover Street Market) o Apple Stores, el dise\u00f1o resuena con el entorno y atrae a los clientes exigentes.<\/li>\n<li>Viajes de negocios y vida minimalista: El compa\u00f1ero perfecto para viajes de negocios cortos para personas de negocios, puede caber bien en un portapasaporte o un bolsillo de traje; Tambi\u00e9n es una opci\u00f3n ideal para aquellos que practican el concepto de &#8220; desintoxicaci\u00f3n digital&#8221;  or &#8220; vida minimalista&#8221; que encarna la filosof\u00eda de &#8220; menos est\u00e1 bien&#8221;.<\/li>\n<li>Escenas de trabajo profesionales como accesorios estil\u00edsticos: Presente en el director creativo&#8217; s escritorio, en el arquitecto&#8217; s banco de trabajo o junto al programador&#8217; computadora, el dise\u00f1o se mezcla naturalmente y refleja el propietario&#8217; s gusto profesional y atenci\u00f3n al detalle.<\/li>\n<li>Miembro y &#8220; art\u00edculos de referencia&#8221; en las cajas de suscripci\u00f3n: Como producto de referencia en las cajas de suscripci\u00f3n de gama alta, su excelente dise\u00f1o puede definir el grado de toda la caja de regalo y mejorar los miembros&#8217; satisfacci\u00f3n y deseo de compartir.<\/li>\n<li>&#8220; Detalle de primer plano&#8221; materiales en las redes sociales: Los cuadrados de estampado caliente y las l\u00edneas de garrapatas son excelentes objetos de primer plano para los detalles, que pueden inspirar f\u00e1cilmente a los blogueros de belleza y los entusiastas del dise\u00f1o para disparar &#8220; detalle control favoritos&#8221;  and &#8220; apreciaci\u00f3n del dise\u00f1o de empaquetado&#8221;.<\/li>\n<\/ul>","protected":false},"featured_media":4463,"comment_status":"closed","ping_status":"closed","template":"","meta":[],"product_brand":[],"product_cat":[34],"product_tag":[],"class_list":{"0":"post-4461","1":"product","2":"type-product","3":"status-publish","4":"has-post-thumbnail","6":"product_cat-facial-treatment","8":"first","9":"instock","10":"shipping-taxable","11":"purchasable","12":"product-type-simple"},"_links":{"self":[{"href":"https:\/\/www.hongyitube.com\/es\/wp-json\/wp\/v2\/product\/4461","targetHints":{"allow":["GET"]}}],"collection":[{"href":"https:\/\/www.hongyitube.com\/es\/wp-json\/wp\/v2\/product"}],"about":[{"href":"https:\/\/www.hongyitube.com\/es\/wp-json\/wp\/v2\/types\/product"}],"replies":[{"embeddable":true,"href":"https:\/\/www.hongyitube.com\/es\/wp-json\/wp\/v2\/comments?post=4461"}],"wp:featuredmedia":[{"embeddable":true,"href":"https:\/\/www.hongyitube.com\/es\/wp-json\/wp\/v2\/media\/4463"}],"wp:attachment":[{"href":"https:\/\/www.hongyitube.com\/es\/wp-json\/wp\/v2\/media?parent=4461"}],"wp:term":[{"taxonomy":"product_brand","embeddable":true,"href":"https:\/\/www.hongyitube.com\/es\/wp-json\/wp\/v2\/product_brand?post=4461"},{"taxonomy":"product_cat","embeddable":true,"href":"https:\/\/www.hongyitube.com\/es\/wp-json\/wp\/v2\/product_cat?post=4461"},{"taxonomy":"product_tag","embeddable":true,"href":"https:\/\/www.hongyitube.com\/es\/wp-json\/wp\/v2\/product_tag?post=4461"}],"curies":[{"name":"WP","href":"https:\/\/api.w.org\/{rel}","templated":true}]}}