{"id":4460,"date":"2026-01-29T09:32:12","date_gmt":"2026-01-29T01:32:12","guid":{"rendered":"https:\/\/www.hongyitube.com\/?post_type=product&#038;p=4460"},"modified":"2026-01-29T09:32:12","modified_gmt":"2026-01-29T01:32:12","slug":"%cf%8635mm-diameter-60-grams-ml-white-glossy-pe-ultra-thin-tubing-packaging-material-container-dispensing-bottle-hongyi-plastic","status":"publish","type":"product","link":"https:\/\/www.hongyitube.com\/es\/product\/%cf%8635mm-diameter-60-grams-ml-white-glossy-pe-ultra-thin-tubing-packaging-material-container-dispensing-bottle-hongyi-plastic\/","title":{"rendered":"\u03a635mm di\u00e1metro, 60 gramos \/ ml, blanco, brillante, PE tubo ultra-delgado material de envasado \/ recipiente \/ botella dispensadora - pl\u00e1stico Hongyi"},"content":{"rendered":"<ol>\n<li>Descripci\u00f3n del producto<\/li>\n<\/ol>\n<p>&nbsp;<\/p>\n<p>Este producto es una manguera ultraplana de PE de 35mm de di\u00e1metro de tubo con una capacidad pr\u00e1ctica de 60 g \/ ml. Su filosof\u00eda de dise\u00f1o se deriva de &#8220; extrema pureza y interacci\u00f3n de luz y sombra&#8221; y est\u00e1 dise\u00f1ado para marcas de gama alta que se esfuerzan por la simplicidad absoluta, la filosof\u00eda y la diversi\u00f3n interactiva. El cuerpo est\u00e1 hecho de blanco puro y brillante, que refleja un brillo moderno claro y fr\u00edo. Su dise\u00f1o revolucionario es que toda la informaci\u00f3n de texto en el lado derecho e izquierdo del cuerpo est\u00e1 impresa en blanco, el mismo color que el cuerpo, y en condiciones normales, el texto y el cuerpo est\u00e1n integrados, presentando una superficie visual casi absoluta. Solo en ciertos \u00e1ngulos de luz y sombra, el texto aparece debido a la sutil diferencia entre la calidad de luz silenciada y el sustrato de luz brillante, creando una experiencia interactiva \u00fanica &#8220; escondido en la luz, visible en la sombra. &#8221; El producto se combina con un color moldeado por inyecci\u00f3n o una cubierta s\u00faper plana con un color galvanizado futurista para reforzar a\u00fan m\u00e1s su contorno minimalista y plano. Utilizando materiales de prerelleno y un proceso de sellado de cola de precisi\u00f3n, los materiales de alta calidad aseguran presiones repetidas que no se deforman, convirti\u00e9ndolo en un envase pionero que lleva la reducci\u00f3n visual, la est\u00e9tica interactiva y la portabilidad de ultra alta capacidad al extremo.<\/p>\n<p>&nbsp;<\/p>\n<ol start=\"2\">\n<li>Material y artesan\u00eda de los productos<\/li>\n<\/ol>\n<p>&nbsp;<\/p>\n<ul>\n<li>Sustrato del cuerpo del tubo: alto brillo, alta resistencia estructural del material PE de grado alimenticio \/ farmac\u00e9utico, para asegurar que el llenado de gran capacidad todav\u00eda pueda mantener la forma ultraplana de estabilidad y sensaci\u00f3n crocante.<\/li>\n<li>Impresi\u00f3n de alta precisi\u00f3n del mismo sistema de color: El reto principal del proceso consiste en lograr el control preciso de la uni\u00f3n y la textura de la impresi\u00f3n adhesiva blanca en tubos blancos brillantes. La calidad mate de la tinta forma una distinci\u00f3n visual necesaria con la superficie luminosa del tubo, que es extremadamente exigente en el equipo de impresi\u00f3n y la formulaci\u00f3n de tinta, y es la realizaci\u00f3n del proceso de fabricaci\u00f3n de nivel superior.<\/li>\n<li>Luz y sombra Superficie interactiva: La superficie brillante es como un espejo y puede reflejar el entorno circundante; El texto semiiluminado absorbe la luz cuando se aplica luz directa, y se hace visible debido a la sombra cuando se ilumina lateralmente o se toca, creando una experiencia visual din\u00e1mica.<\/li>\n<li>Seguridad y Protecci\u00f3n Ambiental: Todos los materiales cumplen con las normas internacionales de seguridad. El material blanco es f\u00e1cil de reciclar y clasificar, y el dise\u00f1o ultraplano reduce el volumen y las emisiones log\u00edsticas de carbono del envase en la fuente, en l\u00ednea con el concepto de desarrollo sostenible.<\/li>\n<\/ul>\n<p>&nbsp;<\/p>\n<ol start=\"3\">\n<li>Uso recomendado del producto<\/li>\n<\/ol>\n<p>&nbsp;<\/p>\n<p>La industria de la belleza y el cuidado de la piel<\/p>\n<p>&nbsp;<\/p>\n<ul>\n<li>Mujeres&#8217; mercado: Ideal para los principales productos de la l\u00ednea de cuidado de la piel minimalista de gama alta, como sueros hidratantes, cremas para la piel y barreras precosm\u00e9ticas. Its &#8220; oculto&#8221; dise\u00f1o atiende a la psicolog\u00eda del consumidor del lujo de bajo nivel, como si para decir que &#8220; El efecto mismo es la declaraci\u00f3n de lo mejor. &#8221; Con una capacidad de 60 g, la especificaci\u00f3n ideal para el uso diario, el dise\u00f1o ultraplano se adapta elegantemente a cualquier estilo de camar\u00f3n o bolso.<\/li>\n<li>Hombres&#8217; Mercado: Para hombres&#8217; s loci\u00f3n para el cuidado de la piel sin fragancia, hidratante para la parte posterior de su cabello y cera para el cabello profesional. El dise\u00f1o totalmente blanco y el texto oculto transmiten una est\u00e9tica masculina que es &#8220; libre de ostentaci\u00f3n&#8221;  and &#8220; confianza sin ostentaci\u00f3n,&#8221; y la forma ultraplana encaja perfectamente en un bolsillo de traje o bolso de fitness para satisfacer las necesidades de personas de alto rendimiento.<\/li>\n<li>Ni\u00f1os&#8217; s Mercado: Ropa de hogar como l\u00ednea de cuidado de la piel minimalista y suave para ni\u00f1os. El blanco puro da una gran sensaci\u00f3n de seguridad, y el texto claro y sombreado agrega una sensaci\u00f3n de diversi\u00f3n y exploraci\u00f3n, como un juego visual suave.<\/li>\n<\/ul>\n<p>&nbsp;<\/p>\n<p>Ung\u00fcentos m\u00e9dicos<\/p>\n<p>&nbsp;<\/p>\n<ul>\n<li>Se utiliza en marcas farmac\u00e9uticas de gama alta para productos de reparaci\u00f3n de n\u00facleos, como cremas de reparaci\u00f3n de barreras cut\u00e1neas y cremas especializadas para el cuidado postoperatorio. Su apariencia pura y profesional mejora los pacientes&#8217; confianza.  The &#8220; oculto&#8221; El dise\u00f1o de texto asegura la disponibilidad de la informaci\u00f3n necesaria mientras mantiene el envase limpio, satisfaciendo las dobles necesidades de productos m\u00e9dicos serios y humanos.<\/li>\n<\/ul>\n<p>&nbsp;<\/p>\n<p>La industria de agentes de mantenimiento mec\u00e1nico<\/p>\n<p>&nbsp;<\/p>\n<ul>\n<li>Cremas separadas de mantenimiento de equipos de precisi\u00f3n de primera clase, cremas de cuidado de art\u00edculos de cuero de lujo y limpiadores de lentes de c\u00e1mara de alta gama. Su dise\u00f1o minimalista, que es casi &#8220; invisible,&#8221; encaja bien con el lujo de bajo nivel de los objetos de alto valor que conserva, demostrando el sabor que &#8220; La herramienta en s\u00ed misma debe ser una pieza de arte. &#8221;<\/li>\n<\/ul>\n<p>&nbsp;<\/p>\n<p>Industria de pigmentos qu\u00edmicos industriales<\/p>\n<p>&nbsp;<\/p>\n<ul>\n<li>Para pigmentos blancos y ligeros de alta gama y medios mate especiales. The &#8220; blanco sobre blanco&#8221; la expresi\u00f3n del embalaje en s\u00ed es una expresi\u00f3n de purismo, que se hace eco del artista&#8217; Esp\u00edritu de exploraci\u00f3n de la naturaleza de los materiales y el color, y la capacidad ultraplana es adecuada para uso frecuente en estudios.<\/li>\n<\/ul>\n<p>&nbsp;<\/p>\n<ol start=\"4\">\n<li>Caracter\u00edsticas del producto<\/li>\n<\/ol>\n<p>&nbsp;<\/p>\n<ul>\n<li>El dise\u00f1o interactivo de &#8220; La filosof\u00eda del ocultamiento&#8221;  : una combinaci\u00f3n de texto blanco mate de carrocer\u00eda luminosa blanca, creando una experiencia visual din\u00e1mica rara vez vista en la historia del embalaje. Requiere la participaci\u00f3n, la observaci\u00f3n y la interacci\u00f3n del usuario, transformando el comportamiento de uso ordinario en un ritual sensorial pensado, mejorando en gran medida la memoria de la marca y la pegajosidad del usuario.<\/li>\n<li>Forma extrema y eficiencia de capacidad: El exitoso montaje de 60 gramos de capacidad en una estructura s\u00faper plana fue un desaf\u00edo y un triunfo para la ingenier\u00eda. port\u00e1til de alta capacidad&#8221; y proporciona una soluci\u00f3n inigualable para las necesidades cotidianas utilizadas en altas frecuencias.<\/li>\n<li>Pureza visual absoluta: cuando est\u00e1 en pantalla est\u00e1tica, exhibe una belleza casi abstracta, escult\u00f3rica y pura que crea al instante un enfoque visual pac\u00edfico y de alto nivel en un ambiente minorista ocupado.<\/li>\n<li>Un sistema flexible de anclaje de color: La cubierta s\u00faper plana en un color moldeado por inyecci\u00f3n o galvanizado se convierte en la \u00fanica identificaci\u00f3n de color clara en todo el dise\u00f1o. Las marcas pueden distinguir claramente diferentes l\u00edneas de productos cambiando el color de la cubierta (como la plata galvanizada para la l\u00ednea de tecnolog\u00eda y el negro mate para la l\u00ednea de base), lo que permite la simplicidad y eficiencia de la gesti\u00f3n visual.<\/li>\n<\/ul>\n<p>&nbsp;<\/p>","protected":false},"excerpt":{"rendered":"<ol>\n<li>Dise\u00f1o del cuerpo del producto<\/li>\n<\/ol>\n<p>&nbsp;<\/p>\n<ul>\n<li>Desconstruyendo color e informaci\u00f3n: El patr\u00f3n tradicional de &#8220; color de fondo que lleva informaci\u00f3n&#8221; en el embalaje est\u00e1 completamente desconstruido. Aqu\u00ed, la informaci\u00f3n (texto blanco) se convierte en parte del color de fondo (cuerpo blanco) y se separa bajo la luz y la sombra, desafiando a los consumidores. h\u00e1bitos visuales y desencadenar la curiosidad y la exploraci\u00f3n.<\/li>\n<li>Luz y sombra como material de dise\u00f1o: El dise\u00f1ador incorpora la luz ambiente y el \u00e1ngulo del usuario&#8217; observaci\u00f3n de las variables de dise\u00f1o. La apariencia del envase ya no es fija, sino que cambia din\u00e1micamente con el entorno y la forma de uso, dando al producto un sentido de vida.<\/li>\n<li>La forma hiperplana no es solo una necesidad port\u00e1til, sino que su contorno suave y delgado es en s\u00ed mismo la met\u00e1fora f\u00edsica m\u00e1s intuitiva para valores de marca como el minimalismo, la eficiencia y la ligereza.<\/li>\n<li>Retenci\u00f3n: La tapa se convirti\u00f3 en la \u00fanica zona de todo el dise\u00f1o que permiti\u00f3 &#8220; expresi\u00f3n expl\u00edcita,&#8221; y la elecci\u00f3n del color y la textura se hizo crucial, desempe\u00f1ando un papel clave en la definici\u00f3n del producto&#8217; car\u00e1cter.<\/li>\n<\/ul>\n<p>&nbsp;<\/p>\n<ol start=\"2\">\n<li>Ventajas del producto<\/li>\n<\/ol>\n<p>&nbsp;<\/p>\n<ul>\n<li>Crear un halo de marca de &#8220; lujo intelectual&#8221; Este dise\u00f1o, que requiere &#8220; descubrimiento&#8221;  and &#8220; entendimiento,&#8221; naturalmente pantallas y apelaciones a los consumidores maduros con altos coeficientes de inteligencia, alta est\u00e9tica, y cansado de marketing directo, dando a las marcas un sentido bajo pero profundo de superioridad intelectual.<\/li>\n<li>Crear temas fuertes de redes sociales y contenido UGC: El &#8220; efecto oculto&#8221; es muy r\u00e1pido y compartible, y es f\u00e1cil inspirar a los usuarios a compartir el momento de &#8220; descubriendo texto oculto&#8221; en las redes sociales, o para mostrar un estilo de vida minimalista como soporte de fondo, formando el boca a boca espont\u00e1neo.<\/li>\n<li>Lograr la accesibilidad intercultural a la comunicaci\u00f3n est\u00e9tica: las formas blancas puras y geom\u00e9tricas son el lenguaje global del dise\u00f1o moderno que trasciende las diferencias culturales y ayuda a las marcas a exportar su imagen a trav\u00e9s de los pa\u00edses.<\/li>\n<li>Proporcionar una experiencia de apertura perfecta para el modelo DTC: Despu\u00e9s de la log\u00edstica de comercio electr\u00f3nico, cuando los consumidores recogen un producto por primera vez, encuentran el proceso de mostrar gradualmente las palabras con el \u00e1ngulo, constituyendo un &#8220; Ceremonia de apertura&#8221; lleno de sorpresa y calidad, que mejora en gran medida la marca&#8217; favorable para el primer contacto.<\/li>\n<\/ul>\n<p>&nbsp;<\/p>\n<ol start=\"3\">\n<li>Escenarios de uso del producto<\/li>\n<\/ol>\n<p>&nbsp;<\/p>\n<ul>\n<li>Compradores de gama alta&#8217; tiendas y galer\u00edas: En entornos minoristas que enfatizan el dise\u00f1o espacial y el gusto art\u00edstico, su apariencia escult\u00f3rica les permite encajar naturalmente como un &#8220; obra de arte pr\u00e1ctico&#8221; en venta.<\/li>\n<li>Espacios privados para \u00e9lites: aparecer en ejecutivos de tecnolog\u00eda&#8217; escritorios, arquitectos&#8217; ba\u00f1os de casa, dise\u00f1adores&#8217; estudios, donde los dise\u00f1os revelan los propietarios&#8217; La b\u00fasqueda del detalle, la pureza y la sabidur\u00eda.<\/li>\n<li>&#8220; Vivir sin etiquetas&#8221; y escenas de retiro: utilizado como copias de seguridad de los hu\u00e9spedes en centros de retiro de yoga de gama alta y hoteles tur\u00edsticos, el dise\u00f1o visual sin ruido complementa el entorno tranquilo, mejorando la pureza de la experiencia general.<\/li>\n<li>Como la expresi\u00f3n definitiva de la sostenibilidad: Para marcas pioneras que defienden &#8220; cero residuos&#8221;  and &#8220; despaquetado,&#8221; Esto &#8220; invisible&#8221; El dise\u00f1o es el veh\u00edculo m\u00e1s poderoso para expresar su visi\u00f3n de reducir la contaminaci\u00f3n visual.<\/li>\n<li>Empresas conjuntas de marca con artistas: Su naturaleza pura de lienzo es el sustrato ideal para la creaci\u00f3n art\u00edstica o profundos esfuerzos conjuntos de marca, que pueden llevar a cabo procesamientos art\u00edsticos secundarios m\u00e1s extremos como el te\u00f1ido de oro y el grabado l\u00e1ser.<\/li>\n<\/ul>","protected":false},"featured_media":4483,"comment_status":"closed","ping_status":"closed","template":"","meta":[],"product_brand":[],"product_cat":[34],"product_tag":[],"class_list":{"0":"post-4460","1":"product","2":"type-product","3":"status-publish","4":"has-post-thumbnail","6":"product_cat-facial-treatment","8":"first","9":"instock","10":"shipping-taxable","11":"purchasable","12":"product-type-simple"},"_links":{"self":[{"href":"https:\/\/www.hongyitube.com\/es\/wp-json\/wp\/v2\/product\/4460","targetHints":{"allow":["GET"]}}],"collection":[{"href":"https:\/\/www.hongyitube.com\/es\/wp-json\/wp\/v2\/product"}],"about":[{"href":"https:\/\/www.hongyitube.com\/es\/wp-json\/wp\/v2\/types\/product"}],"replies":[{"embeddable":true,"href":"https:\/\/www.hongyitube.com\/es\/wp-json\/wp\/v2\/comments?post=4460"}],"wp:featuredmedia":[{"embeddable":true,"href":"https:\/\/www.hongyitube.com\/es\/wp-json\/wp\/v2\/media\/4483"}],"wp:attachment":[{"href":"https:\/\/www.hongyitube.com\/es\/wp-json\/wp\/v2\/media?parent=4460"}],"wp:term":[{"taxonomy":"product_brand","embeddable":true,"href":"https:\/\/www.hongyitube.com\/es\/wp-json\/wp\/v2\/product_brand?post=4460"},{"taxonomy":"product_cat","embeddable":true,"href":"https:\/\/www.hongyitube.com\/es\/wp-json\/wp\/v2\/product_cat?post=4460"},{"taxonomy":"product_tag","embeddable":true,"href":"https:\/\/www.hongyitube.com\/es\/wp-json\/wp\/v2\/product_tag?post=4460"}],"curies":[{"name":"WP","href":"https:\/\/api.w.org\/{rel}","templated":true}]}}