{"id":4453,"date":"2026-01-28T19:21:54","date_gmt":"2026-01-28T11:21:54","guid":{"rendered":"https:\/\/www.hongyitube.com\/?post_type=product&#038;p=4453"},"modified":"2026-01-29T09:24:03","modified_gmt":"2026-01-29T01:24:03","slug":"%cf%8630mm-diameter-50-grams-ml-white-matte-pe-ultra-thin-tubing-packaging-material-container-bottle-hongyi-plastic","status":"publish","type":"product","link":"https:\/\/www.hongyitube.com\/es\/product\/%cf%8630mm-diameter-50-grams-ml-white-matte-pe-ultra-thin-tubing-packaging-material-container-bottle-hongyi-plastic\/","title":{"rendered":"\u03a630mm di\u00e1metro, 50 gramos \/ ml, blanco mate PE tubo ultra delgado material de envasado \/ recipiente \/ botella - pl\u00e1stico Hongyi"},"content":{"rendered":"<ol>\n<li>Descripci\u00f3n del producto<\/li>\n<\/ol>\n<p>&nbsp;<\/p>\n<p>Este producto es una manguera ultraplana de PE de 30 mm de di\u00e1metro de tubo que innova una capacidad de embalaje est\u00e1ndar de 50 g \/ ml y es un envase disruptivo dise\u00f1ado para marcas modernas que se esfuerzan por la m\u00e1xima pureza, el uso eficiente del espacio y el tacto superior. El tubo utiliza un sustrato blanco puro y le da una delicada textura mate y grasosa que es visualmente suave como la cachemira y proporciona una excelente experiencia resbaladiza y curativa de la piel al tacto. Como una plataforma de dise\u00f1o altamente abierta, su cuerpo soporta la personalizaci\u00f3n profunda de todos los procesos, como la impresi\u00f3n offset, la seda y la impresi\u00f3n a chorro, proporcionando un lienzo ilimitado para la expresi\u00f3n visual de la marca. Los productos cuentan con cubiertas ultraplanas moldeadas por inyecci\u00f3n o galvanizadas que tambi\u00e9n utilizan una estructura ultradelgada, mezclando perfectamente el dise\u00f1o industrial con la est\u00e9tica funcional para crear impresionantes contornos planos. Utilizando materiales de prellenado y un proceso de sellado de cola de precisi\u00f3n combinado con materiales PE de alta calidad, garantiza la seguridad de los contenidos y soporta la compresi\u00f3n repetida para no deformarse, convirti\u00e9ndolo en un sistema de envasado de alto rendimiento que redefine el est\u00e1ndar de &#8220; Portable oficial. &#8221;<\/p>\n<p>&nbsp;<\/p>\n<ol start=\"2\">\n<li>Material y artesan\u00eda de los productos<\/li>\n<\/ol>\n<p>&nbsp;<\/p>\n<ul>\n<li>Sustrato del cuerpo del tubo: alta densidad, alta rigidez del material compuesto PE de grado alimenticio \/ farmac\u00e9utico, para asegurar que el llenado de gran capacidad todav\u00eda pueda mantener la resistencia al pl\u00e1stico plano, la compresi\u00f3n y las arrugas.<\/li>\n<li>Proceso de textura suave: La superficie se trata con atenuaci\u00f3n de luz especial y tratamiento de textura para formar una textura mate duradera y uniforme. Este proceso no solo da al producto un disfrute visual y t\u00e1ctil brillante, sino que tambi\u00e9n tiene una excelente resistencia contra ara\u00f1azos y huellas digitales, lo que mantiene una apariencia limpia en todo momento.<\/li>\n<li>Decoraci\u00f3n totalmente personalizada: El sustrato de arena blanca es el medio de impresi\u00f3n ideal, presentando perfectamente los ricos colores de las impresiones offset, las l\u00edneas fuertes de las impresiones de seda y el brillo met\u00e1lico de las impresiones calentadas para lograr una expresi\u00f3n multidimensional de marca desde la simplicidad hasta el lujo.<\/li>\n<li>Innovaci\u00f3n en la estructura de la cubierta ultraplana: se utiliza una estructura de sellado reforzada dentro de la cubierta para garantizar una protecci\u00f3n fiable contra fugas mientras se comprime al m\u00e1ximo el factor de forma.<\/li>\n<li>Seguridad y sostenibilidad: Todos los materiales cumplen con las normas de seguridad en los principales mercados internacionales. El blanco es f\u00e1cil de reciclar y clasificar, y el dise\u00f1o ultraplano reduce el uso de pl\u00e1stico y las emisiones de carbono log\u00edstica de la fuente.<\/li>\n<\/ul>\n<p>&nbsp;<\/p>\n<ol start=\"3\">\n<li>Uso recomendado del producto<\/li>\n<\/ol>\n<p>&nbsp;<\/p>\n<p>La industria de la belleza y el cuidado de la piel<\/p>\n<p>&nbsp;<\/p>\n<ul>\n<li>Mercado femenino: Ideal para el uso diario de cremas faciales principales, protectores solares de alto SPF, cebador pre-maquillaje y lociones corporales hidratantes. Capacidad de 50g para cumplir con la dosis est\u00e1ndar de 4-8 semanas, la textura mate blanca transmite una fuerte se\u00f1al de &#8220; laboratorio puro,&#8221;  &#8220; maquillaje eficaz&#8221;  and &#8220; Simplicidad de alta gama. &#8221; El dise\u00f1o ultraplano hace que sea f\u00e1cil encajar en un carrito o una bolsa de gimnasio, rompiendo la impresi\u00f3n tradicional de traje formal desagradable.<\/li>\n<li>Hombres&#8217; Mercado: Para hombres&#8217; s cremas de cuidado de la piel de todo uso, hidratantes de control de aceite y hidratante para su pelo facial. El exterior blanco y arenoso puro es tranquilo, profesional y libre de redundancias, lo que satisface precisamente las demandas de los consumidores masculinos para &#8220; eficiencia, limpieza y calidad. &#8221; La forma plana encaja en un malet\u00edn o compartimento de equipaje y es adecuada para viajar.<\/li>\n<li>Ni\u00f1os&#8217; s mercado: utilizado como vestido familiar o vestido de viaje para ni\u00f1os como hidratantes diarios, hidratante especial para su piel sensible. El blanco da una sensaci\u00f3n intuitiva de seguridad y limpieza, y la textura arenosa es suave y antideslizante, lo que hace que sea f\u00e1cil para los padres agarrar y aplicar.<\/li>\n<\/ul>\n<p>&nbsp;<\/p>\n<p>Ung\u00fcentos m\u00e9dicos<\/p>\n<p>&nbsp;<\/p>\n<ul>\n<li>Aplicable a cremas m\u00e9dicas para el cuidado de la piel (como cremas de reparaci\u00f3n de ceramidas), lociones corporales y cremas de masaje para uso diario. El blanco es un color universal en el campo m\u00e9dico, simbolizando la pureza y la profesionalidad y aumentando la confianza del paciente. La capacidad de 50 g es adecuada para un curso de tratamiento, y el paquete ultraplano es f\u00e1cil de encajar en un bolsillo de vestido de hospital o bolsa de enfermer\u00eda.<\/li>\n<\/ul>\n<p>&nbsp;<\/p>\n<p>La industria de agentes de mantenimiento mec\u00e1nico<\/p>\n<p>&nbsp;<\/p>\n<ul>\n<li>Lubricantes de litio blanco separados para instrumentos de precisi\u00f3n, crema de aislamiento para equipos electr\u00f3nicos y ceras avanzadas para autom\u00f3viles. El exterior de arena blanca pura rompe la impresi\u00f3n de embalaje industrial oleoso, y crea un &#8220; precisi\u00f3n,&#8221;  &#8220; limpiar&#8221;  and &#8220; alta gama&#8221; imagen de marca, adecuada para la venta en tiendas minoristas profesionales o plataformas de comercio electr\u00f3nico para entusiastas y profesionales del bricolaje.<\/li>\n<\/ul>\n<p>&nbsp;<\/p>\n<p>Industria de pigmentos qu\u00edmicos industriales<\/p>\n<p>&nbsp;<\/p>\n<ul>\n<li>Productos envasados en tubos para pinturas blancas o claras de alta gama, cargas y refuerzos de modelos. El color blanco del paquete es consistente con el color del contenido, formando una identificaci\u00f3n intuitiva del producto. La textura abrasiva puede ocultar efectivamente manchas menores en el uso diario y mantener la apariencia limpia.<\/li>\n<\/ul>\n<p>&nbsp;<\/p>\n<ol start=\"4\">\n<li>Caracter\u00edsticas del producto<\/li>\n<\/ol>\n<p>&nbsp;<\/p>\n<ul>\n<li>El equilibrio revolucionario de &#8220; capacidad y forma&#8221; La realizaci\u00f3n exitosa de una capacidad de envasado formal est\u00e1ndar de 50g en una forma ultraplana resuelve la dificultad tradicional de &#8220; grueso y pesado&#8221; y proporciona una soluci\u00f3n port\u00e1til sin precedentes para la marca&#8217; s l\u00ednea de embalaje formal.<\/li>\n<li>atemporal &#8220; color de la fundaci\u00f3n de alto nivel&#8221; y textura: La arena mate blanca es un color cl\u00e1sico de alto nivel que abarca el tiempo y la cultura. Es discreto pero altamente visible, y puede proporcionar el fondo m\u00e1s puro y profesional para cualquier dise\u00f1o de marca, maximizando la calidad del contenido personalizado.<\/li>\n<li>Flexibilidad personalizada sin igual: el sustrato blanco es el mejor socio para los procesos de impresi\u00f3n, y las marcas tienen la libertad de elegir una combinaci\u00f3n de procesos, como la impresi\u00f3n mate para mantener una sensaci\u00f3n hol\u00edstica, la impresi\u00f3n brillante para resaltar el lujo y la impresi\u00f3n a color para enfocarse, lo que es extremadamente rentable.<\/li>\n<li>Excelente dise\u00f1o pragm\u00e1tico: la estructura compacta proporcionada por la cubierta ultraplana mejora significativamente la eficiencia del espacio en la bolsa; La superficie lijada proporciona un agarre seguro, facilita la compresi\u00f3n del \u00faltimo trozo de contenido y reduce los residuos.<\/li>\n<\/ul>\n<p>&nbsp;<\/p>","protected":false},"excerpt":{"rendered":"<ol>\n<li>1. Dise\u00f1o del cuerpo del producto<\/li>\n<\/ol>\n<p>&nbsp;<\/p>\n<ul>\n<li>Estrategia de Color y Textura: El blanco simboliza la pureza, la eficiencia, la modernidad y las posibilidades ilimitadas. El tratamiento abrasivo elimina el resplandor barato y agrega un toque c\u00e1lido y humano, lo que hace que contenga detalles en simplicidad, aline\u00e1ndose perfectamente con la tendencia global del dise\u00f1o minimalista.<\/li>\n<li>Arquitectura de Visi\u00f3n Abierta:<\/li>\n<li>Base: Un cuerpo de tubo lijado blanco unificado que forma un lienzo de marca potente y neutral.<\/li>\n<li>Capa de marca: las marcas pueden crear en lienzo usando artesan\u00eda personalizada. Las marcas m\u00ednimas pueden usar impresi\u00f3n de l\u00ednea \u00fanica; Las marcas de moda pueden usar grandes \u00e1reas de impresi\u00f3n a color; Las marcas profesionales pueden confiar en impresiones de seda negra clara.<\/li>\n<li>Est\u00e9tica funcional de la forma: las secciones ovales planas no son solo innovaciones visuales, sino tambi\u00e9n una expresi\u00f3n de ingenier\u00eda de eficiencia espacial. Permite que los productos se empaqueten y usen como un libro o un cuaderno.<\/li>\n<\/ul>\n<p>&nbsp;<\/p>\n<ol start=\"2\">\n<li>2. Ventajas del producto<\/li>\n<\/ol>\n<p>&nbsp;<\/p>\n<ul>\n<li>Crear una nueva categor\u00eda de &#8220; desgaste formal port\u00e1til&#8221;  : Resolve directamente la contradicci\u00f3n principal entre los consumidores maduros &#8220; que necesitan la rentabilidad y la satisfacci\u00f3n de los productos de desgaste formal y desean la portabilidad del desgaste de viaje, &#8221; Crear un nuevo punto de venta de mercado y valor de usuario.<\/li>\n<li>Construye una imagen de piedra angular de marca fuerte: Embalaje blanco, lijado irradia un &#8220; lujo en lo b\u00e1sico&#8221; Ayudar a las marcas a construir una imagen fiable, moderna y esencialmente de alto valor que sea f\u00e1cilmente aceptada por una amplia gama de personas.<\/li>\n<li>Unificaci\u00f3n eficiente de la cadena de suministro y la gesti\u00f3n de la marca: Un modelo de tubo b\u00e1sico puede desarrollar r\u00e1pidamente una l\u00ednea de productos completa para diferentes g\u00e9neros, tipos de piel y eficacia cambiando el color de la cubierta y el esquema de impresi\u00f3n, reduciendo significativamente los costos de desarrollo y gesti\u00f3n.<\/li>\n<li>Se ajusta profundamente al concepto de consumo sostenible: sus caracter\u00edsticas duraderas, f\u00e1cilmente reciclables y &#8220; compra de una sola vez, uso port\u00e1til a largo plazo&#8221; El escenario fomenta una reducci\u00f3n del consumo de peque\u00f1os envases, en l\u00ednea con los valores ambientales de los consumidores en mercados maduros en el extranjero.<\/li>\n<\/ul>\n<p>&nbsp;<\/p>\n<ol start=\"3\">\n<li>3. Escenarios de uso del producto<\/li>\n<\/ol>\n<p>&nbsp;<\/p>\n<ul>\n<li>Transporte urbano y &#8220; mochila est\u00e9tica&#8221;  :: equipo de desplazamiento cotidiano que encaja perfectamente en la \u00e9lite urbana, ya sea colocado en un bolsillo de traje, bolso de port\u00e1til o bolso de lujo, mantiene un contorno elegante y se convierte en un signo visible de &#8220; vida refinada. &#8221;<\/li>\n<li>\u00a0En plataformas similares a Aesop, Lelabo o comercio electr\u00f3nico, su lenguaje de dise\u00f1o puro puede atraer r\u00e1pidamente a los consumidores que defienden una est\u00e9tica sencilla y una alta calidad de vida.<\/li>\n<li>Ambiente de trabajo profesional: adecuado para estaciones de enfermer\u00eda hospitalaria, estaciones de trabajo de laboratorio, estudios de artistas y oficinas de ingenier\u00eda. Su exterior profesional y limpio se mezcla con el medio ambiente y es de f\u00e1cil acceso.<\/li>\n<li>The &#8220; armario c\u00e1psula&#8221; Concepto de cuidado de la piel: los consumidores que defienden un r\u00e9gimen de cuidado de la piel magra pueden elegir varias funciones diferentes de este producto envasado, dispuesto ordenadamente en el lavadero o el estuche de viaje para una gesti\u00f3n eficiente.<\/li>\n<li>Embalaje exclusivo para marcas sostenibles: como el embalaje de elecci\u00f3n para marcas con conceptos ecol\u00f3gicos, su car\u00e1cter blanco, minimalista y reciclable es la expresi\u00f3n f\u00edsica m\u00e1s intuitiva de los valores de la marca.<\/li>\n<\/ul>","protected":false},"featured_media":4458,"comment_status":"closed","ping_status":"closed","template":"","meta":[],"product_brand":[],"product_cat":[34],"product_tag":[],"class_list":{"0":"post-4453","1":"product","2":"type-product","3":"status-publish","4":"has-post-thumbnail","6":"product_cat-facial-treatment","8":"first","9":"instock","10":"shipping-taxable","11":"purchasable","12":"product-type-simple"},"_links":{"self":[{"href":"https:\/\/www.hongyitube.com\/es\/wp-json\/wp\/v2\/product\/4453","targetHints":{"allow":["GET"]}}],"collection":[{"href":"https:\/\/www.hongyitube.com\/es\/wp-json\/wp\/v2\/product"}],"about":[{"href":"https:\/\/www.hongyitube.com\/es\/wp-json\/wp\/v2\/types\/product"}],"replies":[{"embeddable":true,"href":"https:\/\/www.hongyitube.com\/es\/wp-json\/wp\/v2\/comments?post=4453"}],"wp:featuredmedia":[{"embeddable":true,"href":"https:\/\/www.hongyitube.com\/es\/wp-json\/wp\/v2\/media\/4458"}],"wp:attachment":[{"href":"https:\/\/www.hongyitube.com\/es\/wp-json\/wp\/v2\/media?parent=4453"}],"wp:term":[{"taxonomy":"product_brand","embeddable":true,"href":"https:\/\/www.hongyitube.com\/es\/wp-json\/wp\/v2\/product_brand?post=4453"},{"taxonomy":"product_cat","embeddable":true,"href":"https:\/\/www.hongyitube.com\/es\/wp-json\/wp\/v2\/product_cat?post=4453"},{"taxonomy":"product_tag","embeddable":true,"href":"https:\/\/www.hongyitube.com\/es\/wp-json\/wp\/v2\/product_tag?post=4453"}],"curies":[{"name":"WP","href":"https:\/\/api.w.org\/{rel}","templated":true}]}}