{"id":4413,"date":"2026-01-27T19:24:00","date_gmt":"2026-01-27T11:24:00","guid":{"rendered":"https:\/\/www.hongyitube.com\/?post_type=product&#038;p=4413"},"modified":"2026-01-27T19:24:01","modified_gmt":"2026-01-27T11:24:01","slug":"%cf%8630mm-tube-diameter-30-grams-ml-pe-ultra-thin-tubing-packaging-material-bottle-hongyi-plastic","status":"publish","type":"product","link":"https:\/\/www.hongyitube.com\/es\/product\/%cf%8630mm-tube-diameter-30-grams-ml-pe-ultra-thin-tubing-packaging-material-bottle-hongyi-plastic\/","title":{"rendered":"\u03a630mm di\u00e1metro del tubo, 30 gramos \/ ml PE ultra-delgado material de envasado de tubos \/ botella - pl\u00e1stico Hongyi"},"content":{"rendered":"<ol>\n<li>Descripci\u00f3n del producto<\/li>\n<\/ol>\n<p>&nbsp;<\/p>\n<p>Este producto es una manguera ultraplana de PE de 30mm de di\u00e1metro, la capacidad de 30g \/ ml, dise\u00f1ada para la creaci\u00f3n de una sensaci\u00f3n de misterio y pantalla teatral de dise\u00f1o de imagen de marca de gama alta. El cuerpo del tubo se basa en PE de alta transparencia, y todo el cuerpo est\u00e1 cubierto con un revestimiento negro mate profundo, creando un fuerte aura de calma y profesional como la noche. Su dise\u00f1o disruptivo es que el tubo tiene una ventana transparente de forma irregular de 2,2 x 4,2 cm, con una libertad de forma como el corte de luz y sombra, formando un contraste visual muy tenso con un fondo mate negro. La marca puede personalizar libremente cualquier \u00e1rea del cuerpo utilizando varios procesos como la impresi\u00f3n adhesiva, la impresi\u00f3n de seda y la impresi\u00f3n en caliente para lograr la expresi\u00f3n jer\u00e1rquica de la informaci\u00f3n. El producto se combina con un color moldeado por inyecci\u00f3n igualmente minimalista o una impresionante cubierta ultraplana galvanizada que comprime el contorno general hasta el extremo. Utilizando un material de prerelleno y un sello de cola de precisi\u00f3n, el material es resistente y soporta la compresi\u00f3n repetida para no deformarse, lo que lo convierte en una plataforma de envasado futurista que combina est\u00e9tica oscura, libertad de personalizaci\u00f3n y forma ultraport\u00e1til.<\/p>\n<p>&nbsp;<\/p>\n<ol start=\"2\">\n<li>Material y artesan\u00eda de los productos<\/li>\n<\/ol>\n<p>&nbsp;<\/p>\n<ul>\n<li>Sustrato del cuerpo del tubo: El uso de alta transparencia, alta tenacidad de material PE especial para garantizar una excelente barrera y resistencia.<\/li>\n<li>Proceso de recubrimiento negro recubierto: Se utilizan tintas recubiertas avanzadas para acabar la superficie, logrando un efecto negro profundo, uniforme y delicado con excelente resistencia al desgaste y resistencia a las manchas.<\/li>\n<li>Moldeo de precisi\u00f3n de ventanas irregulares: mediante procesos de moldeo o l\u00e1ser de alta precisi\u00f3n, se crean grandes ventanas transparentes con formas irregulares sobre un recubrimiento negro, con bordes claros y sin riesgo de grietas por estr\u00e9s. La dificultad del proceso demuestra la m\u00e1xima calidad.<\/li>\n<li>Soporte de personalizaci\u00f3n de cadena de procesos completos: ofrece a las marcas la libertad de combinar impresi\u00f3n (gr\u00e1ficos complejos), impresi\u00f3n (texto duradero) e impresi\u00f3n (textura met\u00e1lica) para lograr posibilidades de dise\u00f1o ilimitadas.<\/li>\n<li>Seguro y sostenible: Todos los materiales cumplen con las normas internacionales de seguridad (por ejemplo, FDA, ISO 22715). El dise\u00f1o ultraplano y el material PE reciclable reflejan la consideraci\u00f3n de la eficiencia ambiental.<\/li>\n<\/ul>\n<p>&nbsp;<\/p>\n<ol start=\"3\">\n<li>Uso recomendado del producto<\/li>\n<\/ol>\n<p>&nbsp;<\/p>\n<p>La industria de la belleza y el cuidado de la piel<\/p>\n<p>&nbsp;<\/p>\n<ul>\n<li>Mujeres&#8217; Mercado: Mejores sueros de cuidado nocturno, botellas de ingredientes activos de alta concentraci\u00f3n, preparaci\u00f3n de maquillaje brillante, sombras met\u00e1licas. El tubo negro mate entrega &#8220; grado de laboratorio&#8221; eficiencia y lujo, y la gran ventana irregular muestra dram\u00e1ticamente las part\u00edculas flotantes de la esencia, los destellos de alto brillo o la textura \u00fanica del producto, lo que lo hace extremadamente coleccionable y exhibible.<\/li>\n<li>Hombres&#8217; s mercado: utilizado en hombres de gama alta&#8217; serie de cuidado de la piel de tubo negro, geles para el cabello y geles calmantes para la parte posterior de su barba. El dise\u00f1o totalmente negro est\u00e1 lleno de potencia y refinamiento discreto, las ventanas irregulares agregan una personalidad inusual y el dise\u00f1o ultraplano encaja perfectamente en el bolsillo interior de un traje o el bolsillo lateral de otro bolso de fitness.<\/li>\n<li>Ni\u00f1os&#8217; s Mercado: Como un embalaje para la edici\u00f3n limitada Cool Play-children&#8217; productos de cuidado (como ba\u00f1o Starlight Powder y protector solar con tema dinosaurio). El fondo negro se asemeja al cielo nocturno, y el colorido contenido que se muestra en la ventana es a\u00fan m\u00e1s deslumbrante, atractivo para los ni\u00f1os mayores y los padres que buscan frescura.<\/li>\n<\/ul>\n<p>&nbsp;<\/p>\n<p>Ung\u00fcentos m\u00e9dicos<\/p>\n<p>&nbsp;<\/p>\n<ul>\n<li>Se utiliza en maquillaje farmac\u00e9utico de gama alta (como los sueros de reparaci\u00f3n post-microaguja), productos t\u00f3picos de cuidado de la piel y cremas de color oscuro (como cremas de limpieza de carb\u00f3n de bamb\u00fa). El embalaje negro refuerza el &#8220; fuerte&#8221;  and &#8220; profesional&#8221; los atributos de los ingredientes, y las grandes ventanas permiten al usuario ver el estado de los contenidos (por ejemplo, capa, cristalizaci\u00f3n) de un vistazo, estableciendo un serio sentido de confianza.<\/li>\n<\/ul>\n<p>&nbsp;<\/p>\n<p>La industria de agentes de mantenimiento mec\u00e1nico<\/p>\n<p>&nbsp;<\/p>\n<ul>\n<li>Lubricantes especializados separados, ceras de autom\u00f3viles de gama alta y agentes de cuidado de piezas de fibra de carbono. El exterior negro mate es un dise\u00f1o extremadamente industrial y de calidad de lujo, y la ventana irregular es como un producto&#8217; s &#8220; ventana de visualizaci\u00f3n de rendimiento, &#8221; que puede ver directamente la finura del yeso o las part\u00edculas funcionales contenidas en el mismo, mejorando la credibilidad del producto.<\/li>\n<\/ul>\n<p>&nbsp;<\/p>\n<p>Industria de pigmentos qu\u00edmicos industriales<\/p>\n<p>&nbsp;<\/p>\n<ul>\n<li>Para pigmentos met\u00e1licos de calidad art\u00edstica, pigmentos fluorescentes y emulsiones con texturas especiales. El tubo negro es un excelente &#8220; lienzo&#8221; que maximiza los colores brillantes y las texturas \u00fanicas de la pintura en la ventana, y el embalaje en s\u00ed es una obra de arte moderno.<\/li>\n<\/ul>\n<p>&nbsp;<\/p>\n<ol start=\"4\">\n<li>Caracter\u00edsticas del producto<\/li>\n<\/ol>\n<p>&nbsp;<\/p>\n<ul>\n<li>Dram\u00e1tico &#8220; ventana de enfoque&#8221; dise\u00f1o: ventana grande irregular de 2,2 * 4,2 cm rompe el dise\u00f1o convencional del embalaje, ya no es una simple apertura funcional, sino una imagen de pensamiento del director que enfoca con fuerza al consumidor; atenci\u00f3n al contenido en s\u00ed mismo, creando una experiencia de observaci\u00f3n inmersiva.<\/li>\n<li>Fuerte &#8220; Lujo oscuro&#8221; tono de marca: En todo el cuerpo, la iluminaci\u00f3n oscura establece el tono de una marca misteriosa, autoritaria, vanguardista y sin fin, estableciendo r\u00e1pidamente una identidad visual altamente reconocible en el mercado y atrayendo a los consumidores que buscan la singularidad.<\/li>\n<li>La m\u00e1xima libertad de personalizaci\u00f3n y profundidad de expresi\u00f3n: en un sustrato negro, las marcas se pueden crear como si estuvieran en un lienzo oscuro. El logotipo de estampado en caliente de plata destaca el sentido fresco de la ciencia y la tecnolog\u00eda, los patrones de color de impresi\u00f3n offset forman un fuerte contraste, el texto blanco de la pantalla de seda para garantizar una excelente legibilidad, para lograr la profundidad de la narrativa de la historia de la marca.<\/li>\n<li>Fusi\u00f3n disruptiva de forma y portabilidad: El dise\u00f1o ultraplano proporciona im\u00e1genes impresionantes mientras aborda los puntos dolorosos de la portabilidad para productos de cuidado de alto volumen, lo que permite la evoluci\u00f3n definitiva de &#8220; La forma sigue a la funci\u00f3n. &#8221;<\/li>\n<\/ul>","protected":false},"excerpt":{"rendered":"<ol>\n<li>Dise\u00f1o del cuerpo del producto<\/li>\n<\/ol>\n<p>&nbsp;<\/p>\n<ul>\n<li>La filosof\u00eda del color y la forma: el negro es el fin del color y el principio de todas las cosas posibles. El negro mate elimina todas las distracciones y hace que los contenidos y patrones personalizados de texto en la ventana sean los \u00fanicos protagonistas. El formato irregular de la ventana rompe los estereotipos de la producci\u00f3n industrial e inyecta arte y personalidad.<\/li>\n<li>Arquitectura estereogr\u00e1fica de la comunicaci\u00f3n de la informaci\u00f3n:<\/li>\n<\/ul>\n<ol>\n<li>Foco de nivel uno: El contenido en una ventana irregular es la comunicaci\u00f3n principal que no requiere el habla.<\/li>\n<li>Logotipo Grado II: El logotipo principal de la marca, presentado por impresi\u00f3n offset de alto contraste, brilla sobre un fondo negro.<\/li>\n<li>Explicaci\u00f3n de nivel tres: Use serigraf\u00eda para presentar claramente el texto funcional y la informaci\u00f3n regulatoria para garantizar la practicidad y el cumplimiento.<\/li>\n<\/ol>\n<ul>\n<li>Est\u00e9tica funcional de la tapa: La tapa ultraplana no es solo un sello, sino tambi\u00e9n el toque final para completar el contorno aplanado general, y su color moldeado por inyecci\u00f3n o galvanizado puede servir como identificador de clasificaci\u00f3n de color para una l\u00ednea de productos de marca.<\/li>\n<\/ul>\n<p>&nbsp;<\/p>\n<ol start=\"2\">\n<li>Ventajas del producto<\/li>\n<\/ol>\n<p>&nbsp;<\/p>\n<ul>\n<li>Crear &#8220; embalaje ic\u00f3nico&#8221; con valor coleccionable: Su fuerte personalidad visual y sentido art\u00edstico hacen del embalaje un objeto que los consumidores desean poseer, mejora en gran medida el valor a\u00f1adido del producto y la lealtad a la marca, y es adecuado para crear art\u00edculos de celebridades o colecciones de edici\u00f3n limitada.<\/li>\n<li>Logre una profunda narrativa de marca y conexi\u00f3n emocional: las ventanas irregulares y las superficies totalmente personalizables proporcionan el soporte f\u00edsico perfecto para que las marcas cuenten historias sobre &#8220; avances, &#8221;  &#8220; visi\u00f3n del n\u00facleo, &#8221;  &#8220; poder m\u00e1gico,&#8221; Crear conexiones emocionales con los consumidores.<\/li>\n<li>Cumple con las dobles necesidades de &#8220; pantalla extrema&#8221;  and &#8220; extrema port\u00e1til&#8221; Proporciona una pantalla sin igual en el mostrador minorista o en las redes sociales, mientras se integra sin problemas en el espacio de vida m\u00e1s compacto, resolviendo la contradicci\u00f3n tradicional de &#8220; volver a mostrar, luz port\u00e1til&#8221; para productos de alta gama.<\/li>\n<li>Dirige a subculturas globales y consumidores de vanguardia: su est\u00e9tica oscura y caracter\u00edsticas personalizadas pueden dirigirse a entusiastas de la subcultura como la cultura callejera, los deportes electr\u00f3nicos, el cyberpunk y todos los compradores de vanguardia que buscan una expresi\u00f3n diferenciada.<\/li>\n<\/ul>\n<p>&nbsp;<\/p>\n<ol start=\"3\">\n<li>Escenarios de uso del producto<\/li>\n<\/ol>\n<p>&nbsp;<\/p>\n<ul>\n<li>Colecci\u00f3n de belleza de gama alta y tienda de conceptos: en luces oscuras y enfocadas, su acabado mate negro y las ventanas de contenido brillantes pueden producir un fuerte efecto teatral, convirti\u00e9ndolas en las pantallas m\u00e1s llamativas en el mostrador.<\/li>\n<li>Creaci\u00f3n de contenido de redes sociales y difusi\u00f3n viral: La apariencia altamente impactante es un &#8220; im\u00e1n de tr\u00e1fico,&#8221; y es f\u00e1cil inspirar a los blogueros de belleza, entusiastas de la tecnolog\u00eda y dise\u00f1adores para crear puestos creativos, comentarios de comparaci\u00f3n o contenido como accesorios de moda.<\/li>\n<li>Regalos exclusivos para miembros y eventos: El embalaje exclusivo del producto de la marca&#8217; Los miembros de alto nivel o los regalos conjuntos de grandes eventos offline (como conferencias de prensa, festivales de m\u00fasica, exposiciones de arte) pueden mejorar en gran medida el tono del evento y el honor de los participantes.<\/li>\n<li>Un kit de herramientas port\u00e1til para profesionales: Si&#8217; Es un maquillador, colorista, ingeniero o artista, su aspecto profesional y portabilidad lo hacen una presencia segura en cualquier escenario de trabajo, una extensi\u00f3n de identidad profesional.<\/li>\n<li>Tiendas libres de derechos y canales minoristas de viajes: Como &#8220; tecnolog\u00eda de viajes&#8221;  or &#8220; destino limitado&#8221; productos, su forma \u00fanica y portabilidad son fatalmente atractivos para los viajeros.<\/li>\n<\/ul>","protected":false},"featured_media":4421,"comment_status":"closed","ping_status":"closed","template":"","meta":[],"product_brand":[],"product_cat":[34,45],"product_tag":[],"class_list":{"0":"post-4413","1":"product","2":"type-product","3":"status-publish","4":"has-post-thumbnail","6":"product_cat-facial-treatment","7":"product_cat-30-pe-plastic-tube","9":"first","10":"instock","11":"shipping-taxable","12":"purchasable","13":"product-type-simple"},"_links":{"self":[{"href":"https:\/\/www.hongyitube.com\/es\/wp-json\/wp\/v2\/product\/4413","targetHints":{"allow":["GET"]}}],"collection":[{"href":"https:\/\/www.hongyitube.com\/es\/wp-json\/wp\/v2\/product"}],"about":[{"href":"https:\/\/www.hongyitube.com\/es\/wp-json\/wp\/v2\/types\/product"}],"replies":[{"embeddable":true,"href":"https:\/\/www.hongyitube.com\/es\/wp-json\/wp\/v2\/comments?post=4413"}],"wp:featuredmedia":[{"embeddable":true,"href":"https:\/\/www.hongyitube.com\/es\/wp-json\/wp\/v2\/media\/4421"}],"wp:attachment":[{"href":"https:\/\/www.hongyitube.com\/es\/wp-json\/wp\/v2\/media?parent=4413"}],"wp:term":[{"taxonomy":"product_brand","embeddable":true,"href":"https:\/\/www.hongyitube.com\/es\/wp-json\/wp\/v2\/product_brand?post=4413"},{"taxonomy":"product_cat","embeddable":true,"href":"https:\/\/www.hongyitube.com\/es\/wp-json\/wp\/v2\/product_cat?post=4413"},{"taxonomy":"product_tag","embeddable":true,"href":"https:\/\/www.hongyitube.com\/es\/wp-json\/wp\/v2\/product_tag?post=4413"}],"curies":[{"name":"WP","href":"https:\/\/api.w.org\/{rel}","templated":true}]}}