{"id":4404,"date":"2026-01-27T15:50:46","date_gmt":"2026-01-27T07:50:46","guid":{"rendered":"https:\/\/www.hongyitube.com\/?post_type=product&#038;p=4404"},"modified":"2026-01-27T15:50:47","modified_gmt":"2026-01-27T07:50:47","slug":"%cf%8630mm-diameter-30-grams-ml-ultra-thin-pe-tubing-packaging-material-container-bottle-hongyi-plastic","status":"publish","type":"product","link":"https:\/\/www.hongyitube.com\/es\/product\/%cf%8630mm-diameter-30-grams-ml-ultra-thin-pe-tubing-packaging-material-container-bottle-hongyi-plastic\/","title":{"rendered":"\u03a630mm di\u00e1metro, 30 gramos \/ ml ultra-delgado material de envasado de tubos de PE \/ recipiente \/ botella - pl\u00e1stico Hongyi"},"content":{"rendered":"<ol>\n<li>Descripci\u00f3n del producto<\/li>\n<\/ol>\n<p>&nbsp;<\/p>\n<p>Este producto es una manguera el\u00edptica de PE con un di\u00e1metro de tubo de 30mm con una capacidad de 30 g \/ ml. Con &#8220; transparencia, autenticidad y modernidad&#8221; como su concepto central, est\u00e1 dise\u00f1ado para una nueva generaci\u00f3n de consumidores que aprecian la transparencia y la est\u00e9tica minimalista. El cuerpo utiliza un sustrato altamente transparente y est\u00e1 recubierto con un revestimiento mate de tono de piel extremadamente \u00fanico en la capa externa, creando un &#8220; semidesnudo&#8221; efecto visual muy avanzado e inclusivo. Lo m\u00e1s destacado del dise\u00f1o es que el cuerpo integra inteligentemente una ventana transparente brillante de 1,2 cm, como una ventana real, permitiendo visibilidad f\u00edsica y en color en el contenido. Toda la informaci\u00f3n del producto se presenta a trav\u00e9s de impresiones de seda negra transparente. Se combina de manera innovadora con un dise\u00f1o ultraplano de tapas moldeadas por inyecci\u00f3n o galvanizadas, lo que reduce dr\u00e1sticamente la altura general y presenta un contorno extremadamente moderno. Utilizando un material de prerelleno y un proceso de sellado de cola, el material es fuerte y soporta la compresi\u00f3n repetida para no deformarse, convirti\u00e9ndolo en un embalaje futurista que redefine &#8220; real visible&#8221;  and &#8220; est\u00e9tica port\u00e1til. &#8221;<\/p>\n<p>&nbsp;<\/p>\n<ol start=\"2\">\n<li>Material y artesan\u00eda de los productos<\/li>\n<\/ol>\n<p>&nbsp;<\/p>\n<ul>\n<li>Sustrato del cuerpo del tubo: alta transparencia, baja movilidad del material PE de grado alimenticio \/ farmac\u00e9utico para garantizar la seguridad y la estabilidad del contenido.<\/li>\n<li>Procesos de recubrimiento b\u00e1sicos: Los recubrimientos mate de tono de piel para aplicaciones innovadoras son clave. En lugar de una cubierta opaca, forma una pel\u00edcula flexible muy delicada en el tubo transparente, simulando la textura y el brillo de la piel sana, el tacto sedoso y la prueba de huellas digitales, y la dificultad del proceso y la elegancia coexisten.<\/li>\n<li>Proceso de ventana: mediante un c\u00e1lculo preciso, el l\u00e1ser o el corte a matriz en el recubrimiento se reserva para una ventana transparente de 1,2 cm, el borde est\u00e1 limpio y la superficie mate forma un contraste de textura, sin riesgo de fugas.<\/li>\n<li>Protecci\u00f3n ambiental y seguridad: Todos los materiales cumplen con las normas internacionales de seguridad (por ejemplo, FDA, REACH). El dise\u00f1o de la cubierta ultraplana y reciclable de PE reduce el uso de pl\u00e1stico y refleja el pensamiento de dise\u00f1o sostenible.<\/li>\n<\/ul>\n<p>&nbsp;<\/p>\n<ol start=\"3\">\n<li>Uso recomendado del producto<\/li>\n<\/ol>\n<p>&nbsp;<\/p>\n<p>La industria de la belleza y el cuidado de la piel<\/p>\n<p>&nbsp;<\/p>\n<ul>\n<li>Mujeres&#8217; Mercado: Perfecto para productos de correcci\u00f3n de color (como la pr\u00f3polis de maquillaje p\u00farpura \/ verde), fundaciones ligeras, cremas para la piel y corrector. The &#8220; tono de piel brillante&#8221; cuerpo est\u00e1 en armon\u00eda con el tono de la piel, y la ventana transparente permite a los consumidores ver el color de yeso directamente, resolviendo perfectamente el punto de dolor de la selecci\u00f3n ciega de los n\u00fameros de color en la compra en l\u00ednea. La cubierta ultraplana es f\u00e1cil de encajar en una bolsa delgada de maquillaje.<\/li>\n<li>Hombres&#8217; s mercado: para hombres&#8217; s crema BB, correccionador local, esencia de manchas ligeras. El cuerpo de tono de piel y el dise\u00f1o de la cubierta ultraplana no tienen polvuridad, transmitiendo la imagen de un hombre moderno que es pragm\u00e1tico, eficiente y consciente de la apariencia, y el dise\u00f1o de la ventana agrega una base racional para la selecci\u00f3n de productos.<\/li>\n<li>Ni\u00f1os&#8217; s Mercado: embalaje para ni\u00f1os&#8217; actuaciones utilizando cosm\u00e9ticos de color suave (como fundaciones) y protector solar. El dise\u00f1o de la ventana permite a los padres ver el estado del producto de un vistazo, y la textura piel a piel se ve m\u00e1s suave y segura.<\/li>\n<\/ul>\n<p>&nbsp;<\/p>\n<p>Ung\u00fcentos m\u00e9dicos<\/p>\n<p>&nbsp;<\/p>\n<ul>\n<li>Se utiliza en cremas de detecci\u00f3n de la piel (como cremas de cobertura de cicatrices), cremas t\u00f3picas para la cara, geles de restauraci\u00f3n de color. La ventana muestra la uniformidad de la crema, el tubo de color de la piel reduce la &#8220; sentimiento enfermo&#8221; de cremas tradicionales, y la cubierta ultraplana hace que sea f\u00e1cil de llevar en el bolsillo, mejorando la comodidad y la privacidad.<\/li>\n<\/ul>\n<p>&nbsp;<\/p>\n<p>La industria de agentes de mantenimiento mec\u00e1nico<\/p>\n<p>&nbsp;<\/p>\n<ul>\n<li>Pel\u00edcula conductora separada y grasa especial para instrumentos electr\u00f3nicos de precisi\u00f3n (el color es uno de los indicadores). La ventana puede mostrar directamente la textura y la uniformidad del producto, lo que es una prueba intuitiva de calidad. El dise\u00f1o ultraplano hace que el embalaje sea extremadamente pr\u00e1ctico al ocupar un espacio m\u00ednimo en una caja de herramientas o un bolsillo de traje de trabajo.<\/li>\n<\/ul>\n<p>&nbsp;<\/p>\n<p>Industria de pigmentos qu\u00edmicos industriales<\/p>\n<p>&nbsp;<\/p>\n<ul>\n<li>Para pigmentos de tono de piel, efectos especiales geles transparentes, pinturas de modelo. El tubo de color de la piel en s\u00ed es una maravillosa pista de color, la ventana transparente se convierte en la mejor etapa para mostrar el producto&#8217; caracter\u00edsticas, y las cubiertas ultra planas facilitan el embalaje limpio.<\/li>\n<\/ul>\n<p>&nbsp;<\/p>\n<ol start=\"4\">\n<li>Caracter\u00edsticas del producto<\/li>\n<\/ol>\n<p>&nbsp;<\/p>\n<ul>\n<li>Innovador &#8220; desnudez est\u00e9tica&#8221; Los revestimientos de tono de piel cambian la l\u00f3gica visual de los tubos de color tradicionales transparentes o puros, creando un alto nivel de turbidez entre lo visible y lo invisible, entregando una filosof\u00eda de producto que es &#8220; infundido con la piel, &#8221;  &#8220; natural. &#8221;<\/li>\n<li>&#8220; Ventanas de la verdad&#8221; que aumentan la confianza: La ventana transparente de 1,2 cm no es una simple apertura, sino un dise\u00f1o &#8220; \u00e1rea de enfoque. &#8221; Invita a los consumidores a probar la textura, el color y la pureza del contenido de una manera segura y es la herramienta m\u00e1s poderosa para construir la honestidad de la marca.<\/li>\n<li>Extremo &#8220; plano y port\u00e1til&#8221; dise\u00f1o: La cubierta ultraplana es el n\u00facleo est\u00e9tico funcional de este producto. Reduce significativamente la altura general y el volumen del envase, lo que le permite deslizarse f\u00e1cilmente en cualquier espacio peque\u00f1o, perfectamente adecuado para el desplazamiento urbano y los escenarios de viajes, y representa el &#8220; cerca de la redundancia&#8221; esp\u00edritu de dise\u00f1o moderno.<\/li>\n<li>Equilibrio preciso de capacidad y textura: la capacidad de 30g es la especificaci\u00f3n de oro de esencia de gama alta o l\u00ednea de producci\u00f3n exclusiva, con di\u00e1metro de 30mm y recubrimiento especial, el sentido del peso y la delicadeza coexisten en la mano.<\/li>\n<\/ul>\n<p>&nbsp;<\/p>","protected":false},"excerpt":{"rendered":"<ol>\n<li>Dise\u00f1o del cuerpo del producto<\/li>\n<\/ol>\n<p>&nbsp;<\/p>\n<ul>\n<li>La filosof\u00eda del color y la textura: el tono de la piel es un &#8220; no color&#8221; con una sensaci\u00f3n muy inclusiva y moderna. No define el g\u00e9nero, no hace hincapi\u00e9 en la edad, y est\u00e1 dise\u00f1ado para coexistir armoniosamente con cualquier entorno y usuario, y es un color de fondo avanzado.<\/li>\n<li>Arte de la composici\u00f3n de ventanas funcionales: La ubicaci\u00f3n y el tama\u00f1o de las ventanas est\u00e1n cuidadosamente dise\u00f1ados para asegurarse de que est\u00e1n en el foco visual cuando se manejan normalmente. Es tanto un componente funcional como un elemento de dise\u00f1o que rompe la superficie plana del deslumbramiento y agrega niveles visuales e interesante.<\/li>\n<li>Presentaci\u00f3n m\u00ednima a nivel de informaci\u00f3n: Sobre un fondo de piel borrosa, negro de alto contraste sin serifa garantiza que todas las regulaciones e informaci\u00f3n del producto sean claramente legibles, implementando el principio de dise\u00f1o modernista de &#8220; La forma sigue a la funci\u00f3n. &#8221;<\/li>\n<li>La forma final de la tapa: La tapa hiperplana no es solo la tapa, sino tambi\u00e9n el final del lenguaje de forma general. Permite que la silueta de la manguera sea bien atada en el extremo, completando la transformaci\u00f3n de un objeto pr\u00e1ctico a un producto de dise\u00f1o.<\/li>\n<\/ul>\n<p>&nbsp;<\/p>\n<p>2. ventajas del producto<\/p>\n<p>&nbsp;<\/p>\n<ul>\n<li>Construye la prueba definitiva de confianza para &#8220; transparencia del contenido&#8221; En mercados extranjeros dominados por &#8220; partidos de contenido&#8221; y consumo racional, ventanas transparentes proporcionan prueba irrefutable de toda la marca&#8217; afirmaciones sobre la textura, el color y la pureza, lo que reduce significativamente el riesgo de decisi\u00f3n del consumidor.<\/li>\n<li>Para crear un ethos de marca de alto nivel y neutral: &#8220; tono de piel&#8221;  and &#8220; dise\u00f1o ultra plano&#8221; Se combinan para crear un sentido tranquilo, profesional y ruidoso de lujo moderno que atrae ampliamente a los consumidores maduros, tanto hombres como mujeres, que buscan alta calidad y buen dise\u00f1o.<\/li>\n<li>Abordar los puntos de dolor del escenario de uso principal: La revoluci\u00f3n port\u00e1til tra\u00edda por la cubierta ultraplana golpe\u00f3 directamente los puntos de dolor de las personas urbanas. s &#8220; ansiedad del espacio de la bolsa,&#8221; Cambiar el producto de &#8220; probablemente necesitado&#8221;  to &#8220; port\u00e1til y agradable de usar. &#8221;<\/li>\n<li>Fuerte gen de comunicaci\u00f3n en redes sociales: El &#8220; dise\u00f1o de ventana abierta&#8221; y la textura \u00fanica son altamente t\u00f3picas y fotogr\u00e1ficas, inspirando f\u00e1cilmente a los usuarios para crear contenido de redes sociales con temas como &#8220; cajas abiertas,&#8221;  &#8220; contraste, &#8221;  &#8220; art\u00edculos de viaje,&#8221; Formar una comunicaci\u00f3n espont\u00e1nea.<\/li>\n<\/ul>\n<p>&nbsp;<\/p>\n<ol start=\"3\">\n<li>Escenarios de uso del producto<\/li>\n<\/ol>\n<p>&nbsp;<\/p>\n<ul>\n<li>Sitios web de comercio electr\u00f3nico de belleza de gama alta y de marca DTC: Al vender en l\u00ednea, la textura del producto en la imagen de alta definici\u00f3n y el primer plano de v\u00eddeo &#8220; ventana&#8221; puede compensar en gran medida la deficiencia del tacto intangible, mejorar significativamente la tasa de conversi\u00f3n y reducir la tasa de retorno debido a los n\u00fameros de color incorrectos.<\/li>\n<li>Una cosa imprescindible para viajar y desplazarse: el dise\u00f1o de la cubierta ultraplana lo convierte en el portador perfecto de productos de cuidado de la piel o de cuidado personal para personas de negocios. s bolsos de viaje, mujeres&#8217; s bolsas de desplazamiento, y bolsas de entrenamiento de fitness, maximizando el espacio.<\/li>\n<li>Representantes visuales de estilos de vida minimalistas: en exhibici\u00f3n de hogares modernos, escritorios de cuidado personal o \u201c\u00bfQu\u00e9 hay en mi bolso?\u201d Al esperar contenido, su dise\u00f1o puede integrarse naturalmente y convertirse en una extensi\u00f3n del propietario&#8217; El sabor est\u00e9tico.<\/li>\n<li>Un kit de herramientas para maquilladores profesionales y blogueros de belleza: Para los profesionales que necesitan distinguir con precisi\u00f3n el color y la textura del producto, el dise\u00f1o de la ventana proporciona una gran comodidad, y el envase ultraplano ahorra espacio valioso para kits de maquillaje profesionales.<\/li>\n<li>Suplementos dise\u00f1ados de manera sostenible: como envases para n\u00facleos de reemplazo o suplementos para productos de lujo, su dise\u00f1o moderno y minimalista hace que los consumidores est\u00e9n dispuestos a retenerlos y reutilizarlos, apoyando patrones de consumo ecol\u00f3gicos.<\/li>\n<\/ul>","protected":false},"featured_media":4406,"comment_status":"closed","ping_status":"closed","template":"","meta":[],"product_brand":[],"product_cat":[34,45],"product_tag":[],"class_list":{"0":"post-4404","1":"product","2":"type-product","3":"status-publish","4":"has-post-thumbnail","6":"product_cat-facial-treatment","7":"product_cat-30-pe-plastic-tube","9":"first","10":"instock","11":"shipping-taxable","12":"purchasable","13":"product-type-simple"},"_links":{"self":[{"href":"https:\/\/www.hongyitube.com\/es\/wp-json\/wp\/v2\/product\/4404","targetHints":{"allow":["GET"]}}],"collection":[{"href":"https:\/\/www.hongyitube.com\/es\/wp-json\/wp\/v2\/product"}],"about":[{"href":"https:\/\/www.hongyitube.com\/es\/wp-json\/wp\/v2\/types\/product"}],"replies":[{"embeddable":true,"href":"https:\/\/www.hongyitube.com\/es\/wp-json\/wp\/v2\/comments?post=4404"}],"wp:featuredmedia":[{"embeddable":true,"href":"https:\/\/www.hongyitube.com\/es\/wp-json\/wp\/v2\/media\/4406"}],"wp:attachment":[{"href":"https:\/\/www.hongyitube.com\/es\/wp-json\/wp\/v2\/media?parent=4404"}],"wp:term":[{"taxonomy":"product_brand","embeddable":true,"href":"https:\/\/www.hongyitube.com\/es\/wp-json\/wp\/v2\/product_brand?post=4404"},{"taxonomy":"product_cat","embeddable":true,"href":"https:\/\/www.hongyitube.com\/es\/wp-json\/wp\/v2\/product_cat?post=4404"},{"taxonomy":"product_tag","embeddable":true,"href":"https:\/\/www.hongyitube.com\/es\/wp-json\/wp\/v2\/product_tag?post=4404"}],"curies":[{"name":"WP","href":"https:\/\/api.w.org\/{rel}","templated":true}]}}