{"id":4309,"date":"2026-01-13T19:01:51","date_gmt":"2026-01-13T11:01:51","guid":{"rendered":"https:\/\/www.hongyitube.com\/?post_type=product&#038;p=4309"},"modified":"2026-01-13T19:01:51","modified_gmt":"2026-01-13T11:01:51","slug":"%cf%8619-colorful-russian-doll-equipped-with-a-removable-transparent-short-angle-silicone-transparent-strap-thin-comb-and-lip-tube-hongyi-plastic","status":"publish","type":"product","link":"https:\/\/www.hongyitube.com\/es\/product\/%cf%8619-colorful-russian-doll-equipped-with-a-removable-transparent-short-angle-silicone-transparent-strap-thin-comb-and-lip-tube-hongyi-plastic\/","title":{"rendered":"\u03a619 Mu\u00f1eca rusa colorida, equipada con una correa transparente extra\u00edble de silicona de \u00e1ngulo corto, peine delgado y tubo de labios &#8211; pl\u00e1stico Hongyi"},"content":{"rendered":"<p>Mu\u00f1eca rusa colorida de pl\u00e1stico Hongyi con tubo de labio de silicona de \u00e1ngulo largo transparente reemplazable, llenando Capacity10ml-15ml \/ 0.34-0.51fl.oz.<\/p>\n<p>Se trata de un producto de cuidado labial de gama alta que combina est\u00e9tica art\u00edstica con dise\u00f1o innovador y pr\u00e1ctico. Se separa del b\u00e1lsamo labial tradicional&#8217; s forma mon\u00f3tona, con un refinado &#8220; tubo blanco con mu\u00f1eca de anidaci\u00f3n rusa impresa&#8221; cuerpo que alberga esencia nutritiva. Adem\u00e1s, emplea de manera innovadora una cabeza de masaje de silicona transparente extra\u00edble y reemplazable, proporcionando una experiencia de cuidado labial lujosa, placentera, eficiente y ecol\u00f3gica. Con cada uso, no se trata solo de nutrir los labios, sino tambi\u00e9n de un placer art\u00edstico con el que jugar.<\/p>\n<p>Forma \u00fanica: tubo de labio circular de di\u00e1metro est\u00e1ndar de 19 mm, se siente c\u00f3modo, se mantenga estable. El dise\u00f1o cl\u00e1sico de apertura (el extremo se puede girar y a menudo se utiliza para llenar o mostrar la estructura interna) agrega una sensaci\u00f3n de destreza y diversi\u00f3n al producto.<\/p>\n<ul>\n<li>Patrones art\u00edsticos: El cuerpo es completamente blanco, y el colorido y adorable patr\u00f3n de mu\u00f1eca rusa se presenta v\u00edvidamente en la parte superior a trav\u00e9s de la tecnolog\u00eda de impresi\u00f3n offset de alta calidad. El patr\u00f3n tiene un alto grado de saturaci\u00f3n y no es f\u00e1cil de caer. Cada uno es como una obra de arte en miniatura, exquisita y extraordinaria.<\/li>\n<li>La sensaci\u00f3n del material de la bolsa: El propio material de tubo blanco tiene una textura delicada, que contrasta agudamente con el colorido patr\u00f3n de mu\u00f1eca, y tiene un fuerte impacto visual, que tiene un gran valor de identificaci\u00f3n y recolecci\u00f3n.<\/li>\n<\/ul>\n<p>&nbsp;<\/p>\n<ol start=\"2\">\n<li>Tubos labiales innovadores: la experiencia de masaje de lujo<\/li>\n<\/ol>\n<p>&nbsp;<\/p>\n<ul>\n<li>Destacados principales: cabeza de silicona de calidad alimentaria de color transparente de colocaci\u00f3n, piel de textura suave, bomba t\u00e1ctil Q. Su caracter\u00edstica m\u00e1s grande es el dise\u00f1o extra\u00edble y de reemplazo, que resuelve los puntos de dolor de la higiene tradicional integrada de la cabeza del cepillo de labios que son dif\u00edciles de limpiar a fondo, y es conveniente para los usuarios reemplazar, lo que lo hace m\u00e1s higi\u00e9nico y respetuoso con el medio ambiente.<\/li>\n<li>Dise\u00f1o del cuello: El sistema de revestimiento dentro del tubo labial utiliza una inclinaci\u00f3n corta transparente para garantizar la entrega precisa y cuantitativa del suero y evitar el desperdicio. El sacacorchos est\u00e1 conectado a un peine delgado (cepillo con un amplio espacio de dientes de peine), un dise\u00f1o que hace que sea f\u00e1cil sumergirse en la cantidad adecuada de aceite esencial y aplicarse perfectamente al contorno del labio para una cobertura uniforme.<\/li>\n<li>Protecci\u00f3n completa: Equipado con una cubierta exterior transparente del mismo sistema de color que la cabeza de silicona transparente, est\u00e1 bien cerrado para prevenir eficazmente la fuga de suero y la contaminaci\u00f3n, mientras mantiene el producto&#8217; Consistencia visual y permeabilidad.<\/li>\n<\/ul>\n<p>&nbsp;<\/p>\n<ol start=\"3\">\n<li>Material de los productos: seguridad y garant\u00eda de calidad<\/li>\n<\/ol>\n<p>&nbsp;<\/p>\n<ul>\n<li>Cuerpo: pl\u00e1stico de buena calidad, fuerte y duradero.<\/li>\n<li>Impresi\u00f3n: impresi\u00f3n de tinta respetuosa con el medio ambiente, colores brillantes y segura.<\/li>\n<li>Cabeza de tubo labial: gel de s\u00edlice l\u00edquido (LSR) de calidad alimentaria, no t\u00f3xico e ins\u00edpido, suave y suave, no al\u00e9rgico, absolutamente seguro para el contacto con la piel de los labios.<\/li>\n<li>Sistema de enchufe interior: PP \/ PE y otros materiales pl\u00e1sticos seguros, buena compatibilidad con l\u00edquido refinado<\/li>\n<\/ul>\n<p><strong><b>Recomendado<\/b><\/strong><strong><b>\u00a0<\/b><\/strong><strong><b>Aplicaciones:<\/b><\/strong><strong><b>\u00a0\u00a0\u00a0\u00a0\u00a0\u00a0\u00a0\u00a0\u00a0\u00a0\u00a0\u00a0\u00a0\u00a0\u00a0\u00a0\u00a0\u00a0\u00a0\u00a0\u00a0\u00a0\u00a0\u00a0\u00a0\u00a0\u00a0\u00a0\u00a0\u00a0\u00a0\u00a0\u00a0\u00a0\u00a0\u00a0\u00a0\u00a0\u00a0\u00a0<\/b><\/strong><\/p>\n<ul>\n<li>Botella de embalaje de cuidado labial diario en movimiento \/ botella dispensadora port\u00e1til: Compacta y port\u00e1til, se puede colocar en una bolsa de maquillaje, proporcionando un aumento instant\u00e1neo de humedad para los labios secos. Tambi\u00e9n se puede usar como base para el l\u00e1piz labial para garantizar un aspecto labial m\u00e1s fluido y duradero.<\/li>\n<li>Embalaje botella \/ botella dispensadora port\u00e1til para reparaci\u00f3n intensiva de labios nocturnos: Aplique una capa gruesa antes de acostarse y masajee; usarlo como una m\u00e1scara labial nocturna para despertarse con &#8220; beb\u00e9-como&#8221; labios gordos e hidratados.<\/li>\n<li>Rescate previo al maquillaje: alisar r\u00e1pidamente las l\u00edneas de los labios antes de aplicar maquillaje para crear un lienzo liso para los labios.<\/li>\n<li>Botella de embalaje de regalo de cuidado de labios \/ botella port\u00e1til en miniatura: su alto atractivo est\u00e9tico y dise\u00f1o \u00fanico lo hacen un excelente regalo para amigos cercanos, parejas rom\u00e1nticas o miembros de la familia. Simboliza &#8220; capturar la belleza y capturar la felicidad,&#8221; Haci\u00e9ndolo un regalo reflexivo.<\/li>\n<li>Mini botella de embalaje de cuidado de labios \/ botella dispensadora port\u00e1til para viajes: el dise\u00f1o recargable es particularmente adecuado para viajes largos, ya que elimina la necesidad de llevar todo el producto; en su lugar, solo trae la cabeza de recarga o el tubo de esencia, lo que lo hace ligero e higi\u00e9nico.<\/li>\n<\/ul>\n<p>Nuestro material de envasado es adecuado para llenar una variedad de productos l\u00edquidos o de pasta de viscosidad media a alta, como:<\/p>\n<p>&nbsp;<\/p>\n<ul>\n<li>Botellas de embalaje de brillo labial de cristal y b\u00e1lsamo labial\/envases desechables\/envases llenables<\/li>\n<li>Embalaje de b\u00e1lsamo labial brillante botella\/recipiente desechable\/recipiente llenable<\/li>\n<li>Botella de envasado de l\u00e1piz labial l\u00edquido \/ recipiente desechable \/ recipiente llenable<\/li>\n<li>Botella l\u00edquida de mejora de labios\/envase de embalaje dividido\/envase de llenado<\/li>\n<li>Botella de envasado l\u00edquido de resaltador local\/recipiente desechable\/recipiente llenable<\/li>\n<li><strong><b>Atributos del producto<\/b><\/strong>\n<ul>\n<li>Ventaja uno: higi\u00e9nico y reemplazable, liderando la nueva tendencia de protecci\u00f3n del medio ambiente<\/li>\n<li>Caracter\u00edstica: La cabeza de silicona es extra\u00edble y reemplazable.<\/li>\n<li>Ventajas: Los usuarios pueden comprar cabezales de reemplazo por separado, lo que lo hace m\u00e1s econ\u00f3mico para el uso a largo plazo; previene la contaminaci\u00f3n secundaria causada por el crecimiento bacteriano en la cabeza del cepillo, garantizando una experiencia de cuidado de la piel m\u00e1s segura; y reduce la cantidad de residuos de envases, contribuyendo a la conservaci\u00f3n del medio ambiente.<\/li>\n<li>Ventaja Dos: Masaje eficiente para mejorar la absorci\u00f3n<\/li>\n<li>Caracter\u00edsticas: Cabeza de masaje de silicona transparente y rebotante, inserto interior delgado de estilo peine.<\/li>\n<li>Ventajas: El efecto de masaje de la cabeza de silicona estimula la circulaci\u00f3n sangu\u00ednea en los labios, ayudando a los ingredientes esenciales a penetrar m\u00e1s profundamente, haciendo que los resultados del cuidado labial sean mucho m\u00e1s eficaces. El dise\u00f1o de dientes finos garantiza una aplicaci\u00f3n suave y sin esfuerzo.<\/li>\n<li>Ventajas Tres: Apelaci\u00f3n est\u00e9tica \u00fanica, que refleja el estilo personal<\/li>\n<li>Caracter\u00edsticas: Dise\u00f1o impreso al estilo Matryoshka ruso.<\/li>\n<li>Ventajas: Aspecto \u00fanico, lleno de encanto ex\u00f3tico y sensaci\u00f3n art\u00edstica; no solo una herramienta de cuidado de la piel, sino tambi\u00e9n un accesorio de moda que satisface a los consumidores&#8217; deseo de productos est\u00e9ticamente agradables; Adecuado para compartir fotos.<\/li>\n<li>Ventaja Cuatro: Artesan\u00eda en el dise\u00f1o, Atenci\u00f3n al detalle<\/li>\n<li>Caracter\u00edsticas: Dise\u00f1o abierto, tap\u00f3n inclinado corto transparente, cubierta de colores a juego.<\/li>\n<li>Ventajas: El dise\u00f1o abierto refleja una meticulosa artesan\u00eda; el sistema de sellado interno preciso garantiza la estabilidad del producto y la facilidad de uso; el dise\u00f1o integrado de la cubierta mejora la calidad est\u00e9tica general.<\/li>\n<\/ul>\n<\/li>\n<\/ul>","protected":false},"excerpt":{"rendered":"<ul>\n<li><b><\/b><strong><b>Dise\u00f1o del cuerpo del tubo<\/b><\/strong>.<\/li>\n<\/ul>\n<p>El dise\u00f1o de la carrocer\u00eda es el alma de este producto, que combina con \u00e9xito el arte nacional, la artesan\u00eda pr\u00e1ctica y el inter\u00e9s de la moda, creando una rica experiencia visual y t\u00e1ctil entre 19 mm de pulgadas cuadradas.<\/p>\n<ol>\n<li>Forma y estructura: extremo cl\u00e1sico, artesan\u00eda<\/li>\n<\/ol>\n<ul>\n<li>Di\u00e1metro est\u00e1ndar para un agarre c\u00f3modo: cuerpo redondo de 19 mm, tama\u00f1o oro probado en el mercado. Consistente en un grosor moderado, se ve justo si&#8217; s aplicado con una mano o en una bolsa de maquillaje, proporcionando un agarre estable y c\u00f3modo.<\/li>\n<li>El toque final: dise\u00f1o de extremo abierto: el extremo del tubo adopta una estructura \u00fanica de extremo abierto (Twist-up Open End), que no solo es un reflejo del proceso de envasado, sino que tambi\u00e9n da al producto valor adicional:<\/li>\n<li>S\u00edmbolos del proceso: El dise\u00f1o de apertura es m\u00e1s complejo que el proceso de sellado ordinario y generalmente se ve en productos de gama media a alta, lo que implica la extraordinaria calidad inherente a ellos.<\/li>\n<li>Divertido e interactivo: Los consumidores pueden girar la cola para ver visualmente la cantidad de suero, satisfaciendo la necesidad psicol\u00f3gica de saber qu\u00e9 hacer, saber qu\u00e9 ahorrar y aumentar la sensaci\u00f3n de interacci\u00f3n y control durante el uso.<\/li>\n<li>Implicaciones ambientales: Esta estructura abierta deja espacio de dise\u00f1o para posibles sustituciones futuras (solo la compra de n\u00facleos internos para llenar), transmitiendo sutilmente una filosof\u00eda ambiental.<\/li>\n<\/ul>\n<ol start=\"2\">\n<li>Artes Visuales: Splash mu\u00f1ecas, saltar en el tubo<\/li>\n<\/ol>\n<ul>\n<li>Lenzo puro: color del tubo blanco: El cuerpo del tubo est\u00e1 compuesto de un material de alta blancura como sustrato. Este blanco puro es como un lienzo de alto nivel que puede maximizar los colores brillantes del patr\u00f3n de mu\u00f1eca rusa, creando un fuerte impacto visual y haciendo que el producto destaque en los estantes.<\/li>\n<li>Patrones de alma: Mu\u00f1ecas rusas coloridas:<\/li>\n<li>Implicaciones culturales: las mu\u00f1ecas rusas simbolizan el parto, la familia y la cosecha, y las capas de mu\u00f1ecas simbolizan la sorpresa y el tesoro. Aplicar este elemento al cuidado labial es una met\u00e1fora ingeniosa de los beneficios de un producto que &#8220; nutre capas y flores en su belleza. &#8221;<\/li>\n<li>Precisi\u00f3n del proceso: tecnolog\u00eda de litograf\u00eda: t\u00e9cnicas de litograf\u00eda de alta calidad restaurar cada detalle de la mu\u00f1eca&#8217; s patr\u00f3n &#8211; de ricos patrones de vestido \u00e9tnico a expresiones faciales delicadas &#8211; clara y precisa. Alto grado de saturaci\u00f3n, borde claro, excelente resistencia al desgaste, aseg\u00farese de que el patr\u00f3n sea siempre brillante como nuevo.<\/li>\n<li>Estereo y valor coleccionable: Cada patr\u00f3n de mu\u00f1eca es independiente y completo, haciendo de la mu\u00f1eca una obra de arte miniaturizada, que es muy apreciada y coleccionable, mucho m\u00e1s all\u00e1 del alcance de los productos de cuidado de la piel ordinarios.<\/li>\n<\/ul>\n<ol start=\"3\">\n<li>Coordinaci\u00f3n general: alineaci\u00f3n perfecta con los tubos labiales<\/li>\n<\/ol>\n<ul>\n<li>Balance de color: El cuerpo blanco y colorido forma un perfecto equilibrio visual con la cabeza de silicona transparente y la tapa exterior transparente del mismo color. El elemento transparente debilita el &#8220; sentido desbordante&#8221; que el motivo corporal puede aportar, agrega un lenguaje visual transparente, fresco y de alta tecnolog\u00eda, evita que el dise\u00f1o general sea demasiado infantil y est\u00e1 m\u00e1s en l\u00ednea con la est\u00e9tica adulta.<\/li>\n<li>Integraci\u00f3n del dise\u00f1o: Cuando la tapa se combina con el cuerpo, forma un cilindro completo, y el patr\u00f3n hula est\u00e1 en el centro visual cuando la tapa est\u00e1 cerrada, lo que hace que el dise\u00f1o sea extremadamente hol\u00edstico. Cuando se abre, el cuerpo del tubo blanco forma un contraste de color y textura con la cabeza de masaje transparente, y el proceso de uso est\u00e1 lleno de ritual.<\/li>\n<\/ul>\n<p>El producto&#8217; El dise\u00f1o de la carrocer\u00eda es mucho m\u00e1s que un contenedor. Es un veh\u00edculo con una historia, un proceso y una temperatura. El tubo de cola abierta de 19 mm establece el tono de practicidad y refinamiento, mientras que el colorido patr\u00f3n de impresi\u00f3n offset Matryoshka ruso infunde el alma art\u00edstica y la conexi\u00f3n emocional. No es solo un vaso para mostrar la esencia, sino tambi\u00e9n un accesorio de moda en manos de los consumidores que pueden mostrar personalidad y traer un estado de \u00e1nimo agradable. Este tipo de dise\u00f1o ha tenido \u00e9xito en la elevaci\u00f3n de productos de &#8220; suministros&#8221;  to &#8220; juguetes&#8221;  and &#8220; colecciones,&#8221; mejorando en gran medida el valor a\u00f1adido y el atractivo de Huawei&#8217; productos S.<\/p>\n<p><strong>Ventajas del producto:<\/strong><\/p>\n<p>Ventaja 1: higi\u00e9nico y reemplazable, liderando la nueva tendencia de protecci\u00f3n ambiental.<\/p>\n<ul>\n<li>Caracter\u00edstica: La cabeza de silicona es extra\u00edble y reemplazable.<\/li>\n<li>Ventajas: Los usuarios pueden comprar cabezales de reemplazo por separado, lo que lo hace m\u00e1s econ\u00f3mico para el uso a largo plazo; previene la contaminaci\u00f3n secundaria causada por el crecimiento bacteriano en la cabeza del cepillo, garantizando una experiencia de cuidado de la piel m\u00e1s segura; y reduce la cantidad de residuos de envases, contribuyendo a la conservaci\u00f3n del medio ambiente.<\/li>\n<li>Ventaja Dos: Masaje eficiente para mejorar la absorci\u00f3n<\/li>\n<li>Caracter\u00edsticas: Cabeza de masaje de silicona transparente y rebotante, inserto interior delgado de estilo peine.<\/li>\n<li>Ventajas: El efecto de masaje de la cabeza de silicona estimula la circulaci\u00f3n sangu\u00ednea en los labios, ayudando a los ingredientes esenciales a penetrar m\u00e1s profundamente, haciendo que los resultados del cuidado labial sean mucho m\u00e1s eficaces. El dise\u00f1o de dientes finos garantiza una aplicaci\u00f3n suave y sin esfuerzo.<\/li>\n<li>Ventajas Tres: Apelaci\u00f3n est\u00e9tica \u00fanica, que refleja el estilo personal<\/li>\n<li>Caracter\u00edsticas: Dise\u00f1o impreso al estilo Matryoshka ruso.<\/li>\n<li>Ventajas: Aspecto \u00fanico, lleno de encanto ex\u00f3tico y sensaci\u00f3n art\u00edstica; no solo una herramienta de cuidado de la piel, sino tambi\u00e9n un accesorio de moda que satisface a los consumidores&#8217; deseo de productos est\u00e9ticamente agradables; Adecuado para compartir fotos.<\/li>\n<li>Ventaja Cuatro: Artesan\u00eda en el dise\u00f1o, Atenci\u00f3n al detalle<\/li>\n<li>Caracter\u00edsticas: Dise\u00f1o abierto, tap\u00f3n inclinado corto transparente, cubierta de colores a juego.<\/li>\n<li>Ventajas: El dise\u00f1o abierto refleja una meticulosa artesan\u00eda; el sistema de sellado interno preciso garantiza la estabilidad del producto y la facilidad de uso; el dise\u00f1o integrado de la cubierta mejora la calidad est\u00e9tica general.<\/li>\n<\/ul>\n<p><b><\/b><strong>Escenarios de aplicaci\u00f3n para el producto:<\/strong><\/p>\n<ul>\n<li>Botella de tubo blando de cuidado labial diario en movimiento \/ botella de embalaje \/ recipiente desechable: Compacto y port\u00e1til, se puede colocar en una bolsa de maquillaje. Se puede usar para reponer la humedad para los labios secos, servir como base para el l\u00e1piz labial y hacer que el maquillaje labial se vea m\u00e1s sin costuras y de larga duraci\u00f3n.<\/li>\n<li>Botella de tubo \/ botella de envasado \/ recipiente desechable para reparaci\u00f3n intensiva de labios nocturnos: Aplique una capa gruesa antes de acostarse y masajee; usarlo como una m\u00e1scara labial nocturna para despertarse con &#8220; beb\u00e9-como&#8221; labios gordos e hidratados.<\/li>\n<li>Botella de tubo suave cosm\u00e9tico \/ botella de envasado \/ recipiente desechable para uso de emergencia antes del maquillaje: suavize r\u00e1pidamente las arrugas labiales antes de aplicar maquillaje para crear un lienzo liso para los labios.<\/li>\n<li>Botella de tubo suave especial \/ botella de embalaje \/ recipiente de dispensaci\u00f3n para regalar: Su alto atractivo est\u00e9tico y dise\u00f1o \u00fanico lo hacen una excelente elecci\u00f3n como regalo para amigos cercanos, parejas rom\u00e1nticas o miembros de la familia. Simboliza &#8220; capturar la belleza y capturar la felicidad,&#8221; Haci\u00e9ndolo un regalo reflexivo.<\/li>\n<li>Contenedores de tama\u00f1o de viaje, port\u00e1tiles y recargables: El dise\u00f1o recargable es particularmente conveniente para viajes largos, ya que no&#8217; t necesidad de llevar todo el producto; en su lugar, puede traer solo la cabeza de recarga o el tubo de esencia, lo que lo hace ligero e higi\u00e9nico.<\/li>\n<\/ul>","protected":false},"featured_media":4312,"comment_status":"closed","ping_status":"closed","template":"","meta":[],"product_brand":[],"product_cat":[33,27],"product_tag":[],"class_list":{"0":"post-4309","1":"product","2":"type-product","3":"status-publish","4":"has-post-thumbnail","6":"product_cat-lip-care","7":"product_cat-makeup-plastic-tube","9":"first","10":"instock","11":"shipping-taxable","12":"purchasable","13":"product-type-simple"},"_links":{"self":[{"href":"https:\/\/www.hongyitube.com\/es\/wp-json\/wp\/v2\/product\/4309","targetHints":{"allow":["GET"]}}],"collection":[{"href":"https:\/\/www.hongyitube.com\/es\/wp-json\/wp\/v2\/product"}],"about":[{"href":"https:\/\/www.hongyitube.com\/es\/wp-json\/wp\/v2\/types\/product"}],"replies":[{"embeddable":true,"href":"https:\/\/www.hongyitube.com\/es\/wp-json\/wp\/v2\/comments?post=4309"}],"wp:featuredmedia":[{"embeddable":true,"href":"https:\/\/www.hongyitube.com\/es\/wp-json\/wp\/v2\/media\/4312"}],"wp:attachment":[{"href":"https:\/\/www.hongyitube.com\/es\/wp-json\/wp\/v2\/media?parent=4309"}],"wp:term":[{"taxonomy":"product_brand","embeddable":true,"href":"https:\/\/www.hongyitube.com\/es\/wp-json\/wp\/v2\/product_brand?post=4309"},{"taxonomy":"product_cat","embeddable":true,"href":"https:\/\/www.hongyitube.com\/es\/wp-json\/wp\/v2\/product_cat?post=4309"},{"taxonomy":"product_tag","embeddable":true,"href":"https:\/\/www.hongyitube.com\/es\/wp-json\/wp\/v2\/product_tag?post=4309"}],"curies":[{"name":"WP","href":"https:\/\/api.w.org\/{rel}","templated":true}]}}