{"id":4300,"date":"2026-01-13T18:56:45","date_gmt":"2026-01-13T10:56:45","guid":{"rendered":"https:\/\/www.hongyitube.com\/?post_type=product&#038;p=4300"},"modified":"2026-01-13T18:56:45","modified_gmt":"2026-01-13T10:56:45","slug":"%cf%8619-colorful-russian-doll-with-replaceable-transparent-long-angled-silicone-lip-tube-hongyi-plastic","status":"publish","type":"product","link":"https:\/\/www.hongyitube.com\/es\/product\/%cf%8619-colorful-russian-doll-with-replaceable-transparent-long-angled-silicone-lip-tube-hongyi-plastic\/","title":{"rendered":"\u03a619 Mu\u00f1eca rusa colorida con tubo de labio de silicona de \u00e1ngulo largo transparente reemplazable &#8211; pl\u00e1stico Hongyi"},"content":{"rendered":"<p>Mu\u00f1eca rusa colorida de pl\u00e1stico Hongyi con tubo de labio de silicona de \u00e1ngulo largo transparente reemplazable, llenando Capacity10ml-15ml \/ 0.34-0.51fl.oz.<\/p>\n<p>Este exquisito envase est\u00e1 dise\u00f1ado espec\u00edficamente para productos labiales de alta gama como el brillo labial, el b\u00e1lsamo labial y el b\u00e1lsamo labial tintado. Su principal punto destacado es la combinaci\u00f3n del colorido y ex\u00f3tico patr\u00f3n de mu\u00f1eca de nido ruso con una punta de silicona transparente extra\u00edble y reemplazable. No es solo un hermoso art\u00edculo de colecci\u00f3n, sino tambi\u00e9n una herramienta de maquillaje pr\u00e1ctica y divertida. El dise\u00f1o del tubo de extremo abierto garantiza la facilidad de llenado y la fiabilidad del sellado.<\/p>\n<p>Cuerpo: pl\u00e1stico blanco de alta calidad (generalmente PE o PP), respetuoso con el medio ambiente y no t\u00f3xico, con excelentes propiedades de barrera y durabilidad.<\/p>\n<ul>\n<li>Proceso de impresi\u00f3n: impresi\u00f3n offset de alta precisi\u00f3n; los patrones son de color vibrante, tienen capas ricas, son duraderos y no se escamacan f\u00e1cilmente, mostrando perfectamente los detalles art\u00edsticos de las mu\u00f1ecas anidadoras.<\/li>\n<li>Cabeza del tubo del labio: silicona altamente transparente de calidad alimentaria; textura suave y amigable con la piel; c\u00f3modo al tacto; seguro e inodoro.<\/li>\n<li>Nesae: Tap\u00f3n transparente largo inclinado (generalmente hecho de silicona o pl\u00e1stico el\u00e1stico), con excelentes propiedades de sellado, evitando efectivamente las fugas y la degradaci\u00f3n del l\u00edquido.<\/li>\n<li>Cubierta exterior: Una cubierta de pl\u00e1stico transparente o una que coincida con el color de la punta de silicona, dise\u00f1ada para ser est\u00e9ticamente agradable y permitir una f\u00e1cil inspecci\u00f3n visual del color interior, asegurando la limpieza de la punta del tubo labial.<\/li>\n<\/ul>\n<p><strong><b>Aplicaciones recomendadas:<\/b><\/strong><\/p>\n<p>Nuestro material de envasado es adecuado para llenar una variedad de productos l\u00edquidos o de pasta de viscosidad media a alta, como:<\/p>\n<p>&nbsp;<\/p>\n<ul>\n<li>Botellas de embalaje de brillo labial de cristal y b\u00e1lsamo labial\/envases desechables\/envases llenables<\/li>\n<li>Embalaje de b\u00e1lsamo labial brillante botella\/recipiente desechable\/recipiente llenable<\/li>\n<li>Botella de envasado de l\u00e1piz labial l\u00edquido \/ recipiente desechable \/ recipiente llenable<\/li>\n<li>Botella l\u00edquida de mejora de labios\/envase de embalaje dividido\/envase de llenado<\/li>\n<li>Botella de envasado l\u00edquido de resaltador local\/recipiente desechable\/recipiente llenable<\/li>\n<\/ul>\n<h3><strong><b>Atributos del producto\u00a0<\/b><\/strong><\/h3>\n<p>Punta de silicona reemplazable: Dise\u00f1o exclusivo, la punta de silicona se puede quitar, limpiar y reemplazar f\u00e1cilmente, lo que hace que sea conveniente para los usuarios cambiar entre diferentes opciones de color o reemplazarla regularmente con fines de higiene, extendiendo as\u00ed la vida \u00fatil del cuerpo del tubo.<\/p>\n<ul>\n<li>Rendimiento de sellado excepcional: El sistema de doble sellado que consiste en un &#8220; enchufe inclinado largo&#8221;  and a &#8220; tapa de ajuste apretado&#8221; evita eficazmente la oxidaci\u00f3n, el secado y las fugas del producto.<\/li>\n<li>Extracci\u00f3n precisa del material: La punta de silicona suave permite un control preciso sobre la cantidad extra\u00edda, evitando desperdicios y proporcionando una experiencia de aplicaci\u00f3n suave y uniforme.<\/li>\n<li>Dise\u00f1o humanizado: La base de tubo de extremo abierto facilita el llenado y el sellado eficientes en las l\u00edneas de producci\u00f3n; el cuerpo del tubo est\u00e1 dise\u00f1ado ergon\u00f3micamente, lo que lo hace c\u00f3modo de sostener y f\u00e1cil de llevar.<\/li>\n<\/ul>","protected":false},"excerpt":{"rendered":"<ul>\n<li><b><\/b><strong><b>Dise\u00f1o del cuerpo del tubo<\/b><\/strong>.<\/li>\n<li>Patr\u00f3n del tema: El cuerpo de nuestro material de envasado de tubo blando se basa en un tubo blanco con una forma circular. Cuenta con una serie de animados y lindos patrones rusos de mu\u00f1ecas anidadas, creados a trav\u00e9s de la colorida tecnolog\u00eda de impresi\u00f3n offset. Cada mu\u00f1eca anidada es de color vibrante, exquisitamente detallada y posee tanto atractivo art\u00edstico como valor coleccionable.<\/li>\n<li>Contraste visual: El cuerpo de tubo blanco puro contrasta con los patrones vibrantes y coloridos, lo que hace que el producto sea visualmente sorprendente en el estante e inmediatamente llame la atenci\u00f3n de los consumidores.<\/li>\n<li>Apelaci\u00f3n est\u00e9tica general: El dise\u00f1o de la cabeza de silicona transparente emparejada con una carcasa exterior coincidente mantiene una sensaci\u00f3n de apertura y armon\u00eda del color, garantizando durabilidad.<\/li>\n<\/ul>\n<p><strong>Ventajas del producto:<\/strong><\/p>\n<ul>\n<li>Alta atracci\u00f3n visual, fuerte atracci\u00f3n: El dise\u00f1o \u00fanico de arte IP de mu\u00f1eca de anidaci\u00f3n rusa en el cuerpo del tubo de envasado del tubo puede capturar r\u00e1pidamente a los consumidores &#8217; atenci\u00f3n y mejorar el producto&#8217; clase y la naturaleza regaladora.<\/li>\n<li>Diversi\u00f3n e Interactividad: Para la punta del labio del envase del tubo, empleamos un &#8220; punta reemplazable&#8221; dise\u00f1o, que mejora la jugabilidad del producto y el usuario&#8217; El sentido de la interacci\u00f3n. Esto fomenta la recolecci\u00f3n y la repetici\u00f3n de compras, reforzando as\u00ed la lealtad a la marca.<\/li>\n<li>Higiene y respetuoso con el medio ambiente: los usuarios pueden reemplazar la punta de silicona del envase de la manguera individualmente, eliminando la necesidad de desechar todo el envase. Este enfoque es higi\u00e9nico y se alinea con los principios del consumo sostenible.<\/li>\n<li>Activaci\u00f3n del valor de la marca: el exquisito envasado de tubos suaves mejora directamente el valor percibido del producto dentro, ayudando a la marca a destacarse en la competencia y estableciendo una imagen de marca de gama alta, de moda e interesante.<\/li>\n<li>Altamente pr\u00e1ctico: esta botella de envasado de tubo suave logra un equilibrio entre est\u00e9tica y funcionalidad, proporcionando una experiencia positiva en todas las etapas, desde la producci\u00f3n y el llenado hasta el uso por el consumidor.<\/li>\n<\/ul>\n<p>&nbsp;<\/p>\n<ul>\n<li><b><\/b><strong>Escenarios de aplicaci\u00f3n para el producto:<\/strong><\/li>\n<\/ul>\n<p>Productos de marca: Perfecto para envases usados por marcas de belleza, mini botellas para ediciones limitadas de vacaciones, art\u00edculos de colaboraci\u00f3n IP o coleccionables de serie.<\/p>\n<ul>\n<li>Contenedores de embalaje de pl\u00e1stico para el mercado de regalos: su apariencia exquisita los hace una excelente opci\u00f3n para regalos, adecuados para ocasiones como cumplea\u00f1os, San Valent\u00edn; D\u00eda, Navidad y A\u00f1o Nuevo&#8217; S d\u00eda.<\/li>\n<li>Materiales de envasado de tubo blando de pl\u00e1stico \/ envases de envasado para muestras promocionales: Como regalo o producto destacado en actividades promocionales, pueden atraer eficazmente a los clientes e impulsar las ventas.<\/li>\n<\/ul>\n<p>\u00b7 Tubos de embalaje de cuidado personal y belleza \/ recipientes de dispensaci\u00f3n de bomba: Adecuados para todos los productos de cuidado labial y maquillaje de gama media a alta que enfatizan tanto el atractivo est\u00e9tico del embalaje como la experiencia del usuario.<\/p>","protected":false},"featured_media":4305,"comment_status":"closed","ping_status":"closed","template":"","meta":[],"product_brand":[],"product_cat":[33,27],"product_tag":[],"class_list":{"0":"post-4300","1":"product","2":"type-product","3":"status-publish","4":"has-post-thumbnail","6":"product_cat-lip-care","7":"product_cat-makeup-plastic-tube","9":"first","10":"instock","11":"shipping-taxable","12":"purchasable","13":"product-type-simple"},"_links":{"self":[{"href":"https:\/\/www.hongyitube.com\/es\/wp-json\/wp\/v2\/product\/4300","targetHints":{"allow":["GET"]}}],"collection":[{"href":"https:\/\/www.hongyitube.com\/es\/wp-json\/wp\/v2\/product"}],"about":[{"href":"https:\/\/www.hongyitube.com\/es\/wp-json\/wp\/v2\/types\/product"}],"replies":[{"embeddable":true,"href":"https:\/\/www.hongyitube.com\/es\/wp-json\/wp\/v2\/comments?post=4300"}],"wp:featuredmedia":[{"embeddable":true,"href":"https:\/\/www.hongyitube.com\/es\/wp-json\/wp\/v2\/media\/4305"}],"wp:attachment":[{"href":"https:\/\/www.hongyitube.com\/es\/wp-json\/wp\/v2\/media?parent=4300"}],"wp:term":[{"taxonomy":"product_brand","embeddable":true,"href":"https:\/\/www.hongyitube.com\/es\/wp-json\/wp\/v2\/product_brand?post=4300"},{"taxonomy":"product_cat","embeddable":true,"href":"https:\/\/www.hongyitube.com\/es\/wp-json\/wp\/v2\/product_cat?post=4300"},{"taxonomy":"product_tag","embeddable":true,"href":"https:\/\/www.hongyitube.com\/es\/wp-json\/wp\/v2\/product_tag?post=4300"}],"curies":[{"name":"WP","href":"https:\/\/api.w.org\/{rel}","templated":true}]}}