{"id":4294,"date":"2026-01-13T18:44:08","date_gmt":"2026-01-13T10:44:08","guid":{"rendered":"https:\/\/www.hongyitube.com\/?post_type=product&#038;p=4294"},"modified":"2026-01-14T11:15:40","modified_gmt":"2026-01-14T03:15:40","slug":"%cf%8619-replaceable-transparent-long-slanted-plug-with-comb-attachment-and-lip-tube-head-hongyi-plastic","status":"publish","type":"product","link":"https:\/\/www.hongyitube.com\/es\/product\/%cf%8619-replaceable-transparent-long-slanted-plug-with-comb-attachment-and-lip-tube-head-hongyi-plastic\/","title":{"rendered":"\u03a619 Tap\u00f3n inclinado largo transparente reemplazable con conexi\u00f3n de peine y cabeza de tubo de labio - pl\u00e1stico Hongyi"},"content":{"rendered":"<p><span dir=\"auto\" style=\"vertical-align: inherit;\"><span dir=\"auto\" style=\"vertical-align: inherit;\">Hongyi Plastic Colorful Russian kit, con tap\u00f3n transparente y largo inclinado reemplazable, con accesorios de peine y cabeza de tubo labial, con una capacidad de llenado de 10 ml - 15 ml \/ 0,34 - 0,51 fl.oz.<\/span><\/span><\/p>\n<p><span dir=\"auto\" style=\"vertical-align: inherit;\"><span dir=\"auto\" style=\"vertical-align: inherit;\">Este es un paquete de productos de cuidado labial \/ esmalte labial \/ labial de alta gama dise\u00f1ado especialmente para los consumidores que buscan una experiencia de belleza personalizada. Combina h\u00e1bilmente el arte ruso de las mu\u00f1ecas ex\u00f3ticas con un dise\u00f1o reemplazable moderno y conveniente, no solo como una herramienta de belleza, sino tambi\u00e9n como una obra de arte en la mano. Desde estampados brillantes en el cuerpo del tubo hasta cepillos de silicona con tacto suave, cada detalle muestra una excelente calidad y creatividad \u00fanica. Este producto est\u00e1 dise\u00f1ado para inyectar vitalidad fresca en la marca y brindar a los consumidores finales una experiencia de uso agradable sin precedentes.<\/span><\/span><\/p>\n<ul>\n<li><span dir=\"auto\" style=\"vertical-align: inherit;\"><span dir=\"auto\" style=\"vertical-align: inherit;\">Cuerpo principal: el cuerpo del tubo est\u00e1 hecho de pl\u00e1stico blanco de alta calidad, con un di\u00e1metro est\u00e1ndar de 19 mm. Es resistente y duradero, y se siente c\u00f3modo. Los patrones en el cuerpo del tubo se imprimen con tecnolog\u00eda de impresi\u00f3n en offset de alta calidad.<\/span><\/span><\/li>\n<li><span dir=\"auto\" style=\"vertical-align: inherit;\"><span dir=\"auto\" style=\"vertical-align: inherit;\">Tubo labial (cabeza de tubo): dise\u00f1o innovador y dividido.<\/span><\/span><\/li>\n<li><span dir=\"auto\" style=\"vertical-align: inherit;\"><span dir=\"auto\" style=\"vertical-align: inherit;\">Capa exterior: cabeza de silicona transparente de grado alimenticio, textura suave, no t\u00f3xica para la piel, puede proporcionar una sensaci\u00f3n de masaje extremadamente c\u00f3moda al usarlo.<\/span><\/span><\/li>\n<li><span dir=\"auto\" style=\"vertical-align: inherit;\"><span dir=\"auto\" style=\"vertical-align: inherit;\">Nesai: la tapa transparente y larga inclinada est\u00e1 equipada con un cepillo en forma de peine, que se ajusta perfectamente a la boca del tubo, lo que permite controlar con precisi\u00f3n la cantidad y evitar el desperdicio. El dise\u00f1o \u00fanico de \"cepillo de cabello en forma de peine\" permite peinar f\u00e1cilmente los labios para crear un efecto cosm\u00e9tico uniforme y suave.<\/span><\/span><\/li>\n<li><span dir=\"auto\" style=\"vertical-align: inherit;\"><span dir=\"auto\" style=\"vertical-align: inherit;\">Mecanismo de reemplazo: la parte de la cabeza de silicona est\u00e1 dise\u00f1ada para ser desmontable, lo que facilita al usuario atornillarla f\u00e1cilmente para limpiarla o reemplazarla, asegurando la higiene y la sostenibilidad.<\/span><\/span><\/li>\n<li><span dir=\"auto\" style=\"vertical-align: inherit;\"><span dir=\"auto\" style=\"vertical-align: inherit;\">Cubierta exterior: con cubierta exterior transparente, el color coincide con la boquilla de succi\u00f3n de silicona en el tubo labial. Esto no solo hace que la apariencia sea m\u00e1s coordinada, sino que tambi\u00e9n mejora la estanqueidad y evita eficazmente la evaporaci\u00f3n y contaminaci\u00f3n del l\u00edquido.<\/span><\/span><\/li>\n<\/ul>\n<p>&nbsp;<\/p>\n<p><strong><b><span dir=\"auto\" style=\"vertical-align: inherit;\"><span dir=\"auto\" style=\"vertical-align: inherit;\">Aplicaciones recomendadas:<\/span><\/span><\/b><\/strong><\/p>\n<p><span dir=\"auto\" style=\"vertical-align: inherit;\"><span dir=\"auto\" style=\"vertical-align: inherit;\">Nuestro paquete de airbag es adecuado para llenar varios l\u00edquidos cosm\u00e9ticos de viscosidad media y alta, como:<\/span><\/span><\/p>\n<ul>\n<li><span dir=\"auto\" style=\"vertical-align: inherit;\"><span dir=\"auto\" style=\"vertical-align: inherit;\">Contenedor de embalaje de brillo labial transl\u00facido \/ recipiente desechable \/ material de embalaje de mangueras<\/span><\/span><\/li>\n<li><span dir=\"auto\" style=\"vertical-align: inherit;\"><span dir=\"auto\" style=\"vertical-align: inherit;\">Esmalte labial brillante embotellado \/ envasado<\/span><\/span><\/li>\n<li><span dir=\"auto\" style=\"vertical-align: inherit;\"><span dir=\"auto\" style=\"vertical-align: inherit;\">L\u00e1piz labial hidratante de color<\/span><\/span><\/li>\n<li><span dir=\"auto\" style=\"vertical-align: inherit;\"><span dir=\"auto\" style=\"vertical-align: inherit;\">Rubor l\u00edquido (punto)<\/span><\/span><\/li>\n<li><span dir=\"auto\" style=\"vertical-align: inherit;\"><span dir=\"auto\" style=\"vertical-align: inherit;\">Otros productos innovadores de maquillaje l\u00edquido<\/span><\/span><\/li>\n<\/ul>\n<h3><strong><b><span dir=\"auto\" style=\"vertical-align: inherit;\"><span dir=\"auto\" style=\"vertical-align: inherit;\">atributos del producto\u00a0<\/span><\/span><\/b><\/strong><\/h3>\n<ol>\n<li><span dir=\"auto\" style=\"vertical-align: inherit;\"><span dir=\"auto\" style=\"vertical-align: inherit;\">Dise\u00f1o abierto:<\/span><\/span><\/li>\n<\/ol>\n<ul>\n<li><span dir=\"auto\" style=\"vertical-align: inherit;\"><span dir=\"auto\" style=\"vertical-align: inherit;\">Ventaja: el Fondo del tubo est\u00e1 dise\u00f1ado con una apertura para facilitar el llenado y el sellado posterior despu\u00e9s de la producci\u00f3n, asegurando que el producto est\u00e9 completamente sellado durante el transporte y almacenamiento y evitando fugas de l\u00edquido. Este dise\u00f1o tambi\u00e9n es una caracter\u00edstica ic\u00f3nica de las soluciones profesionales de embalaje cosm\u00e9tico.<\/span><\/span><\/li>\n<\/ul>\n<ol start=\"2\">\n<li><span dir=\"auto\" style=\"vertical-align: inherit;\"><span dir=\"auto\" style=\"vertical-align: inherit;\">Dise\u00f1o principal - impresi\u00f3n litogr\u00e1fica de grado art\u00edstico del patr\u00f3n del beb\u00e9:<\/span><\/span><\/li>\n<\/ol>\n<ul>\n<li><span dir=\"auto\" style=\"vertical-align: inherit;\"><span dir=\"auto\" style=\"vertical-align: inherit;\">Impacto visual: la tecnolog\u00eda de impresi\u00f3n en color de varias capas se utiliza en la base redonda blanca, que reproduce con precisi\u00f3n los colores v\u00edvidos y brillantes del patr\u00f3n del beb\u00e9 ruso. Los colores son llenos y brillantes, los detalles son claros, los niveles son claros, tienen un gran valor de colecci\u00f3n y son f\u00e1ciles de identificar en los estantes.<\/span><\/span><\/li>\n<li><span dir=\"auto\" style=\"vertical-align: inherit;\"><span dir=\"auto\" style=\"vertical-align: inherit;\">Connotaci\u00f3n cultural: el mu\u00f1eco ruso simboliza la sorpresa, el anidamiento y la herencia, dando al producto el divertido concepto y la hermosa met\u00e1fora de \"cada capa revela otra sorpresa\", mejorando as\u00ed la narrativa de la marca.<\/span><\/span><\/li>\n<\/ul>\n<ol start=\"3\">\n<li><span dir=\"auto\" style=\"vertical-align: inherit;\"><span dir=\"auto\" style=\"vertical-align: inherit;\">Dise\u00f1o de tapones para los o\u00eddos de silicona reemplazables - ventajas centrales:<\/span><\/span><\/li>\n<\/ol>\n<ul>\n<li><span dir=\"auto\" style=\"vertical-align: inherit;\"><span dir=\"auto\" style=\"vertical-align: inherit;\">Higiene y protecci\u00f3n del medio ambiente: debido a que los productos labiales entran en contacto directo con la piel, la cabeza de silicona se puede desmontar y reemplazar f\u00e1cilmente, resolviendo as\u00ed los riesgos sanitarios derivados del uso a largo plazo. Los usuarios pueden comprar cabezales de reemplazo, reducir a\u00fan m\u00e1s el desperdicio y practicar el concepto de protecci\u00f3n del medio ambiente.<\/span><\/span><\/li>\n<li><span dir=\"auto\" style=\"vertical-align: inherit;\"><span dir=\"auto\" style=\"vertical-align: inherit;\">Experiencia personalizada: la marca puede proporcionar cabezales de silicona de reemplazo en diversas formas, colores o niveles de dureza (por ejemplo, diferentes tipos de cuentas de masaje), permitiendo a los consumidores combinarlos de acuerdo con sus preferencias y necesidades, aumentando as\u00ed la posibilidad de compras repetidas.<\/span><\/span><\/li>\n<li><span dir=\"auto\" style=\"vertical-align: inherit;\"><span dir=\"auto\" style=\"vertical-align: inherit;\">Extremadamente f\u00e1cil de usar: la cabeza de cepillo de silicona transparente y suave se siente suave y suave, no estimula los labios, especialmente adecuado para los labios sensibles. La funci\u00f3n de peinado incorporada de la cabeza de cepillo larga e inclinada hace que el maquillaje se convierta en una experiencia agradable y cree un efecto de maquillaje m\u00e1s uniforme y transparente.<\/span><\/span><\/li>\n<\/ul>\n<ol start=\"4\">\n<li><span dir=\"auto\" style=\"vertical-align: inherit;\"><span dir=\"auto\" style=\"vertical-align: inherit;\">Apariencia general:<\/span><\/span><\/li>\n<\/ol>\n<ul>\n<li><span dir=\"auto\" style=\"vertical-align: inherit;\"><span dir=\"auto\" style=\"vertical-align: inherit;\">El cuerpo redondo del tubo se combina con una boquilla redonda de silicona, con l\u00edneas fluidas y agarre c\u00f3modo. El dise\u00f1o transparente de la tapa y la cabeza del tubo destaca la claridad y transparencia del contenido, haciendo que su apariencia sea simple y de moda.<\/span><\/span><\/li>\n<\/ul>","protected":false},"excerpt":{"rendered":"<ul>\n<li><b><\/b><strong><b>Dise\u00f1o del cuerpo del tubo<\/b><\/strong>.<\/li>\n<\/ul>\n<p>El dise\u00f1o del tubo de este producto es su alma, es mucho m\u00e1s que un simple recipiente, sino un portador refinado de cultura, arte y pragmatismo. Sus principales caracter\u00edsticas se pueden analizar en profundidad desde los siguientes aspectos:<\/p>\n<p>&nbsp;<\/p>\n<ol>\n<li>Forma b\u00e1sica: tubo blanco redondo simple y liso<\/li>\n<\/ol>\n<p>&nbsp;<\/p>\n<ul>\n<li>Forma: Adopta un cuerpo de tubo redondo cl\u00e1sico con l\u00edneas redondeadas y lisas, que es ergon\u00f3mico. Esta forma es c\u00f3moda y estable de sostener, f\u00e1cil de aplicar la fuerza, y tambi\u00e9n proporciona un excelente &#8220; lienzo&#8221; para la posterior impresi\u00f3n de patrones.<\/li>\n<li>Sustrato: Use un cuerpo de tubo blanco como base. El fondo blanco maximiza y restaura los colores vibrantes del patr\u00f3n impreso, asegurando que el patr\u00f3n matryoshka logre la mejor expresi\u00f3n visual, brillante y llamativo.<\/li>\n<li>Especificaciones: El di\u00e1metro est\u00e1ndar del tubo de 19mm, que es un tama\u00f1o muy maduro y vers\u00e1til, no solo asegura la delicadeza del producto en la mano, sino que tambi\u00e9n asegura que haya suficiente capacidad dentro (10-15ml), y las proporciones globales son armoniosas y hermosas.<\/li>\n<\/ul>\n<p>&nbsp;<\/p>\n<ol start=\"2\">\n<li>Visi\u00f3n principal: patr\u00f3n de desplazamiento de matryoshka colorido<\/li>\n<\/ol>\n<p>&nbsp;<\/p>\n<p>Esta es la parte m\u00e1s llamativa del dise\u00f1o del cuerpo del tubo, y su artesan\u00eda y detalles determinan el grado del producto.<\/p>\n<p>&nbsp;<\/p>\n<ul>\n<li>Tema art\u00edstico: El patr\u00f3n de matryoshka es muy ingenioso. La mu\u00f1eca en s\u00ed misma simboliza la sorpresa, el anido y la herencia, con nuevos descubrimientos escondidos en cada capa. Esta es una met\u00e1fora para el dise\u00f1o innovador del producto&#8217; s &#8220; n\u00facleo reemplazable&#8221; que proporciona un espacio rico para la narraci\u00f3n de la marca, por ejemplo, &#8220; abrir la primera capa de hermosas sorpresas&#8221;.<\/li>\n<li>Proceso de impresi\u00f3n: Impresi\u00f3n offset de alta calidad. Las ventajas de este proceso son:<\/li>\n<li>Colores completos y v\u00edvidos: Puede reproducir con precisi\u00f3n las capas de color complejas y diversas de los patrones de mu\u00f1ecas anidadas, ya sean tonos rojos y azules brillantes o contornos finos y trazamiento de oro, se puede presentar claramente.<\/li>\n<li>Durabilidad del patr\u00f3n: La capa de impresi\u00f3n est\u00e1 firmemente unida al cuerpo del tubo, tiene una buena resistencia al desgaste y no es f\u00e1cil de rayar y desvanecerse durante el uso diario, manteniendo una nueva apariencia durante mucho tiempo.<\/li>\n<li>Detalles finos: La tecnolog\u00eda de impresi\u00f3n offset puede manejar detalles de patrones muy finos, como las expresiones faciales de mu\u00f1ecas anidadas, los patrones de la ropa tradicional, etc., dando al producto una sensaci\u00f3n de sofisticaci\u00f3n como un coleccionable de arte.<\/li>\n<\/ul>\n<p>&nbsp;<\/p>\n<ol start=\"3\">\n<li>Innovaci\u00f3n estructural: integraci\u00f3n sin problemas con sistemas reemplazables<\/li>\n<\/ol>\n<p>&nbsp;<\/p>\n<p>El dise\u00f1o del cuerpo del tubo est\u00e1 dise\u00f1ado para trabajar en t\u00e1ndem con la funci\u00f3n central, la punta de silicona reemplazable.<\/p>\n<p>&nbsp;<\/p>\n<ul>\n<li>Interfaz precisa: La rosca en la parte superior del cuerpo del tubo y el dise\u00f1o de la boca de la botella deben coincidir con precisi\u00f3n con la punta de silicona desmontable para asegurarse de que permanezca lisa y bien sellada despu\u00e9s de m\u00faltiples giros y reemplazos, sin aflojarse o fugas.<\/li>\n<li>Unidad visual: El cuerpo del tubo blanco forma un contraste visual con la cabeza de silicona transparente y la cubierta transparente para formar un &#8220; fondo s\u00f3lido y la parte superior transparente&#8221; contraste visual. Este dise\u00f1o no solo resalta el patr\u00f3n art\u00edstico del cuerpo del tubo, sino que tambi\u00e9n muestra la textura cristalina del producto superior, y la sensaci\u00f3n general es ligera, moderna y de alta tecnolog\u00eda.<\/li>\n<\/ul>\n<p>&nbsp;<\/p>\n<ol start=\"4\">\n<li>Detalles pr\u00e1cticos: dise\u00f1o de apertura y terminaci\u00f3n<\/li>\n<\/ol>\n<p>&nbsp;<\/p>\n<ul>\n<li>Funci\u00f3n primero: El dise\u00f1o de la abertura y el final de la parte inferior del tubo es un reflejo de profesionalismo. Despu\u00e9s del llenado de producci\u00f3n, es sellado por una prensadora de cola profesional, que es una de las formas m\u00e1s fiables de prevenir fugas de cosm\u00e9ticos l\u00edquidos. No solo garantiza la integridad del producto desde la f\u00e1brica a las manos de los consumidores, sino que tambi\u00e9n mejora a los consumidores. Confiar en la marca&#8217; Profesionalidad y calidad.<\/li>\n<\/ul>\n<p>El dise\u00f1o del cuerpo del tubo de este empaquetado de manguera de pl\u00e1stico combina con \u00e9xito &#8220; s\u00edmbolos culturales (mu\u00f1ecas anidadoras)&#8221; , &#8220; est\u00e9tica moderna (forma sencilla y elementos transparentes)&#8221;  and &#8220; funciones pr\u00e1cticas (sellos abiertos, interfaces reemplazables)&#8221;  . No es solo un paquete, sino tambi\u00e9n una poderosa herramienta de comunicaci\u00f3n, que atrae la atenci\u00f3n con hermosos patrones por primera vez en el estante, transmitiendo la marca&#8217; posicionamiento de gama alta innovador y respetuoso con el medio ambiente a trav\u00e9s de dise\u00f1o de detalle exquisito, y finalmente ganando boca a boca a trav\u00e9s de una excelente experiencia de usuario.<\/p>\n<p><strong>Ventajas del producto:<\/strong><\/p>\n<ul>\n<li>Apariencia sobresaliente: dise\u00f1o \u00fanico de mu\u00f1eca nidificaci\u00f3n rusa, con fuerte atractivo art\u00edstico y potencial inherente de compartir sociales.<\/li>\n<li>Experiencia excepcional: La punta de silicona de calidad alimentaria proporciona una experiencia de aplicaci\u00f3n sin igual, amigable con la piel y c\u00f3moda.<\/li>\n<li>Innovaci\u00f3n de dise\u00f1o: La cabeza reemplazable es el punto de venta m\u00e1s grande, liderando la tendencia de belleza sostenible y mejorando la marca&#8217; imagen como tecnol\u00f3gicamente avanzada y centrada en el ser humano.<\/li>\n<li>Calidad fiable: El dise\u00f1o abierto garantiza la integridad del sellado. El di\u00e1metro del tubo de 19 mm es un proceso bien establecido, y la producci\u00f3n de llenado es eficiente y estable.<\/li>\n<li>Funcionalidad pr\u00e1ctica: El dise\u00f1o interior con peine incorporado garantiza un control preciso sobre la cantidad de producto utilizado, lo que resulta en<\/li>\n<li><b>Escenarios de aplicaci\u00f3n para el producto:<\/b><\/li>\n<li>Desarrollo de producto nuevo: Adecuado para envases \/ envases \/ llenados de tubos blandos de pl\u00e1stico para marcas de maquillaje que tienen como objetivo introducir l\u00edneas de gama alta, ediciones limitadas, art\u00edculos de colaboraci\u00f3n IP o enfatizar &#8220; pura belleza&#8221;  and &#8220; conceptos ecol\u00f3gicos. &#8221; Esto puede establecer r\u00e1pidamente una ventaja competitiva para el producto.<\/li>\n<li><span dir=\"auto\" style=\"vertical-align: inherit;\"><span dir=\"auto\" style=\"vertical-align: inherit;\">Mercado de regalos: su exquisita apariencia y dise\u00f1o \u00fanico lo convierten en una opci\u00f3n perfecta para regalos de vacaciones, regalos de cumplea\u00f1os y promociones de marca, y es muy popular entre las consumidoras.<\/span><\/span><\/li>\n<li><span dir=\"auto\" style=\"vertical-align: inherit;\"><span dir=\"auto\" style=\"vertical-align: inherit;\">Embalaje \/ embalaje \/ contenedor desechable de pl\u00e1stico para viajes: peque\u00f1o tama\u00f1o y excelente estanqueidad, es la pareja ideal para bolsos de maquillaje para viajes.<\/span><\/span><\/li>\n<li><span dir=\"auto\" style=\"vertical-align: inherit;\"><span dir=\"auto\" style=\"vertical-align: inherit;\">Envases \/ envases \/ envases \/ envases \/ envases \/ botellas desechables de mangueras de pl\u00e1stico recomendados por los blogueros de belleza: el dise\u00f1o novedoso y la excelente experiencia del usuario lo convierten en el foco de la evaluaci\u00f3n de los blogueros de belleza y Kol Open box, lo que aporta tr\u00e1fico natural.<\/span><\/span><\/li>\n<\/ul>\n<p><span dir=\"auto\" style=\"vertical-align: inherit;\"><span dir=\"auto\" style=\"vertical-align: inherit;\">En resumen, este tubo de silicona reemplazable con el tema del mu\u00f1eco ruso combina con \u00e9xito la est\u00e9tica art\u00edstica, las tecnolog\u00edas innovadoras y el cuidado del usuario, convirti\u00e9ndolo en una opci\u00f3n estrat\u00e9gica de embalaje que puede mejorar el valor de la marca y la experiencia del usuario.<\/span><\/span><\/p>\n<p>&nbsp;<\/p>","protected":false},"featured_media":4296,"comment_status":"closed","ping_status":"closed","template":"","meta":[],"product_brand":[],"product_cat":[33,27],"product_tag":[],"class_list":{"0":"post-4294","1":"product","2":"type-product","3":"status-publish","4":"has-post-thumbnail","6":"product_cat-lip-care","7":"product_cat-makeup-plastic-tube","9":"first","10":"instock","11":"shipping-taxable","12":"purchasable","13":"product-type-simple"},"_links":{"self":[{"href":"https:\/\/www.hongyitube.com\/es\/wp-json\/wp\/v2\/product\/4294","targetHints":{"allow":["GET"]}}],"collection":[{"href":"https:\/\/www.hongyitube.com\/es\/wp-json\/wp\/v2\/product"}],"about":[{"href":"https:\/\/www.hongyitube.com\/es\/wp-json\/wp\/v2\/types\/product"}],"replies":[{"embeddable":true,"href":"https:\/\/www.hongyitube.com\/es\/wp-json\/wp\/v2\/comments?post=4294"}],"wp:featuredmedia":[{"embeddable":true,"href":"https:\/\/www.hongyitube.com\/es\/wp-json\/wp\/v2\/media\/4296"}],"wp:attachment":[{"href":"https:\/\/www.hongyitube.com\/es\/wp-json\/wp\/v2\/media?parent=4294"}],"wp:term":[{"taxonomy":"product_brand","embeddable":true,"href":"https:\/\/www.hongyitube.com\/es\/wp-json\/wp\/v2\/product_brand?post=4294"},{"taxonomy":"product_cat","embeddable":true,"href":"https:\/\/www.hongyitube.com\/es\/wp-json\/wp\/v2\/product_cat?post=4294"},{"taxonomy":"product_tag","embeddable":true,"href":"https:\/\/www.hongyitube.com\/es\/wp-json\/wp\/v2\/product_tag?post=4294"}],"curies":[{"name":"WP","href":"https:\/\/api.w.org\/{rel}","templated":true}]}}