{"id":4235,"date":"2026-01-12T21:36:09","date_gmt":"2026-01-12T13:36:09","guid":{"rendered":"https:\/\/www.hongyitube.com\/?post_type=product&#038;p=4235"},"modified":"2026-01-12T21:40:07","modified_gmt":"2026-01-12T13:40:07","slug":"60mm-diameter-350-grams-ml-capacity-classical-landscape-painting-design-pe-soft-tube-packaging-material-dispensing-bottle-hongyi-plastic","status":"publish","type":"product","link":"https:\/\/www.hongyitube.com\/es\/product\/60mm-diameter-350-grams-ml-capacity-classical-landscape-painting-design-pe-soft-tube-packaging-material-dispensing-bottle-hongyi-plastic\/","title":{"rendered":"Di\u00e1metro de 60 mm, capacidad de 350 gramos \/ ml, dise\u00f1o cl\u00e1sico de pintura de paisaje, material de envasado de tubo suave de PE, botella dispensadora - pl\u00e1stico Hongyi"},"content":{"rendered":"<p>Varios par\u00e1metros del producto:<\/p>\n<p><em><i>Material: PE<\/i><\/em><\/p>\n<p>Di\u00e1metro del tubo: 60mm<\/p>\n<p>Longitud de la manguera: 183mm<\/p>\n<p>Capacidad del tubo: 350ml 11.84fl.oz 350g<\/p>\n<p>Di\u00e1metro del agujero del tubo: 7mm<\/p>\n<p>Peso aproximado del tubo: 21.3g<\/p>\n<p>Longitud de la cola: 92mm<\/p>\n<p>Altura de la cubierta: 121mm<\/p>\n<p>Tapa: Disponible en colores moldeados por inyecci\u00f3n, colores galvanizados, tapas mate, brillante, ligera y de perfil bajo<\/p>\n<p>Cuerpo del tubo: El lado frontal del tubo blanco presenta un paisaje de acuarela impreso con tinta que representa un amanecer del sol. La parte trasera tiene texto negro impreso.  (el proceso de impresi\u00f3n se puede personalizar seg\u00fan sea necesario)<\/p>\n<p>Tiempo de entrega: 20 d\u00edas laborables<\/p>\n<p>Tiempo de muestra de preproducci\u00f3n: 10 d\u00edas<\/p>\n<p>Orden m\u00ednima: 10000PCS<\/p>\n<p>Condiciones de pago: TT<\/p>\n<p>Caracter\u00edstica: Personalizaci\u00f3n<\/p>\n<p>Muestra: en stock<\/p>","protected":false},"excerpt":{"rendered":"<p><strong><b>Concepto de dise\u00f1o del cuerpo<\/b><\/strong><\/p>\n<p>&nbsp;<\/p>\n<ul>\n<li>Filosof\u00eda est\u00e9tica: contexto oriental, traducci\u00f3n moderna: El dise\u00f1o se inspir\u00f3 en pinturas de paisaje cl\u00e1sicas chinas, transmitiendo el contexto filos\u00f3fico de &#8220; tranquilo y lejos&#8221;  and &#8220; unidad entre la naturaleza y el hombre.&#8221; El cambio gradual del amanecer rojo inyecta vida y modernidad en la tinta tradicional, simbolizando esperanza y energ\u00eda, logrando un di\u00e1logo perfecto entre la est\u00e9tica cl\u00e1sica y el dise\u00f1o moderno.<\/li>\n<li>Experiencia de fusi\u00f3n sensorial: El toque del mate arenoso y la sensaci\u00f3n visual de la pintura con tinta se combinan para crear una experiencia multidimensional de gama alta de &#8220; c\u00e1lida visi\u00f3n y elegancia del tacto,&#8221; M\u00e1s all\u00e1 del embalaje ordinario.<\/li>\n<li>S\u00edmbolos culturales y est\u00e9tica universal: La arquitectura del paisaje es un s\u00edmbolo de belleza natural y arquitect\u00f3nica a trav\u00e9s de las culturas, e incluso los consumidores que no conocen la cultura oriental pueden apreciar su sentido art\u00edstico sereno y armonioso, con una base est\u00e9tica internacional.<\/li>\n<\/ul>\n<p>&nbsp;<\/p>\n<p>Ventajas del producto<\/p>\n<p>&nbsp;<\/p>\n<ul>\n<li>Aumentar el valor a\u00f1adido cultural de la marca: Este dise\u00f1o puede asociar al instante el producto con palabras clave como &#8220; de gama alta, &#8221;  &#8220; elegancia,&#8221;  &#8220; patrimonio cultural,&#8221; Ayudar a la marca a crear una imagen \u00fanica y destacar en el mercado homog\u00e9neo.<\/li>\n<li>Crear conexi\u00f3n emocional y valor de escena: Los patrones llenos de situaciones pueden evocar resonancia emocional para el usuario, ritualizar la atenci\u00f3n o el trabajo diarios y aumentar la satisfacci\u00f3n en la experiencia del usuario.<\/li>\n<li>Combinar art\u00edstico y pr\u00e1ctico: Ofrecer el m\u00e1ximo disfrute est\u00e9tico sin comprometer las funciones b\u00e1sicas del embalaje &#8211; Proteger el contenido, ser f\u00e1cil de usar y duradero.<\/li>\n<li>Atracci\u00f3n transfronteriza: El dise\u00f1o \u00fanico lo convierte no solo en un contenedor, sino tambi\u00e9n en un veh\u00edculo para regalos, piezas de repuesto de lujo de hoteles o una marca conjunta, ampliando las posibilidades comerciales.<\/li>\n<\/ul>\n<p>&nbsp;<\/p>\n<p>Casos de uso recomendados<\/p>\n<p>&nbsp;<\/p>\n<ol>\n<li>La belleza &amp; Cuidado de la piel &amp; Industria de limpieza personal<\/li>\n<\/ol>\n<p>&nbsp;<\/p>\n<ul>\n<li>Mujeres: Ideal para loci\u00f3n de ba\u00f1o de gama alta, loci\u00f3n corporal, acondicionador de pelo o crema de cuidado de la piel de grado spa. La serenidad que aporta el paisaje es muy compatible con los momentos relajantes de ba\u00f1o y cuidado de la piel, satisfaciendo la doble b\u00fasqueda de valor emocional y gusto est\u00e9tico por parte de las mujeres usuarios.<\/li>\n<li>Hombres: Se puede utilizar para localizar hombres de gama alta&#8217; s l\u00edneas de cuidado de la piel, parches de barba o perfumes s\u00f3lidos. El estado de \u00e1nimo y el poder de la pintura de tinta corresponden a la identificaci\u00f3n est\u00e9tica de los hombres modernos con &#8220; lujo de bajo nivel&#8221;  and &#8220; perfecci\u00f3n interior. &#8221;<\/li>\n<li>Ni\u00f1os: Como embalaje para ni\u00f1os&#8217; champ\u00fa suave y productos de ba\u00f1o, el tema de la naturaleza del paisaje inspira a los ni\u00f1os&#8217; su inter\u00e9s por la naturaleza, y el patr\u00f3n del amanecer est\u00e1 lleno de frescura y esperanza.<\/li>\n<\/ul>\n<p>&nbsp;<\/p>\n<ol start=\"2\">\n<li>Industria de ung\u00fcentos farmac\u00e9uticos y cuidados en el hogar<\/li>\n<\/ol>\n<p>&nbsp;<\/p>\n<ul>\n<li>Cremas m\u00e9dicas: adecuadas para cremas con efectos calmantes y restauradores, como cremas de masaje, cremas de manos con ingredientes chinos, cremas de mantenimiento articular, etc. natural&#8221;  and &#8220; relajante&#8221; mente del producto.<\/li>\n<li>Home \/ mantenimiento mec\u00e1nico: Montar cera de cuidado de muebles de alta gama, crema de cuidado de cuero o lubricantes de instrumentos de precisi\u00f3n con un aspecto art\u00edstico que escapa a la sensaci\u00f3n de fr\u00edo de los productos industriales y es adecuado para escenas de mantenimiento de alta gama en el hogar.<\/li>\n<\/ul>\n<p>&nbsp;<\/p>\n<ol start=\"3\">\n<li>Industrias creativas, de regalo y de alta gama<\/li>\n<\/ol>\n<p>&nbsp;<\/p>\n<ul>\n<li>Artes creativas y pigmentos: Es un producto creativo en s\u00ed mismo, y se puede usar para empaquetar pigmentos de pintura china, tinta caligr\u00e1fica o adhesivos manuales avanzados, y el tema del empaquetado y el contenido son altamente unificados.<\/li>\n<li>Hoteles &amp; Regalos: Como un envase de art\u00edculos de aseo en las habitaciones de hoteles boutique y centros tur\u00edsticos, puede mejorar en gran medida el car\u00e1cter de las habitaciones; Tambi\u00e9n adecuado como embalaje exterior para conjuntos de regalos culturalmente relacionados.<\/li>\n<\/ul>\n<p>&nbsp;<\/p>\n<p>Instrucciones de adaptaci\u00f3n para consumidores extranjeros<\/p>\n<p>&nbsp;<\/p>\n<p>El dise\u00f1o est\u00e9tico oriental de este producto satisface con precisi\u00f3n la demanda del consumidor de diferenciaci\u00f3n, profundidad cultural y experiencia de alta gama en el mercado extranjero:<\/p>\n<p>&nbsp;<\/p>\n<ul>\n<li>Entusiasmo por la cultura ex\u00f3tica y el ingenio (mercados europeos y americanos): las pinturas a tinta y las im\u00e1genes del amanecer son fuertes s\u00edmbolos culturales orientales y son amados por los consumidores en Europa y los Estados Unidos que buscan estilos art\u00edsticos y experiencias culturales \u00fanicos. La combinaci\u00f3n de textura arenosa y patrones art\u00edsticos se ve como una expresi\u00f3n de &#8220; Tener una historia&#8221;  and &#8220; Tener artesan\u00eda. &#8221;<\/li>\n<li>Aspiraci\u00f3n a un estilo de vida sereno y meditativo (mercado global de alta gama): La sensaci\u00f3n de serenidad, paz y naturaleza transmitida por los paisajes es un valor escaso en la vida acelerada en todo el mundo. Este paquete puede atraer la b\u00fasqueda de la atenci\u00f3n plena (Mindfulness), estilo de vida de descompresi\u00f3n del consumidor.<\/li>\n<li>Resonancia cultural e identidad de gama alta en los mercados asi\u00e1ticos (Jap\u00f3n, Corea del Sur, Sudeste Asi\u00e1tico): En Jap\u00f3n, Corea del Sur y Sudeste Asi\u00e1tico, que est\u00e1n profundamente influenciados por la cultura china, este dise\u00f1o puede desencadenar una profunda resonancia cultural y se considera un s\u00edmbolo de alto gusto, lo que es muy adecuado para posicionar l\u00edneas de productos de gama alta.<\/li>\n<li>Un gran veh\u00edculo para el mercado de regalos: su singularidad art\u00edstica y cultural lo convierte en una elecci\u00f3n de regalo muy buscada, ya sea como recuerdo de viaje, regalo de negocios o regalo de vacaciones, con un toque distintivo y distintivo.<\/li>\n<\/ul>","protected":false},"featured_media":4243,"comment_status":"closed","ping_status":"closed","template":"","meta":[],"product_brand":[],"product_cat":[29,51],"product_tag":[],"class_list":{"0":"post-4235","1":"product","2":"type-product","3":"status-publish","4":"has-post-thumbnail","6":"product_cat-skin-care-plastic-tube","7":"product_cat-60-pe-plastic-tube","9":"first","10":"instock","11":"shipping-taxable","12":"purchasable","13":"product-type-simple"},"_links":{"self":[{"href":"https:\/\/www.hongyitube.com\/es\/wp-json\/wp\/v2\/product\/4235","targetHints":{"allow":["GET"]}}],"collection":[{"href":"https:\/\/www.hongyitube.com\/es\/wp-json\/wp\/v2\/product"}],"about":[{"href":"https:\/\/www.hongyitube.com\/es\/wp-json\/wp\/v2\/types\/product"}],"replies":[{"embeddable":true,"href":"https:\/\/www.hongyitube.com\/es\/wp-json\/wp\/v2\/comments?post=4235"}],"wp:featuredmedia":[{"embeddable":true,"href":"https:\/\/www.hongyitube.com\/es\/wp-json\/wp\/v2\/media\/4243"}],"wp:attachment":[{"href":"https:\/\/www.hongyitube.com\/es\/wp-json\/wp\/v2\/media?parent=4235"}],"wp:term":[{"taxonomy":"product_brand","embeddable":true,"href":"https:\/\/www.hongyitube.com\/es\/wp-json\/wp\/v2\/product_brand?post=4235"},{"taxonomy":"product_cat","embeddable":true,"href":"https:\/\/www.hongyitube.com\/es\/wp-json\/wp\/v2\/product_cat?post=4235"},{"taxonomy":"product_tag","embeddable":true,"href":"https:\/\/www.hongyitube.com\/es\/wp-json\/wp\/v2\/product_tag?post=4235"}],"curies":[{"name":"WP","href":"https:\/\/api.w.org\/{rel}","templated":true}]}}