{"id":4227,"date":"2026-01-12T21:14:40","date_gmt":"2026-01-12T13:14:40","guid":{"rendered":"https:\/\/www.hongyitube.com\/?post_type=product&#038;p=4227"},"modified":"2026-01-12T21:41:28","modified_gmt":"2026-01-12T13:41:28","slug":"60mm-standard-pipe-diameter-500-grams-ml-capacity-blank-pe-soft-tube-packaging-material-container-tube-hongyi-plastic","status":"publish","type":"product","link":"https:\/\/www.hongyitube.com\/es\/product\/60mm-standard-pipe-diameter-500-grams-ml-capacity-blank-pe-soft-tube-packaging-material-container-tube-hongyi-plastic\/","title":{"rendered":"Di\u00e1metro de tubo est\u00e1ndar de 60 mm, capacidad de 500 gramos \/ ml, material de envasado de tubo blando de PE en blanco \/ recipiente \/ tubo - pl\u00e1stico Hongyi"},"content":{"rendered":"<p>Descripci\u00f3n general del producto<\/p>\n<p>&nbsp;<\/p>\n<p>Este producto es un &#8220; lienzo creativo&#8221; como el concepto central de la manguera de PE en blanco de gran capacidad de 500g \/ ml. Con un di\u00e1metro est\u00e1ndar de 60 mm y cuerpo de PE blanco, presenta una apariencia pura sin ninguna preimpresi\u00f3n, proporcionando la m\u00e1xima libertad de personalizaci\u00f3n para las marcas y los usuarios individuales. Soporta todo el proceso de decoraci\u00f3n como impresi\u00f3n offset, serigraf\u00eda, estampado en caliente o etiquetado, y tambi\u00e9n puede ser personalizado bricolaje por el usuario final con todo tipo de pegatinas. Los productos son est\u00e1ndar en una variedad de aletas \/ cubiertas basculantes de dientes bajos moldeadas por inyecci\u00f3n o galvanizadas, utilizando un proceso de llenado frontal y extremo recto fiable. Su excepcional durabilidad garantiza que la extrusi\u00f3n repetida no se deforme y es un paquete de plataforma fundamental que fomenta la expresi\u00f3n creativa mientras satisface las necesidades de divisi\u00f3n profesional y almacenamiento en el hogar.<\/p>\n<p>&nbsp;<\/p>\n<p>Material del producto<\/p>\n<p>&nbsp;<\/p>\n<ul>\n<li>Cuerpo del tubo: Hecho de materia prima de polietileno de alta densidad (PE) de alta calidad, material puro, propiedades qu\u00edmicas flexibles y estables, proporcionando una base ideal para procesos de impresi\u00f3n y pasta posteriores. Cumple con las normas internacionales de seguridad y medio ambiente.<\/li>\n<li>Superficie: La superficie del cuerpo blanco es lisa y uniforme, con buena adhesi\u00f3n, lo que garantiza que los patrones de impresi\u00f3n personalizados sean claros y firmes, al tiempo que facilita la adhesi\u00f3n y la eliminaci\u00f3n del adhesivo (dependiendo del tipo de adhesivo).<\/li>\n<li>Cuerpo de la cubierta: Use moldeo por inyecci\u00f3n de pl\u00e1stico de polipropileno (PP), proporcionando una variedad de opciones de color est\u00e1ndar y color de chapado. Los tornillos de dientes cortos est\u00e1n dise\u00f1ados tanto para la sellabilidad como para la apertura.<\/li>\n<\/ul>\n<p>&nbsp;<\/p>\n<p>Caracter\u00edsticas del producto<\/p>\n<p>&nbsp;<\/p>\n<ol>\n<li>Flexibilidad personalizada extrema: Como &#8220; plantilla en blanco,&#8221; coincide perfectamente con la marca&#8217; Dise\u00f1o visual completo, que permite la impresi\u00f3n arbitraria desde logotipos simples hasta patrones complejos, y sirve como un veh\u00edculo creativo para los entusiastas del bricolaje.<\/li>\n<li>Excelentes propiedades f\u00edsicas: heredado las excelentes caracter\u00edsticas del material PE, anti-extrusi\u00f3n, resistencia a la fatiga, llenado de gran capacidad todav\u00eda puede mantener la estabilidad estructural, uso a largo plazo no es f\u00e1cil de deformaci\u00f3n o da\u00f1o.<\/li>\n<li>La combinaci\u00f3n de un proceso de sellado recto y una cubierta de tornillo de precisi\u00f3n evita eficazmente las fugas y la contaminaci\u00f3n del contenido, y garantiza la frescura y la eficacia de varios l\u00edquidos y l\u00edquidos.<\/li>\n<li>Amplia compatibilidad con el contenido: aplicable a todo, desde productos de cuidado personal suaves hasta ung\u00fcentos industriales neutrales, hay una amplia gama de contenidos.<\/li>\n<\/ol>","protected":false},"excerpt":{"rendered":"<p>Concepto de dise\u00f1o del cuerpo<\/p>\n<ul>\n<li>Filosof\u00eda del dise\u00f1o: la simplicidad es infinita: el cuerpo blanco puro elimina todos los elementos visuales preestablecidos, dejando la soberan\u00eda del dise\u00f1o por completo al usuario. Representa una est\u00e9tica minimalista y tambi\u00e9n proporciona espacio para maximizar la expresi\u00f3n creativa.<\/li>\n<li>Interfaz decorativa abierta:<\/li>\n<li>Para empresas \/ marcas: Se puede utilizar como embalaje personalizado est\u00e1ndar para llevar la imagen de la marca a trav\u00e9s de procesos de impresi\u00f3n profesionales.<\/li>\n<li>Para los consumidores finales: El cuerpo brillante es la plataforma de bricolaje perfecta para la distinci\u00f3n personalizada y la decoraci\u00f3n utilizando pegatinas impermeables, pegatinas de dibujos animados, etiquetas escritas a mano, etc.  &#8211; especialmente para hogares de m\u00faltiples miembros o situaciones en las que se necesitan identificar m\u00faltiples contenidos.<\/li>\n<\/ul>\n<p>Ventajas del producto<\/p>\n<ul>\n<li>Umbreles de puesta en marcha de marcas m\u00e1s bajos: Sin incurrir en altos honorarios de puesta en marcha de preimpresi\u00f3n y pedidos m\u00ednimos, es especialmente adecuado para marcas de puesta en marcha, producci\u00f3n de lotes peque\u00f1os o pruebas de mercado.<\/li>\n<li>Estimular la participaci\u00f3n y el inter\u00e9s del usuario: las caracter\u00edsticas de bricolaje fomentan la interacci\u00f3n del usuario, pueden mejorar la afinidad de la marca y la experiencia del producto, especialmente favorecidas por los grupos de consumidores j\u00f3venes.<\/li>\n<li>Gesti\u00f3n clara y de uso m\u00faltiple: los usuarios pueden separar los diferentes productos por s\u00ed mismos y distinguirlos por pegatinas, lo que optimiza en gran medida la gesti\u00f3n del espacio y la comodidad.<\/li>\n<li>La cadena de suministro es eficiente y flexible: las marcas pueden comprar primero tubos en blanco est\u00e1ndar, organizar la impresi\u00f3n de posproducci\u00f3n de forma r\u00e1pida y flexible de acuerdo con los comentarios del mercado o las diferentes necesidades de la l\u00ednea de productos y responder a los cambios del mercado.<\/li>\n<\/ul>\n<p>Casos de uso recomendados<\/p>\n<ol>\n<li>La belleza &amp; Cuidado de la piel &amp; Industria de limpieza personal<\/li>\n<\/ol>\n<ul>\n<li>Se\u00f1oras: Disponible como &#8220; versi\u00f3n familiar de gran capacidad&#8221; De botellas de viaje, los usuarios pueden llenar sus geles de ducha favoritos, champ\u00fas, lociones corporales con elegantes pegatinas o etiquetas para sus sabores y usos para crear una pantalla de ba\u00f1o personalizada. Los marcadores tambi\u00e9n pueden empaquetarlo como &#8220; personalizado&#8221; regalo.<\/li>\n<li>Hombres: Para dispensar ceras, limpiadores, etc., el simple cuerpo de tubo en blanco se ajusta a la preferencia de los hombres por una est\u00e9tica directa y funcional y se puede identificar por una etiqueta de estilo industrial simple.<\/li>\n<li>Ni\u00f1os: Los padres pueden usarlo para separar a los ni\u00f1os&#8217; productos de lavado especializados y dejar que los ni\u00f1os pongan sus pegatinas favoritas de dibujos animados por s\u00ed mismos para aumentar la diversi\u00f3n y la autonom\u00eda del ba\u00f1o.<\/li>\n<\/ul>\n<ol start=\"2\">\n<li>Industria de ung\u00fcentos farmac\u00e9uticos y mantenimiento del hogar<\/li>\n<\/ol>\n<ul>\n<li>Cremas m\u00e9dicas: Un recipiente universal en una caja de medicina familiar se utiliza para contener cremas de manos, ung\u00fcentos, preparaciones t\u00f3picas para mascotas, etc. El nombre y la fecha de caducidad del medicamento est\u00e1n claramente indicados por una etiqueta escrita a mano, que es segura y pr\u00e1ctica.<\/li>\n<li>Mantenimiento mec\u00e1nico \/ dom\u00e9stico: Separar lubricantes, cremas de limpieza, adhesivos, etc. para diferentes fines. El cuerpo de tubo en blanco est\u00e1 emparejado con etiquetas prominentes para evitar confusi\u00f3n en kits de herramientas o garajes.<\/li>\n<\/ul>\n<p>&nbsp;<\/p>\n<ol start=\"3\">\n<li>Industrias, artesan\u00eda y educaci\u00f3n<\/li>\n<\/ol>\n<p>&nbsp;<\/p>\n<ul>\n<li>Pigmentos qu\u00edmicos: utilizados en el estudio para separar pigmentos, aditivos o pegamentos de uso com\u00fan para que el artista o estudiante pueda etiquetar sus propios n\u00fameros de color e ingredientes.<\/li>\n<li>bricolaje y artesan\u00eda: Es un recipiente ideal para los amantes de la artesan\u00eda y clases de habilidades laborales escolares. Se utiliza para almacenar todo tipo de materiales hechos a mano, y su propia decorabilidad tambi\u00e9n forma parte de la creaci\u00f3n. El concepto de dise\u00f1o de este producto es profundamente compatible con los valores y h\u00e1bitos de muchos mercados de consumo principales en el extranjero:<\/li>\n<li>Personalizaci\u00f3n y autoexpresi\u00f3n (mercados europeos y americanos): altamente encaja con la tendencia de &#8220; Cultura de bricolaje&#8221;  and &#8220; Consumo personalizado. &#8221; Los consumidores est\u00e1n ansiosos por comprar productos b\u00e1sicos y crear creaciones secundarias para revelar su estilo personal. El cuerpo de tubo en blanco es el veh\u00edculo perfecto para este estilo de vida.<\/li>\n<li>Minimalismo y sostenibilidad (mercados n\u00f3rdicos, japoneses y coreanos): un aspecto limpio sin impresi\u00f3n redundante, en l\u00ednea con la est\u00e9tica minimalista. Al mismo tiempo, las caracter\u00edsticas reutilizables y autodecorables reflejan el concepto de vida sostenible de &#8220; reducir los residuos y utilizar lo mejor de los bienes,&#8221; que es popular entre los consumidores conscientes del medio ambiente.<\/li>\n<li>Pr\u00e1ctico y familiar (Global Family Market): Caracter\u00edsticas de alta capacidad y claramente etiquetado, ideal para situaciones en las que los miembros de la familia comparten pero tienen diferentes necesidades (como champ\u00fas para diferentes acondicionadores de pelo), f\u00e1cil de manejar y asequible.<\/li>\n<li>Compromiso de marca y creaci\u00f3n de valor: Las marcas pueden usar esto como una herramienta para involucrarse con los consumidores, como organizar concursos de dise\u00f1o de pegatinas o ofrecer una serie reutilizable de etiquetas tem\u00e1ticas para mejorar la pertenencia a la comunidad y la lealtad a la marca.<\/li>\n<\/ul>","protected":false},"featured_media":4229,"comment_status":"closed","ping_status":"closed","template":"","meta":[],"product_brand":[],"product_cat":[29,51],"product_tag":[],"class_list":{"0":"post-4227","1":"product","2":"type-product","3":"status-publish","4":"has-post-thumbnail","6":"product_cat-skin-care-plastic-tube","7":"product_cat-60-pe-plastic-tube","9":"first","10":"instock","11":"shipping-taxable","12":"purchasable","13":"product-type-simple"},"_links":{"self":[{"href":"https:\/\/www.hongyitube.com\/es\/wp-json\/wp\/v2\/product\/4227","targetHints":{"allow":["GET"]}}],"collection":[{"href":"https:\/\/www.hongyitube.com\/es\/wp-json\/wp\/v2\/product"}],"about":[{"href":"https:\/\/www.hongyitube.com\/es\/wp-json\/wp\/v2\/types\/product"}],"replies":[{"embeddable":true,"href":"https:\/\/www.hongyitube.com\/es\/wp-json\/wp\/v2\/comments?post=4227"}],"wp:featuredmedia":[{"embeddable":true,"href":"https:\/\/www.hongyitube.com\/es\/wp-json\/wp\/v2\/media\/4229"}],"wp:attachment":[{"href":"https:\/\/www.hongyitube.com\/es\/wp-json\/wp\/v2\/media?parent=4227"}],"wp:term":[{"taxonomy":"product_brand","embeddable":true,"href":"https:\/\/www.hongyitube.com\/es\/wp-json\/wp\/v2\/product_brand?post=4227"},{"taxonomy":"product_cat","embeddable":true,"href":"https:\/\/www.hongyitube.com\/es\/wp-json\/wp\/v2\/product_cat?post=4227"},{"taxonomy":"product_tag","embeddable":true,"href":"https:\/\/www.hongyitube.com\/es\/wp-json\/wp\/v2\/product_tag?post=4227"}],"curies":[{"name":"WP","href":"https:\/\/api.w.org\/{rel}","templated":true}]}}