{"id":4215,"date":"2026-01-12T15:11:42","date_gmt":"2026-01-12T07:11:42","guid":{"rendered":"https:\/\/www.hongyitube.com\/?post_type=product&#038;p=4215"},"modified":"2026-01-12T21:09:19","modified_gmt":"2026-01-12T13:09:19","slug":"60mm-high-capacity-500-grams-ml-blue-violet-matte-pe-soft-tube-packaging-container-hongyi-plastic","status":"publish","type":"product","link":"https:\/\/www.hongyitube.com\/es\/product\/60mm-high-capacity-500-grams-ml-blue-violet-matte-pe-soft-tube-packaging-container-hongyi-plastic\/","title":{"rendered":"60 mm, de alta capacidad 500 gramos \/ ml azul-violeta mate PE recipiente de envasado de tubo suave - pl\u00e1stico Hongyi"},"content":{"rendered":"<p><span dir=\"auto\" style=\"vertical-align: inherit;\"><span dir=\"auto\" style=\"vertical-align: inherit;\">Descripci\u00f3n del producto<\/span><\/span><\/p>\n<p>&nbsp;<\/p>\n<p><span dir=\"auto\" style=\"vertical-align: inherit;\"><span dir=\"auto\" style=\"vertical-align: inherit;\">Este producto es una manguera PE de gran capacidad dise\u00f1ada especialmente para el hogar y una variedad de escenarios. La manguera tiene un di\u00e1metro de 60 mm y una capacidad de 500 g \/ ML. El cuerpo del tubo est\u00e1 hecho de pe blanco, la superficie es un fondo azul y morado mate, y el texto est\u00e1 impreso en Negro. La apariencia general es simple y moderna, sin perder la elegancia. El producto est\u00e1 equipado con una variedad de tapas \/ solapas de bajo perfil moldeadas por inyecci\u00f3n o chapadas, utilizando un proceso de sellado de patr\u00f3n recto para garantizar la estanqueidad del aire. Soporte de llenado frontal. Su dise\u00f1o central tiene en cuenta la gran capacidad y la excelente durabilidad, se puede exprimir repetidamente sin deformaci\u00f3n, adecuado para empaquetar y almacenar todo tipo de l\u00edquidos pegajosos, desde el cuidado diario hasta usos especiales.<\/span><\/span><\/p>\n<p>&nbsp;<\/p>\n<p><span dir=\"auto\" style=\"vertical-align: inherit;\"><span dir=\"auto\" style=\"vertical-align: inherit;\">Material del producto.<\/span><\/span><\/p>\n<p>&nbsp;<\/p>\n<ul>\n<li><span dir=\"auto\" style=\"vertical-align: inherit;\"><span dir=\"auto\" style=\"vertical-align: inherit;\">Cuerpo principal: hecho de polietileno de alta densidad (pe), tiene una excelente estabilidad qu\u00edmica, flexibilidad y resistencia al desgarro. No t\u00f3xico e inodoro, cumple con las normas de seguridad ambiental y de materiales en contacto con alimentos (por ejemplo, fda, lfgb, etc.).<\/span><\/span><\/li>\n<li><span dir=\"auto\" style=\"vertical-align: inherit;\"><span dir=\"auto\" style=\"vertical-align: inherit;\">Recubrimiento e impresi\u00f3n: el fondo azul y morado mate adopta un proceso de impresi\u00f3n en offset de tinta ecol\u00f3gica, con una textura lisa y no es f\u00e1cil contaminar las huellas dactilares. La impresi\u00f3n de texto negro es clara y duradera, cumpliendo con los est\u00e1ndares internacionales de etiquetado de bienes de consumo.<\/span><\/span><\/li>\n<li><span dir=\"auto\" style=\"vertical-align: inherit;\"><span dir=\"auto\" style=\"vertical-align: inherit;\">Cuerpo de la tapa: hecho de material de polipropileno (pp), ofrece una variedad de colores est\u00e1ndar de moldeo por inyecci\u00f3n y colores brillantes de galvanoplastia. El dise\u00f1o del hilo de bajo perfil garantiza una rotaci\u00f3n suave y un sellado confiable.<\/span><\/span><\/li>\n<\/ul>\n<p>&nbsp;<\/p>\n<p>&nbsp;<\/p>\n<p><span dir=\"auto\" style=\"vertical-align: inherit;\"><span dir=\"auto\" style=\"vertical-align: inherit;\">Caracter\u00edsticas del producto.<\/span><\/span><\/p>\n<p>&nbsp;<\/p>\n<ol>\n<li><span dir=\"auto\" style=\"vertical-align: inherit;\"><span dir=\"auto\" style=\"vertical-align: inherit;\">Paquete econ\u00f3mico de gran capacidad: la capacidad de 500 ml est\u00e1 dise\u00f1ada especialmente para escenarios de uso compartido en el hogar o de alta frecuencia, lo que puede reducir significativamente el costo de cada uso.<\/span><\/span><\/li>\n<li><span dir=\"auto\" style=\"vertical-align: inherit;\"><span dir=\"auto\" style=\"vertical-align: inherit;\">Estructura extremadamente resistente: el material PE de alta calidad garantiza que el tubo pueda volver r\u00e1pidamente a su estado original despu\u00e9s de una compresi\u00f3n repetida, reduciendo as\u00ed la posibilidad de deformaci\u00f3n permanente o rotura.<\/span><\/span><\/li>\n<li><span dir=\"auto\" style=\"vertical-align: inherit;\"><span dir=\"auto\" style=\"vertical-align: inherit;\">Excelente rendimiento de sellado y conservaci\u00f3n: la tapa de pared recta se combina con la tapa roscada de precisi\u00f3n para evitar eficazmente fugas, secado o oxidaci\u00f3n del contenido, prolongando as\u00ed la vida \u00fatil.<\/span><\/span><\/li>\n<li><span dir=\"auto\" style=\"vertical-align: inherit;\"><span dir=\"auto\" style=\"vertical-align: inherit;\">Amplia gama de aplicaciones: buena tolerancia a geles de ba\u00f1o, champ\u00fas, lociones, ung\u00fcentos e incluso productos qu\u00edmicos neutros, sin reaccionar con ellos.<\/span><\/span><\/li>\n<\/ol>\n<p>&nbsp;<\/p>","protected":false},"excerpt":{"rendered":"<p><span dir=\"auto\" style=\"vertical-align: inherit;\"><span dir=\"auto\" style=\"vertical-align: inherit;\">Aspectos destacados del dise\u00f1o de la carrocer\u00eda<\/span><\/span><\/p>\n<p>&nbsp;<\/p>\n<ul>\n<li><span dir=\"auto\" style=\"vertical-align: inherit;\"><span dir=\"auto\" style=\"vertical-align: inherit;\">Color y textura: el tono azul y morado mate \u00fanico es tranquilo y de moda, con un sentido de lujo discreto y un rendimiento pr\u00e1ctico antiincrustante. El texto Negro tiene un fuerte contraste y la informaci\u00f3n es clara y f\u00e1cil de leer. El estilo general es moderno y simple, y es f\u00e1cil de integrar en varios entornos.<\/span><\/span><\/li>\n<li><span dir=\"auto\" style=\"vertical-align: inherit;\"><span dir=\"auto\" style=\"vertical-align: inherit;\">Dise\u00f1o funcional humanizado: el tama\u00f1o del fuselaje est\u00e1 optimizado, incluso si est\u00e1 lleno de agua, es f\u00e1cil de agarrar y exprimir; La superficie esmerilada proporciona una buena fricci\u00f3n de funcionamiento.<\/span><\/span><\/li>\n<li><span dir=\"auto\" style=\"vertical-align: inherit;\"><span dir=\"auto\" style=\"vertical-align: inherit;\">Espacio de personalizaci\u00f3n de la marca: un simple color de fondo del logotipo de la marca, texto explicativo o patr\u00f3n decorativo reserva suficiente espacio de personalizaci\u00f3n, que se puede lograr f\u00e1cilmente a trav\u00e9s de la impresi\u00f3n en offset.<\/span><\/span><\/li>\n<\/ul>\n<p>&nbsp;<\/p>\n<p><span dir=\"auto\" style=\"vertical-align: inherit;\"><span dir=\"auto\" style=\"vertical-align: inherit;\">Ventajas del producto<\/span><\/span><\/p>\n<p>&nbsp;<\/p>\n<ul>\n<li><span dir=\"auto\" style=\"vertical-align: inherit;\"><span dir=\"auto\" style=\"vertical-align: inherit;\">Soluciones econ\u00f3micas y eficientes: una combinaci\u00f3n de alta capacidad y materiales duraderos ofrece opciones de embalaje a largo plazo y econ\u00f3micas para marcas y consumidores finales.<\/span><\/span><\/li>\n<li><span dir=\"auto\" style=\"vertical-align: inherit;\"><span dir=\"auto\" style=\"vertical-align: inherit;\">Seguro y confiable: el material PE se puede reciclar, cumplir con las tendencias del entorno del mercado global y los requisitos regulatorios, seguro y confiable, para que los hogares puedan usarlo con m\u00e1s tranquilidad.<\/span><\/span><\/li>\n<li><span dir=\"auto\" style=\"vertical-align: inherit;\"><span dir=\"auto\" style=\"vertical-align: inherit;\">Versatilidad entre industrias: desde el cuidado personal hasta las aplicaciones industriales, un embalaje puede satisfacer una variedad de necesidades de embalaje, simplificando la adquisici\u00f3n y la gesti\u00f3n de inventario.<\/span><\/span><\/li>\n<li><span dir=\"auto\" style=\"vertical-align: inherit;\"><span dir=\"auto\" style=\"vertical-align: inherit;\">Mejorar la imagen de marca: aplicar l\u00edneas de color avanzadas brillantes y brillantes puede mejorar inmediatamente la apariencia del producto, incluso los envases de gran capacidad pueden parecer exquisitos y hermosos.<\/span><\/span><\/li>\n<\/ul>\n<p>&nbsp;<\/p>\n<p>&nbsp;<\/p>\n<p><span dir=\"auto\" style=\"vertical-align: inherit;\"><span dir=\"auto\" style=\"vertical-align: inherit;\">Casos de uso recomendados<\/span><\/span><\/p>\n<p>&nbsp;<\/p>\n<ol>\n<li><span dir=\"auto\" style=\"vertical-align: inherit;\"><span dir=\"auto\" style=\"vertical-align: inherit;\">Industria de la belleza, el cuidado de la piel y la limpieza personal<\/span><\/span><\/li>\n<\/ol>\n<p>&nbsp;<\/p>\n<ul>\n<li><span dir=\"auto\" style=\"vertical-align: inherit;\"><span dir=\"auto\" style=\"vertical-align: inherit;\">Para mujeres: este producto es ideal para reemplazar botellas \/ botellas con gel de ba\u00f1o, hidratante, acondicionador o l\u00edquido de cuidado privado para escritores. El dise\u00f1o simple y de moda se puede integrar armoniosamente en el ba\u00f1o o el espacio del dormitorio para satisfacer la doble b\u00fasqueda de belleza y practicidad de las mujeres.<\/span><\/span><\/li>\n<li><span dir=\"auto\" style=\"vertical-align: inherit;\"><span dir=\"auto\" style=\"vertical-align: inherit;\">Hombre: se puede utilizar para empaquetar gel para el cabello de alta viscosidad, crema de afeitar o crema de limpieza especial para hombres, con gran capacidad para satisfacer las necesidades diarias, y el color mate duro y la solidez se ajustan sustancialmente a las preferencias est\u00e9ticas de los usuarios masculinos.<\/span><\/span><\/li>\n<li><span dir=\"auto\" style=\"vertical-align: inherit;\"><span dir=\"auto\" style=\"vertical-align: inherit;\">Ni\u00f1os: como complemento familiar de los productos de champ\u00fa y ba\u00f1o para ni\u00f1os, los materiales seguros y no t\u00f3xicos tranquilizan a los padres, y los colores brillantes de la portada tambi\u00e9n pueden atraer a los ni\u00f1os.<\/span><\/span><\/li>\n<\/ul>\n<p>&nbsp;<\/p>\n<ol start=\"2\">\n<li><span dir=\"auto\" style=\"vertical-align: inherit;\"><span dir=\"auto\" style=\"vertical-align: inherit;\">Industria farmac\u00e9utica y de mantenimiento de maquinaria<\/span><\/span><\/li>\n<\/ol>\n<p>&nbsp;<\/p>\n<ul>\n<li><span dir=\"auto\" style=\"vertical-align: inherit;\"><span dir=\"auto\" style=\"vertical-align: inherit;\">Crema m\u00e9dica: adecuada para envases de crema m\u00e9dica de venta libre (como crema para manos, crema para la piel, crema de masaje), crema para mascotas, etc. Una buena estanqueidad garantiza una eficacia estable del medicamento.<\/span><\/span><\/li>\n<li><span dir=\"auto\" style=\"vertical-align: inherit;\"><span dir=\"auto\" style=\"vertical-align: inherit;\">Mantenimiento mec\u00e1nico: se puede utilizar para almacenar y distribuir lubricantes, sujetadores de tornillos, pasta de limpieza de autom\u00f3viles, etc. La resistencia qu\u00edmica del material pe garantiza su fiabilidad en el entorno del taller.<\/span><\/span><\/li>\n<\/ul>\n<p>&nbsp;<\/p>\n<ol start=\"3\">\n<li><span dir=\"auto\" style=\"vertical-align: inherit;\"><span dir=\"auto\" style=\"vertical-align: inherit;\">Productos qu\u00edmicos industriales e industrias creativas<\/span><\/span><\/li>\n<\/ol>\n<p>&nbsp;<\/p>\n<ul>\n<li><span dir=\"auto\" style=\"vertical-align: inherit;\"><span dir=\"auto\" style=\"vertical-align: inherit;\">Pigmentos qu\u00edmicos: embalados en pigmentos a base de agua, pigmentos impresos o pegamento artesanal, los tubos son impermeables al agua y f\u00e1ciles de etiquetar, lo que es ideal para estudios o instituciones educativas.<\/span><\/span><\/li>\n<li><span dir=\"auto\" style=\"vertical-align: inherit;\"><span dir=\"auto\" style=\"vertical-align: inherit;\">Bricolaje y jardiner\u00eda: para empaquetar caldos de cultivo vegetal, adhesivos u otros productos qu\u00edmicos de mantenimiento dom\u00e9stico para facilitar su almacenamiento y extracci\u00f3n.<\/span><\/span><\/li>\n<\/ul>","protected":false},"featured_media":4222,"comment_status":"closed","ping_status":"closed","template":"","meta":[],"product_brand":[],"product_cat":[29,51],"product_tag":[],"class_list":{"0":"post-4215","1":"product","2":"type-product","3":"status-publish","4":"has-post-thumbnail","6":"product_cat-skin-care-plastic-tube","7":"product_cat-60-pe-plastic-tube","9":"first","10":"instock","11":"shipping-taxable","12":"purchasable","13":"product-type-simple"},"_links":{"self":[{"href":"https:\/\/www.hongyitube.com\/es\/wp-json\/wp\/v2\/product\/4215","targetHints":{"allow":["GET"]}}],"collection":[{"href":"https:\/\/www.hongyitube.com\/es\/wp-json\/wp\/v2\/product"}],"about":[{"href":"https:\/\/www.hongyitube.com\/es\/wp-json\/wp\/v2\/types\/product"}],"replies":[{"embeddable":true,"href":"https:\/\/www.hongyitube.com\/es\/wp-json\/wp\/v2\/comments?post=4215"}],"wp:featuredmedia":[{"embeddable":true,"href":"https:\/\/www.hongyitube.com\/es\/wp-json\/wp\/v2\/media\/4222"}],"wp:attachment":[{"href":"https:\/\/www.hongyitube.com\/es\/wp-json\/wp\/v2\/media?parent=4215"}],"wp:term":[{"taxonomy":"product_brand","embeddable":true,"href":"https:\/\/www.hongyitube.com\/es\/wp-json\/wp\/v2\/product_brand?post=4215"},{"taxonomy":"product_cat","embeddable":true,"href":"https:\/\/www.hongyitube.com\/es\/wp-json\/wp\/v2\/product_cat?post=4215"},{"taxonomy":"product_tag","embeddable":true,"href":"https:\/\/www.hongyitube.com\/es\/wp-json\/wp\/v2\/product_tag?post=4215"}],"curies":[{"name":"WP","href":"https:\/\/api.w.org\/{rel}","templated":true}]}}