{"id":4195,"date":"2026-01-12T14:27:59","date_gmt":"2026-01-12T06:27:59","guid":{"rendered":"https:\/\/www.hongyitube.com\/?post_type=product&#038;p=4195"},"modified":"2026-01-12T14:27:59","modified_gmt":"2026-01-12T06:27:59","slug":"high-quality-pe-soft-tubes-with-a-60-mm-diameter-capacity-of-360-grams-ml-smooth-texture-versatile-packaging-and-storage-design-hongyi-plastic","status":"publish","type":"product","link":"https:\/\/www.hongyitube.com\/es\/product\/high-quality-pe-soft-tubes-with-a-60-mm-diameter-capacity-of-360-grams-ml-smooth-texture-versatile-packaging-and-storage-design-hongyi-plastic\/","title":{"rendered":"Tubos suaves de PE de alta calidad con un di\u00e1metro de 60 mm, capacidad de 360 gramos \/ ml, textura lisa, envasado vers\u00e1til y dise\u00f1o de almacenamiento - pl\u00e1stico Hongyi"},"content":{"rendered":"<p>Este producto es un tubo de PE de alta calidad dise\u00f1ado espec\u00edficamente para el envasado vers\u00e1til y el almacenamiento. Cuenta con un di\u00e1metro de 60 mm y una capacidad de 360 gramos\/ml, equilibrando la gran capacidad con la portabilidad. El cuerpo del tubo es blanco con un revestimiento de acabado brillante de textura suave, proporcionando una sensaci\u00f3n suave y agarrable. La superficie frontal presenta intrincados patrones logrados a trav\u00e9s de la serigraf\u00eda, con dos \u00e1reas circulares de colores: el primer c\u00edrculo tiene un borde en relieve dorado, mientras que el segundo c\u00edrculo tiene una textura transparente de aceite impresa en seda, agregando profundidad al efecto visual. La porci\u00f3n de texto combina serigraf\u00eda y grabado en oro. La parte posterior presenta texto explicativo en colores impreso con un proceso de serigraf\u00eda. El dise\u00f1o global equilibra est\u00e9tica y funcionalidad. Viene con cierres de tapa\/solapa de color moldeados por inyecci\u00f3n o galvanizados con una estructura de sellado de grano recto para garantizar la estanqueidad al aire. Este dise\u00f1o es adecuado para la compresi\u00f3n repetida de contenidos destinados a uso dom\u00e9stico, manteniendo la integridad estructural del tubo durante un per\u00edodo prolongado.<\/p>\n<p>&nbsp;<\/p>\n<p>Material del producto.<\/p>\n<p>&nbsp;<\/p>\n<ul>\n<li>Cuerpo: Hecho de polietileno de alta densidad (PE), que no es t\u00f3xico e inodoro, cumple con las normas de protecci\u00f3n ambiental y posee una excelente flexibilidad, resistencia qu\u00edmica y resistencia al impacto.<\/li>\n<li>Recubrimiento e impresi\u00f3n: impresi\u00f3n offset de tinta ecol\u00f3gica; un acabado brillante de tacto suave mejora la tactilidad y la durabilidad; Tanto el estampado de hoja de oro como la serigraf\u00eda emplean recubrimientos seguros, adhiri\u00e9ndose a las normas internacionales de seguridad del consumidor.<\/li>\n<li>Cuerpo de la cubierta: Polipropileno (PP) moldeado por inyecci\u00f3n, disponible en varios colores y efectos de galvanizaci\u00f3n, con dise\u00f1o roscado que garantiza un cierre herm\u00e9tico.<\/li>\n<\/ul>\n<p>&nbsp;<\/p>\n<p>&nbsp;<\/p>\n<p>Caracter\u00edsticas del producto.<\/p>\n<p>&nbsp;<\/p>\n<ol>\n<li>Duradero y duradero: El material PE es altamente resistente a la fatiga, se puede comprimir repetidamente sin deformarse y, por lo tanto, prolonga su vida \u00fatil.<\/li>\n<li>Sellado y a prueba de fugas: El proceso de sellado texturizado combinado con una tapa de tornillo de perfil bajo \/ tapa de vuelta previene eficazmente las fugas de l\u00edquidos y la oxidaci\u00f3n.<\/li>\n<li>Visuales y textura mejorados: Uso de barniz de acabado suave, estampado de hoja de oro y dise\u00f1os de textura de serigraf\u00eda para dar al producto una apariencia m\u00e1s lujosa.<\/li>\n<li>Amplia compatibilidad: Adecuado para fluidos neutros a moderados a altamente viscosos, incluyendo emulsiones, geles, pastas y m\u00e1s.<\/li>\n<\/ol>\n<p>&nbsp;<\/p>","protected":false},"excerpt":{"rendered":"<p>Destacados del dise\u00f1o del cuerpo<\/p>\n<ul>\n<li>Artesan\u00eda est\u00e9tica: Los bloques de color circulares dobles combinados con oro caliente y texturas transparentes crean un enfoque visual en capas, en l\u00ednea con la est\u00e9tica minimalista moderna.<\/li>\n<li>Impresi\u00f3n humanizada: el texto frontal combina oro e impresi\u00f3n offset para hacerlo claro y f\u00e1cil de leer; El texto en color en la parte posterior facilita a los usuarios identificar r\u00e1pidamente el contenido.<\/li>\n<li>Optimizaci\u00f3n del agarre: el revestimiento de aceite brillante de superficie suave proporciona una experiencia de agarre c\u00f3moda y el dise\u00f1o antideslizante facilita las operaciones de compresi\u00f3n<\/li>\n<\/ul>\n<p>&nbsp;<\/p>\n<p>Ventajas del producto<\/p>\n<p>&nbsp;<\/p>\n<ul>\n<li>Adaptaci\u00f3n multiprop\u00f3sito: desde la belleza hasta la industria, puede usar una cosa para muchos prop\u00f3sitos diferentes, reduciendo los costos de abastecimiento y almacenamiento.<\/li>\n<li>Protecci\u00f3n ambiental y seguridad: el material PE se puede reciclar, y el proceso inofensivo cumple con los requisitos de protecci\u00f3n ambiental de los mercados de Europa, Am\u00e9rica y Asia.<\/li>\n<li>Personalizaci\u00f3n flexible: el color de la cubierta, el efecto de chapado y los patrones de impresi\u00f3n soportan la personalizaci\u00f3n para satisfacer las necesidades individuales de la marca.<\/li>\n<li>Econom\u00eda de art\u00edculos para el hogar: el dise\u00f1o de gran capacidad es adecuado para compartir en familia y reduce los residuos de envases.<\/li>\n<\/ul>\n<p>&nbsp;<\/p>\n<p>Casos de uso recomendados<\/p>\n<p>&nbsp;<\/p>\n<ol>\n<li>La industria de la belleza y el cuidado de la piel<\/li>\n<\/ol>\n<p>&nbsp;<\/p>\n<ul>\n<li>Para productos de alta capacidad como loci\u00f3n para ba\u00f1o, leche corporal y champ\u00fa, el dise\u00f1o sencillo se ajusta a la est\u00e9tica del ba\u00f1o, es f\u00e1cil de llegar y evita la contaminaci\u00f3n secundaria.<\/li>\n<li>Hombres: adecuado para cera de pelo de alta viscosidad, base de barba, etc., cuerpo de tubo duradero cumple con la necesidad de compresi\u00f3n frecuente, y el dise\u00f1o neutral cumple con la est\u00e9tica masculina.<\/li>\n<li>Ni\u00f1os: Se puede usar en ni\u00f1os&#8217; champ\u00fas, lociones de ba\u00f1o suaves y una cubierta redondeada y material de seguridad para su uso seguro.<\/li>\n<\/ul>\n<p>&nbsp;<\/p>\n<ol start=\"2\">\n<li>La industria farmac\u00e9utica y de mantenimiento mec\u00e1nico<\/li>\n<\/ol>\n<p>&nbsp;<\/p>\n<ul>\n<li>Cremas m\u00e9dicas: Cremas separadas, l\u00e1tex para el cuidado de la piel, etc. El sellado evita el deterioro de los ingredientes, y el texto sellado es conveniente para marcar las instrucciones de uso.<\/li>\n<li>Mantenimiento mec\u00e1nico: almacenamiento de aceite lubricante, adhesivos, etc., material PE resistente a la corrosi\u00f3n qu\u00edmica, adecuado para el mantenimiento de talleres o herramientas familiares.<\/li>\n<\/ul>\n<p>&nbsp;<\/p>\n<ol start=\"3\">\n<li>Productos qu\u00edmicos industriales y Industria de pinturas<\/li>\n<\/ol>\n<p>&nbsp;<\/p>\n<ul>\n<li>Divisi\u00f3n de pintura: Para pinturas acu\u00e1ticas o oleosas, el tubo es resistente al te\u00f1ido y f\u00e1cil de limpiar, lo que hace que sea f\u00e1cil para los artistas o los trabajadores de la construcci\u00f3n llevar.<\/li>\n<li>Reactivos qu\u00edmicos: Separa adhesivos industriales neutros, l\u00edquidos de limpieza y extremos rectos para prevenir fugas y mejorar la seguridad operacional.<\/li>\n<\/ul>\n<p>&nbsp;<\/p>\n<p>Instrucciones de adaptaci\u00f3n para consumidores extranjeros<\/p>\n<p>&nbsp;<\/p>\n<p>Para los mercados europeos, americanos, japoneses y del sudeste asi\u00e1tico, el producto est\u00e1 dise\u00f1ado para satisfacer los siguientes h\u00e1bitos de consumo:<\/p>\n<p>&nbsp;<\/p>\n<ul>\n<li>Preferencia ambiental: el uso de materiales reciclables y procesos de bajo impacto ambiental est\u00e1 en l\u00ednea con las tendencias de desarrollo sostenible en los mercados extranjeros.<\/li>\n<li>Pragmatismo: La ropa dom\u00e9stica de alta capacidad satisface las necesidades de almacenamiento, las caracter\u00edsticas de reutilizaci\u00f3n reducen los residuos y son adecuadas para los consumidores rentables.<\/li>\n<li>Necesidades est\u00e9ticas: oro ligero y dise\u00f1os de textura elevan el producto y son adecuados como regalos o envases de alambre de gama alta.<\/li>\n<li>Claridad de la etiqueta: el texto en color en la parte posterior soporta instrucciones multiling\u00fces, lo que permite la identificaci\u00f3n localizada cuando las ventas transfronterizas.<\/li>\n<\/ul>","protected":false},"featured_media":4202,"comment_status":"closed","ping_status":"closed","template":"","meta":[],"product_brand":[],"product_cat":[51],"product_tag":[],"class_list":{"0":"post-4195","1":"product","2":"type-product","3":"status-publish","4":"has-post-thumbnail","6":"product_cat-60-pe-plastic-tube","8":"first","9":"instock","10":"shipping-taxable","11":"purchasable","12":"product-type-simple"},"_links":{"self":[{"href":"https:\/\/www.hongyitube.com\/es\/wp-json\/wp\/v2\/product\/4195","targetHints":{"allow":["GET"]}}],"collection":[{"href":"https:\/\/www.hongyitube.com\/es\/wp-json\/wp\/v2\/product"}],"about":[{"href":"https:\/\/www.hongyitube.com\/es\/wp-json\/wp\/v2\/types\/product"}],"replies":[{"embeddable":true,"href":"https:\/\/www.hongyitube.com\/es\/wp-json\/wp\/v2\/comments?post=4195"}],"wp:featuredmedia":[{"embeddable":true,"href":"https:\/\/www.hongyitube.com\/es\/wp-json\/wp\/v2\/media\/4202"}],"wp:attachment":[{"href":"https:\/\/www.hongyitube.com\/es\/wp-json\/wp\/v2\/media?parent=4195"}],"wp:term":[{"taxonomy":"product_brand","embeddable":true,"href":"https:\/\/www.hongyitube.com\/es\/wp-json\/wp\/v2\/product_brand?post=4195"},{"taxonomy":"product_cat","embeddable":true,"href":"https:\/\/www.hongyitube.com\/es\/wp-json\/wp\/v2\/product_cat?post=4195"},{"taxonomy":"product_tag","embeddable":true,"href":"https:\/\/www.hongyitube.com\/es\/wp-json\/wp\/v2\/product_tag?post=4195"}],"curies":[{"name":"WP","href":"https:\/\/api.w.org\/{rel}","templated":true}]}}