{"id":4183,"date":"2026-01-12T13:12:34","date_gmt":"2026-01-12T05:12:34","guid":{"rendered":"https:\/\/www.hongyitube.com\/?post_type=product&#038;p=4183"},"modified":"2026-01-12T14:16:59","modified_gmt":"2026-01-12T06:16:59","slug":"55mm-diameter-300ml-capacity-embossed-printing-sunrise-watercolor-design-pe-soft-tube-packaging-material-for-dispensing-hongyi-plastic","status":"publish","type":"product","link":"https:\/\/www.hongyitube.com\/es\/product\/55mm-diameter-300ml-capacity-embossed-printing-sunrise-watercolor-design-pe-soft-tube-packaging-material-for-dispensing-hongyi-plastic\/","title":{"rendered":"55 mm de di\u00e1metro, capacidad de 300 ml, impresi\u00f3n en relieve, dise\u00f1o de acuarela del amanecer, material de envasado de tubo suave de PE para la dispensaci\u00f3n - pl\u00e1stico Hongyi"},"content":{"rendered":"<p>Descripci\u00f3n del producto<\/p>\n<p>&nbsp;<\/p>\n<p>Este producto es de 55 di\u00e1metros, capacidad de 300 ml de manguera de PE, cuerpo de tubo con tratamiento avanzado de barniz mate mate, mostrando un tacto c\u00e1lido y suave y textura visual. El frente utiliza la est\u00e9tica oriental como n\u00facleo, e imprime pinturas de tinta de edificios paisaj\u00edsticos y pabellones, y superpone un patr\u00f3n rojo de salida del sol de transici\u00f3n, creando el sentimiento que &#8220; El amanecer es al este y los paisajes son espirituales. &#8221; La informaci\u00f3n est\u00e1 claramente marcada con impresiones offset negras en la parte posterior. Disponible en una variedad de tapas de tornillo \/ flip moldeadas por inyecci\u00f3n o galvanizadas de dientes bajos, combinadas con un proceso de sellado de borde recto para garantizar el sellado. La ropa dom\u00e9stica de gran capacidad est\u00e1 dise\u00f1ada para ser flexible y duradera, soportar presiones repetidas y no deformarse, y es adecuada para la divisi\u00f3n de fluidos, yesos y adhesivos desde la limpieza diaria hasta el uso profesional.<\/p>\n<p>&nbsp;<\/p>\n<p>&nbsp;<\/p>\n<p>Material del producto<\/p>\n<p>&nbsp;<\/p>\n<ul>\n<li>Cuerpo del tubo: material de polietileno de baja densidad (LDPE) de alta calidad, con excelente flexibilidad, estabilidad qu\u00edmica y seguridad, en l\u00ednea con las normas ambientales internacionales (como REACH, nivel de contacto FDA).<\/li>\n<li>Tratamiento superficial: El recubrimiento especial de aceite mate abrasivo mejora la resistencia al tacto y a los ara\u00f1azos, y da a la imagen un acabado mate avanzado.<\/li>\n<li>Cubierta: material ABS, que proporciona una variedad de inyecci\u00f3n de color puro o opciones de color de chapado de metal, color duradero y duradero.<\/li>\n<li>Proceso de impresi\u00f3n: Utilizando tecnolog\u00eda de impresi\u00f3n de tinta respetuosa con el medio ambiente, la imagen tiene niveles ricos, adhesi\u00f3n fuerte y no es f\u00e1cil de caer.<\/li>\n<\/ul>\n<p>&nbsp;<\/p>\n<p>&nbsp;<\/p>\n<p>Uso recomendado<\/p>\n<p>&nbsp;<\/p>\n<p>Adaptaci\u00f3n de la poblaci\u00f3n<\/p>\n<p>&nbsp;<\/p>\n<ul>\n<li>Sra.: El patr\u00f3n de salida del sol del paisaje contiene est\u00e9tica natural y significado po\u00e9tico, y es adecuado para empaquetar productos de cuidado de la piel de alta gama, sueros de ba\u00f1o o aceites esenciales arom\u00e1ticos para satisfacer el valor emocional y la est\u00e9tica de la vida de las mujeres usuarios.<\/li>\n<li>Hombres: El motivo de tinta constante y la juventud simbolizada por el amanecer, que se encuentra con los hombres&#8217; s preferencias para la textura y el significado, se puede usar en combinaciones de hombres&#8217; s crema para la piel, gel para el cabello o aceite para zapatos de gama alta.<\/li>\n<li>Ni\u00f1os: materiales seguros y no t\u00f3xicos son adecuados para empaquetar ni\u00f1os&#8217; Cremas especiales de ba\u00f1o o piel, y patrones de paisaje natural pueden desarrollar sutilmente a los ni\u00f1os; La est\u00e9tica.<\/li>\n<\/ul>\n<p>&nbsp;<\/p>\n<p>Aplicaciones industriales<\/p>\n<p>&nbsp;<\/p>\n<ul>\n<li>Industria de belleza y cuidado de la piel: Como portador cultural de marca, es adecuado para l\u00edneas de productos de gama alta, ediciones de colecci\u00f3n limitada o paquetes de viajes para mejorar la marca&#8217; tono art\u00edstico.<\/li>\n<li>Industria de ung\u00fcentos farmac\u00e9uticos: Distribuye ung\u00fcentos medicinales chinos, geles de masaje o ung\u00fcentos calmantes con dise\u00f1os elegantes que reducen el estr\u00e9s psicol\u00f3gico durante el uso y mejoran la experiencia de la medicaci\u00f3n.<\/li>\n<li>Industria de mantenimiento mec\u00e1nico: utilizado para montar aceite de mantenimiento de instrumentos de precisi\u00f3n, agentes de mantenimiento de cuero de gama alta, etc., lo que refleja el profesionalismo y la creatividad.<\/li>\n<li>Industrias industriales y qu\u00edmicas: ensamblar pigmentos artesanales especializados, pegamentos de modelo o pinturas especiales que son seguras y muestran al usuario&#8217; El sabor.<\/li>\n<\/ul>\n<p>&nbsp;<\/p>\n<p>&nbsp;<\/p>\n<p>Caracter\u00edsticas del producto<\/p>\n<p>&nbsp;<\/p>\n<ol>\n<li>Experiencia sensorial avanzada: arenosa, mate, c\u00f3moda y resbaladiza, visualmente discreta y lujosa.<\/li>\n<li>Excelentes propiedades f\u00edsicas: material PE para garantizar la compresi\u00f3n flexible, miles de veces de extrusi\u00f3n no es f\u00e1cil de deformar o romper.<\/li>\n<li>Protecci\u00f3n de sellado de larga duraci\u00f3n: La combinaci\u00f3n de un sello de borde recto y una cubierta de precisi\u00f3n proporciona una excelente protecci\u00f3n contra fugas y oxidaci\u00f3n.<\/li>\n<li>Fusi\u00f3n de arte y cultura: la combinaci\u00f3n de tinta tradicional con procesos progresivos modernos da a los productos capacidades narrativas art\u00edsticas \u00fanicas.<\/li>\n<li>Protecci\u00f3n y seguridad ambientales: Todos los materiales pueden ser reciclados, y el proceso de producci\u00f3n y las tintas cumplen con las regulaciones de protecci\u00f3n ambiental.<\/li>\n<\/ol>","protected":false},"excerpt":{"rendered":"<p><strong><b>Dise\u00f1o del cuerpo<\/b><\/strong><\/p>\n<p>&nbsp;<\/p>\n<ul>\n<li>Narrativa est\u00e9tica: El dise\u00f1o frontal expresa el &#8220; silencioso&#8221; de la filosof\u00eda oriental con tinta y paisajes, y el amanecer rojo progresivo simboliza &#8220; movimiento&#8221;  and &#8220; esperanza. &#8221; La combinaci\u00f3n de movimiento y silencio es profundamente significativa y coleccionable.<\/li>\n<li>Detalles t\u00e9cnicos: El sustrato lijado da a la imagen una textura como papel de papeler\u00eda, y el amanecer rojo se mezcla gradualmente de forma natural, mejorando el impacto visual y la capa. El texto negro en la parte posterior asegura que la informaci\u00f3n funcional sea claramente legible.<\/li>\n<li>ergon\u00f3mico: La curva del cuerpo es f\u00e1cil de sostener, y la tapa \/ tapa se abre y cierra sin problemas, lo que es consistente con los h\u00e1bitos de uso diario.<\/li>\n<\/ul>\n<p>&nbsp;<\/p>\n<p>Ventajas del producto<\/p>\n<p>&nbsp;<\/p>\n<ol>\n<li>Competitividad diferenciada: los dise\u00f1os est\u00e9ticos orientales \u00fanicos son altamente reconocibles en el mercado y pueden atraer r\u00e1pidamente a los consumidores que prefieren la cultura y el dise\u00f1o.<\/li>\n<li>Premium de valor emocional: los productos van m\u00e1s all\u00e1 de las funciones b\u00e1sicas para convertirse en objetos que encarnan la est\u00e9tica oriental y los gustos personales, aumentando la motivaci\u00f3n de compra y la lealtad a la marca.<\/li>\n<li>Universalidad en todos los escenarios: desde vestidores privados hasta piezas de repuesto de hotel de gama alta hasta estudios profesionales, sus dise\u00f1os y funciones se ajustan perfectamente.<\/li>\n<li>Empoderamiento de la imagen de marca: ayuda a las marcas asociadas a crear una imagen de gama alta que sea &#8220; cultural, de buen gusto y re-experimentado. &#8221;<\/li>\n<li>Sostenibilidad: los materiales ecol\u00f3gicos y las propiedades reutilizables coinciden con precisi\u00f3n con los valores globales principales del consumo sostenible.<\/li>\n<\/ol>\n<p>&nbsp;<\/p>\n<p>Escenarios de uso<\/p>\n<p>&nbsp;<\/p>\n<ul>\n<li>Vida y exhibici\u00f3n en el hogar: Situado en el ba\u00f1o, estudio o vestidor, es tanto un art\u00edculo f\u00edsico como una exhibici\u00f3n art\u00edstica para mostrar al propietario&#8217; El sabor.<\/li>\n<li>Viajes y negocios de gama alta: empaquete los productos o necesidades favoritos para el cuidado de la piel para tu viaje e incorpora la poes\u00eda del viaje a tu practicidad.<\/li>\n<li>Comunicaci\u00f3n del valor de la marca:<\/li>\n<li>Profundizar la marca&#8217; contenido cultural como regalo de membres\u00eda de gama alta, oferta conjunta de artistas o paquete limitado de vacaciones.<\/li>\n<li>Tiendas de belleza y comprador&#8217; Las tiendas se venden como contenedores especializados para atraer a los clientes que buscan estilos de vida.<\/li>\n<li>Trabajo profesional y creativo: Los pintores y artesanos se utilizan para montar pigmentos o medios com\u00fanmente utilizados para inspirar ideas creativas.<\/li>\n<li>Escena de salud y curaci\u00f3n: El estudio de yoga y el centro de SPA se utilizan para empaquetar aceite de masaje o crema calmante, que es altamente compatible con el medio ambiente.<\/li>\n<li>Regalo &amp; Mercado de colecciones: Personalizar logotipos corporativos como regalo de negocios o colecci\u00f3n con un gusto cultural.<\/li>\n<\/ul>","protected":false},"featured_media":4193,"comment_status":"closed","ping_status":"closed","template":"","meta":[],"product_brand":[],"product_cat":[29,50],"product_tag":[],"class_list":{"0":"post-4183","1":"product","2":"type-product","3":"status-publish","4":"has-post-thumbnail","6":"product_cat-skin-care-plastic-tube","7":"product_cat-55-pe-plastic-tube","9":"first","10":"instock","11":"shipping-taxable","12":"product-type-simple"},"_links":{"self":[{"href":"https:\/\/www.hongyitube.com\/es\/wp-json\/wp\/v2\/product\/4183","targetHints":{"allow":["GET"]}}],"collection":[{"href":"https:\/\/www.hongyitube.com\/es\/wp-json\/wp\/v2\/product"}],"about":[{"href":"https:\/\/www.hongyitube.com\/es\/wp-json\/wp\/v2\/types\/product"}],"replies":[{"embeddable":true,"href":"https:\/\/www.hongyitube.com\/es\/wp-json\/wp\/v2\/comments?post=4183"}],"wp:featuredmedia":[{"embeddable":true,"href":"https:\/\/www.hongyitube.com\/es\/wp-json\/wp\/v2\/media\/4193"}],"wp:attachment":[{"href":"https:\/\/www.hongyitube.com\/es\/wp-json\/wp\/v2\/media?parent=4183"}],"wp:term":[{"taxonomy":"product_brand","embeddable":true,"href":"https:\/\/www.hongyitube.com\/es\/wp-json\/wp\/v2\/product_brand?post=4183"},{"taxonomy":"product_cat","embeddable":true,"href":"https:\/\/www.hongyitube.com\/es\/wp-json\/wp\/v2\/product_cat?post=4183"},{"taxonomy":"product_tag","embeddable":true,"href":"https:\/\/www.hongyitube.com\/es\/wp-json\/wp\/v2\/product_tag?post=4183"}],"curies":[{"name":"WP","href":"https:\/\/api.w.org\/{rel}","templated":true}]}}