{"id":4169,"date":"2026-01-12T13:07:10","date_gmt":"2026-01-12T05:07:10","guid":{"rendered":"https:\/\/www.hongyitube.com\/?post_type=product&#038;p=4169"},"modified":"2026-01-12T13:07:10","modified_gmt":"2026-01-12T05:07:10","slug":"55mm-diameter-280ml-capacity-mauve-matte-finish-pe-soft-tube-packaging-material-container-with-an-empty-tube-hongyi-plastic","status":"publish","type":"product","link":"https:\/\/www.hongyitube.com\/es\/product\/55mm-diameter-280ml-capacity-mauve-matte-finish-pe-soft-tube-packaging-material-container-with-an-empty-tube-hongyi-plastic\/","title":{"rendered":"55 mm de di\u00e1metro, capacidad de 280 ml, material\/recipiente de envasado de tubo suave de acabado mate mauve PE con un tubo vac\u00edo - pl\u00e1stico Hongyi"},"content":{"rendered":"<p>Descripci\u00f3n del producto<\/p>\n<p>&nbsp;<\/p>\n<p>Este producto es una manguera de PE de 55 tubos de di\u00e1metro, 280 ml de capacidad con un elegante cuerpo de tubo rosado y un sofisticado acabado dorado delantero &#8211; el nombre, los par\u00e1metros y un mosaico, la lluvia de meteoros y el patr\u00f3n de rosa se combinan para mostrar el romance y el lujo ligero. La parte posterior se complementa con impresi\u00f3n offset blanca para garantizar la claridad de la informaci\u00f3n, y est\u00e1 equipada con cubiertas coreanas de alta calidad en el mismo sistema de colores, lo que facilita la apertura y cierre. La tecnolog\u00eda de extremo recto garantiza la sellabilidad, las latas delanteras est\u00e1n dise\u00f1adas para un f\u00e1cil llenado y la ropa de hogar de gran capacidad soporta la compresi\u00f3n repetida y la no deformaci\u00f3n. Son adecuados para la divisi\u00f3n de varios geles de ducha, champ\u00fas, lociones, cremas y geles.<\/p>\n<p>&nbsp;<\/p>\n<p>&nbsp;<\/p>\n<p>Material del producto<\/p>\n<p>&nbsp;<\/p>\n<ul>\n<li>Cuerpo del tubo: material de polietileno (PE) de alta calidad, seguro y no t\u00f3xico, con buena tenacidad, resistencia qu\u00edmica y caracter\u00edsticas reciclables de protecci\u00f3n ambiental, en l\u00ednea con las normas internacionales de seguridad.<\/li>\n<li>Cuerpo de la cubierta: La elecci\u00f3n de material ABS de alta calidad hecho de la versi\u00f3n coreana del flip, y el cuerpo rosa color rojo consistente, estructura apretada, resistente a la ca\u00edda.<\/li>\n<li>Proceso de impresi\u00f3n: el frente utiliza tecnolog\u00eda de tinte de oro, y los patrones y textos tienen un brillo duradero; La parte posterior est\u00e1 impresa con tinta blanca respetuosa con el medio ambiente, que tiene una fuerte adhesi\u00f3n y no se usa f\u00e1cilmente.<\/li>\n<\/ul>\n<p>&nbsp;<\/p>\n<p>Uso recomendado<\/p>\n<p>&nbsp;<\/p>\n<p>Adaptaci\u00f3n de la poblaci\u00f3n<\/p>\n<p>&nbsp;<\/p>\n<ul>\n<li>Mujeres: El dise\u00f1o rojo rosado y dorado es elegante y rom\u00e1ntico, perfecto para empaquetar mujeres&#8217; productos de ba\u00f1o, lociones para el cuidado de la piel, lociones de perfume, etc., para satisfacer la b\u00fasqueda de la belleza y el valor emocional.<\/li>\n<li>Hombres: Se puede distinguir por las etiquetas de contenido para envases de ceras, cremas de afeitado de alta gama o productos de limpieza personal que combinan la funci\u00f3n con la simplicidad y la moda.<\/li>\n<li>Ni\u00f1os: Los colores rosados brillantes con flores y meteoros atraen a los ni\u00f1os y se pueden usar en ni\u00f1os separados. champ\u00fa y productos de ba\u00f1o para desarrollar ni\u00f1os&#8217; inter\u00e9s en el autocuidado.<\/li>\n<\/ul>\n<p>&nbsp;<\/p>\n<p>Aplicaciones industriales<\/p>\n<p>&nbsp;<\/p>\n<ul>\n<li>Industria de belleza y cuidado de la piel: Como embalaje limitado de vacaciones, de marca conjunta o de paquetes de viajes, el patr\u00f3n dorado mejora el nivel visual y es adecuado para divisiones de productos como l\u00e1piz labial, pre-crema de maquillaje, m\u00e1scaras faciales y otros productos.<\/li>\n<li>Industria de ung\u00fcentos farmac\u00e9uticos: Es adecuado para embalar ung\u00fcentos a base de hierbas, geles de masaje, etc. El dise\u00f1o est\u00e9tico puede reducir el paciente&#8217; Sentimiento de resistencia a las drogas.<\/li>\n<li>Industria de mantenimiento mec\u00e1nico: Montar lubricantes para instrumentos de precisi\u00f3n dom\u00e9sticos o cremas de limpieza con colores sorprendentes para identificarse r\u00e1pidamente en kits de herramientas.<\/li>\n<li>Industria industrial: Se utiliza para empaquetar pigmentos artesanales, pegamento de bricolaje, etc., material seguro y hermosa apariencia adecuada para trabajadores creativos.<\/li>\n<\/ul>\n<p>&nbsp;<\/p>\n<p>&nbsp;<\/p>\n<p>Caracter\u00edsticas del producto<\/p>\n<p>&nbsp;<\/p>\n<ol>\n<li>Muy atractivo visualmente: rojo rosado con un patr\u00f3n de oro lo hace muy reconocible y emocionalmente atractivo.<\/li>\n<li>Estructura duradera: fatiga flexible del material PE, la extrusi\u00f3n repetida no es f\u00e1cil de deformar o romper.<\/li>\n<li>Excelente rendimiento de sellado: El sello rectangular est\u00e1 estrechamente unido con la versi\u00f3n coreana de la cubierta, evitando efectivamente fugas y oxidaci\u00f3n.<\/li>\n<li>Optimizaci\u00f3n de la experiencia de uso: la cubierta flip est\u00e1 dise\u00f1ada para ser operada con una mano y higi\u00e9nicamente conveniente; El cuerpo del tubo es f\u00e1cil de exprimir y la cantidad se puede controlar.<\/li>\n<li>Medioambientalmente sostenible: los materiales pueden ser reciclados, en l\u00ednea con las tendencias ambientales globales y los valores del consumidor.<\/li>\n<\/ol>\n<p>&nbsp;<\/p>","protected":false},"excerpt":{"rendered":"<p><strong><b>Dise\u00f1o del cuerpo<\/b><\/strong><\/p>\n<p>&nbsp;<\/p>\n<ul>\n<li>Color y patr\u00f3n: rojo rosado lleva entusiasmo, moda y feminidad; El estampado de arroz dorado, la lluvia de meteoros y los patrones de rosas combinan estrellas rom\u00e1nticas con elementos florales naturales, convirti\u00e9ndolas en narradoras y art\u00edsticas.<\/li>\n<li>Detalles t\u00e9cnicos: ricas capas de oro en la parte delantera y impresi\u00f3n blanca en la parte posterior aseguran instrucciones claras y legibles para el uso, creando un contraste elegante.<\/li>\n<li>ergon\u00f3mico: La versi\u00f3n coreana de la cubierta flip est\u00e1 dise\u00f1ada para satisfacer los h\u00e1bitos de uso modernos, y la longitud del cuerpo es f\u00e1cil de sostener y apretar sin esfuerzo.<\/li>\n<\/ul>\n<p>&nbsp;<\/p>\n<p>Ventajas del producto<\/p>\n<p>&nbsp;<\/p>\n<ol>\n<li>La apariencia de alta calidad puede inspirar directamente el deseo de comprar, especialmente atrayendo a los consumidores j\u00f3venes y mujeres que valoran la est\u00e9tica del embalaje.<\/li>\n<li>vers\u00e1til y rentable: un tubo se utiliza para m\u00faltiples usos para satisfacer las necesidades de m\u00faltiples escenarios en el hogar, y un dise\u00f1o de gran capacidad es econ\u00f3mico y pr\u00e1ctico.<\/li>\n<li>Empoderamiento de la marca: un dise\u00f1o \u00fanico puede actuar como un veh\u00edculo para la imagen de marca y ayudar a un producto a destacar en los estantes.<\/li>\n<li>Apoyado por la seguridad y protecci\u00f3n del medio ambiente: el material es seguro y fiable y satisface la preferencia por el envasado sostenible en los mercados extranjeros.<\/li>\n<li>Se utiliza en una amplia gama de situaciones: desde el vestuario personal hasta los lugares de trabajo profesionales, y es altamente adaptable.<\/li>\n<\/ol>\n<p>&nbsp;<\/p>\n<p>Escenarios de uso<\/p>\n<p>&nbsp;<\/p>\n<ul>\n<li>Almacenamiento casero de moda: Situado en el ba\u00f1o y el vestuario para montar productos de cuidado de la piel diarios y art\u00edculos de aseo para hacer un hermoso panorama.<\/li>\n<li>Viajes y fitness: Trae productos de cuidado de la piel y lavados corporales preparados para viajes a corto plazo y son ligeros y port\u00e1tiles.<\/li>\n<li>Marketing de marca de belleza:<\/li>\n<li>Embalaje como una nueva prueba, un regalo de miembro o una edici\u00f3n limitada de vacaciones para mejorar la marca&#8217; Elegancia y gusto del cliente.<\/li>\n<li>Los blogueros o creadores de belleza se utilizan para envolter productos de crema casera en paquetes que son est\u00e9ticamente agradables y pr\u00e1cticos.<\/li>\n<li>Escenas creativas y artesanales: Separa pinturas a mano y adhesivos decorativos para agregar una sensaci\u00f3n de placer al proceso creativo.<\/li>\n<li>Gesti\u00f3n de la salud: En el hogar se distribuyen una variedad de cremas de masaje calmantes y ung\u00fcentos a base de hierbas, y el dise\u00f1o est\u00e9tico se integra en el entorno del hogar.<\/li>\n<li>Regalos y regalos sociales: logotipo y patrones de bronce personalizados, como regalos promocionales de gama alta o actividades con regalos de mano, pasan la temperatura de la marca.<\/li>\n<\/ul>","protected":false},"featured_media":4180,"comment_status":"closed","ping_status":"closed","template":"","meta":[],"product_brand":[],"product_cat":[29,50],"product_tag":[],"class_list":{"0":"post-4169","1":"product","2":"type-product","3":"status-publish","4":"has-post-thumbnail","6":"product_cat-skin-care-plastic-tube","7":"product_cat-55-pe-plastic-tube","9":"first","10":"instock","11":"shipping-taxable","12":"purchasable","13":"product-type-simple"},"_links":{"self":[{"href":"https:\/\/www.hongyitube.com\/es\/wp-json\/wp\/v2\/product\/4169","targetHints":{"allow":["GET"]}}],"collection":[{"href":"https:\/\/www.hongyitube.com\/es\/wp-json\/wp\/v2\/product"}],"about":[{"href":"https:\/\/www.hongyitube.com\/es\/wp-json\/wp\/v2\/types\/product"}],"replies":[{"embeddable":true,"href":"https:\/\/www.hongyitube.com\/es\/wp-json\/wp\/v2\/comments?post=4169"}],"wp:featuredmedia":[{"embeddable":true,"href":"https:\/\/www.hongyitube.com\/es\/wp-json\/wp\/v2\/media\/4180"}],"wp:attachment":[{"href":"https:\/\/www.hongyitube.com\/es\/wp-json\/wp\/v2\/media?parent=4169"}],"wp:term":[{"taxonomy":"product_brand","embeddable":true,"href":"https:\/\/www.hongyitube.com\/es\/wp-json\/wp\/v2\/product_brand?post=4169"},{"taxonomy":"product_cat","embeddable":true,"href":"https:\/\/www.hongyitube.com\/es\/wp-json\/wp\/v2\/product_cat?post=4169"},{"taxonomy":"product_tag","embeddable":true,"href":"https:\/\/www.hongyitube.com\/es\/wp-json\/wp\/v2\/product_tag?post=4169"}],"curies":[{"name":"WP","href":"https:\/\/api.w.org\/{rel}","templated":true}]}}