{"id":4132,"date":"2026-01-11T19:25:17","date_gmt":"2026-01-11T11:25:17","guid":{"rendered":"https:\/\/www.hongyitube.com\/?post_type=product&#038;p=4132"},"modified":"2026-01-11T19:25:17","modified_gmt":"2026-01-11T11:25:17","slug":"50-tubes-diameter-220mm-capacity-220g-ml-orange-color-natural-and-lively-design-label-paper-pe-soft-tube-packaging-material-extruded-empty-bottles-hongyi-plastic","status":"publish","type":"product","link":"https:\/\/www.hongyitube.com\/es\/product\/50-tubes-diameter-220mm-capacity-220g-ml-orange-color-natural-and-lively-design-label-paper-pe-soft-tube-packaging-material-extruded-empty-bottles-hongyi-plastic\/","title":{"rendered":"50 tubos, di\u00e1metro 220mm, capacidad 220g \/ ml, color naranja, dise\u00f1o natural y animado, papel de etiqueta, material de envasado de tubo suave PE, botellas vac\u00edas extruidas - pl\u00e1stico Hongyi"},"content":{"rendered":"<h3><strong><b>\u00a0Descripci\u00f3n del producto<\/b><\/strong><\/h3>\n<p>&nbsp;<\/p>\n<p>Este producto es una manguera de montaje de alta capacidad con un ambiente vibrante, alegre y natural, dise\u00f1ada para los consumidores de todo el mundo que valoran la diversi\u00f3n familiar, la seguridad del producto y el placer visual. Basado en el material PE de alta densidad y 50 di\u00e1metros, el producto es duradero. El cuerpo era naranja brillante, estableciendo un tono vivo. El dise\u00f1o central radica en el hermoso proceso de etiquetado: la parte frontal de la etiqueta est\u00e1 cosida con bloques modernos y chocantes de naranja, amarillo naranja y azul. La parte superior est\u00e1 salpicada de fruta de dibujos animados naranja, hojas verdes y azules, los tallos y las hojas de las hojas se muestran con un flash estereosc\u00f3pico en papel de impresi\u00f3n azul, y est\u00e1n decorados con peque\u00f1as flores blancas, el coraz\u00f3n de la flor se ilumina con rosa y amarillo, y la imagen general est\u00e1 llena de diversi\u00f3n infantil y vida natural. Todos los textos frontales se imprimen en un proceso de impresi\u00f3n de seda que es claro y resistente al desgaste. La parte posterior de la etiqueta est\u00e1 dise\u00f1ada en un bloque azul oscuro desde el hombro hasta la cola, con detalles blancos del producto impresos arriba, y la informaci\u00f3n es profesional y f\u00e1cil de leer. Con una variedad de aletas \/ cubiertas basculantes moldeadas por inyecci\u00f3n o galvanizadas de dientes bajos, combinadas con una tecnolog\u00eda de enlatado recta y frontal, esta es una excelente soluci\u00f3n de mejora del hogar que gana tanto el amor de los ni\u00f1os como la confianza de los padres.<\/p>\n<p>&nbsp;<\/p>\n<p>Material del producto &amp; Artesan\u00eda<\/p>\n<p>&nbsp;<\/p>\n<ul>\n<li>Matriz de tubo: polietileno de alta densidad (HDPE), densidad 236g \/ ml, proporcionando resistencia f\u00edsica superior y estabilidad qu\u00edmica, asegurando que la extrusi\u00f3n repetida no se deforme, almacenamiento seguro del contenido.<\/li>\n<li>Tubo de color base: Usado en un solo moldeo por inyecci\u00f3n de naranja de alto brillo, el color es brillante y saturado y atrae la atenci\u00f3n visual.<\/li>\n<li>Artesan\u00eda decorativa b\u00e1sica (pegatina):<\/li>\n<li>Proceso de impresi\u00f3n: Se combinan impresiones en color de alta definici\u00f3n y impresiones de seda. La fachada frontal tiene bloques de colisi\u00f3n y los patrones de dibujos animados son de colores brillantes; El fondo azul oscuro en la parte posterior contrasta fuertemente con el texto blanco, asegurando que la informaci\u00f3n se entiende claramente.<\/li>\n<li>Procesos de efectos especiales: Las hojas y tallos se utilizan en papel de impresi\u00f3n azul, que produce un brillo met\u00e1lico y un toque ligeramente elevado, mejorando en gran medida la precisi\u00f3n y el valor de la etiqueta, que es el punto culminante del dise\u00f1o.<\/li>\n<li>Compuesto y adhesi\u00f3n: El papel de etiqueta est\u00e1 hecho de materiales de alta adhesi\u00f3n y resistentes a la fricci\u00f3n, adhesi\u00f3n precisa al cuerpo del tubo naranja, y los bordes son lisos y fuertes, resistentes a la humedad y el raspado en el uso diario.<\/li>\n<li>Sistema de cubierta: Ofrece una rica selecci\u00f3n de colores moldeados por inyecci\u00f3n (como blanco, azul, verde) o colores galvanizados que se pueden emparejar de forma flexible con dise\u00f1os de carrocer\u00eda animados para mantener la coordinaci\u00f3n general.<\/li>\n<li>Proceso estructural: extremos rectos ultras\u00f3nicos aseguran la seguridad del sello; El dise\u00f1o del recipiente frontal hace que sea f\u00e1cil y limpio para los usuarios dom\u00e9sticos llenar un producto de alto volumen.<\/li>\n<\/ul>\n<p>&nbsp;<\/p>\n<p>Usos recomendados de los productos<\/p>\n<p>&nbsp;<\/p>\n<ol>\n<li>Los ni\u00f1os&#8217; s y la industria del cuidado personal en el hogar: ideal para empaquetar ni\u00f1os&#8217; champ\u00fas, lavados corporales, ba\u00f1os de burbujas, hidratantes y ni\u00f1os&#8217; protectores solares. Dise\u00f1o de fruta de dibujos animados puede atraer directamente a los ni\u00f1os&#8217; atenci\u00f3n y hacer que el tiempo de lavado sea divertido. Para los padres (mujeres \/ hombres), sus \u00e1reas profesionales de explicaci\u00f3n de productos y materiales de seguridad transmiten fiabilidad y tranquilidad.<\/li>\n<li>Frutas naturales y diversi\u00f3n industria de belleza: adecuado para llenar leche corporal de fruta, l\u00edquido de esencia VC, pel\u00edcula divertida de mano \/ pie, loci\u00f3n para el cabello colorida, etc. El dise\u00f1o animado es un atractivo poderoso para las mujeres j\u00f3venes que buscan diversi\u00f3n y efectos visuales.<\/li>\n<li>Industria farmac\u00e9utica y sanitaria amigable con los ni\u00f1os: utilizada en la divisi\u00f3n de ni\u00f1os&#8217; Geles de vitaminas, alimentadores asistidos por jarabe para la tos, cremas antis\u00e9pticas externas suaves, etc. Una apariencia amigable y no amenazante puede aliviar a los ni\u00f1os&#8217; El miedo a las drogas.<\/li>\n<li>Industrias qu\u00edmicas y de papeler\u00eda dom\u00e9sticas seguras: ni\u00f1os variados &#8217; s pinturas seguras para los dedos, pegamento manual no t\u00f3xico, suplementos de marcadores lavables con agua, nutrientes para la jardiner\u00eda en el hogar, etc. Su apariencia comunica claramente el mensaje de ser &#8220; seguro,&#8221;  &#8220; amigable&#8221;  and &#8220; Adecuado para uso dom\u00e9stico. &#8221;<\/li>\n<\/ol>\n<p>Caracter\u00edsticas del producto<\/p>\n<p>&nbsp;<\/p>\n<ol>\n<li>Fuerte atractivo visual y conexi\u00f3n emocional: La combinaci\u00f3n sofisticada de colores y los lindos patrones de dibujos animados pueden destacar al instante en los estantes e inspirar respuestas emocionales positivas de ni\u00f1os y adultos que conservan su infancia.<\/li>\n<li>Artesan\u00eda detallada de alta calidad: Los tallos y las hojas del proceso de papel de te\u00f1ido son clave para distinguir productos de impresi\u00f3n ordinarios, agregar refinamiento y placer t\u00e1ctil al envase y transmitir la se\u00f1al de calidad de &#8220; hecho con cuidado&#8221; a los padres.<\/li>\n<li>Divisi\u00f3n visual clara de la informaci\u00f3n: un enfoque positivo en la comunicaci\u00f3n emocional y la imagen de marca (divertida, natural); La parte posterior se centra en la explicaci\u00f3n racional y la confianza del producto (ingredientes, uso). No interfieren entre s\u00ed y tienen una funci\u00f3n clara.<\/li>\n<li>Atributos de ropa de hogar fuertes y seguros: materiales de alta densidad aseguran que permanezcan intactos durante un ni\u00f1o&#8217; Es posible golpear o apretar incorrectamente, y las superficies brillantes son f\u00e1ciles de limpiar y limpiar.<\/li>\n<li>Promover la interacci\u00f3n entre padres e hijos: los elementos de dibujos animados en el envase pueden ser temas interactivos para padres e hijos cuando se lavan, juegan o aprenden (por ejemplo, aprender sobre frutas, color).<\/li>\n<\/ol>\n<p>&nbsp;<\/p>","protected":false},"excerpt":{"rendered":"<p>Dise\u00f1o del cuerpo del tubo<\/p>\n<ul>\n<li>Psicolog\u00eda del color y targeting: el naranja representa energ\u00eda, alegr\u00eda y creatividad; El azul simboliza la serenidad, la fiabilidad y la limpieza; El verde est\u00e1 vinculado con la naturaleza y la seguridad. Esta combinaci\u00f3n est\u00e1 dise\u00f1ada con precisi\u00f3n para una vida familiar vibrante y ni\u00f1os seguros y confiables. productos S.<\/li>\n<li>Narrativa de dise\u00f1o: Toda la etiqueta es como una miniatura &#8220; Parque Orchard&#8221; escena de historia, con frutas, hojas y flores trabajando juntos para crear una historia de marca feliz, saludable y amigable con la naturaleza que es f\u00e1cil de entender y comunicar.<\/li>\n<li>El proceso aumenta el valor: en el papel de etiquetado controlado por el costo, el proceso de te\u00f1ido local crea puntos altos de visi\u00f3n y tacto, logrando un excelente equilibrio entre la sensaci\u00f3n de dise\u00f1o y la relaci\u00f3n calidad-precio.<\/li>\n<li>Dise\u00f1o de informaci\u00f3n humanizado: El \u00e1rea de bloque azul oscuro de la parte trasera est\u00e1 dise\u00f1ada para instrucciones de texto blanco detalladas, proporcionando una excelente legibilidad, cumpliendo con los estrictos requisitos de los mercados europeos y americanos para la transparencia de la informaci\u00f3n del producto.<\/li>\n<\/ul>\n<p>&nbsp;<\/p>\n<p>Ventajas del producto<\/p>\n<p>&nbsp;<\/p>\n<ol>\n<li>Direccionar a los tomadores de decisiones de consumo dom\u00e9stico: apariencia atractiva para los ni\u00f1os impulsa &#8220; elecci\u00f3n del ni\u00f1o&#8221;; Para los padres, sus materiales de seguridad, instrucciones detalladas y durabilidad satisfacen &#8220; reconocimiento parental&#8221; y promover eficazmente la compra.<\/li>\n<li>Crear una personalidad positiva de marca: un dise\u00f1o divertido y cari\u00f1oso ayuda a las marcas a construir una imagen de marca amigable, optimista y vibrante y a construir conexiones emocionales profundas con los consumidores.<\/li>\n<li>Flexibilidad para aplicaciones multiescenarios: Aunque el dise\u00f1o es adaptado a los ni\u00f1os, sus caracter\u00edsticas robustas y descripciones claras del producto lo hacen igualmente adecuado para productos de cuidado personal o dom\u00e9stico para adultos que transmiten &#8220; seguro,&#8221;  &#8220; suave&#8221;  and &#8220; f\u00e1cil de usar&#8221; mensajes.<\/li>\n<li>Satisfacer las necesidades de los hogares sostenibles: El dise\u00f1o de envases reutilizables de alta capacidad cumple con la tendencia de consumo de los hogares modernos en la b\u00fasqueda de una reducci\u00f3n de pl\u00e1stico asequible y respetuosa con el medio ambiente.<\/li>\n<li>Competitividad de estante rentable: en comparaci\u00f3n con la impresi\u00f3n compleja de cuerpo completo, el proceso de etiquetado puede controlar mejor los costos al tiempo que logra efectos visuales ricos, proporcionando una soluci\u00f3n de envasado competitiva en el mercado para las marcas.<\/li>\n<\/ol>\n<p>&nbsp;<\/p>\n<p>Escenarios de uso<\/p>\n<p>&nbsp;<\/p>\n<ul>\n<li>Ni\u00f1os&#8217; Esquina de ducha en el ba\u00f1o familiar: convertirse en un ni\u00f1o&#8217; producto de ba\u00f1o exclusivo, sus colores brillantes y lindos patrones alientan a los ni\u00f1os a desarrollar un buen h\u00e1bito de lavarse.<\/li>\n<li>Kits de viaje padre-hijo: Agrupar a toda la familia&#8217; s productos de lavado para viajes familiares. Las propiedades resistentes y a prueba de fugas son adecuadas para viajar, y la apariencia divertida se suma al placer del viaje.<\/li>\n<li>Jardines de infancia o ni\u00f1os&#8217; s centros de actividades: utilizados para distribuir desinfectantes de manos comunes, pinturas seguras o agentes de limpieza con una apariencia amigable que coincida con la atm\u00f3sfera de un ni\u00f1o&#8217; S entorno.<\/li>\n<li>Esquina de creaci\u00f3n de arte en el hogar: Separa una variedad de pinturas y pegamentos seguros, y el embalaje mismo puede inspirar a un ni\u00f1o. deseo creativo.<\/li>\n<li>Exposiciones promocionales en supermercados y farmacias: sus colores brillantes y dise\u00f1os \u00fanicos atraen r\u00e1pidamente la atenci\u00f3n de los compradores familiares en estantes altamente competitivos.<\/li>\n<\/ul>","protected":false},"featured_media":4135,"comment_status":"closed","ping_status":"closed","template":"","meta":[],"product_brand":[],"product_cat":[29,49],"product_tag":[],"class_list":{"0":"post-4132","1":"product","2":"type-product","3":"status-publish","4":"has-post-thumbnail","6":"product_cat-skin-care-plastic-tube","7":"product_cat-50-pe-plastic-tube","9":"first","10":"instock","11":"shipping-taxable","12":"purchasable","13":"product-type-simple"},"_links":{"self":[{"href":"https:\/\/www.hongyitube.com\/es\/wp-json\/wp\/v2\/product\/4132","targetHints":{"allow":["GET"]}}],"collection":[{"href":"https:\/\/www.hongyitube.com\/es\/wp-json\/wp\/v2\/product"}],"about":[{"href":"https:\/\/www.hongyitube.com\/es\/wp-json\/wp\/v2\/types\/product"}],"replies":[{"embeddable":true,"href":"https:\/\/www.hongyitube.com\/es\/wp-json\/wp\/v2\/comments?post=4132"}],"wp:featuredmedia":[{"embeddable":true,"href":"https:\/\/www.hongyitube.com\/es\/wp-json\/wp\/v2\/media\/4135"}],"wp:attachment":[{"href":"https:\/\/www.hongyitube.com\/es\/wp-json\/wp\/v2\/media?parent=4132"}],"wp:term":[{"taxonomy":"product_brand","embeddable":true,"href":"https:\/\/www.hongyitube.com\/es\/wp-json\/wp\/v2\/product_brand?post=4132"},{"taxonomy":"product_cat","embeddable":true,"href":"https:\/\/www.hongyitube.com\/es\/wp-json\/wp\/v2\/product_cat?post=4132"},{"taxonomy":"product_tag","embeddable":true,"href":"https:\/\/www.hongyitube.com\/es\/wp-json\/wp\/v2\/product_tag?post=4132"}],"curies":[{"name":"WP","href":"https:\/\/api.w.org\/{rel}","templated":true}]}}