{"id":4121,"date":"2026-01-11T19:21:17","date_gmt":"2026-01-11T11:21:17","guid":{"rendered":"https:\/\/www.hongyitube.com\/?post_type=product&#038;p=4121"},"modified":"2026-01-11T19:21:17","modified_gmt":"2026-01-11T11:21:17","slug":"50-tubes-220-g-ml-capacity-yellow-powder-gradient-color-offset-printing-practical-quality-pe-large-capacity-soft-tube-packaging-material-empty-bottles-hongyi-plastic","status":"publish","type":"product","link":"https:\/\/www.hongyitube.com\/es\/product\/50-tubes-220-g-ml-capacity-yellow-powder-gradient-color-offset-printing-practical-quality-pe-large-capacity-soft-tube-packaging-material-empty-bottles-hongyi-plastic\/","title":{"rendered":"50 tubos, capacidad de 220 g \/ ml, color gradiente de polvo amarillo, impresi\u00f3n offset, calidad pr\u00e1ctica, material de envasado de tubo blando de gran capacidad de PE, botellas vac\u00edas - pl\u00e1stico Hongyi"},"content":{"rendered":"<p>Descripci\u00f3n del producto<\/p>\n<p>&nbsp;<\/p>\n<p>Este producto es una manguera de desmontaje de alta capacidad con est\u00e9tica c\u00e1lida y toques avanzados en su n\u00facleo, dise\u00f1ada para hogares modernos que buscan est\u00e9tica de vida, as\u00ed como cualidades pr\u00e1cticas. El uso de material PE de alta densidad y 50 di\u00e1metros, sentando las bases para su durabilidad. El dise\u00f1o de la carrocer\u00eda es su alma: utilizando una impresi\u00f3n \u00fanica en gradiente amarillo y polvo, el color pasa naturalmente del brillante y c\u00e1lido amarillo sol al polvo suave, y todo el cuerpo est\u00e1 recubierto con un aceite ligero mate y pulido para ofrecer una experiencia visual y t\u00e1ctil suave, c\u00e1lida y de alto nivel. En el reverso se muestra el t\u00edtulo con un estampado blanco claro. El motivo frontal de la marca y el nombre del producto est\u00e1n decorados con tinte dorado brillante, que brilla sobre un fondo opaco mate, creando un punto destacado de lujo. Con una variedad de aletas \/ flips de dientes bajos moldeados por inyecci\u00f3n o galvanizados, combinados con un cierre de borde recto y procesos de conservado frontal, este producto combina perfectamente el dise\u00f1o sensual con la funci\u00f3n racional y es el veh\u00edculo ideal para el cuidado personal de alta gama, la formulaci\u00f3n profesional y los productos creativos.<\/p>\n<p>&nbsp;<\/p>\n<p>Material del producto &amp; Artesan\u00eda | Material del producto &amp; Artesan\u00eda<\/p>\n<p>&nbsp;<\/p>\n<ul>\n<li>Matriz del cuerpo del tubo: polietileno de alta densidad (HDPE), densidad 236g \/ ml, para asegurar que el cuerpo del tubo en extrusi\u00f3n de alta frecuencia y carga de gran capacidad todav\u00eda mantenga una excelente forma, deformaci\u00f3n anti-arrugas.<\/li>\n<li>Procesamiento de color y textura de la superficie:<\/li>\n<li>Capa de color progresiva: La transici\u00f3n de color amarillo y rosa se logra a trav\u00e9s de la tecnolog\u00eda de fotocopia de alta precisi\u00f3n, la transici\u00f3n de color es naturalmente suave y el efecto visual es suave y emocionalmente c\u00e1lido.<\/li>\n<li>Capa de textura de esmalte brillante: se aplica aceite especial de esmalte brillante al color gradiente, creando un toque delicado de piel parecida a la piel, mientras que tiene propiedades anti-huellas digitales y resistentes a ara\u00f1azos, mejorando significativamente el producto. calidad.<\/li>\n<li>Artesan\u00eda gr\u00e1fica:<\/li>\n<li>Capa de informaci\u00f3n (reversa): texto de seda blanca, que mantiene una excelente legibilidad en un fondo mate, reflejando la experiencia del producto.<\/li>\n<li>Capa de marca (frente): Los elementos visuales principales de la marca (patr\u00f3n y nombre del producto) se utilizan en el proceso de calcinaci\u00f3n (l\u00e1mina de oro), que crea un contraste agudo y arm\u00f3nico entre el brillo met\u00e1lico y la calidad mate, y revela el lujo al instante.<\/li>\n<li>Sistema de cubierta: Disponible en una variedad de colores moldeados por inyecci\u00f3n (por ejemplo, blanco crema, gris claro, oro rosa) o opciones de cubierta galvanizada que se pueden combinar con estilo con colores suaves del cuerpo.<\/li>\n<li>Proceso estructural: sellado lineal ultras\u00f3nico asegura que el sello inferior es infalible; La abertura del tanque delantero facilita a los usuarios dom\u00e9sticos reponer f\u00e1cilmente grandes cantidades.<\/li>\n<\/ul>\n<p>&nbsp;<\/p>\n<p>Usos recomendados de los productos<\/p>\n<p>&nbsp;<\/p>\n<ol>\n<li>Industria de cuidado personal de belleza y cuidado de la piel de gama alta y fragancia: especialmente adecuada para el envasado de geles de ducha, champ\u00fas, lociones corporales, cremas de manos y lociones de fragancia de gama alta. La calidez gradual y la dulzura del polvo amarillo es muy agradable para las se\u00f1oras y los ni\u00f1os. El acabado mate y dorado da una sensaci\u00f3n neutra y de gama alta, y tambi\u00e9n puede atraer a los hombres que son sensibles al estilo de vida, y son adecuados para hombres neutros o &#8217; exclusivas l\u00edneas de cuidado de la piel.<\/li>\n<li>Industria de medicina org\u00e1nica y arom\u00e1tica natural: utilizada en cremas de masaje con aceite de hierbas envasadas, geles para el dolor calmantes, cremas con ingredientes naturales, etc. El cambio de color y la textura suave reflejan perfectamente el concepto de &#8220; natural&#8221;  and &#8220; relajante&#8221; productos, que transmiten una sensaci\u00f3n de seguridad y confianza piel a piel.<\/li>\n<li>Industria de limpieza y mantenimiento de alta gama: detergentes especializados para seda de lana mixta, productos de cuidado de muebles de alta gama, productos de mantenimiento de cuero, etc. Su exterior c\u00e1lido y refinado interrumpe la sensaci\u00f3n industrial de los productos de limpieza tradicionales y es adecuado para su uso en entornos abiertos.<\/li>\n<li>La industria de pigmentos creativos y artesanales: pigmentos de perlas mixtas, tintes de jab\u00f3n hechos a mano, ni\u00f1os&#8217; s pigmentos seguros de dibujo del dedo, etc. Es intr\u00ednsecamente como una obra de arte que inspira a los trabajadores creativos mientras son seguros y amigables con los ni\u00f1os.<\/li>\n<\/ol>\n<p>&nbsp;<\/p>\n<p>Caracter\u00edsticas del producto<\/p>\n<p>&nbsp;<\/p>\n<ol>\n<li>Experiencia de fusi\u00f3n sensorial: El dise\u00f1o \u00fanico de gradiente de grano mate logra una experiencia de dos niveles de visi\u00f3n de grano c\u00e1lido y tacto de grano fino, mucho m\u00e1s all\u00e1 del envase pl\u00e1stico liso ordinario.<\/li>\n<li>Contraste de detalles de lujo: un fondo suave y mate contrasta con texto \/ patrones dorados brillantes, revelando un tono de marca de lujo sin ruido.<\/li>\n<li>Conexi\u00f3n de dise\u00f1o emocional: Los tonos amarillo y rosa tienen propiedades emocionales positivas, c\u00e1lidas y agradables, lo que puede construir eficazmente un v\u00ednculo emocional entre la marca y el consumidor.<\/li>\n<li>Resistencia y belleza: Si bien proporcionan una est\u00e9tica excepcional, los materiales de alta densidad garantizan la resistencia y la durabilidad necesarias para los envases dom\u00e9sticos.<\/li>\n<li>Resistente al deslizamiento y f\u00e1cil agarre: La superficie brillante y arenosa proporciona una mejor fricci\u00f3n de agarre y mantiene la estabilidad incluso cuando las manos est\u00e1n mojadas, lo que aumenta la seguridad.<\/li>\n<\/ol>\n<p>&nbsp;<\/p>","protected":false},"excerpt":{"rendered":"<p><strong><b>\u00a0Dise\u00f1o de tubo<\/b><\/strong><\/p>\n<ul>\n<li>Color y marketing emocional: el amarillo simboliza el sol, la energ\u00eda y el optimismo; La convergencia gradual de los dos crea una atm\u00f3sfera general de esperanza y curaci\u00f3n c\u00e1lida que atrae ampliamente a los consumidores que buscan confort emocional y est\u00e9tica de vida.<\/li>\n<li>Estrategia de diferenciaci\u00f3n de texturas: En el mercado de envases de alto brillo, destaca la textura mate, transmitiendo una personalidad de marca discreta, reservada y de buen gusto, atrayendo a los consumidores que buscan la singularidad.<\/li>\n<li>Gesti\u00f3n del enfoque visual:<\/li>\n<li>Primer enfoque (oro caliente): En un fondo de gradiente suave, el elemento oro caliente se convierte en el centro visual indiscutible, guiando fuertemente la vista y comunicando eficientemente el mensaje de la marca.<\/li>\n<li>Segundo enfoque (color gradiente): Como un \u00e1rea grande de fondo, el color gradiente en s\u00ed es una poderosa herramienta de comunicaci\u00f3n emocional y punto de memoria.<\/li>\n<li>Informaci\u00f3n funcional (estampados de seda blanca): Completa las tareas de explicaci\u00f3n del producto de forma clara y silenciosa sin interferir con la est\u00e9tica general del dise\u00f1o.<\/li>\n<\/ul>\n<p>&nbsp;<\/p>\n<p>Ventajas del producto<\/p>\n<p>&nbsp;<\/p>\n<ol>\n<li>Fuerte atractivo de estante y atributo social: El dise\u00f1o est\u00e9tico \u00fanico hace que sea extremadamente f\u00e1cil seguir y recordar canales en l\u00ednea y fuera de l\u00ednea, e inspira a los consumidores. deseo de tomar fotos y compartir, con un natural &#8220; moneda social&#8221; atributo.<\/li>\n<li>Ampliar el mercado de g\u00e9nero y edad: A trav\u00e9s de un equilibrio inteligente de color y textura, este producto atrae tanto a mujeres como a hombres con demandas de dise\u00f1o, y sus caracter\u00edsticas suaves y amistosas tambi\u00e9n son adecuadas para ni\u00f1os&#8217; l\u00edneas de productos, llegando a la base de clientes de la familia.<\/li>\n<li>Aumentar la calidad del producto y el valor de la marca: la artesan\u00eda excepcional y el sentido del dise\u00f1o se traducen directamente en un mayor valor percibido del producto, proporcionando un poderoso impulso para que las marcas entren en el mercado de gama alta o mejoren las l\u00edneas de productos existentes.<\/li>\n<li>Profundizar la conexi\u00f3n emocional y la lealtad a la marca: los dise\u00f1os c\u00e1lidos facilitan que los consumidores se apeguen emocionalmente, transformando un recipiente pr\u00e1ctico en un ser querido &#8216; presente&#8217; que mejora la recompra y la lealtad a la marca.<\/li>\n<li>Consistente con el concepto de vida saludable y sostenible: su apariencia visual suave y las caracter\u00edsticas ecol\u00f3gicas de los envases reutilizables coinciden perfectamente con la aspiraci\u00f3n de los consumidores de todo el mundo a un estilo de vida saludable, placentero y sostenible.<\/li>\n<\/ol>\n<p>&nbsp;<\/p>\n<p>Escenarios de uso<\/p>\n<p>&nbsp;<\/p>\n<ul>\n<li>Ba\u00f1os boutique y vestidores: sirven como un color c\u00e1lido y brillante en el ba\u00f1o, y trabajan con velas, velas perfumadas y aromaterapia para crear un ba\u00f1o relajante o ritual de cuidado de la piel.<\/li>\n<li>Cocina abierta familiar moderna o lavander\u00eda: se utiliza para distribuir detergentes de alta gama y esponjas de ropa, y su apariencia es una hermosa decoraci\u00f3n del hogar.<\/li>\n<li>Espacio compartido entre padres e hijos: Ni\u00f1os separados champ\u00fas, lavados corporales o cremas seguras para la piel con un aspecto amable y lindo que los hace m\u00e1s agradables de usar.<\/li>\n<li>Yoga Studio, SPA Club y Wellness Studio: Utilizado para dispensar aceite de masaje, spray calmante, etc., su dise\u00f1o tranquilo y c\u00e1lido complementa el ambiente del lugar.<\/li>\n<li>Esquina de trabajo para artistas y artesanos: Montar pigmentos o materiales especializados cuya apariencia sofisticada se mezcla con el entorno creativo para inspirar la creatividad.<\/li>\n<\/ul>","protected":false},"featured_media":4123,"comment_status":"closed","ping_status":"closed","template":"","meta":[],"product_brand":[],"product_cat":[29,49],"product_tag":[],"class_list":{"0":"post-4121","1":"product","2":"type-product","3":"status-publish","4":"has-post-thumbnail","6":"product_cat-skin-care-plastic-tube","7":"product_cat-50-pe-plastic-tube","9":"first","10":"instock","11":"shipping-taxable","12":"purchasable","13":"product-type-simple"},"_links":{"self":[{"href":"https:\/\/www.hongyitube.com\/es\/wp-json\/wp\/v2\/product\/4121","targetHints":{"allow":["GET"]}}],"collection":[{"href":"https:\/\/www.hongyitube.com\/es\/wp-json\/wp\/v2\/product"}],"about":[{"href":"https:\/\/www.hongyitube.com\/es\/wp-json\/wp\/v2\/types\/product"}],"replies":[{"embeddable":true,"href":"https:\/\/www.hongyitube.com\/es\/wp-json\/wp\/v2\/comments?post=4121"}],"wp:featuredmedia":[{"embeddable":true,"href":"https:\/\/www.hongyitube.com\/es\/wp-json\/wp\/v2\/media\/4123"}],"wp:attachment":[{"href":"https:\/\/www.hongyitube.com\/es\/wp-json\/wp\/v2\/media?parent=4121"}],"wp:term":[{"taxonomy":"product_brand","embeddable":true,"href":"https:\/\/www.hongyitube.com\/es\/wp-json\/wp\/v2\/product_brand?post=4121"},{"taxonomy":"product_cat","embeddable":true,"href":"https:\/\/www.hongyitube.com\/es\/wp-json\/wp\/v2\/product_cat?post=4121"},{"taxonomy":"product_tag","embeddable":true,"href":"https:\/\/www.hongyitube.com\/es\/wp-json\/wp\/v2\/product_tag?post=4121"}],"curies":[{"name":"WP","href":"https:\/\/api.w.org\/{rel}","templated":true}]}}