{"id":4073,"date":"2026-01-11T16:58:21","date_gmt":"2026-01-11T08:58:21","guid":{"rendered":"https:\/\/www.hongyitube.com\/?post_type=product&#038;p=4073"},"modified":"2026-01-11T16:58:21","modified_gmt":"2026-01-11T08:58:21","slug":"50mm-diameter-elegant-light-pink-color-210g-ml-portable-soft-tube-container-hongyi-plastic","status":"publish","type":"product","link":"https:\/\/www.hongyitube.com\/es\/product\/50mm-diameter-elegant-light-pink-color-210g-ml-portable-soft-tube-container-hongyi-plastic\/","title":{"rendered":"50 mm de di\u00e1metro, elegante color rosa claro, 210 g \/ ml, recipiente port\u00e1til de tubo blando &#8211; pl\u00e1stico Hongyi"},"content":{"rendered":"<ol>\n<li>Descripci\u00f3n del producto<\/li>\n<\/ol>\n<p>&nbsp;<\/p>\n<p>Este producto es un contenedor de manguera port\u00e1til dise\u00f1ado para viajes, viajes diarios y distribuci\u00f3n de peque\u00f1a capacidad. Utilizando cuerpo de tubo de material PE (polietileno) de 50 di\u00e1metros, ligero y suave, f\u00e1cil de exprimir con una mano. El cuerpo es suave y rosa claro, con texto de seda blanca en ambos lados, lo que lo hace claro y hermoso. Los hombros y la cola del tubo est\u00e1n decorados con rayas verticales de 4 mm de ancho y 40 mm de largo, que mejoran la textura visual y la moda. Equipado con un tornillo electrochapado de dientes bajos o tapa de volteo, el sellado es fuerte, la apertura y apertura es conveniente, y combinado con un proceso de sellado de borde recto para asegurarse de que el contenido no se filtre y no se oxide. Es adecuado para empaquetar una variedad de l\u00edquidos como lociones, geles y cremas, y es ideal para el cuidado personal, el trabajo profesional y los viajes.<\/p>\n<p>Material del producto<\/p>\n<ul>\n<li>Cuerpo del tubo: polietileno de alta densidad (compuesto HDPE \/ LDPE), densidad de aproximadamente 210 g \/ ml, en l\u00ednea con las normas de seguridad de los materiales de contacto con alimentos y cosm\u00e9ticos (como la FDA, la UE).<\/li>\n<li>Procesos de color: El cuerpo est\u00e1 completamente moldeado en un color rosa claro, impresi\u00f3n de tinta respetuosa con el medio ambiente, aceite brillante decorado localmente, fuerte adhesi\u00f3n, resistencia al desgaste y no decoloraci\u00f3n.<\/li>\n<li>Cubierta: Moldeo por inyecci\u00f3n de polipropileno (PP), tratamiento de revestimiento superficial, proporcionando el brillo del metal y la resistencia a la corrosi\u00f3n.<\/li>\n<li>Sello: sello recto ultras\u00f3nico, que est\u00e1 sellado de forma segura y se puede presionar repetidamente sin deformaci\u00f3n.<\/li>\n<\/ul>\n<p>Usos recomendados<\/p>\n<ol>\n<li>Industria de belleza y cuidado de la piel: Cremas separadas, protectores solares, pre-cremas de maquillaje, lavados corporales, etc., para que mujeres, hombres y ni\u00f1os puedan llevarlas bajo demanda.<\/li>\n<li>La industria farmac\u00e9utica de ung\u00fcentos: ung\u00fcentos empaquetados port\u00e1tiles, geles, agentes para el cuidado de la piel, etc., son higi\u00e9nicos y seguros y f\u00e1ciles de usar en cantidades.<\/li>\n<li>Mantenimiento industrial y mec\u00e1nico: lubricantes, adhesivos, cremas de limpieza, etc., aptos para llevar ligeros en viajes de negocios y operaciones al aire libre.<\/li>\n<li>La industria qu\u00edmica y de pigmentos: distribuci\u00f3n de tintes, pinturas y reactivos experimentales de peque\u00f1a capacidad para evitar la contaminaci\u00f3n y los residuos en envases grandes.<\/li>\n<\/ol>\n<p>&nbsp;<\/p>\n<p>Caracter\u00edsticas del producto<\/p>\n<p>&nbsp;<\/p>\n<ol>\n<li>Ligero y port\u00e1til: el material PE es ligero, viaja sin carga, para cumplir con el l\u00edmite de capacidad del l\u00edquido a bordo.<\/li>\n<li>Flexible y duradero: El cuerpo del tubo es resistente a la presi\u00f3n y las arrugas, y la compresi\u00f3n repetida no se deforma f\u00e1cilmente, y el material se puede exprimir completamente.<\/li>\n<li>Sello para evitar fugas: Dos tipos de protecci\u00f3n son sello rectangular de cubierta galvanizada, y la inversi\u00f3n no se fuga.<\/li>\n<li>Hermoso y pr\u00e1ctico: el rosa claro con rayas de aceite brillantes es sencillo y elegante, y el logotipo de texto blanco es claro y f\u00e1cil de leer.<\/li>\n<li>Econom\u00eda respetuosa con el medio ambiente: los envases reutilizables reducen los residuos de envases de un solo uso.<\/li>\n<\/ol>\n<p>&nbsp;<\/p>","protected":false},"excerpt":{"rendered":"<p>Dise\u00f1o de tubo<\/p>\n<ul>\n<li>Posicionamiento del color: rosa claro, suave y vers\u00e1til, adecuado para la est\u00e9tica femenina mientras que atrae a los usuarios dom\u00e9sticos (por ejemplo, productos para ni\u00f1os).<\/li>\n<li>Logotipo gr\u00e1fico: texto blanco impreso en pantalla frontal y trasera, el contenido se puede personalizar (como LOGO de marca, explicaci\u00f3n de ingredientes).<\/li>\n<li>Detalles decorativos: Las rayas verticales de aceite brillante se extienden desde los hombros y la cola hasta el centro, mejorando el nivel y la calidad del dise\u00f1o.<\/li>\n<li>Estructura humanizada: La tapa de tornillo \/ flip de dientes cortos es f\u00e1cil de abrir, y el extremo recto mejora la resistencia a la presi\u00f3n del extremo del tubo, adecuado para m\u00faltiples aprietos.<\/li>\n<\/ul>\n<p>Ventajas del producto | Ventajas del producto<\/p>\n<ol>\n<li>Adecuado para m\u00faltiples escenarios: desde el cuidado personal hasta las \u00e1reas profesionales, una unidad se puede usar de manera m\u00e1s eficiente para mejorar la eficiencia del transporte.<\/li>\n<li>Seguridad y salud: el material de PE no es t\u00f3xico e ins\u00edpido, de acuerdo con las normas internacionales de seguridad, adecuado para la piel sensible y uso m\u00e9dico.<\/li>\n<li>Personalizaci\u00f3n flexible: soporta la personalizaci\u00f3n de la cubierta, el color y los gr\u00e1ficos de impresi\u00f3n para satisfacer las necesidades personalizadas de la marca.<\/li>\n<li>Efectivo en funci\u00f3n de los costos: duradero y reutilizable, ahorro a largo plazo en los costos de envasado.<\/li>\n<li>Tendencias ambientales: el dise\u00f1o ligero reduce la cantidad de pl\u00e1stico, apoya el reciclaje y se ajusta al concepto de consumo sostenible.<\/li>\n<\/ol>\n<p>VII. Escenarios de uso<\/p>\n<ul>\n<li>Viajar por negocios: Empaquete productos para el cuidado de la piel, pasta de dientes y ung\u00fcentos para satisfacer las necesidades de viaje a corto plazo.<\/li>\n<li>Actividades al aire libre: Trae cremas, gels de reparaci\u00f3n, protectores solares al acampar y al hacer ejercicio.<\/li>\n<li>Viajes diarios: Coloque art\u00edculos peque\u00f1os como crema de manos y gel para el cabello en las mujeres&#8217; bolsos y hombres&#8217; bolsas de fitness.<\/li>\n<li>Para uso dom\u00e9stico: Los ni\u00f1os pueden usar crema para beb\u00e9s y repelente de mosquitos cuando est\u00e1n fuera para una higiene f\u00e1cil.<\/li>\n<li>Trabajo profesional: Ingenieros y artistas llevan adhesivos y pinturas con ellos para que puedan estar en el sitio<\/li>\n<\/ul>\n<p>&nbsp;<\/p>","protected":false},"featured_media":4083,"comment_status":"closed","ping_status":"closed","template":"","meta":[],"product_brand":[],"product_cat":[29,49],"product_tag":[],"class_list":{"0":"post-4073","1":"product","2":"type-product","3":"status-publish","4":"has-post-thumbnail","6":"product_cat-skin-care-plastic-tube","7":"product_cat-50-pe-plastic-tube","9":"first","10":"instock","11":"shipping-taxable","12":"purchasable","13":"product-type-simple"},"_links":{"self":[{"href":"https:\/\/www.hongyitube.com\/es\/wp-json\/wp\/v2\/product\/4073","targetHints":{"allow":["GET"]}}],"collection":[{"href":"https:\/\/www.hongyitube.com\/es\/wp-json\/wp\/v2\/product"}],"about":[{"href":"https:\/\/www.hongyitube.com\/es\/wp-json\/wp\/v2\/types\/product"}],"replies":[{"embeddable":true,"href":"https:\/\/www.hongyitube.com\/es\/wp-json\/wp\/v2\/comments?post=4073"}],"wp:featuredmedia":[{"embeddable":true,"href":"https:\/\/www.hongyitube.com\/es\/wp-json\/wp\/v2\/media\/4083"}],"wp:attachment":[{"href":"https:\/\/www.hongyitube.com\/es\/wp-json\/wp\/v2\/media?parent=4073"}],"wp:term":[{"taxonomy":"product_brand","embeddable":true,"href":"https:\/\/www.hongyitube.com\/es\/wp-json\/wp\/v2\/product_brand?post=4073"},{"taxonomy":"product_cat","embeddable":true,"href":"https:\/\/www.hongyitube.com\/es\/wp-json\/wp\/v2\/product_cat?post=4073"},{"taxonomy":"product_tag","embeddable":true,"href":"https:\/\/www.hongyitube.com\/es\/wp-json\/wp\/v2\/product_tag?post=4073"}],"curies":[{"name":"WP","href":"https:\/\/api.w.org\/{rel}","templated":true}]}}