{"id":4061,"date":"2026-01-11T16:51:51","date_gmt":"2026-01-11T08:51:51","guid":{"rendered":"https:\/\/www.hongyitube.com\/?post_type=product&#038;p=4061"},"modified":"2026-01-11T16:51:51","modified_gmt":"2026-01-11T08:51:51","slug":"50-mm-diameter-230-grams-ml-pe-light-blue-large-capacity-dispensing-soft-tube-hongyi-plastic","status":"publish","type":"product","link":"https:\/\/www.hongyitube.com\/es\/product\/50-mm-diameter-230-grams-ml-pe-light-blue-large-capacity-dispensing-soft-tube-hongyi-plastic\/","title":{"rendered":"50 mm de di\u00e1metro, 230 gramos \/ ml de PE, azul claro, gran capacidad, tubo blando de dispensaci\u00f3n - pl\u00e1stico Hongyi"},"content":{"rendered":"<p>Descripci\u00f3n del producto<\/p>\n<p>&nbsp;<\/p>\n<p>Este producto es una manguera de montaje de alta capacidad con un dise\u00f1o novedoso que combina funciones pr\u00e1cticas con animaci\u00f3n visual. El cuerpo del tubo est\u00e1 hecho de material PE con un di\u00e1metro de 50 y una capacidad de 230 g\/ml, presentando un suave azul claro moderno. Ambos lados est\u00e1n claramente marcados con una impresi\u00f3n de seda blanca con informaci\u00f3n clave del producto. El dise\u00f1o m\u00e1s reconocible es la decoraci\u00f3n del cuerpo del tubo: desde el hombro y el extremo del tubo hasta la direcci\u00f3n media, la pantalla de seda tiene una serie de l\u00edneas verticales brillantes de aceite con un ancho de 4 mm y una longitud de aproximadamente 40 mm. Estas rayas verticales forman un sutil contraste de brillo con el cuerpo del tubo azul claro, creando una sensaci\u00f3n \u00fanica de profundidad y visi\u00f3n fluida. Los usuarios pueden elegir una cubierta de tornillo de dientes cortos galvanizada de color de inyecci\u00f3n o una cubierta de tornillo todo en uno. El sello rectangular cl\u00e1sico y el dise\u00f1o de la lata frontal aseguran que el sello sea fiable y que el contenido sea utilizable. A pesar de su gran capacidad, su estructura sigue siendo peque\u00f1a, ligera y f\u00e1cil de llevar. El material PE flexible asegura que puede ser extruido repetidamente sin deformaci\u00f3n. Es ideal para llenar todo tipo de emulsiones, cremas y adhesivos de viscosidad media y alta.<\/p>\n<p>&nbsp;<\/p>\n<p>Material del producto<\/p>\n<p>&nbsp;<\/p>\n<ul>\n<li>Material del cuerpo del tubo: polietileno de baja densidad (PE) de alta calidad, que proporciona una excelente flexibilidad y durabilidad. El azul claro se colorea uniformemente a trav\u00e9s de granos de color ecol\u00f3gicos, con un tono fresco y elegante.<\/li>\n<li>Artesan\u00eda de decoraci\u00f3n:<\/li>\n<li>Impresi\u00f3n b\u00e1sica: tinta blanca y respetuosa con el medio ambiente para garantizar que la informaci\u00f3n del texto sea clara y resistente al desgaste.<\/li>\n<li>Decoraci\u00f3n caracter\u00edstica: El uso de procesamiento de aceite brillante de serigraf\u00eda parcial (barniz de sobreimpresi\u00f3n), la formaci\u00f3n de l\u00edneas verticales transparentes de alto brillo. Este proceso tiene una buena resistencia al desgaste y puede mantener el brillo durante mucho tiempo.<\/li>\n<li>Selecci\u00f3n de la cubierta:<\/li>\n<li>Electroplataci\u00f3n cubierta de tornillo de diente bajo: moldeo por inyecci\u00f3n de material de PP despu\u00e9s de galvanizaci\u00f3n, mostrando la textura de oro, varios colores opcionales.<\/li>\n<li>Cubierta giratoria galvanizada: Un c\u00f3modo dise\u00f1o de tama\u00f1o \u00fanico que tambi\u00e9n tiene lustre galvanizado, lo que mejora el refinamiento general.<\/li>\n<li>Normas de seguridad: en l\u00ednea con las normas internacionales de seguridad de los materiales en contacto con alimentos y medicamentos (como la FDA, CE 1935 \/ 2004), seguras y no t\u00f3xicas.<\/li>\n<\/ul>\n<p>&nbsp;<\/p>\n<p>Industria y poblaciones recomendadas para su uso<\/p>\n<p>&nbsp;<\/p>\n<p>La industria de la belleza y el cuidado de la piel<\/p>\n<p>&nbsp;<\/p>\n<ul>\n<li>Sra.: Perfecto para empaquetar grandes cantidades de leche corporal, lavado corporal, m\u00e1scara para el cabello o m\u00e1scara para dormir. Los tonos azules claros transmiten una sensaci\u00f3n de frescura, limpieza y calma, y las verticales de aceite brillantes agregan un toque de estilo, que satisface el doble deseo de los consumidores femeninos por el detalle de dise\u00f1o y la practicidad, especialmente para las pantallas de ba\u00f1o.<\/li>\n<li>Hombres: Uso en una combinaci\u00f3n de hombres&#8217; s champ\u00fa especializado y ba\u00f1o 2 \/ 1 crema, crema calmante despu\u00e9s del ejercicio o crema de alta capacidad. Las l\u00edneas azules sencillas y el dise\u00f1o lineal proporcionan un aspecto profesional y refrescante, y la opci\u00f3n de tapa flip es especialmente adecuada para un acceso r\u00e1pido cuando se hace ejercicio o viaja.<\/li>\n<li>Ni\u00f1os: Azul claro es un color cl\u00e1sico para ni\u00f1os y se puede usar en una combinaci\u00f3n de ni\u00f1os&#8217; s ba\u00f1o de burbujas, grandes paquetes de protector solar, o un suave hidratante para compartir en familia. Las rayas brillantes atraen a los ni\u00f1os&#8217; atenci\u00f3n.<\/li>\n<\/ul>\n<p>&nbsp;<\/p>\n<p>La industria de ung\u00fcentos farmac\u00e9uticos<\/p>\n<p>&nbsp;<\/p>\n<ul>\n<li>Se utiliza en grandes paquetes de cremas de masaje, geles de enfriamiento f\u00edsico, cremas calmantes para rehabilitaci\u00f3n deportiva o cremas para el cuidado de los pies. El azul a menudo se asocia con &#8220; cool&#8221;  and &#8220; relajante,&#8221; y el dise\u00f1o brillante de la tira de aceite hace que el producto se vea m\u00e1s moderno y profesional, minimizando la sensaci\u00f3n aburrida de las cremas tradicionales.<\/li>\n<\/ul>\n<p>&nbsp;<\/p>\n<p>La industria de agentes de mantenimiento mec\u00e1nico<\/p>\n<p>&nbsp;<\/p>\n<ul>\n<li>Se puede utilizar para la distribuci\u00f3n de lubricantes de uso general de alta capacidad, cremas de mantenimiento marino, ceras automotrices o cremas de eliminaci\u00f3n de la oxidaci\u00f3n. La capacidad de 230 g es adecuada para necesidades de uso moderado, el color azul claro lo hace relativamente limpio en un entorno industrial y el dise\u00f1o vertical tiene alg\u00fan efecto de agarre antideslizante.<\/li>\n<\/ul>\n<p>&nbsp;<\/p>\n<p>Industria de pigmentos qu\u00edmicos industriales<\/p>\n<p>&nbsp;<\/p>\n<ul>\n<li>Se utiliza en cargas a granel, adhesivos para uso a granel o cargas industriales de un color espec\u00edfico. La alta capacidad es adecuada para operaciones a peque\u00f1a escala, y las marcas visuales formadas por rayas de aceite brillantes hacen que sea f\u00e1cil identificar r\u00e1pidamente diferentes productos en un almac\u00e9n o un taller.<\/li>\n<\/ul>\n<p>&nbsp;<\/p>\n<p>Caracter\u00edsticas del producto<\/p>\n<p>&nbsp;<\/p>\n<ol>\n<li>El dise\u00f1o visual din\u00e1mico \u00fanico: La tira vertical de aceite brillante local rompe de manera innovadora la monoton\u00eda del cuerpo del tubo de color puro, creando un efecto visual como el flujo de luz, y el envase est\u00e1tico tiene una sensaci\u00f3n din\u00e1mica, que es extremadamente diferenciaci\u00f3n de estante y modernidad.<\/li>\n<li>Paquetes de utilidad de alta capacidad: La capacidad de 230 g \/ ml est\u00e1 en el &#8220; alta capacidad&#8221; categor\u00eda en los subtubos de viajes, lo que lo hace ideal para viajes de medio a largo plazo, compartir hogar o productos de alto consumo, ofreciendo una excelente relaci\u00f3n calidad-precio.<\/li>\n<li>Excelente agarre y resistencia al deslizamiento: La l\u00ednea vertical brillante del aceite no solo dirige visualmente la l\u00ednea vertical, sino que tambi\u00e9n proporciona una ligera diferenciaci\u00f3n t\u00e1ctil y un efecto antideslizante cuando realmente se sujeta, mejorando la experiencia de uso.<\/li>\n<li>Claridad de la informaci\u00f3n y est\u00e9tica: las impresiones de seda blanca aseguran que el texto funcional sea claramente legible, mientras que las rayas de aceite brillantes decorativas existen de forma independiente y no interfieren entre s\u00ed, logrando una capa de informaci\u00f3n clara.<\/li>\n<li>Fuerte y duradero: el extremo recto mejora la resistencia a la presi\u00f3n del extremo del tubo; Material PE para asegurar que el llenado de gran capacidad todav\u00eda puede ser buen rebote, no f\u00e1cil de estallar o deformaci\u00f3n.<\/li>\n<\/ol>","protected":false},"excerpt":{"rendered":"<p>Dise\u00f1o del cuerpo<\/p>\n<p>&nbsp;<\/p>\n<ul>\n<li>Nivel de color y brillo: Un sustrato mate azul claro emparejado con rayas verticales transparentes de alto brillo crea un contraste inteligente entre la textura y el brillo, aumentando la profundidad visual y el refinamiento del envase.<\/li>\n<li>L\u00ednea visual de gu\u00eda: La l\u00ednea vertical que se extiende desde ambos extremos hasta el centro produce un visual &#8220; convergencia&#8221;  or &#8220; estiramiento&#8221; efecto, haciendo que el tubo parezca m\u00e1s largo y suave.<\/li>\n<li>Compartmentalizaci\u00f3n funcional y est\u00e9tica: Las \u00e1reas principales de la parte delantera y trasera se dejan con descripciones de texto blanco claro (marca, nombre del producto, ingredientes, etc.), mientras que las rayas decorativas se concentran en \u00e1reas no centrales para lograr un transporte eficiente de informaci\u00f3n y una fuerte expresi\u00f3n estil\u00edstica.<\/li>\n<li>Mezcla flexible del sistema: El color de la tapa de tornillo \/ flip galvanizado se puede elegir de acuerdo con la marca&#8217; color principal, combinado con el cuerpo del tubo azul claro y las rayas de aceite brillantes para crear un sistema visual moderno que es armonioso o de color.<\/li>\n<\/ul>\n<p>&nbsp;<\/p>\n<p>Ventajas del producto<\/p>\n<ol>\n<li>Crear puntos de memoria visual fuertes: La combinaci\u00f3n de &#8220; tubo azul claro cuerpo aceite brillante vertical&#8221; Est\u00e1 dise\u00f1ado de manera \u00fanica y f\u00e1cil de describir, ayudando a que las marcas sean r\u00e1pidamente recordadas e identificadas por los consumidores en un mercado altamente competitivo.<\/li>\n<li>Comunicar modernidad y profesionalismo: el lenguaje de dise\u00f1o lineal de luz y sombra es moderno y puede mejorar eficazmente una marca. imagen, haciendo que parezca m\u00e1s innovador y profesional, especialmente atractivo para los consumidores j\u00f3venes y urbanos.<\/li>\n<li>Capacidad satisface la demanda profunda: apunta a la brecha de mercado para &#8220; Viajes de media y larga distancia&#8221;  and &#8220; suplementos familiares&#8221; Proporcionar a los consumidores una opci\u00f3n m\u00e1s econ\u00f3mica y duradera que la ropa de viaje est\u00e1ndar.<\/li>\n<li>Mejorar la calidad percibida: el pulido local es un medio controlado por costos que puede mejorar en gran medida la apariencia del envase, haciendo que el producto parezca m\u00e1s de gama alta y m\u00e1s sofisticado.<\/li>\n<li>Aceptaci\u00f3n est\u00e9tica global: El color azul es reconocido como un color popular en todo el mundo, representando confianza, limpieza y tecnolog\u00eda. El dise\u00f1o sencillo e ingenioso se ajusta a la est\u00e9tica moderna minimalista de los mercados principales de Europa, Estados Unidos, Jap\u00f3n y Corea del Sur y Asia Pac\u00edfico.<\/li>\n<\/ol>\n<p>Escenarios de uso del producto<\/p>\n<ul>\n<li>Viajes y exploraci\u00f3n de mediano a largo plazo: Para viajes, campamentos o expediciones de m\u00e1s de una semana, una gran cantidad garantiza un suministro adecuado de productos de lavado, protectores solares o cremas especiales sin tener que buscar suplementos a mitad de camino.<\/li>\n<li>Compartir ba\u00f1o familiar: Usado como traje compartido familiar para mantener grandes cantidades de lavado corporal, crema de manos o loci\u00f3n corporal en el ba\u00f1o familiar, es est\u00e9tico y pr\u00e1ctico.<\/li>\n<li>Gimnasio y bolsas deportivas siempre disponibles: los entusiastas del deporte pueden almacenar cremas de masaje y geles calmantes en una gran cantidad en un armario de gimnasio o bolsa deportiva, y el dise\u00f1o de la solapa es conveniente para un uso r\u00e1pido despu\u00e9s del ejercicio.<\/li>\n<li>Talleres y lugares de trabajo: se utilizan artistas, ingenieros o entusiastas del bricolaje para dispensar grandes cantidades de adhesivos, pastas de mantenimiento o pigmentos para satisfacer las necesidades de las operaciones de creaci\u00f3n o mantenimiento continuos.<\/li>\n<li>Hotel y B&amp; Mejoras B: hoteles de gama alta o B &amp; Los Bs se pueden empaquetar como bienes de hu\u00e9spedes de actualizaci\u00f3n, y su gran capacidad y dise\u00f1o refinado pueden mejorar la experiencia del hu\u00e9sped y el nivel de establecimiento.<\/li>\n<\/ul>\n<p>&nbsp;<\/p>","protected":false},"featured_media":4068,"comment_status":"closed","ping_status":"closed","template":"","meta":[],"product_brand":[],"product_cat":[29,49],"product_tag":[],"class_list":{"0":"post-4061","1":"product","2":"type-product","3":"status-publish","4":"has-post-thumbnail","6":"product_cat-skin-care-plastic-tube","7":"product_cat-50-pe-plastic-tube","9":"first","10":"instock","11":"shipping-taxable","12":"purchasable","13":"product-type-simple"},"_links":{"self":[{"href":"https:\/\/www.hongyitube.com\/es\/wp-json\/wp\/v2\/product\/4061","targetHints":{"allow":["GET"]}}],"collection":[{"href":"https:\/\/www.hongyitube.com\/es\/wp-json\/wp\/v2\/product"}],"about":[{"href":"https:\/\/www.hongyitube.com\/es\/wp-json\/wp\/v2\/types\/product"}],"replies":[{"embeddable":true,"href":"https:\/\/www.hongyitube.com\/es\/wp-json\/wp\/v2\/comments?post=4061"}],"wp:featuredmedia":[{"embeddable":true,"href":"https:\/\/www.hongyitube.com\/es\/wp-json\/wp\/v2\/media\/4068"}],"wp:attachment":[{"href":"https:\/\/www.hongyitube.com\/es\/wp-json\/wp\/v2\/media?parent=4061"}],"wp:term":[{"taxonomy":"product_brand","embeddable":true,"href":"https:\/\/www.hongyitube.com\/es\/wp-json\/wp\/v2\/product_brand?post=4061"},{"taxonomy":"product_cat","embeddable":true,"href":"https:\/\/www.hongyitube.com\/es\/wp-json\/wp\/v2\/product_cat?post=4061"},{"taxonomy":"product_tag","embeddable":true,"href":"https:\/\/www.hongyitube.com\/es\/wp-json\/wp\/v2\/product_tag?post=4061"}],"curies":[{"name":"WP","href":"https:\/\/api.w.org\/{rel}","templated":true}]}}