{"id":4050,"date":"2026-01-11T16:45:46","date_gmt":"2026-01-11T08:45:46","guid":{"rendered":"https:\/\/www.hongyitube.com\/?post_type=product&#038;p=4050"},"modified":"2026-01-11T16:45:46","modified_gmt":"2026-01-11T08:45:46","slug":"50mm-diameter-200g-ml-holiday-flair-multi-function-dispensing-soft-tube-hongyi-plastic","status":"publish","type":"product","link":"https:\/\/www.hongyitube.com\/es\/product\/50mm-diameter-200g-ml-holiday-flair-multi-function-dispensing-soft-tube-hongyi-plastic\/","title":{"rendered":"50mm de di\u00e1metro, 200g \/ ml, Holiday Flair Multi-Funci\u00f3n Dispensi\u00f3n Tubo suave - Pl\u00e1stico Hongyi"},"content":{"rendered":"<p>Descripci\u00f3n del producto<\/p>\n<p>&nbsp;<\/p>\n<p>Este producto es una manguera de PE de alta calidad con un di\u00e1metro de 50 y una capacidad de 145 g\/ml, dise\u00f1ada para la b\u00fasqueda de una est\u00e9tica natural y exquisitos detalles de la escena del consumidor. El cuerpo presenta un verde rosa claro \u00fanico, que mezcla la suavidad del rosa con la frescura del verde para crear una sensaci\u00f3n visual tranquila y curativa. El frente est\u00e1 resaltado con estampado azul y dorado para subrayar la identidad de la marca, que muestra la luz y la calidad lujosa. En el lado opuesto, la informaci\u00f3n del producto est\u00e1 claramente etiquetada con estampados de seda blanca para garantizar la practicidad y la legibilidad. Los usuarios pueden elegir la capucha de maniqu\u00ed galvanizada de color de inyecci\u00f3n o la conveniente capucha de un solo tama\u00f1o, ambos con un delicado brillo galvanizado. Se utiliza un proceso de enlatado recto y frontal fiable para garantizar la sellabilidad y la disponibilidad del contenido. El dise\u00f1o general es peque\u00f1o y ligero, f\u00e1cil de llevar, material PE flexible para soportar la extrusi\u00f3n repetida sin deformaci\u00f3n, es la opci\u00f3n ideal para llenar todo tipo de emulsi\u00f3n de alta viscosidad, crema y agente de cuidado.<\/p>\n<p>&nbsp;<\/p>\n<p>&nbsp;<\/p>\n<p>Material del producto<\/p>\n<p>&nbsp;<\/p>\n<ul>\n<li>Material del cuerpo del tubo: polietileno (PE) de alta calidad, con excelente flexibilidad y estabilidad qu\u00edmica. El verde rosa claro \u00fanico se produce a trav\u00e9s de la combinaci\u00f3n de granos madre de color seguro, con un tono uniforme y suave que cumple con los est\u00e1ndares est\u00e9ticos y de seguridad.<\/li>\n<li>Artesan\u00eda de decoraci\u00f3n:<\/li>\n<li>Frente: Utilizando un proceso de impresi\u00f3n caliente ecol\u00f3gico, la capa de l\u00e1mina met\u00e1lica azul y dorada est\u00e1 firmemente unida, lujosa en color y resistente al desgaste.<\/li>\n<li>Lo contrario: tinta blanca, respetuosa con el medio ambiente, el texto claro y duradero, y resistente a los ara\u00f1azos.<\/li>\n<li>Selecci\u00f3n de la cubierta:<\/li>\n<li>Tapa de tornillo dental baja de galvanoplastia: material de PP por tratamiento de galvanoplastia de precisi\u00f3n, que muestra un lustre met\u00e1lico espejo, hay una variedad de color de fondo de inyecci\u00f3n opcional, y el color del cuerpo del tubo coincide perfectamente.<\/li>\n<li>Cubiertas giratorias galvanizadas: Un dise\u00f1o todo en uno, f\u00e1cil apertura y apertura, evitando p\u00e9rdidas, y la superficie galvanizada mejora el refinamiento general.<\/li>\n<li>Est\u00e1ndares de seguridad: Cumplir plenamente con la FDA, EU 10 \/ 2011 y otras normas internacionales de materiales de contacto con alimentos y cosm\u00e9ticos, seguros y no t\u00f3xicos.<\/li>\n<\/ul>\n<p>&nbsp;<\/p>\n<p>&nbsp;<\/p>\n<p>Industria y poblaciones recomendadas para su uso<\/p>\n<p>&nbsp;<\/p>\n<p>La industria de la belleza y el cuidado de la piel<\/p>\n<p>&nbsp;<\/p>\n<ul>\n<li>Sra.: Perfecto para el envasado de aceites esenciales extra\u00eddos de plantas, cremas calmantes, m\u00e1scaras para dormir o cremas de mano de alta gama. El rosa claro y el verde transmiten emociones naturales, equilibradas y calmantes, que con precisi\u00f3n re\u00fane a las mujeres. consumidores&#8217; La b\u00fasqueda de &#8220; pura belleza&#8221;  and &#8220; curaci\u00f3n sensorial&#8221; tendencias. La impresi\u00f3n azul y dorada agrega un sentido necesario de lujo.<\/li>\n<li>Hombres: Si elige una cubierta galvanizada en azul oscuro, gris y negro, este embalaje se puede usar para separar a los hombres&#8217; s crema de afeitar calmante a base de hierbas y hidratante de control de aceite. El tono rosa y verde fresco puede diluir la dureza del cuidado masculino tradicional y atraer a los hombres modernos que valoran la calidad de su cuidado y estilo de vida.<\/li>\n<li>Ni\u00f1os: El rosa suave en s\u00ed mismo tiene un mensaje psicol\u00f3gico seguro y amistoso y se puede usar en combinaciones para ni\u00f1os. s hidratantes para la piel sensible, protectores solares calmantes o b\u00e1lsamos labiales. El dise\u00f1o fino tambi\u00e9n gana el favor de los padres conscientes de la calidad.<\/li>\n<\/ul>\n<p>&nbsp;<\/p>\n<p>La industria de ung\u00fcentos farmac\u00e9uticos<\/p>\n<p>&nbsp;<\/p>\n<ul>\n<li>Se utiliza en paquetes de cremas tranquilizantes a base de hierbas con altos requisitos de apariencia (como picaduras de mosquito, cremas de calentamiento suave), geles nasales o geles de cuidado ocular de alta gama. Los colores naturales y la artesan\u00eda sofisticada pueden mejorar efectivamente la calidad del producto, diluir la sensaci\u00f3n medicinal y aumentar la comodidad psicol\u00f3gica al usar.<\/li>\n<\/ul>\n<p>&nbsp;<\/p>\n<p>La industria de agentes de mantenimiento mec\u00e1nico<\/p>\n<p>&nbsp;<\/p>\n<ul>\n<li>Las aplicaciones est\u00e1n relativamente subdivididas, pero se pueden usar para montar cremas de mantenimiento de cadenas de bicicletas de alta gama, cremas de limpieza para instrumentos \u00f3pticos de precisi\u00f3n o agentes de cuidado del cuero de alta gama. Su exquisita apariencia coincide con los art\u00edculos de alto valor que se mantienen, mejorando la experiencia general del usuario.<\/li>\n<\/ul>\n<p>&nbsp;<\/p>\n<p>Industria de pigmentos qu\u00edmicos industriales<\/p>\n<p>&nbsp;<\/p>\n<ul>\n<li>Se puede usar para llenar pasta de color espec\u00edfica, pasta de moldeo o bricolaje manual con adhesivo de protecci\u00f3n ambiental. La est\u00e9tica del color del propio envase puede resonar con la est\u00e9tica de los trabajadores creativos.<\/li>\n<\/ul>\n<p>&nbsp;<\/p>\n<p>Caracter\u00edsticas del producto<\/p>\n<p>&nbsp;<\/p>\n<ol>\n<li>Color \u00fanico afectivo: el verde rosa claro es un color neutro, m\u00e1s c\u00e1lido que la vida con un alto grado de elegancia que ofrece serenidad, naturaleza y refinamiento al mismo tiempo. Es \u00fanico en muchos empaques y f\u00e1cil de construir una memoria de color de marca.<\/li>\n<li>M\u00faltiples procesos aumentan el valor: Una combinaci\u00f3n de &#8220; accesorios de color suave metal de lujo estampado electrochapado accesorios de brillo&#8221; crea niveles visuales y t\u00e1ctiles ricos en simplicidad, mejorando significativamente el valor percibido del envase.<\/li>\n<li>Excelente practicidad: el di\u00e1metro del tubo de 50 es adecuado para el manejo y la compresi\u00f3n; La capacidad de 145 g \/ ml satisface las necesidades de viaje a corto y medio plazo; El sello extremo recto es fiable; El cuerpo del tubo de PE es flexible y anti-fatiga.<\/li>\n<li>Opciones flexibles de experiencia del usuario: Hay dos opciones disponibles: una cubierta giratoria (extremadamente sellada) y una cubierta flip (extrema comodidad) para satisfacer diferentes casos de uso y preferencias del consumidor.<\/li>\n<li>Los contenidos son ampliamente adecuados: un di\u00e1metro moderado y flexibilidad le permiten montar adecuadamente una amplia gama de productos, desde lociones ligeras y delgadas hasta l\u00edquidos de densidad media.<\/li>\n<\/ol>\n<p>&nbsp;<\/p>\n<p>&nbsp;<\/p>","protected":false},"excerpt":{"rendered":"<p>Dise\u00f1o del cuerpo<\/p>\n<p>&nbsp;<\/p>\n<ul>\n<li>Aplicaci\u00f3n de la psicolog\u00eda del color: el rosa claro y el verde como color principal establecen un tono suave, natural y de gama alta para el producto con una amplia gama de inclusiones de g\u00e9nero y edad.<\/li>\n<li>Dise\u00f1o visual primario elegante: sellos azules y dorados en el frente act\u00faan como un foco visual, atrayendo fuertemente la atenci\u00f3n y construyendo un sentido de autoridad de marca; La impresi\u00f3n de seda blanca en el reverso asegura que toda la informaci\u00f3n necesaria se transmita claramente y en voz baja, logrando un equilibrio entre est\u00e9tica y funciones.<\/li>\n<li>Dise\u00f1o integrado de accesorios: La solapa o solapa galvanizada no solo proporciona cierre funcional, su lustre met\u00e1lico y estampado frontal forman una respuesta material, creando conjuntamente un sistema visual ligero coordinado.<\/li>\n<li>Estructura humanizada: el tama\u00f1o del cuerpo est\u00e1 optimizado para que sea f\u00e1cil de llevar y llevar; Las latas delanteras est\u00e1n dise\u00f1adas para reducir los residuos; Los sellos rectangulares mejoran la durabilidad de la cola del tubo.<\/li>\n<\/ul>\n<p>&nbsp;<\/p>\n<p>Ventajas del producto<\/p>\n<p>&nbsp;<\/p>\n<ol>\n<li>Establecer una separaci\u00f3n de marca distintiva: una l\u00ednea verde p\u00e1lida rosa distintiva, que es rara en el mercado, puede ayudar a las marcas a establecer r\u00e1pidamente su identidad visual y alejarse de la competencia homog\u00e9nea.<\/li>\n<li>La fusi\u00f3n perfecta de &#8220; naturaleza&#8221;  and &#8220; sofisticaci\u00f3n&#8221; : al mismo tiempo, se encuentra con los consumidores&#8217; expectativas de &#8220; naturalmente suave&#8221; ingredientes del producto y los requisitos de &#8220; Embalaje sofisticado y de alta calidad, &#8221; especialmente para el posicionamiento de mercado de gama media a alta.<\/li>\n<li>Muy en l\u00ednea con la tendencia global de sostenibilidad y bienestar: colores naturales y frescos y materiales PE reciclables, en l\u00ednea con la b\u00fasqueda de la protecci\u00f3n del medio ambiente y el estilo de vida saludable de los consumidores en Europa y los Estados Unidos.<\/li>\n<li>Mejorar la experiencia de apertura y uso: Los detalles finos, desde los visuales hasta los t\u00e1ctiles, crean una experiencia de apertura y uso agradable, mejoran el reconocimiento de la marca y facilitan el compartimiento social.<\/li>\n<li>Adaptabilidad flexible de la cadena de suministro: los tubos est\u00e1ndar se ajustan con formas opcionales de tapa y colores de chapado, proporcionando a las marcas una gran cantidad de carteras para adaptarse a sus preferencias en diferentes l\u00edneas de productos o mercados regionales.<\/li>\n<\/ol>\n<p>&nbsp;<\/p>\n<p>Escenarios de uso del producto<\/p>\n<p>&nbsp;<\/p>\n<ul>\n<li>Viajes urbanos ligeros y escapadas de fin de semana: empaquete una gama completa de productos de cuidado de la piel paso a paso para viajes cortos. El sofisticado embalaje realza el ritual y el placer de todo el viaje, complementando el entorno del hotel.<\/li>\n<li>Regalos de gama alta &amp; Regalos para miembros: como un art\u00edculo coincidente en una caja de regalo de marca o un regalo para miembros de alto nivel, el color \u00fanico y la artesan\u00eda del regalo mejoran significativamente el valor general y la sorpresa del regalo.<\/li>\n<li>Traslados diarios y almacenamiento en el escritorio: Almacene cremas para manos, b\u00e1lsamo labial o cremas para ojos en cajones de oficina, y los dise\u00f1os elegantes se convierten en una adici\u00f3n de moda al escritorio, combinando el cuidado \u00edntimo con la demostraci\u00f3n del gusto.<\/li>\n<li>Salones profesionales y experiencias minoristas de alta gama: Usado como ropa de invitados o ropa experiencial en salones de belleza, spas o compradores&#8217; tiendas, la apariencia refuerza la marca&#8217; imagen profesional y de alto nivel.<\/li>\n<li>Momentos especiales de cuidado: Para los productos de embalaje para momentos importantes como los sueros de restauraci\u00f3n nocturna, las cremas intensivas previas a la boda y m\u00e1s, el hermoso embalaje hace que el proceso de cuidado en s\u00ed mismo sea un placer.<\/li>\n<\/ul>\n<p>&nbsp;<\/p>\n<p>El producto cre\u00f3 con \u00e9xito una soluci\u00f3n de envasado que combina est\u00e9tica natural, lujo y practicidad a trav\u00e9s de rosas p\u00e1lidos cuidadosamente calibrados, una combinaci\u00f3n en capas de artesan\u00eda y opciones funcionales flexibles. Responde con precisi\u00f3n a la creciente demanda del mercado global, especialmente el mercado de consumo maduro, por valor emocional empaquetado, experiencia sensorial y conceptos sostenibles, y es un poderoso veh\u00edculo para que las marcas entren en las categor\u00edas de cuidado personal de gama media a alta y estilo de vida saludable.<\/p>","protected":false},"featured_media":4052,"comment_status":"closed","ping_status":"closed","template":"","meta":[],"product_brand":[],"product_cat":[29,49],"product_tag":[],"class_list":{"0":"post-4050","1":"product","2":"type-product","3":"status-publish","4":"has-post-thumbnail","6":"product_cat-skin-care-plastic-tube","7":"product_cat-50-pe-plastic-tube","9":"first","10":"instock","11":"shipping-taxable","12":"purchasable","13":"product-type-simple"},"_links":{"self":[{"href":"https:\/\/www.hongyitube.com\/es\/wp-json\/wp\/v2\/product\/4050","targetHints":{"allow":["GET"]}}],"collection":[{"href":"https:\/\/www.hongyitube.com\/es\/wp-json\/wp\/v2\/product"}],"about":[{"href":"https:\/\/www.hongyitube.com\/es\/wp-json\/wp\/v2\/types\/product"}],"replies":[{"embeddable":true,"href":"https:\/\/www.hongyitube.com\/es\/wp-json\/wp\/v2\/comments?post=4050"}],"wp:featuredmedia":[{"embeddable":true,"href":"https:\/\/www.hongyitube.com\/es\/wp-json\/wp\/v2\/media\/4052"}],"wp:attachment":[{"href":"https:\/\/www.hongyitube.com\/es\/wp-json\/wp\/v2\/media?parent=4050"}],"wp:term":[{"taxonomy":"product_brand","embeddable":true,"href":"https:\/\/www.hongyitube.com\/es\/wp-json\/wp\/v2\/product_brand?post=4050"},{"taxonomy":"product_cat","embeddable":true,"href":"https:\/\/www.hongyitube.com\/es\/wp-json\/wp\/v2\/product_cat?post=4050"},{"taxonomy":"product_tag","embeddable":true,"href":"https:\/\/www.hongyitube.com\/es\/wp-json\/wp\/v2\/product_tag?post=4050"}],"curies":[{"name":"WP","href":"https:\/\/api.w.org\/{rel}","templated":true}]}}