{"id":3997,"date":"2026-01-10T15:24:14","date_gmt":"2026-01-10T07:24:14","guid":{"rendered":"https:\/\/www.hongyitube.com\/?post_type=product&#038;p=3997"},"modified":"2026-01-10T15:24:14","modified_gmt":"2026-01-10T07:24:14","slug":"45mm-diameter-150-grams-ml-capacity-blue-cartoon-themed-label-paper-pe-soft-tube-packaging-container-hongyi-plastic","status":"publish","type":"product","link":"https:\/\/www.hongyitube.com\/es\/product\/45mm-diameter-150-grams-ml-capacity-blue-cartoon-themed-label-paper-pe-soft-tube-packaging-container-hongyi-plastic\/","title":{"rendered":"45 mm de di\u00e1metro, capacidad de 150 gramos \/ ml, papel de etiqueta azul con tema de dibujos animados, recipiente de envasado de tubo suave de PE - pl\u00e1stico Hongyi"},"content":{"rendered":"<p>Descripci\u00f3n del producto<\/p>\n<p>Este producto es un recipiente especial de manguera de PE dise\u00f1ado para el escenario de consumo que se centra en la combinaci\u00f3n de diversi\u00f3n y practicidad. El cuerpo del tubo utiliza un di\u00e1metro de 45 tubos, una capacidad de 150 g \/ ml y un sustrato blanco puro que se asemeja a un lienzo. Su dise\u00f1o principal consiste en la aplicaci\u00f3n de un patr\u00f3n de dibujos animados azul v\u00edvido a la pegatina, y la &#8220; pegatina al final&#8221; proceso para garantizar que la etiqueta sea suave y segura. Los usuarios pueden elegir una solapa de maniqu\u00ed de color plantillado o una solapa de tama\u00f1o \u00fanico m\u00e1s conveniente. Se utiliza una tecnolog\u00eda fiable de enlatado recto y frontal para garantizar la sellabilidad y eficiencia del producto. El dise\u00f1o general es peque\u00f1o y largo, ligero y f\u00e1cil de llevar con usted. El material PE flexible garantiza la extrusi\u00f3n repetida sin deformaci\u00f3n, ideal para la dispensaci\u00f3n segura de todo tipo de emulsiones, pastas y adhesivos suaves.<\/p>\n<p>Material del producto<\/p>\n<ul>\n<li>Material del cuerpo del tubo: polietileno blanco (PE) de alta calidad, color puro, proporciona el fondo perfecto para la etiqueta con alto contraste, asegurando que el patr\u00f3n sea claro y brillante. El material es seguro, flexible y tiene una buena estabilidad qu\u00edmica.<\/li>\n<li>Proceso de etiquetado: utilizando una placa de cobre brillante o un material sint\u00e9tico para imprimir un patr\u00f3n de dibujos animados de l\u00ednea azul de alta precisi\u00f3n. The &#8220; papel-a-fin&#8221; proceso coloca el borde de la etiqueta cuidadosamente en la soldadura final de la tuber\u00eda, mejorando en gran medida la durabilidad y la sensaci\u00f3n general.<\/li>\n<li>Selecci\u00f3n de la cubierta:<\/li>\n<li>Tapa de tornillo dental baja: moldeo por inyecci\u00f3n de PP, una variedad de colores disponibles, cl\u00e1sico y fiable.<\/li>\n<li>Ajuste: Ajuste integrado de PP, apertura y cierre m\u00e1s r\u00e1pido, anti-p\u00e9rdida, especialmente adecuado para escenarios de operaci\u00f3n con una sola mano.<\/li>\n<li>Normas de seguridad: en l\u00ednea con las normas internacionales de seguridad de los materiales de envasado de alimentos y cosm\u00e9ticos (como la FDA, las regulaciones de la UE), no t\u00f3xicos e ins\u00edpidos.<\/li>\n<\/ul>\n<p>Industria y poblaciones recomendadas para su uso<\/p>\n<p>La industria de la belleza y el cuidado de la piel<\/p>\n<ul>\n<li>Se\u00f1oras: It&#8217; es adecuado para usar un divertido pa\u00f1uelo, crema corporal, ba\u00f1o de burbujas o una fundaci\u00f3n de color articular. Esquemas de colores azules y blancos frescos y patrones de dibujos animados traen una experiencia relajante y agradable que atrae a las mujeres j\u00f3venes que buscan dise\u00f1os lindos y curativos.<\/li>\n<li>Hombres: Si el patr\u00f3n de dibujos animados es simple, divertido o tecnol\u00f3gicamente inspirado, se puede usar para envolver hombres&#8217; Geles refrescantes y refrigerantes deportivos. El dise\u00f1o de la cubierta flip es especialmente adecuado para el acceso r\u00e1pido para los hombres de fitness.<\/li>\n<li>Ni\u00f1os: El grupo objetivo principal de este dise\u00f1o. Perfecto para difundir a los ni\u00f1os&#8217; champ\u00fa, protector solar, hidratante o repelente de mosquitos. Los dibujos animados amigables pueden aliviar efectivamente a los ni\u00f1os&#8217; resistencia al cuidado y fomentar el uso activo.<\/li>\n<\/ul>\n<p>La industria de ung\u00fcentos farmac\u00e9uticos<\/p>\n<ul>\n<li>Adecuado para ni\u00f1os&#8217; pomadas t\u00f3picas (como crema para caderas, crema para el cuidado del eczema leve), bandas de dibujos animados o crema de vitamina E. Embalaje amigable puede reducir ni\u00f1os&#8217; miedo a las drogas y aumentar la adherencia a los medicamentos.<\/li>\n<\/ul>\n<p>La industria de agentes de mantenimiento mec\u00e1nico<\/p>\n<ul>\n<li>La aplicaci\u00f3n es relativamente limitada, pero se puede utilizar para volver a empaquetar el conjunto de herramientas de bricolaje para el hogar en el agente lubricante o pasta de limpieza, para simplificar el sentido profesional en forma de dibujos animados, atrayendo a los usuarios dom\u00e9sticos o principiantes.<\/li>\n<\/ul>\n<p>Industria de pigmentos qu\u00edmicos industriales<\/p>\n<ul>\n<li>Se puede usar en la divisi\u00f3n de ni\u00f1os&#8217; s pigmentos seguros de acuarela, gelatina hecha a mano o ung\u00fcentos experimentales cient\u00edficos educativos. El embalaje en s\u00ed es parte de estimular a los ni\u00f1os&#8217; intereses creativos.<\/li>\n<\/ul>\n<p>Caracter\u00edsticas del producto<\/p>\n<ol>\n<li>Fuerte conexi\u00f3n emocional: Las ilustraciones de dibujos animados azules transmiten directamente el valor emocional de ser amistoso, seguro y divertido, especialmente atractivo para los ni\u00f1os y los consumidores adultos con un ni\u00f1o&#8217; El coraz\u00f3n.<\/li>\n<li>Durabilidad superior de la etiqueta: El &#8220; papel-a-fin&#8221; El proceso aborda las protuberancias de margen comunes de los productos etiquetados, lo que les permite soportar las protuberancias de viaje y el uso frecuente y mantener su est\u00e9tica.<\/li>\n<li>Opciones de cierre flexibles: Hay dos opciones disponibles para tapas giratorias y flip para satisfacer diferentes h\u00e1bitos de uso (la tapa giratoria est\u00e1 m\u00e1s sellada y la tapa flip es m\u00e1s f\u00e1cil de usar).<\/li>\n<li>Excelente rendimiento pr\u00e1ctico: la capacidad de 150 g \/ ml es pr\u00e1ctica; El sello rectangular es bueno; Las latas delanteras reducen los residuos; El cuerpo del tubo de PE es flexible y anti-fatiga.<\/li>\n<li>Gran atractivo de la estanter\u00eda: En muchos empaques simples o monocrom\u00e1ticos, dibujos animados claros r\u00e1pidamente atraen la atenci\u00f3n de los consumidores, especialmente en ni\u00f1os&#8217; secciones de supermercados o farmacias internacionales.<\/li>\n<\/ol>","protected":false},"excerpt":{"rendered":"<ul>\n<li>Color y lenguaje gr\u00e1fico: La combinaci\u00f3n de blanco y azul es fresca y brillante, y los patrones de dibujos animados son el centro absoluto de la visi\u00f3n y la emoci\u00f3n, definiendo claramente los atributos del producto (por ejemplo, infantil, divertido, suave).<\/li>\n<li>Dise\u00f1o estructural integrado: El &#8220; pegatina en el final&#8221; refleja la finura del proceso de fabricaci\u00f3n, haciendo que el etiquetado sea tan suave como la impresi\u00f3n. Los tubos largos son m\u00e1s f\u00e1ciles de sostener para los ni\u00f1os.<\/li>\n<li>Dise\u00f1o de tapa humanizado:<\/li>\n<li>Flip Cover: Hace hincapi\u00e9 en la conveniencia y el ritmo r\u00e1pido, y es adecuado para situaciones en las que el contenido debe ser recuperado con frecuencia.<\/li>\n<li>Tapas en espiral de colores: Puede agregar una capa de dise\u00f1o combinando colores con temas de dibujos animados (como usar tapas azules) o creando una coincidencia de colores.<\/li>\n<li>Comunicaci\u00f3n clara de la informaci\u00f3n: las etiquetas de dibujos animados pueden ser ingeniosamente incorporadas en nombres de productos, descripciones breves o se\u00f1ales de seguridad para hacer que el mensaje sea m\u00e1s suave y aceptable.<\/li>\n<\/ul>\n<p>Ventajas del producto<\/p>\n<ol>\n<li>Dirigirse al mercado infantil y familiar: el dise\u00f1o satisface directamente la demanda global de los padres para comprar productos de embalaje seguros y amigables para sus hijos, y es una poderosa herramienta para expandir la l\u00ednea de cuidado infantil.<\/li>\n<li>Soluciones de personalizaci\u00f3n de marca rentables: en comparaci\u00f3n con la impresi\u00f3n de cuerpo compleja, el proceso de etiquetado puede lograr una personalizaci\u00f3n de patrones coloridos y v\u00edvidos con cantidades y costos de orden m\u00e1s bajos, adecuados para la firma de juntas IP o el desarrollo en serie.<\/li>\n<li>Aumentar el placer y compartir: los envases lindos y divertidos pueden aumentar significativamente el ritual y el placer de la atenci\u00f3n diaria, alentando a los usuarios a compartir en las redes sociales (por ejemplo, Instagram, TikTok) para formar una circulaci\u00f3n secundaria.<\/li>\n<li>Tanto la durabilidad como la est\u00e9tica: el &#8220; imprimir-a-terminar&#8221; El proceso garantiza una apariencia consistente del producto a lo largo de su ciclo de vida, resolviendo la contradicci\u00f3n entre est\u00e9tica y practicidad.<\/li>\n<li>En l\u00ednea con la seguridad global y la conciencia ambiental: el material PE se puede reciclar, el blanco y el azul generalmente se asocian con &#8220; limpiar&#8221;  and &#8220; seguro,&#8221; en l\u00ednea con las expectativas psicol\u00f3gicas potenciales de los consumidores extranjeros sobre el envasado de los productos.<\/li>\n<\/ol>\n<p>Escenarios de uso del producto<\/p>\n<ul>\n<li>Viajes de familia a ni\u00f1o: Cada miembro de la familia, especialmente los ni\u00f1os, recibe productos de limpieza separados. Los patrones de dibujos animados hacen que sea m\u00e1s f\u00e1cil para los ni\u00f1os identificar sus art\u00edculos, a\u00f1adiendo a la diversi\u00f3n de viajar.<\/li>\n<li>Ni\u00f1os&#8217; Rituales de cuidado diario: convertirse en una rutina en un ni\u00f1o&#8217; s lavadero o en una bolsa escolar. Use crema de manos despu\u00e9s del lavado diario de manos, protector solar antes de la escuela, etc. para desarrollar a los ni\u00f1os&#8217; h\u00e1bitos de autocuidado.<\/li>\n<li>Regalos y bolsas de fiesta: lleno de sorpresa y cuidado como un retorno a un ni\u00f1o&#8217; cumplea\u00f1os, una bolsa de vacaciones o un regalo para una cl\u00ednica pedi\u00e1trica.<\/li>\n<li>Escuelas y jardines de infancia: Ni\u00f1os&#8217; Los desinfectantes de manos, pegamentos de seguridad o cremas para la piel utilizados en paquetes compartidos son administrados uniformemente por los maestros y son m\u00e1s populares entre los ni\u00f1os con un aspecto amistoso.<\/li>\n<li>Ventas de muestra y prueba: las marcas utilizan para crear ensayos altamente atractivos de ni\u00f1os&#8217; productos que se distribuyen en centros comerciales, espect\u00e1culos de madres y beb\u00e9s o promociones en l\u00ednea para atraer eficazmente a clientes dom\u00e9sticos.<\/li>\n<\/ul>\n<p>Con la combinaci\u00f3n cl\u00e1sica de &#8220; dibujos animados azules de lienzo blanco,&#8221; Este producto inyecta con \u00e9xito un dise\u00f1o emocional en un empaque pr\u00e1ctico. No es solo un contenedor, sino tambi\u00e9n un puente para comunicarse con los ni\u00f1os y un medio para que los adultos encuentren tiempo para relajarse. Su dise\u00f1o cumple con precisi\u00f3n con los requisitos completos del mercado mundial para el empaquetado&#8217; s valor emocional, durabilidad pr\u00e1ctica, seguridad y protecci\u00f3n del medio ambiente, y es un veh\u00edculo de alta calidad para expandir los ni\u00f1os domesticand&#8217; mercado de consumo.<\/p>","protected":false},"featured_media":3999,"comment_status":"closed","ping_status":"closed","template":"","meta":[],"product_brand":[],"product_cat":[29,48],"product_tag":[],"class_list":{"0":"post-3997","1":"product","2":"type-product","3":"status-publish","4":"has-post-thumbnail","6":"product_cat-skin-care-plastic-tube","7":"product_cat-45-pe-plastic-tube","9":"first","10":"instock","11":"shipping-taxable","12":"purchasable","13":"product-type-simple"},"_links":{"self":[{"href":"https:\/\/www.hongyitube.com\/es\/wp-json\/wp\/v2\/product\/3997","targetHints":{"allow":["GET"]}}],"collection":[{"href":"https:\/\/www.hongyitube.com\/es\/wp-json\/wp\/v2\/product"}],"about":[{"href":"https:\/\/www.hongyitube.com\/es\/wp-json\/wp\/v2\/types\/product"}],"replies":[{"embeddable":true,"href":"https:\/\/www.hongyitube.com\/es\/wp-json\/wp\/v2\/comments?post=3997"}],"wp:featuredmedia":[{"embeddable":true,"href":"https:\/\/www.hongyitube.com\/es\/wp-json\/wp\/v2\/media\/3999"}],"wp:attachment":[{"href":"https:\/\/www.hongyitube.com\/es\/wp-json\/wp\/v2\/media?parent=3997"}],"wp:term":[{"taxonomy":"product_brand","embeddable":true,"href":"https:\/\/www.hongyitube.com\/es\/wp-json\/wp\/v2\/product_brand?post=3997"},{"taxonomy":"product_cat","embeddable":true,"href":"https:\/\/www.hongyitube.com\/es\/wp-json\/wp\/v2\/product_cat?post=3997"},{"taxonomy":"product_tag","embeddable":true,"href":"https:\/\/www.hongyitube.com\/es\/wp-json\/wp\/v2\/product_tag?post=3997"}],"curies":[{"name":"WP","href":"https:\/\/api.w.org\/{rel}","templated":true}]}}